{"id":49,"date":"2014-10-23T10:00:14","date_gmt":"2014-10-23T10:00:14","guid":{"rendered":"http:\/\/navisionberatung.apps-1and1.net\/?page_id=49"},"modified":"2025-05-22T12:32:48","modified_gmt":"2025-05-22T10:32:48","slug":"mobile-apps-und-nav","status":"publish","type":"page","link":"https:\/\/navision-beratung.de\/fr\/mobile-apps-und-nav\/","title":{"rendered":"Applications mobiles et Dynamics NAV"},"content":{"rendered":"<div data-elementor-type=\"wp-page\" data-elementor-id=\"49\" class=\"elementor elementor-49\" data-elementor-post-type=\"page\">\n\t\t\t\t<div class=\"elementor-element elementor-element-32052a89 e-flex e-con-boxed e-con e-parent\" data-id=\"32052a89\" data-element_type=\"container\">\n\t\t\t\t\t<div class=\"e-con-inner\">\n\t\t\t\t<div class=\"elementor-element elementor-element-6839f251 elementor-widget elementor-widget-text-editor\" data-id=\"6839f251\" data-element_type=\"widget\" data-widget_type=\"text-editor.default\">\n\t\t\t\t\t\t\t\t\t<ul class=\"slides\">\n \t<li class=\"slider-668 slide-669 ms-layer\" style=\"display: block; float: left;\"><img fetchpriority=\"high\" decoding=\"async\" class=\"msDefaultImage\" src=\"http:\/\/navision-beratung.de\/wp-content\/uploads\/2014\/11\/Mobile_02.png\" alt=\"\" width=\"754\" height=\"327\" \/><span style=\"font-size: 1.5em;\"><span style=\"font-family: verdana,geneva,sans-serif;\">Des solutions mobiles \u00e0 la hauteur\nle plus haut niveau !<\/span><\/span>\n\n<span style=\"font-family: verdana,geneva,sans-serif;\"><span style=\"font-size: 1em;\">Avec nous, vous avez le bon interlocuteur\npour votre application ERP.<\/span><\/span>\n\n<a class=\"LinkWhite\" href=\"http:\/\/navision-beratung.de\/fr\/kontakt\/\"><span style=\"font-size: 1em;\"><span style=\"font-family: verdana,geneva,sans-serif;\">Contactez-nous !<\/span><\/span><\/a><\/li>\n<\/ul>\n<script type=\"text\/javascript\">\n        var metaslider_668 = function($) {\n            $('#metaslider_668').addClass('flexslider'); \/\/ theme\/plugin conflict avoidance\n            $('#metaslider_668').flexslider({ \n                slideshowSpeed:3000,\n                animation:\"fade\",\n                controlNav:false,\n                directionNav:false,\n                pauseOnHover:true,\n                direction:\"horizontal\",\n                reverse:false,\n                animationSpeed:600,\n                prevText:\"&lt;\",\n                nextText:\"&gt;\",\n                slideshow:true,\n                before: function(slider) {\n                    $('li:not(\".flex-active-slide\") .animated', slider).not('.disabled').each(function(index) {\n                        var el = $(this);\n                        var cloned = el.clone();\n                        el.before(cloned);\n                        $(this).remove();\n                    });\n                }\n            });            \n            jQuery(window).resize(function(){\n               jQuery('#metaslider_668').metaslider_scale_layers({\n                   downscale_only: false,\n                   orig_width: 754\n               });\n            });\n            jQuery('#metaslider_668').metaslider_scale_layers({\n                downscale_only: false,\n                orig_width: 754\n            });\n\n            jQuery('#metaslider_668 .msHtmlOverlay .layer[data-link], #metaslider_668 .msHtmlOverlay[data-link]').each(function() {\n                var layer = jQuery(this);\n\n                layer.css('cursor', 'pointer').on('click', function() {\n                    window.open(layer.attr('data-link'), layer.attr('data-target'));\n                });\n            });\n        };\n        var timer_metaslider_668 = function() {\n            var slider = !window.jQuery ? window.setTimeout(timer_metaslider_668, 100) : !jQuery.isReady ? window.setTimeout(timer_metaslider_668, 1) : metaslider_668(window.jQuery);\n        };\n        timer_metaslider_668();\n    <\/script>\n\n<!--\/\/ meta slider-->\n<h3 class=\"widget-title\">Nous rendons vos applications professionnelles mobiles<\/h3>\nApprouvez les demandes d'achat en un clic, laissez vos clients d\u00e9clencher le r\u00e9approvisionnement par scan et r\u00e9duisez ainsi les co\u00fbts de la saisie des commandes.\n\nQu'il s'agisse d'une solution propri\u00e9taire sur iOS, Android ou Windows ou d'un design responsive ind\u00e9pendant de la plateforme avec AngularJS, nous avons toujours la solution adapt\u00e9e \u00e0 vos besoins.\n<h3 class=\"widget-title\"><a title=\"@Mobile NAV - smart order entry\" href=\"http:\/\/navision-beratung.de\/fr\/mobile-apps-und-nav\/nav-smart-order-entry\/\">@Mobile NAV - smart order entry<\/a><\/h3>\n<img decoding=\"async\" class=\"attachment-featured wp-post-image\" title=\"@Mobile NAV - smart order entry\" src=\"http:\/\/navision-beratung.de\/wp-content\/uploads\/2014\/12\/NAV_smartOrderEntry2.png\" alt=\"@Mobile NAV \u2013 smart order entry\" width=\"345\" height=\"200\" \/>\n\nDeux objectifs, une solution : les (re)commandes bas\u00e9es sur des codes QR sont transf\u00e9r\u00e9es via l'ERP.\nune application mobile directement dans l'ERP, o\u00f9 elles deviennent automatiquement des commandes.\nLa saisie manuelle fastidieuse des commandes n'est plus n\u00e9cessaire....\n\n<a class=\"read-more\" href=\"http:\/\/navision-beratung.de\/fr\/mobile-apps-und-nav\/nav-smart-order-entry\/\">Lire la suite<\/a>\n<h3 class=\"widget-title\"><a title=\"@NAV - dynamics2i\" href=\"http:\/\/navision-beratung.de\/fr\/mobile-apps-und-nav\/nav-dynamics2i\/\">@NAV - dynamics2i<\/a><\/h3>\n<img decoding=\"async\" class=\"attachment-featured wp-post-image\" title=\"@NAV - dynamics2i\" src=\"http:\/\/navision-beratung.de\/wp-content\/uploads\/2014\/12\/NAV_dynamics2i.png\" alt=\"@NAV \u2013 dynamics2i\" width=\"345\" height=\"200\" \/>\n\n@NAV-dynamics2i cr\u00e9e un lien direct entre les smartphones (Android, IO\/S, Windows Phone) et la suite ERP. La solution permet aux utilisateurs d'acc\u00e9der en ligne aux donn\u00e9es en temps r\u00e9el de votre syst\u00e8me ERP via leur appareil mobile.\nCaract\u00e9ristiques en un coup d'\u0153il....\n\n<a class=\"read-more\" href=\"http:\/\/navision-beratung.de\/fr\/mobile-apps-und-nav\/nav-dynamics2i\/\">Lire la suite<\/a>\n<h3 class=\"widget-title\"><a title=\"@NAV - eBANF\" href=\"http:\/\/navision-beratung.de\/fr\/mobile-apps-und-nav\/nav-ebanf\/\">@NAV - eBANF<\/a><\/h3>\n<img loading=\"lazy\" decoding=\"async\" class=\"attachment-featured wp-post-image\" title=\"@NAV - eBANF\" src=\"http:\/\/navision-beratung.de\/wp-content\/uploads\/2014\/12\/NAV_eBANF.png\" alt=\"@NAV \u2013 eBANF\" width=\"345\" height=\"200\" \/>\n\nAvec @NAV - eBANF, le processus d'acquisition peut \u00eatre quasiment automatis\u00e9, efficace et surtout transparent. De plus, la proc\u00e9dure d'approbation \u00e9lectronique aide \u00e0 g\u00e9rer le flux de documents internes des BANF de mani\u00e8re cibl\u00e9e en fonction de la classification des BANF (par ex. BANF IT).\nToutes les op\u00e9rations techniques et commerciales peuvent ainsi \u00eatre trait\u00e9es avec Microsoft Dynamics\u2122 NAV (Navision)....\n\n<a class=\"read-more\" href=\"http:\/\/navision-beratung.de\/fr\/mobile-apps-und-nav\/nav-ebanf\/\">Lire la suite<\/a>\n<h3 class=\"widget-title\"><a title=\"@NAV - Entrep\u00f4t mobile\" href=\"http:\/\/navision-beratung.de\/fr\/mobile-apps-und-nav\/nav-mobile-warehouse\/\">@NAV - Entrep\u00f4t mobile<\/a><\/h3>\n<img loading=\"lazy\" decoding=\"async\" class=\"attachment-featured wp-post-image\" title=\"@NAV - Entrep\u00f4t mobile\" src=\"http:\/\/navision-beratung.de\/wp-content\/uploads\/2014\/12\/NAV_MobileWarehouse1.png\" alt=\"@NAV \u2013 Mobile Warehouse\" width=\"345\" height=\"200\" \/>\n\nLe produit @NAV - Mobile Warehouse est une solution ERP mobile qui s'int\u00e8gre parfaitement au syst\u00e8me principal de l'entreprise. Vous pouvez acc\u00e9der \u00e0 toutes les donn\u00e9es et fonctionnalit\u00e9s de vos processus d'entrep\u00f4t via l'appareil mobile....\n\n<a class=\"read-more\" href=\"http:\/\/navision-beratung.de\/fr\/mobile-apps-und-nav\/nav-mobile-warehouse\/\">Lire la suite<\/a>\n\n<a href=\"http:\/\/navision-beratung.de\/wp-content\/uploads\/2015\/01\/Schmitt.png\"><img loading=\"lazy\" decoding=\"async\" class=\"size-full wp-image-1019 alignleft\" src=\"http:\/\/navision-beratung.de\/wp-content\/uploads\/2015\/01\/Schmitt.png\" alt=\"Schmitt\" width=\"192\" height=\"186\" \/><\/a><script>\twp_cta_load_variation( '1380', '0', '1' )<\/script>\n\n<style type=\"text\/css\" id=\"wp_cta_css_custom_1380_0\" class=\"wp_cta_css_1380\"> <\/style>\n\n<script type=\"text\/javascript\">jQuery(document).ready(function($) {\n\t\t\t\t\t });<\/script>\n\nIns\u00e9rez votre contenu d'appel \u00e0 l'action ici.\t\t\t\t\t\t\t\t<\/div>\n\t\t\t\t\t<\/div>\n\t\t\t\t<\/div>\n\t\t\t\t<\/div>","protected":false},"excerpt":{"rendered":"<p>Mobile L\u00f6sungen auf h\u00f6chstem Niveau! Mit uns haben Sie den richtigen Ansprechpartner f\u00fcr Ihre ERP-App.<\/p>\n<p>Ob als propriet\u00e4re L\u00f6sung auf iOS, Android oder Windows oder etwa plattformun-abh\u00e4ngig im responsive Design mit AngularJS \u2013 wir haben immer die richtige L\u00f6sung f\u00fcr Ihre Bed\u00fcrfnisse.<\/p>","protected":false},"author":1,"featured_media":171,"parent":0,"menu_order":0,"comment_status":"closed","ping_status":"closed","template":"","meta":{"_seopress_robots_primary_cat":"","_seopress_titles_title":"Mobile ERP-L\u00f6sungen: Ihr Schl\u00fcssel zur Effizienz","_seopress_titles_desc":"Optimieren Sie Gesch\u00e4ftsprozesse mit unserer ERP-App. Mobile L\u00f6sungen f\u00fcr iOS, Android & Windows. Kontaktieren Sie uns, um Kosten zu sparen!","_seopress_robots_index":"","footnotes":""},"categories":[],"tags":[],"class_list":["post-49","page","type-page","status-publish","has-post-thumbnail","hentry"],"_links":{"self":[{"href":"https:\/\/navision-beratung.de\/fr\/wp-json\/wp\/v2\/pages\/49","targetHints":{"allow":["GET"]}}],"collection":[{"href":"https:\/\/navision-beratung.de\/fr\/wp-json\/wp\/v2\/pages"}],"about":[{"href":"https:\/\/navision-beratung.de\/fr\/wp-json\/wp\/v2\/types\/page"}],"author":[{"embeddable":true,"href":"https:\/\/navision-beratung.de\/fr\/wp-json\/wp\/v2\/users\/1"}],"replies":[{"embeddable":true,"href":"https:\/\/navision-beratung.de\/fr\/wp-json\/wp\/v2\/comments?post=49"}],"version-history":[{"count":0,"href":"https:\/\/navision-beratung.de\/fr\/wp-json\/wp\/v2\/pages\/49\/revisions"}],"wp:featuredmedia":[{"embeddable":true,"href":"https:\/\/navision-beratung.de\/fr\/wp-json\/wp\/v2\/media\/171"}],"wp:attachment":[{"href":"https:\/\/navision-beratung.de\/fr\/wp-json\/wp\/v2\/media?parent=49"}],"wp:term":[{"taxonomy":"category","embeddable":true,"href":"https:\/\/navision-beratung.de\/fr\/wp-json\/wp\/v2\/categories?post=49"},{"taxonomy":"post_tag","embeddable":true,"href":"https:\/\/navision-beratung.de\/fr\/wp-json\/wp\/v2\/tags?post=49"}],"curies":[{"name":"wp","href":"https:\/\/api.w.org\/{rel}","templated":true}]}}