{"id":3244,"date":"2017-12-20T10:04:30","date_gmt":"2017-12-20T10:04:30","guid":{"rendered":"http:\/\/navision-beratung.de\/?page_id=3244"},"modified":"2025-05-24T10:13:15","modified_gmt":"2025-05-24T08:13:15","slug":"dynamics-nav-2018","status":"publish","type":"page","link":"https:\/\/navision-beratung.de\/fr\/ueberpruefen\/dynamics-nav-2018\/","title":{"rendered":"Dynamics NAV 2018"},"content":{"rendered":"<p><img alt=\"\" fetchpriority=\"high\" decoding=\"async\" class=\"alignnone wp-image-3296 size-full\" src=\"https:\/\/navision-beratung.de\/wp-content\/uploads\/2018\/01\/Dynamics_NAV_2018.png\" width=\"785\" height=\"200\" srcset=\"https:\/\/navision-beratung.de\/wp-content\/uploads\/2018\/01\/Dynamics_NAV_2018.png 785w, https:\/\/navision-beratung.de\/wp-content\/uploads\/2018\/01\/Dynamics_NAV_2018-300x76.png 300w, https:\/\/navision-beratung.de\/wp-content\/uploads\/2018\/01\/Dynamics_NAV_2018-768x196.png 768w\" sizes=\"(max-width: 785px) 100vw, 785px\" \/><\/p>\n<p>Depuis d\u00e9but d\u00e9cembre, la nouvelle version de la solution ERP \u00e9prouv\u00e9e, Microsoft Dynamics NAV 2018, est disponible.<br \/>\nDynamics NAV 2018 arrive avec des am\u00e9liorations des fonctionnalit\u00e9s de base, de nombreuses nouveaut\u00e9s et des caract\u00e9ristiques passionnantes. Par exemple, l'int\u00e9gration d'Office 365 (\"Common Data Service\" et la possibilit\u00e9 d'\u00e9diter des feuilles de comptes dans Excel) a \u00e9t\u00e9 encore renforc\u00e9e. Mais des optimisations ont \u00e9galement \u00e9t\u00e9 apport\u00e9es au client web et \u00e0 son apparence.<\/p>\n<h2>Voici les nouvelles fonctionnalit\u00e9s de Microsoft Dynamics NAV 2018<\/h2>\n<ul>\n<li>Assistance compl\u00e8te pour l'installation et la configuration gr\u00e2ce \u00e0 plusieurs assistants d'installation<\/li>\n<li>Des options de configuration centralis\u00e9es simplifient la cr\u00e9ation de nouveaux mandants<\/li>\n<li>Int\u00e9gration profonde d'Office 365 gr\u00e2ce \u00e0 l'utilisation du \"Common Data Service\" (plateforme de donn\u00e9es pour l'\u00e9change d'applications professionnelles, d'apps et de services Microsoft)<\/li>\n<li><a href=\"http:\/\/navision-beratung.de\/fr\/microsoft-dynamics-nav-2018-mitarbeiterbuchungsblaetter\/\">Feuilles de r\u00e9servation des employ\u00e9s<\/a>Dans les feuilles d'\u00e9criture, il est d\u00e9sormais possible de s\u00e9lectionner des collaborateurs en plus des cr\u00e9anciers et des d\u00e9biteurs. Cette fonction est utilis\u00e9e par exemple pour le paiement des frais de voyage.<\/li>\n<li>Listes de t\u00e2ches : comme dans Outlook, il est possible de cr\u00e9er des listes de t\u00e2ches. Celles-ci peuvent faire r\u00e9f\u00e9rence \u00e0 certaines t\u00e2ches sp\u00e9cifiques \u00e0 l'ERP ou \u00eatre li\u00e9es \u00e0 des pages ou des rapports d\u00e9finis.<\/li>\n<li>L'automatisation des transactions interentreprises permet d'acc\u00e9l\u00e9rer consid\u00e9rablement les processus de comptabilisation interentreprises.<\/li>\n<\/ul>\n<p>[wpdm_package id='3300\u2032]<\/p>\n<div class=\"ebd-box\">\n<div class=\"ebd-box-content\"><span class=\"ebd-box-title\">Demander une brochure<\/span><br \/>\nVeuillez indiquer votre nom et votre adresse e-mail. Vous recevrez sous peu un e-mail avec le lien de t\u00e9l\u00e9chargement.<br \/>\n[email-download download_id=\"3304\u2033 contact_form_id=\"3302\u2033]<\/div>\n<\/div>\n<h2>Dynamics NAV - Quelle est la prochaine \u00e9tape ?<\/h2>\n<p>Deux autres versions devraient suivre d\u00e8s le printemps 2018 : Une solution on-premise comprenant toutes les fonctionnalit\u00e9s de NAV ainsi qu'une version bas\u00e9e sur le cloud, divis\u00e9e en diff\u00e9rents domaines fonctionnels.<\/p>\n<h2>Vous avez des questions ?<\/h2>\n<p>Si vous souhaitez obtenir plus d'informations sur <a href=\"http:\/\/navision-beratung.de\/fr\/microsoft-dynamics-nav\/\">Microsoft Dynamics NAV<\/a> Si vous d\u00e9sirez des informations compl\u00e9mentaires, n'h\u00e9sitez pas \u00e0 nous contacter au +49 (89) 21 111 848 ou par e-mail \u00e0 l'adresse suivante <a href=\"mailto:vertrieb@br-ag.com\">vertrieb@br-ag.com<\/a>.<\/p>\n<p>&nbsp;<\/p>","protected":false},"excerpt":{"rendered":"<p>Seit Anfang Dezember ist die neue Version der bew\u00e4hrten ERP-L\u00f6sung, Microsoft Dynamics NAV 2018 verf\u00fcgbar. Dynamics NAV 2018 kommt mit Verbesserungen der Kernfunktionalit\u00e4ten, vielen Neuerungen und spannenden Features. So wurde beispielsweise die Integration von Office 365 (\u201eCommon Data Service\u201c und die M\u00f6glichkeit zur Bearbeitung von Buch.-Bl\u00e4ttern in Excel) noch weiter verst\u00e4rkt. Aber auch am Web [&hellip;]<\/p>","protected":false},"author":1,"featured_media":3197,"parent":10710,"menu_order":0,"comment_status":"closed","ping_status":"closed","template":"","meta":{"_seopress_robots_primary_cat":"","_seopress_titles_title":"Neue Features: Microsoft Dynamics NAV 2018","_seopress_titles_desc":"Erleben Sie erweiterte Integration mit Office 365 und verbesserte Funktionen im Dynamics NAV 2018. Optimierte Benutzbarkeit und innovative L\u00f6sungen warten.","_seopress_robots_index":"","footnotes":""},"categories":[],"tags":[],"class_list":["post-3244","page","type-page","status-publish","has-post-thumbnail","hentry"],"_links":{"self":[{"href":"https:\/\/navision-beratung.de\/fr\/wp-json\/wp\/v2\/pages\/3244","targetHints":{"allow":["GET"]}}],"collection":[{"href":"https:\/\/navision-beratung.de\/fr\/wp-json\/wp\/v2\/pages"}],"about":[{"href":"https:\/\/navision-beratung.de\/fr\/wp-json\/wp\/v2\/types\/page"}],"author":[{"embeddable":true,"href":"https:\/\/navision-beratung.de\/fr\/wp-json\/wp\/v2\/users\/1"}],"replies":[{"embeddable":true,"href":"https:\/\/navision-beratung.de\/fr\/wp-json\/wp\/v2\/comments?post=3244"}],"version-history":[{"count":0,"href":"https:\/\/navision-beratung.de\/fr\/wp-json\/wp\/v2\/pages\/3244\/revisions"}],"up":[{"embeddable":true,"href":"https:\/\/navision-beratung.de\/fr\/wp-json\/wp\/v2\/pages\/10710"}],"wp:featuredmedia":[{"embeddable":true,"href":"https:\/\/navision-beratung.de\/fr\/wp-json\/wp\/v2\/media\/3197"}],"wp:attachment":[{"href":"https:\/\/navision-beratung.de\/fr\/wp-json\/wp\/v2\/media?parent=3244"}],"wp:term":[{"taxonomy":"category","embeddable":true,"href":"https:\/\/navision-beratung.de\/fr\/wp-json\/wp\/v2\/categories?post=3244"},{"taxonomy":"post_tag","embeddable":true,"href":"https:\/\/navision-beratung.de\/fr\/wp-json\/wp\/v2\/tags?post=3244"}],"curies":[{"name":"wp","href":"https:\/\/api.w.org\/{rel}","templated":true}]}}