{"id":3101,"date":"2020-11-03T11:35:00","date_gmt":"2020-11-03T11:35:00","guid":{"rendered":"http:\/\/navision-beratung.de\/?page_id=3101"},"modified":"2025-05-24T10:13:15","modified_gmt":"2025-05-24T08:13:15","slug":"nav-zugferd-schnittstelle","status":"publish","type":"page","link":"https:\/\/navision-beratung.de\/fr\/ueberpruefen\/nav-zugferd-schnittstelle\/","title":{"rendered":"ZUGFeRD Interface | eDoc App"},"content":{"rendered":"<figure class=\"wp-block-image\"><img alt=\"\" fetchpriority=\"high\" decoding=\"async\" width=\"785\" height=\"200\" src=\"https:\/\/navision-beratung.de\/wp-content\/uploads\/2020\/11\/ZUGFeRD_XRechnung.png\" class=\"wp-image-6136\" srcset=\"https:\/\/navision-beratung.de\/wp-content\/uploads\/2020\/11\/ZUGFeRD_XRechnung.png 785w, https:\/\/navision-beratung.de\/wp-content\/uploads\/2020\/11\/ZUGFeRD_XRechnung-300x76.png 300w, https:\/\/navision-beratung.de\/wp-content\/uploads\/2020\/11\/ZUGFeRD_XRechnung-768x196.png 768w\" sizes=\"(max-width: 785px) 100vw, 785px\" \/><\/figure>\n\n\n\n<h2 class=\"wp-block-heading\">L'interface ZUGFeRD devient une App eDoc<\/h2>\n\n\n\n<p>D\u00e8s maintenant, l'interface ZUGFerd est disponible dans notre successeur Add-on<strong> Application eDoc<\/strong> sont int\u00e9gr\u00e9s. Outre les formats<strong> ZUGFeRD<\/strong>, <strong>XFacture<\/strong> et <strong>FatturaPA<\/strong> vous avez d\u00e9sormais acc\u00e8s \u00e0 d'autres formats europ\u00e9ens tels que<strong> ebInterface (Autriche)<\/strong>, <strong>KSeF Pologne<\/strong> ainsi que <strong>Factur-X (France)<\/strong> \u00e0 disposition.<\/p>\n\n\n\n<div style=\"height:46px\" aria-hidden=\"true\" class=\"wp-block-spacer\"><\/div>\n\n\n\n<div class=\"wp-block-buttons is-content-justification-center is-layout-flex wp-container-core-buttons-is-layout-a89b3969 wp-block-buttons-is-layout-flex\">\n<div class=\"wp-block-button\"><a class=\"wp-block-button__link has-vivid-red-background-color has-background has-text-align-center wp-element-button\" href=\"https:\/\/navision-beratung.de\/fr\/add-ons\/edoc-module-erstellen-sie-ihre-e-rechnung-einfach-schnell-rechtskonform\/\">Add-on eDoc App<\/a><\/div>\n<\/div>\n\n\n\n<div style=\"height:46px\" aria-hidden=\"true\" class=\"wp-block-spacer\"><\/div>\n\n\n\n<h2 class=\"wp-block-heading\">Quelques clics suffisent pour obtenir une e-facture conforme \u00e0 la norme europ\u00e9enne<\/h2>\n\n\n\n<p>Utilisez l'interface ZUGFeRD ou l'application eDoc dans Business Central ou Dynamics NAV pour la transmission de factures c\u00f4t\u00e9 sortie (outbound) ou le traitement de factures c\u00f4t\u00e9 entr\u00e9e (inbound) ou encore pour les deux directions (complete). Vous pouvez choisir librement le format (ZUGFeRD ou XRechnung). D\u00e9cidez quelle licence vous convient le mieux.<\/p>\n\n\n\n<p>L'interface ne s'applique pas uniquement \u00e0 l'\u00e9change de factures avec les autorit\u00e9s. Profitez des avantages de la transmission \u00e9lectronique des factures, que le destinataire utilise ZUGFeRD ou non.<\/p>\n\n\n\n<p>\u00c9pargnez-vous la num\u00e9risation des documents ou la reconnaissance de texte OCR. Les documents re\u00e7us sont import\u00e9s directement dans Business Central ou Dynamics NAV \u00e0 partir d'un dossier d'importation, de mani\u00e8re enti\u00e8rement automatique.<\/p>\n\n\n\n<figure class=\"wp-block-image size-large\"><a href=\"https:\/\/navision-beratung.de\/wp-content\/uploads\/2022\/10\/BRAG-ZUGFeRD-Interface_steps.jpg\"><img alt=\"\" decoding=\"async\" width=\"1024\" height=\"456\" src=\"https:\/\/navision-beratung.de\/wp-content\/uploads\/2022\/10\/BRAG-ZUGFeRD-Interface_steps-1024x456.jpg\" class=\"wp-image-7143\" srcset=\"https:\/\/navision-beratung.de\/wp-content\/uploads\/2022\/10\/BRAG-ZUGFeRD-Interface_steps-1024x456.jpg 1024w, https:\/\/navision-beratung.de\/wp-content\/uploads\/2022\/10\/BRAG-ZUGFeRD-Interface_steps-300x134.jpg 300w, https:\/\/navision-beratung.de\/wp-content\/uploads\/2022\/10\/BRAG-ZUGFeRD-Interface_steps-768x342.jpg 768w, https:\/\/navision-beratung.de\/wp-content\/uploads\/2022\/10\/BRAG-ZUGFeRD-Interface_steps.jpg 1123w\" sizes=\"(max-width: 1024px) 100vw, 1024px\" \/><\/a><\/figure>\n\n\n\n<h2 class=\"wp-block-heading\">Qu'est-ce que ZUGFeRD ou XRechnung ?<\/h2>\n\n\n\n<p>ZUGFeRD (Zentraler User Guide des Forums elektronischer Rechnung Deutschland) est un format d'\u00e9change de factures \u00e9lectroniques entre les entreprises et les administrations.<br>Le format a \u00e9t\u00e9 initi\u00e9 par le minist\u00e8re f\u00e9d\u00e9ral de l'\u00c9conomie et de l'\u00c9nergie et il est d\u00e9sormais utilis\u00e9 dans de nombreuses entreprises et administrations \u00e0 travers l'Europe.<\/p>\n\n\n\n<p>Tant la structure de donn\u00e9es du format ZUGFeRD actuel que la XFacture sont bas\u00e9es sur la norme europ\u00e9enne EN 16931 et peuvent donc \u00eatre utilis\u00e9es toutes les deux. La grande diff\u00e9rence : ZUGFeRD se compose d'une partie PDF et d'une annexe XML et la XFacture est un format de donn\u00e9es purement XML.<\/p>\n\n\n\n<p>Avec le profil <strong>2.3.1 XFacture<\/strong> les factures \u00e9lectroniques peuvent \u00eatre envoy\u00e9es \u00e0 tous les destinataires de factures affili\u00e9s \u00e0 la ZRE et \u00e0 OZG-RE.<\/p>\n\n\n\n<h2 class=\"wp-block-heading\">Int\u00e9gration compl\u00e8te de l'interface ZUGFeRD\/application eDoc dans Microsoft Business Central ou Dynamics NAV<\/h2>\n\n\n\n<figure class=\"wp-block-image\"><img alt=\"\" decoding=\"async\" width=\"1608\" height=\"605\" src=\"https:\/\/navision-beratung.de\/wp-content\/uploads\/2020\/11\/Integration-ZUGFeRD-Interface.png\" class=\"wp-image-6143\" srcset=\"https:\/\/navision-beratung.de\/wp-content\/uploads\/2020\/11\/Integration-ZUGFeRD-Interface.png 1608w, https:\/\/navision-beratung.de\/wp-content\/uploads\/2020\/11\/Integration-ZUGFeRD-Interface-300x113.png 300w, https:\/\/navision-beratung.de\/wp-content\/uploads\/2020\/11\/Integration-ZUGFeRD-Interface-1024x385.png 1024w, https:\/\/navision-beratung.de\/wp-content\/uploads\/2020\/11\/Integration-ZUGFeRD-Interface-768x289.png 768w, https:\/\/navision-beratung.de\/wp-content\/uploads\/2020\/11\/Integration-ZUGFeRD-Interface-1536x578.png 1536w\" sizes=\"(max-width: 1608px) 100vw, 1608px\" \/><\/figure>\n\n\n\n<p>L'interface ZUGFeRD a \u00e9t\u00e9 d\u00e9velopp\u00e9e en tant que solution compl\u00e9mentaire pour Microsoft Business Central ou Dynamics NAV (\u00e0 partir de la version NAV 2015) afin de faciliter l'\u00e9change de factures pour les entreprises de taille moyenne.<\/p>\n\n\n\n<p>L'exportation d'une facture de Dynamics NAV au format ZUGFeRD permet d'int\u00e9grer un fichier XML correspondant dans le document, qui se pr\u00e9sente sous la forme d'un fichier PDF. Ainsi, le document contient \u00e9galement une forme lisible par une machine.<\/p>\n\n\n\n<p>La sortie des factures peut se faire enti\u00e8rement par voie \u00e9lectronique, que le destinataire utilise ZUGFeRD ou non.<\/p>\n\n\n\n<p>Lors de la r\u00e9ception des factures, vous n'avez plus besoin de scanner les documents ni de faire une reconnaissance de texte OCR. Le document re\u00e7u par e-mail ou via un dossier surveill\u00e9 est import\u00e9 directement dans Dynamics NAV de mani\u00e8re enti\u00e8rement automatique.<\/p>\n\n\n\n<h2 class=\"wp-block-heading\">Les principales caract\u00e9ristiques<\/h2>\n\n\n\n<p>L'interface ZUGFeRD est enti\u00e8rement int\u00e9gr\u00e9e dans Business Central ou Dynamics NAV et dispose d'une configuration claire et intuitive.<\/p>\n\n\n\n<p>Contr\u00f4lez selon le client si vous envoyez des factures et dans quel format (ZUGFeRD ou X-facture), l'envoi de documents standard est alors utilis\u00e9.<\/p>\n\n\n\n<figure class=\"wp-block-image\"><img alt=\"\" loading=\"lazy\" decoding=\"async\" width=\"1730\" height=\"708\" src=\"https:\/\/navision-beratung.de\/wp-content\/uploads\/2020\/11\/Debitor.png\" class=\"wp-image-6145\" srcset=\"https:\/\/navision-beratung.de\/wp-content\/uploads\/2020\/11\/Debitor.png 1730w, https:\/\/navision-beratung.de\/wp-content\/uploads\/2020\/11\/Debitor-300x123.png 300w, https:\/\/navision-beratung.de\/wp-content\/uploads\/2020\/11\/Debitor-1024x419.png 1024w, https:\/\/navision-beratung.de\/wp-content\/uploads\/2020\/11\/Debitor-768x314.png 768w, https:\/\/navision-beratung.de\/wp-content\/uploads\/2020\/11\/Debitor-1536x629.png 1536w\" sizes=\"(max-width: 1730px) 100vw, 1730px\" \/><\/figure>\n\n\n\n<p>Gardez un \u0153il sur les factures entrantes originales. Lors du traitement de la facture fournisseur, la ligne de coupe vous fournit un aper\u00e7u de la facture originale.<\/p>\n\n\n\n<figure class=\"wp-block-image\"><img alt=\"\" loading=\"lazy\" decoding=\"async\" width=\"1599\" height=\"716\" src=\"https:\/\/navision-beratung.de\/wp-content\/uploads\/2020\/11\/inbound.png\" class=\"wp-image-6147\" srcset=\"https:\/\/navision-beratung.de\/wp-content\/uploads\/2020\/11\/inbound.png 1599w, https:\/\/navision-beratung.de\/wp-content\/uploads\/2020\/11\/inbound-300x134.png 300w, https:\/\/navision-beratung.de\/wp-content\/uploads\/2020\/11\/inbound-1024x459.png 1024w, https:\/\/navision-beratung.de\/wp-content\/uploads\/2020\/11\/inbound-768x344.png 768w, https:\/\/navision-beratung.de\/wp-content\/uploads\/2020\/11\/inbound-1536x688.png 1536w\" sizes=\"(max-width: 1599px) 100vw, 1599px\" \/><\/figure>\n\n\n<p>[wpdm_package id='3108\u2032]<\/p>\n\n\n\n<div style=\"height:60px\" aria-hidden=\"true\" class=\"wp-block-spacer\"><\/div>\n\n\n\n<figure><iframe src=\"https:\/\/www.youtube.com\/embed\/UtqUX4NVQlY\" allowfullscreen=\"\" width=\"560\" height=\"315\"><\/iframe><\/figure>\n\n\n\n<div style=\"height:60px\" aria-hidden=\"true\" class=\"wp-block-spacer\"><\/div>\n\n\n\n<p><strong>Vous avez des questions sur l'add-on eDoc App ou sur l'envoi \u00e9lectronique de factures ?<\/strong><\/p>\n\n\n\n<p>Nous nous ferons un plaisir de vous aider et de vous conseiller en d\u00e9tail :<\/p>\n\n\n\n<p><strong>T\u00e9l. : +49 (89) 21 111 848<\/strong><br><strong>Courrier \u00e9lectronique : <\/strong><a href=\"mailto:vertrieb@br-ag.com\">vertrieb@br-ag.com<\/a><\/p>\n\n\n\n<div class=\"wp-block-buttons is-layout-flex wp-block-buttons-is-layout-flex\">\n<div class=\"wp-block-button aligncenter\"><a class=\"wp-block-button__link has-vivid-green-cyan-background-color has-background wp-element-button\" href=\"https:\/\/docs.navision-beratung.de\/ZUGFeRD-Interface\/\" target=\"_blank\" rel=\"noreferrer noopener\">Aide en ligne<\/a><\/div>\n<\/div>","protected":false},"excerpt":{"rendered":"<p>ZUGFeRD als Format zum elektronischen Rechnungsaustausch bietet die M\u00f6glichkeit des vollst\u00e4ndigen elektronischen Rechnungsaustauschs zwischen Unternehmen sowie Beh\u00f6rden.<br \/>\nDa ein ZUGFeRD-Beleg neben der PDF-Datei auch eine eingebettete XML-Datei hat, ist der Beleg in maschinenlesbarer Form vorhanden.<br \/>\nDie ZUGFeRD Schnittstelle ist als Add-on L\u00f6sung f\u00fcr Microsoft Dynamics NAV (ab Version NAV 2009 R2 bis NAV 2017) entwickelt worden, um den Rechnungsaustausch f\u00fcr mittelst\u00e4ndische Unternehmen einfacher zu gestalten.<\/p>","protected":false},"author":1,"featured_media":6141,"parent":10710,"menu_order":0,"comment_status":"closed","ping_status":"closed","template":"","meta":{"_seopress_robots_primary_cat":"","_seopress_titles_title":"eDoc App: ZUGFeRD & XRechnung effizient nutzen","_seopress_titles_desc":"Integrieren Sie ZUGFeRD in Dynamics NAV. Effiziente elektronische Rechnungsverarbeitung mit Formaten wie XRechnung und Factur-X.","_seopress_robots_index":"","footnotes":""},"categories":[],"tags":[],"class_list":["post-3101","page","type-page","status-publish","has-post-thumbnail","hentry"],"_links":{"self":[{"href":"https:\/\/navision-beratung.de\/fr\/wp-json\/wp\/v2\/pages\/3101","targetHints":{"allow":["GET"]}}],"collection":[{"href":"https:\/\/navision-beratung.de\/fr\/wp-json\/wp\/v2\/pages"}],"about":[{"href":"https:\/\/navision-beratung.de\/fr\/wp-json\/wp\/v2\/types\/page"}],"author":[{"embeddable":true,"href":"https:\/\/navision-beratung.de\/fr\/wp-json\/wp\/v2\/users\/1"}],"replies":[{"embeddable":true,"href":"https:\/\/navision-beratung.de\/fr\/wp-json\/wp\/v2\/comments?post=3101"}],"version-history":[{"count":0,"href":"https:\/\/navision-beratung.de\/fr\/wp-json\/wp\/v2\/pages\/3101\/revisions"}],"up":[{"embeddable":true,"href":"https:\/\/navision-beratung.de\/fr\/wp-json\/wp\/v2\/pages\/10710"}],"wp:featuredmedia":[{"embeddable":true,"href":"https:\/\/navision-beratung.de\/fr\/wp-json\/wp\/v2\/media\/6141"}],"wp:attachment":[{"href":"https:\/\/navision-beratung.de\/fr\/wp-json\/wp\/v2\/media?parent=3101"}],"wp:term":[{"taxonomy":"category","embeddable":true,"href":"https:\/\/navision-beratung.de\/fr\/wp-json\/wp\/v2\/categories?post=3101"},{"taxonomy":"post_tag","embeddable":true,"href":"https:\/\/navision-beratung.de\/fr\/wp-json\/wp\/v2\/tags?post=3101"}],"curies":[{"name":"wp","href":"https:\/\/api.w.org\/{rel}","templated":true}]}}