{"id":2920,"date":"2017-03-09T10:57:42","date_gmt":"2017-03-09T10:57:42","guid":{"rendered":"http:\/\/navision-beratung.de\/?page_id=2920"},"modified":"2025-05-24T10:13:15","modified_gmt":"2025-05-24T08:13:15","slug":"artikelattribute-und-kategorien-in-nav-2017","status":"publish","type":"page","link":"https:\/\/navision-beratung.de\/fr\/ueberpruefen\/artikelattribute-und-kategorien-in-nav-2017\/","title":{"rendered":"NAV 2017: Attribute und Kategorien f\u00fcr Artikel"},"content":{"rendered":"<h1><img alt=\"\" fetchpriority=\"high\" decoding=\"async\" class=\"alignnone size-full wp-image-2928\" src=\"http:\/\/navision-beratung.de\/wp-content\/uploads\/2017\/03\/NAV_2017Artikelattribute.png\" width=\"717\" height=\"230\" srcset=\"https:\/\/navision-beratung.de\/wp-content\/uploads\/2017\/03\/NAV_2017Artikelattribute.png 717w, https:\/\/navision-beratung.de\/wp-content\/uploads\/2017\/03\/NAV_2017Artikelattribute-300x96.png 300w\" sizes=\"(max-width: 717px) 100vw, 717px\" \/><\/h1>\n<h1>Attributs et cat\u00e9gories d'articles et liste d'articles illustr\u00e9e dans NAV 2017<\/h1>\n<p>Nous aimerions vous montrer comment vous pouvez mieux structurer et cat\u00e9goriser votre assortiment d'articles avec Microsoft Dynamics NAV. La version 2017 offre ici de superbes nouveaut\u00e9s en standard.<\/p>\n<h2>Attributs de l'article<\/h2>\n<p>Les attributs d'article nouvellement introduits permettent une classification individuelle de la base de donn\u00e9es des articles selon vos crit\u00e8res pr\u00e9d\u00e9finis. Il est ainsi possible de repr\u00e9senter des propri\u00e9t\u00e9s telles que la taille ou la nature du mat\u00e9riau - et ce de mani\u00e8re tr\u00e8s conviviale.<\/p>\n<p>Les affectations multiples sont \u00e9galement possibles. Cela simplifie la saisie et l'ajout d'articles \u00e0 des commandes et des ordres de vente existants.<\/p>\n<p>Selon les souhaits du client, les attributs peuvent \u00eatre cr\u00e9\u00e9s et utilis\u00e9s individuellement pour diff\u00e9rents secteurs de l'entreprise.<\/p>\n<h2>Cat\u00e9gories d'articles<\/h2>\n<p>Autre nouveaut\u00e9 de Microsoft Dynamics NAV 2017, les <strong>Cat\u00e9gories d'articles<\/strong> avec un niveau principal et divers niveaux hi\u00e9rarchiques qui permettent d'organiser les articles de mani\u00e8re hi\u00e9rarchique. Vous pouvez choisir librement les cat\u00e9gories.<\/p>\n<p>Vous pouvez ainsi d\u00e9river diff\u00e9rents articles d'un mod\u00e8le, par exemple.<\/p>\n<p>Avantage essentiel de la <strong>Attributs et cat\u00e9gories d'articles<\/strong> est donc la transparence et la clart\u00e9 de vos articles.<\/p>\n<p>Vous pourrez \u00e9galement analyser votre assortiment d'articles en fonction des cat\u00e9gories ou des attributs que vous aurez d\u00e9finis. Vous obtenez ainsi un aper\u00e7u des chiffres de vente et du chiffre d'affaires des diff\u00e9rents produits.<\/p>\n<h2>Fonction de recherche et de filtrage<\/h2>\n<p>Et la fonction de recherche et de filtrage offre un avantage consid\u00e9rable dans l'utilisation.<\/p>\n<h2>Liste d'articles illustr\u00e9e<\/h2>\n<p>Dans Microsoft Dynamics NAV 2017, vous obtenez une repr\u00e9sentation visuellement attrayante de votre catalogue de marchandises gr\u00e2ce \u00e0 l'option permettant de munir vos articles d'images d'articles appropri\u00e9es. Comme dans une boutique en ligne, vous pouvez afficher les illustrations dans diff\u00e9rentes tailles et obtenir ainsi une repr\u00e9sentation tr\u00e8s claire de votre assortiment de marchandises. Il est possible de sauvegarder plusieurs graphiques sous une base de donn\u00e9es articles. En outre, vous pouvez choisir une vue dans laquelle l'image correspondante \u00e0 l'article est directement affich\u00e9e. Vous pouvez ainsi faciliter consid\u00e9rablement la recherche d'un article et vous b\u00e9n\u00e9ficiez d'un gain de temps consid\u00e9rable.<\/p>\n<p>&nbsp;<\/p>\n<p>Vous souhaitez en savoir plus sur Dynamics NAV 2017 ? Vous trouverez un aper\u00e7u des principales nouveaut\u00e9s <a href=\"http:\/\/navision-beratung.de\/fr\/microsoft-dynamics-nav-2017\/\">ici<\/a>.<\/p>","protected":false},"excerpt":{"rendered":"<p>Artikelattribute und -kategorien sowie bebilderte Artikelliste in NAV 2017 Gerne m\u00f6chten wir Ihnen veranschaulichen, wie Sie mit Microsoft Dynamics NAV Ihr Artikelsortiment besser strukturieren und kategorisieren k\u00f6nnen. Die 2017er Version bietet hier tolle Neuerungen im Standard. Artikelattribute Die neu eingef\u00fchrten Artikelattribute erm\u00f6glichen eine individuelle Klassifizierung des Artikelstamms nach Ihren vorgegebenen Kriterien. So k\u00f6nnen Eigenschaften wie [&hellip;]<\/p>","protected":false},"author":1,"featured_media":0,"parent":10710,"menu_order":0,"comment_status":"closed","ping_status":"closed","template":"","meta":{"_seopress_robots_primary_cat":"","_seopress_titles_title":"Optimieren Sie Artikelstruktur mit NAV 2017 Innovationen","_seopress_titles_desc":"Erfahren Sie, wie Sie mit Artikelattributen und -kategorien in Dynamics NAV 2017 Ihr Sortiment besser strukturieren und analysieren k\u00f6nnen.","_seopress_robots_index":"","footnotes":""},"categories":[],"tags":[],"class_list":["post-2920","page","type-page","status-publish","hentry"],"_links":{"self":[{"href":"https:\/\/navision-beratung.de\/fr\/wp-json\/wp\/v2\/pages\/2920","targetHints":{"allow":["GET"]}}],"collection":[{"href":"https:\/\/navision-beratung.de\/fr\/wp-json\/wp\/v2\/pages"}],"about":[{"href":"https:\/\/navision-beratung.de\/fr\/wp-json\/wp\/v2\/types\/page"}],"author":[{"embeddable":true,"href":"https:\/\/navision-beratung.de\/fr\/wp-json\/wp\/v2\/users\/1"}],"replies":[{"embeddable":true,"href":"https:\/\/navision-beratung.de\/fr\/wp-json\/wp\/v2\/comments?post=2920"}],"version-history":[{"count":0,"href":"https:\/\/navision-beratung.de\/fr\/wp-json\/wp\/v2\/pages\/2920\/revisions"}],"up":[{"embeddable":true,"href":"https:\/\/navision-beratung.de\/fr\/wp-json\/wp\/v2\/pages\/10710"}],"wp:attachment":[{"href":"https:\/\/navision-beratung.de\/fr\/wp-json\/wp\/v2\/media?parent=2920"}],"wp:term":[{"taxonomy":"category","embeddable":true,"href":"https:\/\/navision-beratung.de\/fr\/wp-json\/wp\/v2\/categories?post=2920"},{"taxonomy":"post_tag","embeddable":true,"href":"https:\/\/navision-beratung.de\/fr\/wp-json\/wp\/v2\/tags?post=2920"}],"curies":[{"name":"wp","href":"https:\/\/api.w.org\/{rel}","templated":true}]}}