{"id":165,"date":"2014-12-17T12:04:54","date_gmt":"2014-12-17T12:04:54","guid":{"rendered":"http:\/\/navisionberatung.apps-1and1.net\/?page_id=165"},"modified":"2025-05-24T10:13:15","modified_gmt":"2025-05-24T08:13:15","slug":"microsoft-dynamics-nav","status":"publish","type":"page","link":"https:\/\/navision-beratung.de\/fr\/ueberpruefen\/microsoft-dynamics-nav\/","title":{"rendered":"ERP-Microsoft Dynamics NAV"},"content":{"rendered":"<div id=\"pl-165\"  class=\"panel-layout\" >\n<div id=\"pg-165-0\"  class=\"panel-grid panel-no-style\" >\n<div id=\"pgc-165-0-0\"  class=\"panel-grid-cell\"  data-weight=\"1\" >\n<div id=\"panel-165-0-0-0\" class=\"so-panel widget widget_sow-image panel-first-child\" data-index=\"0\" data-style=\"{&quot;background_display&quot;:&quot;tile&quot;}\" >[siteorigin_widget class=\"SiteOrigin_Widget_Image_Widget\"]<input type=\"hidden\" value=\"{&quot;instance&quot;:{&quot;image&quot;:2931,&quot;image_fallback&quot;:&quot;&quot;,&quot;size&quot;:&quot;full&quot;,&quot;align&quot;:&quot;default&quot;,&quot;title&quot;:&quot;Microsoft Dynamics NAV&quot;,&quot;title_position&quot;:&quot;hidden&quot;,&quot;alt&quot;:&quot;Microsoft Dynamics NAV&quot;,&quot;url&quot;:&quot;&quot;,&quot;bound&quot;:true,&quot;_sow_form_id&quot;:&quot;5912e38a0ac82&quot;,&quot;new_window&quot;:false,&quot;full_width&quot;:false},&quot;args&quot;:{&quot;before_widget&quot;:&quot;&lt;div id=\\&quot;panel-165-0-0-0\\&quot; class=\\&quot;so-panel widget widget_sow-image panel-first-child\\&quot; data-index=\\&quot;0\\&quot; data-style=\\&quot;{&amp;quot;background_display&amp;quot;:&amp;quot;tile&amp;quot;}\\&quot; &gt;&quot;,&quot;after_widget&quot;:&quot;&lt;\\\/div&gt;&quot;,&quot;before_title&quot;:&quot;&lt;h3 class=\\&quot;widget-title\\&quot;&gt;&quot;,&quot;after_title&quot;:&quot;&lt;\\\/h3&gt;&quot;,&quot;widget_id&quot;:&quot;widget-0-0-0&quot;}}\" \/>[\/siteorigin_widget]<\/div>\n<div id=\"panel-165-0-0-1\" class=\"so-panel widget widget_black-studio-tinymce widget_black_studio_tinymce panel-last-child\" data-index=\"1\" data-style=\"{&quot;background_image_attachment&quot;:false,&quot;background_display&quot;:&quot;tile&quot;}\" >\n<div class=\"textwidget\">\n<h1>Les chiffres parlent d'eux-m\u00eames : avec plus d'un million d'utilisateurs dans le monde, Microsoft Dynamics NAV fait partie des syst\u00e8mes ERP leaders.<\/h1>\n<p>Avec Dynamics NAV, Microsoft propose une solution compl\u00e8te aux petites et moyennes entreprises. Que vous ayez d\u00e9pass\u00e9 votre syst\u00e8me actuel, que vous ayez atteint les limites de ce qui est possible avec votre syst\u00e8me actuel ou que vous recherchiez tout simplement un syst\u00e8me ERP moderne :<br \/> Microsoft Dynamics NAV devrait faire partie int\u00e9grante de votre short-list. Sa diffusion sur le march\u00e9, sa flexibilit\u00e9, sa capacit\u00e9 d'int\u00e9gration et sa structure de partenaires parlent d'elles-m\u00eames.<\/p>\n<h2>\u00a0En plein dans le mille<\/h2>\n<p>Donnez \u00e0 vos collaborateurs de nouveaux outils qui rendront votre entreprise plus performante. Optez d\u00e8s maintenant pour la solution d'entreprise innovante et flexible de Microsoft Dynamics\u00ae NAV, la solution ERP pour les moyennes entreprises.<\/p>\n<p>Microsoft Dynamics NAV dispose d'un concept d'utilisation innovant et vous donne un contr\u00f4le complet sur tous les aspects de l'activit\u00e9 commerciale - par exemple la gestion financi\u00e8re, les achats, les ventes, le stockage et la logistique ou encore la fabrication et la gestion des services. La simplicit\u00e9 d'utilisation et la possibilit\u00e9 de s'int\u00e9grer aux syst\u00e8mes existants et aux technologies modernes facilitent consid\u00e9rablement la mise en \u0153uvre.<\/p>\n<p>A cela s'ajoutent toutes les possibilit\u00e9s de d\u00e9ploiement, c'est-\u00e0-dire comment le logiciel est mis \u00e0 disposition : Que ce soit sur vos propres serveurs, h\u00e9berg\u00e9 dans un centre de calcul ou dans le cloud : faites-vous conseiller sur les avantages des diff\u00e9rents sc\u00e9narios d'application et trouvez la solution la mieux adapt\u00e9e \u00e0 vos besoins.<\/p>\n<\/div>\n<\/div>\n<\/div>\n<\/div>\n<div id=\"pg-165-1\"  class=\"panel-grid panel-no-style\"  data-style=\"{&quot;background_display&quot;:&quot;tile&quot;}\" >\n<div id=\"pgc-165-1-0\"  class=\"panel-grid-cell\"  data-weight=\"1\" >\n<div id=\"panel-165-1-0-0\" class=\"so-panel widget widget_spacious_featured_single_page_widget widget_featured_single_post panel-first-child panel-last-child\" data-index=\"2\" data-style=\"{&quot;background_image_attachment&quot;:false,&quot;background_display&quot;:&quot;tile&quot;}\" >[siteorigin_widget class=\"spacious_featured_single_page_widget\"]<input type=\"hidden\" value=\"{&quot;instance&quot;:{&quot;title&quot;:&quot;&quot;,&quot;page_id&quot;:664,&quot;image_position&quot;:&quot;below&quot;,&quot;disable_feature_image&quot;:0},&quot;args&quot;:{&quot;before_widget&quot;:&quot;&lt;div id=\\&quot;panel-165-1-0-0\\&quot; class=\\&quot;so-panel widget widget_spacious_featured_single_page_widget widget_featured_single_post panel-first-child panel-last-child\\&quot; data-index=\\&quot;2\\&quot; data-style=\\&quot;{&amp;quot;background_image_attachment&amp;quot;:false,&amp;quot;background_display&amp;quot;:&amp;quot;tile&amp;quot;}\\&quot; &gt;&quot;,&quot;after_widget&quot;:&quot;&lt;\\\/div&gt;&quot;,&quot;before_title&quot;:&quot;&lt;h3 class=\\&quot;widget-title\\&quot;&gt;&quot;,&quot;after_title&quot;:&quot;&lt;\\\/h3&gt;&quot;,&quot;widget_id&quot;:&quot;widget-1-0-0&quot;}}\" \/>[\/siteorigin_widget]<\/div>\n<\/div>\n<\/div>\n<div id=\"pg-165-2\"  class=\"panel-grid panel-no-style\" >\n<div id=\"pgc-165-2-0\"  class=\"panel-grid-cell\"  data-weight=\"1\" >\n<div id=\"panel-165-2-0-0\" class=\"so-panel widget widget_black-studio-tinymce widget_black_studio_tinymce panel-first-child panel-last-child\" data-index=\"3\" data-style=\"{&quot;background_image_attachment&quot;:false,&quot;background_display&quot;:&quot;tile&quot;}\" >\n<h3 class=\"widget-title\">Modules en standard<\/h3>\n<div class=\"textwidget\">Microsoft Dynamics NAV offre d\u00e9j\u00e0 en standard de nombreuses fonctionnalit\u00e9s pour votre entreprise :<\/p>\n<ul>\n<li><a title=\"Gestion financi\u00e8re et contr\u00f4le de gestion\" href=\"http:\/\/navision-beratung.de\/fr\/microsoft-dynamics-nav\/microsoft-dynamics-nav-module\/finanzmanagement-controlling\/\"><span class=\"panel3-list-heading\" data-equal-height=\"row1-heading1\">Gestion financi\u00e8re et comptabilit\u00e9<\/span><\/a><\/li>\n<li><a title=\"Gestion financi\u00e8re et contr\u00f4le de gestion\" href=\"http:\/\/navision-beratung.de\/fr\/microsoft-dynamics-nav\/microsoft-dynamics-nav-module\/dynamics-nav-2018-business-intelligence-power-bi\/\"><span class=\"panel3-list-heading\" data-equal-height=\"row1-heading1\"><span class=\"item-title\">Business Intelligence &amp; Power BI<\/span><\/span><\/a><\/li>\n<li><a title=\"Ventes, marketing et gestion des services\" href=\"http:\/\/navision-beratung.de\/fr\/microsoft-dynamics-nav\/microsoft-dynamics-nav-module\/verkauf-marketing-servicemanagement-funktionen\/\">Ventes, marketing et gestion des services<\/a><\/li>\n<li><a title=\"Gestion de la cha\u00eene d&#039;approvisionnement et des stocks\" href=\"http:\/\/navision-beratung.de\/fr\/microsoft-dynamics-nav\/microsoft-dynamics-nav-module\/supply-chain-management-und-lagerverwaltung\/\">Gestion de la cha\u00eene d'approvisionnement et gestion des stocks<\/a><\/li>\n<li><a title=\"Planification et contr\u00f4le de la production\" href=\"http:\/\/navision-beratung.de\/fr\/microsoft-dynamics-nav\/microsoft-dynamics-nav-module\/fertigungsplanung-und-steuerung\/\">Planification et contr\u00f4le de la production<\/a><\/li>\n<li><a title=\"Gestion de projet\" href=\"http:\/\/navision-beratung.de\/fr\/microsoft-dynamics-nav\/microsoft-dynamics-nav-module\/projektmanagement\/\">Gestion de projet<\/a><\/li>\n<li title=\"Add On&#039;s\"><a title=\"Ressources humaines\" href=\"http:\/\/navision-beratung.de\/fr\/microsoft-dynamics-nav\/microsoft-dynamics-nav-module\/personalwesen\/\">Ressources humaines<\/a><\/li>\n<\/ul>\n<\/div>\n<\/div>\n<\/div>\n<\/div>\n<\/div>","protected":false},"excerpt":{"rendered":"<p>Entdecken Sie Microsoft Dynamics ERP<\/p>\n<p>Steigern Sie die Unternehmensleistung, messen Sie die finanzielle Effektivit\u00e4t und treffen Sie fundierte Unternehmensentscheidungen, die sich sofort auf Ihren Umsatz und Ihren Gewinn auswirken. <\/p>","protected":false},"author":1,"featured_media":172,"parent":10710,"menu_order":0,"comment_status":"closed","ping_status":"open","template":"","meta":{"_seopress_robots_primary_cat":"","_seopress_titles_title":"Microsoft Dynamics NAV: F\u00fchrendes ERP f\u00fcr KMU","_seopress_titles_desc":"Entdecken Sie Microsoft Dynamics NAV, das innovative ERP-System f\u00fcr KMU mit flexibler Integration und umfassender Kontrolle \u00fcber Ihr Unternehmen.","_seopress_robots_index":"","footnotes":""},"categories":[],"tags":[],"class_list":["post-165","page","type-page","status-publish","has-post-thumbnail","hentry"],"_links":{"self":[{"href":"https:\/\/navision-beratung.de\/fr\/wp-json\/wp\/v2\/pages\/165","targetHints":{"allow":["GET"]}}],"collection":[{"href":"https:\/\/navision-beratung.de\/fr\/wp-json\/wp\/v2\/pages"}],"about":[{"href":"https:\/\/navision-beratung.de\/fr\/wp-json\/wp\/v2\/types\/page"}],"author":[{"embeddable":true,"href":"https:\/\/navision-beratung.de\/fr\/wp-json\/wp\/v2\/users\/1"}],"replies":[{"embeddable":true,"href":"https:\/\/navision-beratung.de\/fr\/wp-json\/wp\/v2\/comments?post=165"}],"version-history":[{"count":0,"href":"https:\/\/navision-beratung.de\/fr\/wp-json\/wp\/v2\/pages\/165\/revisions"}],"up":[{"embeddable":true,"href":"https:\/\/navision-beratung.de\/fr\/wp-json\/wp\/v2\/pages\/10710"}],"wp:featuredmedia":[{"embeddable":true,"href":"https:\/\/navision-beratung.de\/fr\/wp-json\/wp\/v2\/media\/172"}],"wp:attachment":[{"href":"https:\/\/navision-beratung.de\/fr\/wp-json\/wp\/v2\/media?parent=165"}],"wp:term":[{"taxonomy":"category","embeddable":true,"href":"https:\/\/navision-beratung.de\/fr\/wp-json\/wp\/v2\/categories?post=165"},{"taxonomy":"post_tag","embeddable":true,"href":"https:\/\/navision-beratung.de\/fr\/wp-json\/wp\/v2\/tags?post=165"}],"curies":[{"name":"wp","href":"https:\/\/api.w.org\/{rel}","templated":true}]}}