{"id":153,"date":"2019-07-03T10:53:44","date_gmt":"2019-07-03T10:53:44","guid":{"rendered":"http:\/\/navisionberatung.apps-1and1.net\/?page_id=153"},"modified":"2025-05-24T10:13:15","modified_gmt":"2025-05-24T08:13:15","slug":"microsoft-wartungsvertrag-enhancement-plan","status":"publish","type":"page","link":"https:\/\/navision-beratung.de\/fr\/ueberpruefen\/microsoft-wartungsvertrag-enhancement-plan\/","title":{"rendered":"Maintenance des produits Microsoft - Plan d'am\u00e9lioration"},"content":{"rendered":"<div id=\"pl-153\" class=\"panel-layout\">\n<div id=\"pg-153-0\" class=\"panel-grid panel-no-style\">\n<div id=\"pgc-153-0-0\" class=\"panel-grid-cell\" data-weight=\"1\">\n<div id=\"panel-153-0-0-0\" class=\"so-panel widget widget_black-studio-tinymce widget_black_studio_tinymce panel-first-child panel-last-child\" data-index=\"0\" data-style=\"{&quot;background_image_attachment&quot;:false,&quot;background_display&quot;:&quot;tile&quot;}\">\n<div class=\"textwidget\">\n<h2>Votre contrat de maintenance pour les produits ERP de Microsoft Dynamics - Enhancement Plan<\/h2>\n<p>Le Microsoft Enhancement Plan (EP) est le contrat de maintenance pour votre syst\u00e8me ERP. Il ne constitue pas seulement une condition obligatoire pour l'assistance produit Microsoft, mais le PE comprend un ensemble de prestations qui vont bien au-del\u00e0 des standards habituels du secteur. Avec le plan de maintenance, vous investissez \u00e9galement dans la recherche et le d\u00e9veloppement du syst\u00e8me et pouvez ainsi profiter \u00e0 tout moment des nouveaut\u00e9s de votre logiciel d'entreprise. Le plan d'am\u00e9lioration vous offre les prestations suivantes :<\/p>\n<h2>Les avantages du plan d'am\u00e9lioration en un coup d'\u0153il<\/h2>\n<ul>\n<li><strong>D\u00e9veloppement \/ mises \u00e0 niveau<\/strong>Maintenez votre logiciel \u00e0 jour : lors de la parution d'une nouvelle version du produit, vous pouvez, si n\u00e9cessaire, effectuer une mise \u00e0 niveau vers celle-ci, les fonctionnalit\u00e9s d\u00e9j\u00e0 acquises restant inchang\u00e9es. Il n'y a pas de frais de licence suppl\u00e9mentaires, seuls les services utilis\u00e9s pour les mises \u00e0 jour sont factur\u00e9s.<\/li>\n<\/ul>\n<ul>\n<li><strong>Acc\u00e8s \u00e0 Microsoft CustomerSource<\/strong>Renforcez votre avance en mati\u00e8re d'information : Avec l'EP, vous avez acc\u00e8s \u00e0 CustomerSource, la plateforme en ligne exclusive r\u00e9serv\u00e9e aux clients EP, avec le catalogue de prestations suivant :\n<ul>\n<li>Formations en ligne<\/li>\n<li>E-learnings (formations sp\u00e9ciales en ligne dont l'\u00e9tendue et le niveau correspondent \u00e0 une formation classique)<\/li>\n<li>Plans d'apprentissage pour la conception &amp; la planification individuelles de vos formations, y compris les possibilit\u00e9s de certification<\/li>\n<li>Annonces pr\u00e9alables de nouvelles versions de produits et de nouvelles fonctions<\/li>\n<li>Invitations \u00e0 des \u00e9v\u00e9nements sp\u00e9ciaux pour les clients<\/li>\n<li>Base de connaissances compl\u00e8te avec trucs et astuces (articles en allemand et en anglais sur la technologie, la r\u00e9solution de probl\u00e8mes et plus encore)<\/li>\n<li>Livres blancs et articles techniques<\/li>\n<li>Documentation et informations sur les produits<\/li>\n<\/ul>\n<\/li>\n<li><strong>Protection des investissements <\/strong>Sauvegardez vos investissements : En cas de migration vers un autre produit Microsoft Dynamics, il est possible de faire valoir les investissements d\u00e9j\u00e0 r\u00e9alis\u00e9s.<\/li>\n<\/ul>\n<p>Vous trouverez ici un aper\u00e7u des dates d'expiration du support Microsoft pour Dynamics 365 Business Central ainsi que pour les versions Dynamics NAV \u00e0 partir de NAV 2009 :<\/p>\n<p>\u00a0<\/p>\n<\/div>\n<\/div>\n<\/div>\n<\/div>\n<\/div>\n\n\n<div class=\"wp-block-buttons is-layout-flex wp-block-buttons-is-layout-flex\">\n<div class=\"wp-block-button\"><a class=\"wp-block-button__link has-white-color has-vivid-cyan-blue-background-color has-text-color has-background\" href=\"https:\/\/navision-beratung.de\/fr\/produktsupport\/\">P\u00e9riode d'assistance par version de produit<\/a><\/div>\n<\/div>","protected":false},"excerpt":{"rendered":"<p>Ihr Wartungsvertrag f\u00fcr die ERP-Produkte von Microsoft Dynamics &#8211; Enhancement Plan Der Microsoft Enhancement Plan (kurz: EP) ist der Wartungsvertrag f\u00fcr Ihr ERP-System. Er bildet nicht nur eine obligatorische Voraussetzung f\u00fcr den Microsoft Produktsupport, vielmehr umfasst der EP ein Leistungspaket, das weit \u00fcber den branchen\u00fcblichen Standard hinausgeht. Mit dem Wartungsplan investieren Sie auch in die [&hellip;]<\/p>","protected":false},"author":1,"featured_media":3019,"parent":10710,"menu_order":0,"comment_status":"closed","ping_status":"open","template":"","meta":{"_seopress_robots_primary_cat":"","_seopress_titles_title":"Vorteile des Microsoft Enhancement Plans erfahren","_seopress_titles_desc":"Profitieren Sie mit dem Microsoft Enhancement Plan von Upgrades, exklusiven Ressourcen & Investitionsschutz f\u00fcr Ihr ERP-System. Jetzt informieren!","_seopress_robots_index":"","footnotes":""},"categories":[],"tags":[],"class_list":["post-153","page","type-page","status-publish","has-post-thumbnail","hentry"],"_links":{"self":[{"href":"https:\/\/navision-beratung.de\/fr\/wp-json\/wp\/v2\/pages\/153","targetHints":{"allow":["GET"]}}],"collection":[{"href":"https:\/\/navision-beratung.de\/fr\/wp-json\/wp\/v2\/pages"}],"about":[{"href":"https:\/\/navision-beratung.de\/fr\/wp-json\/wp\/v2\/types\/page"}],"author":[{"embeddable":true,"href":"https:\/\/navision-beratung.de\/fr\/wp-json\/wp\/v2\/users\/1"}],"replies":[{"embeddable":true,"href":"https:\/\/navision-beratung.de\/fr\/wp-json\/wp\/v2\/comments?post=153"}],"version-history":[{"count":0,"href":"https:\/\/navision-beratung.de\/fr\/wp-json\/wp\/v2\/pages\/153\/revisions"}],"up":[{"embeddable":true,"href":"https:\/\/navision-beratung.de\/fr\/wp-json\/wp\/v2\/pages\/10710"}],"wp:featuredmedia":[{"embeddable":true,"href":"https:\/\/navision-beratung.de\/fr\/wp-json\/wp\/v2\/media\/3019"}],"wp:attachment":[{"href":"https:\/\/navision-beratung.de\/fr\/wp-json\/wp\/v2\/media?parent=153"}],"wp:term":[{"taxonomy":"category","embeddable":true,"href":"https:\/\/navision-beratung.de\/fr\/wp-json\/wp\/v2\/categories?post=153"},{"taxonomy":"post_tag","embeddable":true,"href":"https:\/\/navision-beratung.de\/fr\/wp-json\/wp\/v2\/tags?post=153"}],"curies":[{"name":"wp","href":"https:\/\/api.w.org\/{rel}","templated":true}]}}