{"id":12521,"date":"2025-05-27T10:02:23","date_gmt":"2025-05-27T08:02:23","guid":{"rendered":"https:\/\/dynamicsberatung2025.live-website.com\/?page_id=12521"},"modified":"2025-05-27T10:03:14","modified_gmt":"2025-05-27T08:03:14","slug":"referenzprojekt-logistik-psp-pack-gmbh","status":"publish","type":"page","link":"https:\/\/navision-beratung.de\/fr\/referenzen\/referenzprojekt-logistik-psp-pack-gmbh\/","title":{"rendered":"Projet de r\u00e9f\u00e9rence : Logistique - PSP Pack GmbH"},"content":{"rendered":"<p>Aujourd'hui, nous vous pr\u00e9sentons un projet r\u00e9ussi de notre client de longue date PSP Pack GmbH, un prestataire de services logistiques exp\u00e9riment\u00e9 dont nous nous occupons depuis 2009.<\/p>\n\n\n\n<p>PSP Pack GmbH s'est sp\u00e9cialis\u00e9e dans les processus de logistique et d'exp\u00e9dition et utilise pour cela le syst\u00e8me ERP Microsoft Dynamics 365 Business Central.<\/p>\n\n\n\n<p>Le projet de r\u00e9f\u00e9rence actuel portait sur l'optimisation et la gestion de processus logistiques complexes pour un client (entrep\u00f4t) qui a externalis\u00e9 une grande partie de ses services logistiques de stockage et d'exp\u00e9dition \u00e0 PSP.<\/p>\n\n\n\n<h3 class=\"wp-block-heading\" id=\"Ziele-der-Zusammenarbeit\">Objectifs de la coop\u00e9ration<\/h3>\n\n\n\n<ul class=\"wp-block-list\">\n<li>R\u00e9duction des interfaces n\u00e9cessaires et des syst\u00e8mes impliqu\u00e9s<\/li>\n\n\n\n<li>Uniformisation et simplification des processus logistiques<\/li>\n\n\n\n<li>Informations compl\u00e8tes sur les stocks, planification et \u00e9valuation centralis\u00e9es pour les activit\u00e9s B2B et B2C<\/li>\n\n\n\n<li>Une plus grande flexibilit\u00e9 gr\u00e2ce \u00e0 l'externalisation et au partenariat r\u00e9gional<\/li>\n<\/ul>\n\n\n\n<h3 class=\"wp-block-heading\" id=\"Projektumsetzung\">Mise en \u0153uvre du projet<\/h3>\n\n\n\n<p>En collaboration avec bartolome r\u00f6der AG, PSP Pack GmbH a d\u00e9velopp\u00e9 une solution logistique enti\u00e8rement int\u00e9gr\u00e9e en seulement deux mois :<\/p>\n\n\n\n<h4 class=\"wp-block-heading\" id=\"Generische-Auftragsschnittstelle\">Interface g\u00e9n\u00e9rique des commandes<\/h4>\n\n\n\n<p>Tout d'abord, une interface de commande g\u00e9n\u00e9rique a \u00e9t\u00e9 d\u00e9velopp\u00e9e, qui peut \u00eatre utilis\u00e9e de mani\u00e8re universelle pour les futurs clients (de l'entrep\u00f4t). L'interface permet actuellement un \u00e9change de fichiers CSV via un serveur FTP, mais elle est d\u00e9j\u00e0 pr\u00eate pour de futures connexions de services web.<\/p>\n\n\n\n<h4 class=\"wp-block-heading\" id=\"Individuelles-Verwaltungscockpit\">Cockpit de gestion individuel<\/h4>\n\n\n\n<p>Pour une gestion efficace, un cockpit administratif sp\u00e9cifique a \u00e9t\u00e9 d\u00e9velopp\u00e9, qui affiche clairement les commandes entrantes et permet de les traiter.<\/p>\n\n\n\n<figure class=\"wp-block-image size-large\"><a href=\"https:\/\/dynamicsberatung2025.live-website.com\/wp-content\/uploads\/2025\/05\/PSP-Ext-Logistik-Auftragseingang-Header-20250507-094711.png\"><img alt=\"\" decoding=\"async\" src=\"https:\/\/dynamicsberatung2025.live-website.com\/wp-content\/uploads\/2025\/05\/PSP-Ext-Logistik-Auftragseingang-Header-20250507-094711-1024x553.png\" class=\"wp-image-8949\"\/><\/a><figcaption class=\"wp-element-caption\">\"Cockpit\" pour le traitement des ordres logistiques externes import\u00e9s par interface<br><\/figcaption><\/figure>\n\n\n\n<h4 class=\"wp-block-heading\" id=\"Android-App-f\u00fcr-mobile-Kommissionierung\">Application Android pour la pr\u00e9paration mobile des commandes<\/h4>\n\n\n\n<p>En l'espace de trois semaines, une application Android pour scanners haute performance a \u00e9galement \u00e9t\u00e9 d\u00e9velopp\u00e9e, permettant de scanner les emplacements et les articles de mani\u00e8re mobile.<\/p>\n\n\n\n<h4 class=\"wp-block-heading\" id=\"Barcode-gesteuerte-Prozessoptimierung\">Optimisation des processus command\u00e9e par code-barres<\/h4>\n\n\n\n<p>La pr\u00e9paration des commandes s'effectue directement dans des conteneurs ou des paquets pr\u00e9vus \u00e0 cet effet (bo\u00eetes de pr\u00e9paration des commandes), qui poss\u00e8dent tous un code-barres unique. Les employ\u00e9s scannent \u00e0 la fois les emplacements, les articles et les conteneurs de destination, ce qui permet de r\u00e9duire les erreurs et de maximiser l'efficacit\u00e9.<\/p>\n\n\n\n<h4 class=\"wp-block-heading\" id=\"Automatisierte-Versandabwicklung\">Traitement automatis\u00e9 des envois<\/h4>\n\n\n\n<p>Le traitement de l'exp\u00e9dition est automatis\u00e9 via des prestataires de services d'exp\u00e9dition connect\u00e9s tels que DHL et DPD (en fonction du type de commande B2C ou B2B). Les \u00e9tiquettes d'exp\u00e9dition sont g\u00e9n\u00e9r\u00e9es et imprim\u00e9es automatiquement. En outre, un contr\u00f4le final des marchandises est effectu\u00e9 \u00e0 la sortie des marchandises par scannage du code-barres afin de garantir l'int\u00e9gralit\u00e9 de chaque envoi.<\/p>\n\n\n\n<h3 class=\"wp-block-heading\" id=\"Highlights-der-L\u00f6sung-im-\u00dcberblick\">Aper\u00e7u des points forts de la solution<\/h3>\n\n\n\n<ul class=\"wp-block-list\">\n<li><strong>Proposition de carton intelligent<\/strong>Le syst\u00e8me ERP propose automatiquement le carton optimal sur la base du volume et des dimensions des marchandises command\u00e9es.<\/li>\n\n\n\n<li><strong>Traitement parall\u00e8le de plusieurs mandants<\/strong>: dans le m\u00eame entrep\u00f4t, les commandes de plusieurs clients (de l'entrep\u00f4t) peuvent \u00eatre trait\u00e9es simultan\u00e9ment, ce qui permet une utilisation optimale des ressources de l'entrep\u00f4t.<\/li>\n\n\n\n<li><strong>Blocage automatique des emplacements<\/strong>Pour \u00e9viter les erreurs et les doubles r\u00e9servations, les emplacements sont automatiquement bloqu\u00e9s d\u00e8s qu'un client (de l'entrep\u00f4t) les r\u00e9clame.<\/li>\n\n\n\n<li><strong>Pr\u00e9paration des commandes FEFO<\/strong>Le pr\u00e9l\u00e8vement des marchandises s'effectue selon le principe \"First Expired First Out\", de sorte que les produits dont la dur\u00e9e de conservation est plus courte (ou qui sont d\u00e9j\u00e0 stock\u00e9s depuis plus longtemps) sont sortis en priorit\u00e9.<\/li>\n\n\n\n<li><strong>Contr\u00f4le de processus diff\u00e9rent pour le B2B et le B2C<\/strong>Des processus logistiques sp\u00e9cifiques et des m\u00e9thodes de pr\u00e9paration des commandes ont \u00e9t\u00e9 con\u00e7us individuellement pour les clients commerciaux (B2B) et les clients finaux (B2C).<\/li>\n\n\n\n<li><strong>Application Android pour la pr\u00e9paration mobile des commandes<\/strong>L'application sp\u00e9cialement d\u00e9velopp\u00e9e assure un traitement rapide, mobile et sans erreur des op\u00e9rations de pr\u00e9paration de commandes directement dans l'entrep\u00f4t.<\/li>\n\n\n\n<li><strong>Scan de contr\u00f4le \u00e0 la sortie des marchandises<\/strong>Avant l'envoi, un scan final est effectu\u00e9 pour v\u00e9rifier que chaque commande est compl\u00e8te.<\/li>\n\n\n\n<li><strong>R\u00e9actions automatiques, y compris le suivi<\/strong>Les clients (de l'entrep\u00f4t) re\u00e7oivent automatiquement un retour d'information sur l'\u00e9tat de la pr\u00e9paration des commandes et de l'exp\u00e9dition (num\u00e9ros de suivi), ce qui am\u00e9liore la transparence et la satisfaction des clients.<\/li>\n<\/ul>\n\n\n\n<h3 class=\"wp-block-heading\" id=\"Android-App-f\u00fcr-optimierte-Kommissionierung\">Application Android pour une pr\u00e9paration de commandes optimis\u00e9e<\/h3>\n\n\n\n<p>L'application Android sp\u00e9cialement d\u00e9velopp\u00e9e pour les scanners \u00e0 haute performance (<a href=\"https:\/\/www.keyence.de\/products\/mobile-computers\/handheld-computers\/bt-a700\/\">Keyence Mod\u00e8le BT-A700<\/a>) offre une pr\u00e9paration des commandes en temps r\u00e9el directement dans l'entrep\u00f4t. Chaque emplacement de stockage et chaque article est clairement identifi\u00e9 par un code-barres.<\/p>\n\n\n\n<p>La proc\u00e9dure avec l'application est simple et claire :<\/p>\n\n\n\n<ul class=\"wp-block-list\">\n<li>L'employ\u00e9 de l'entrep\u00f4t scanne d'abord l'ID du code-barres de la liste de pr\u00e9l\u00e8vement collective.<\/li>\n\n\n\n<li>L'application affiche toutes les positions d'articles \u00e0 pr\u00e9lever et met en \u00e9vidence en vert les positions d\u00e9j\u00e0 pr\u00e9lev\u00e9es.<\/li>\n\n\n\n<li>Les employ\u00e9s scannent ensuite l'emplacement, les articles et l'identifiant du bac de pr\u00e9l\u00e8vement afin de garantir une affectation compl\u00e8te et correcte.<\/li>\n\n\n\n<li>Ce n'est qu'apr\u00e8s un contr\u00f4le r\u00e9ussi par Business Central que les positions d'articles sont d\u00e9finitivement enregistr\u00e9es et confirm\u00e9es.<\/li>\n<\/ul>\n\n\n\n<p>Techniquement, l'application est bas\u00e9e sur la technologie moderne Blazor Hybrid de <a href=\"https:\/\/dotnet.microsoft.com\/en-us\/apps\/maui\">Microsoft .NET MAUI <\/a>Gr\u00e2ce \u00e0 cette base technologique, l'application peut \u00eatre d\u00e9ploy\u00e9e efficacement avec une base de code presque identique pour diff\u00e9rents syst\u00e8mes d'exploitation, comme Android (pour PSP), iOS, macOS ou Windows. La communication de l'app avec Business Central s'effectue par le biais de services web REST sp\u00e9cialement d\u00e9velopp\u00e9s \u00e0 cet effet, qui sont accessibles en toute s\u00e9curit\u00e9 via le r\u00e9seau WLAN du client.<\/p>\n\n\n\n<figure class=\"wp-block-image size-large is-resized\"><a href=\"https:\/\/dynamicsberatung2025.live-website.com\/wp-content\/uploads\/2025\/05\/PSP-Android-App-3.png\"><img alt=\"\" decoding=\"async\" src=\"https:\/\/dynamicsberatung2025.live-website.com\/wp-content\/uploads\/2025\/05\/PSP-Android-App-3-460x1024.png\" class=\"wp-image-8950\" style=\"width:332px;height:auto\"\/><\/a><figcaption class=\"wp-element-caption\">Application Android pour la pr\u00e9paration mobile des commandes<\/figcaption><\/figure>\n\n\n\n<h3 class=\"wp-block-heading\" id=\"Herausforderungen-und-L\u00f6sungen\">D\u00e9fis et solutions<\/h3>\n\n\n\n<p>La mise en service s'est d\u00e9roul\u00e9e presque sans probl\u00e8me. Seul le r\u00e9glage fin de la synchronisation (transfert de donn\u00e9es par FTP) a n\u00e9cessit\u00e9 une courte phase d'adaptation.<\/p>\n\n\n\n<h3 class=\"wp-block-heading\" id=\"Kundenmeinung-zur-Projektumsetzung\">T\u00e9moignage sur la mise en \u0153uvre du projet<\/h3>\n\n\n\n<p><em>\"Pour ce projet \u00e9galement, l'expertise de BR AG s'est r\u00e9v\u00e9l\u00e9e \u00eatre un avantage d\u00e9cisif. Le projet complexe a \u00e9t\u00e9 r\u00e9alis\u00e9 dans un d\u00e9lai tr\u00e8s court, \u00e0 notre enti\u00e8re satisfaction. Les exigences que nous avions pos\u00e9es ont \u00e9t\u00e9 trait\u00e9es rapidement et de mani\u00e8re tr\u00e8s fiable. Le fait que nous soyons soutenus par le m\u00eame d\u00e9veloppeur depuis 2009 est d\u00e9terminant. Nous, PSP Pack GmbH, pouvons recommander BR AG en toute bonne foi\".<\/em><br>- <strong>Michael Schmidt, <\/strong>PSP Pack GmbH, Directeur d'exploitation<\/p>\n\n\n\n<p>Vous souhaitez vous aussi optimiser vos processus logistiques avec Dynamics 365 Business Central ou vous cherchez un partenaire fiable pour l'externalisation de votre logistique ? Contactez-nous au 089 - 21 111 848 ou par e-mail \u00e0 l'adresse suivante <a href=\"mailto:vertrieb@br-ag.com\">vertrieb@br-ag.com<\/a> - nous vous conseillons volontiers !<\/p>","protected":false},"excerpt":{"rendered":"<p>Aujourd'hui, nous vous pr\u00e9sentons un projet r\u00e9ussi de notre client de longue date PSP Pack GmbH, un prestataire de services logistiques exp\u00e9riment\u00e9 que nous suivons depuis 2009. PSP Pack GmbH s'est sp\u00e9cialis\u00e9e dans les processus de logistique et d'exp\u00e9dition et utilise pour cela le syst\u00e8me ERP Microsoft Dynamics 365 Business Central. Dans le projet de r\u00e9f\u00e9rence actuel, il s'agissait d'optimiser et de g\u00e9rer des processus logistiques complexes pour [...]<\/p>","protected":false},"author":1,"featured_media":11454,"parent":8787,"menu_order":0,"comment_status":"closed","ping_status":"closed","template":"","meta":{"_seopress_robots_primary_cat":"","_seopress_titles_title":"Erfolgreiches Logistikprojekt mit PSP Pack GmbH","_seopress_titles_desc":"Entdecken Sie, wie PSP Pack GmbH Logistikprozesse f\u00fcr Lagerkunden mit Microsoft Dynamics 365 Business Central effizient optimiert und steuert.","_seopress_robots_index":"","footnotes":""},"categories":[52],"tags":[],"class_list":["post-12521","page","type-page","status-publish","has-post-thumbnail","hentry","category-referenzen"],"_links":{"self":[{"href":"https:\/\/navision-beratung.de\/fr\/wp-json\/wp\/v2\/pages\/12521","targetHints":{"allow":["GET"]}}],"collection":[{"href":"https:\/\/navision-beratung.de\/fr\/wp-json\/wp\/v2\/pages"}],"about":[{"href":"https:\/\/navision-beratung.de\/fr\/wp-json\/wp\/v2\/types\/page"}],"author":[{"embeddable":true,"href":"https:\/\/navision-beratung.de\/fr\/wp-json\/wp\/v2\/users\/1"}],"replies":[{"embeddable":true,"href":"https:\/\/navision-beratung.de\/fr\/wp-json\/wp\/v2\/comments?post=12521"}],"version-history":[{"count":0,"href":"https:\/\/navision-beratung.de\/fr\/wp-json\/wp\/v2\/pages\/12521\/revisions"}],"up":[{"embeddable":true,"href":"https:\/\/navision-beratung.de\/fr\/wp-json\/wp\/v2\/pages\/8787"}],"wp:featuredmedia":[{"embeddable":true,"href":"https:\/\/navision-beratung.de\/fr\/wp-json\/wp\/v2\/media\/11454"}],"wp:attachment":[{"href":"https:\/\/navision-beratung.de\/fr\/wp-json\/wp\/v2\/media?parent=12521"}],"wp:term":[{"taxonomy":"category","embeddable":true,"href":"https:\/\/navision-beratung.de\/fr\/wp-json\/wp\/v2\/categories?post=12521"},{"taxonomy":"post_tag","embeddable":true,"href":"https:\/\/navision-beratung.de\/fr\/wp-json\/wp\/v2\/tags?post=12521"}],"curies":[{"name":"wp","href":"https:\/\/api.w.org\/{rel}","templated":true}]}}