{"id":8555,"date":"2024-12-12T11:46:20","date_gmt":"2024-12-12T11:46:20","guid":{"rendered":"https:\/\/navision-beratung.de\/?page_id=8555"},"modified":"2025-05-26T23:16:59","modified_gmt":"2025-05-26T21:16:59","slug":"das-sagen-unsere-kunden","status":"publish","type":"page","link":"https:\/\/navision-beratung.de\/es\/das-sagen-unsere-kunden\/","title":{"rendered":"Das sagen unsere Kunden"},"content":{"rendered":"<div data-elementor-type=\"wp-page\" data-elementor-id=\"8555\" class=\"elementor elementor-8555\" data-elementor-post-type=\"page\">\n\t\t\t\t<div class=\"elementor-element elementor-element-21d30d0 e-flex e-con-boxed e-con e-parent\" data-id=\"21d30d0\" data-element_type=\"container\" data-settings=\"{&quot;background_background&quot;:&quot;gradient&quot;}\">\n\t\t\t\t\t<div class=\"e-con-inner\">\n\t\t<div class=\"elementor-element elementor-element-06b5d7e e-con-full e-flex e-con e-child\" data-id=\"06b5d7e\" data-element_type=\"container\">\n\t\t\t\t<div class=\"elementor-element elementor-element-20a0b00 elementor-widget__width-initial elementor-widget elementor-widget-heading\" data-id=\"20a0b00\" data-element_type=\"widget\" data-widget_type=\"heading.default\">\n\t\t\t\t\t<h2 class=\"elementor-heading-title elementor-size-default\">Lo que nuestros clientes dicen de nosotros<\/h2>\t\t\t\t<\/div>\n\t\t\t\t<\/div>\n\t\t<div class=\"elementor-element elementor-element-29e2b61 e-con-full e-flex e-con e-child\" data-id=\"29e2b61\" data-element_type=\"container\">\n\t\t\t\t<div class=\"elementor-element elementor-element-853cc11 elementor-absolute elementor-widget elementor-widget-image\" data-id=\"853cc11\" data-element_type=\"widget\" data-settings=\"{&quot;_position&quot;:&quot;absolute&quot;}\" data-widget_type=\"image.default\">\n\t\t\t\t\t\t\t\t\t\t\t\t\t\t\t<img alt=\"\" fetchpriority=\"high\" decoding=\"async\" width=\"758\" height=\"837\" src=\"https:\/\/navision-beratung.de\/wp-content\/uploads\/2025\/04\/brAG_Play-Icon_RGB.svg\" class=\"attachment-large size-large wp-image-9176\" \/>\t\t\t\t\t\t\t\t\t\t\t\t\t\t\t<\/div>\n\t\t\t\t<div class=\"elementor-element elementor-element-9bbe2a6 elementor-widget elementor-widget-image\" data-id=\"9bbe2a6\" data-element_type=\"widget\" data-widget_type=\"image.default\">\n\t\t\t\t\t\t\t\t\t\t\t\t\t\t\t<img alt=\"\" decoding=\"async\" width=\"800\" height=\"534\" src=\"https:\/\/navision-beratung.de\/wp-content\/uploads\/2025\/04\/br-AG-Stock-105-1024x683.jpg\" class=\"attachment-large size-large wp-image-9628\" srcset=\"https:\/\/navision-beratung.de\/wp-content\/uploads\/2025\/04\/br-AG-Stock-105-1024x683.jpg 1024w, https:\/\/navision-beratung.de\/wp-content\/uploads\/2025\/04\/br-AG-Stock-105-300x200.jpg 300w, https:\/\/navision-beratung.de\/wp-content\/uploads\/2025\/04\/br-AG-Stock-105-768x512.jpg 768w, https:\/\/navision-beratung.de\/wp-content\/uploads\/2025\/04\/br-AG-Stock-105-1536x1025.jpg 1536w, https:\/\/navision-beratung.de\/wp-content\/uploads\/2025\/04\/br-AG-Stock-105.jpg 2000w\" sizes=\"(max-width: 800px) 100vw, 800px\" \/>\t\t\t\t\t\t\t\t\t\t\t\t\t\t\t<\/div>\n\t\t\t\t<\/div>\n\t\t\t\t\t<\/div>\n\t\t\t\t<\/div>\n\t\t<div class=\"elementor-element elementor-element-e3c3941 e-flex e-con-boxed e-con e-parent\" data-id=\"e3c3941\" data-element_type=\"container\" data-settings=\"{&quot;background_background&quot;:&quot;classic&quot;}\">\n\t\t\t\t\t<div class=\"e-con-inner\">\n\t\t\t\t<div class=\"elementor-element elementor-element-0ca2e3d elementor-widget__width-initial elementor-widget elementor-widget-heading\" data-id=\"0ca2e3d\" data-element_type=\"widget\" data-widget_type=\"heading.default\">\n\t\t\t\t\t<h1 class=\"elementor-heading-title elementor-size-default\">Testimonios de clientes<\/h1>\t\t\t\t<\/div>\n\t\t\t\t\t<\/div>\n\t\t\t\t<\/div>\n\t\t<div class=\"elementor-element elementor-element-f6fe5cc e-grid e-con-boxed e-con e-parent\" data-id=\"f6fe5cc\" data-element_type=\"container\" data-settings=\"{&quot;background_background&quot;:&quot;classic&quot;}\">\n\t\t\t\t\t<div class=\"e-con-inner\">\n\t\t<div class=\"elementor-element elementor-element-c8d001c e-con-full e-flex e-con e-child\" data-id=\"c8d001c\" data-element_type=\"container\" data-settings=\"{&quot;background_background&quot;:&quot;classic&quot;}\">\n\t\t\t\t<div class=\"elementor-element elementor-element-caa81a9 elementor-widget elementor-widget-text-editor\" data-id=\"caa81a9\" data-element_type=\"widget\" data-widget_type=\"text-editor.default\">\n\t\t\t\t\t\t\t\t\t<p><em>La realizaci\u00f3n de transformaciones complejas requiere personas con experiencia que dominen los requisitos empresariales, la tecnolog\u00eda innovadora y la gesti\u00f3n del cambio asociada.<\/em><br \/><em>Nuestros socios de bartolome roeder lo demuestran en su cooperaci\u00f3n diaria.<\/em><\/p>\t\t\t\t\t\t\t\t<\/div>\n\t\t\t\t<div class=\"elementor-element elementor-element-17db5cd elementor-widget elementor-widget-heading\" data-id=\"17db5cd\" data-element_type=\"widget\" data-widget_type=\"heading.default\">\n\t\t\t\t\t<h5 class=\"elementor-heading-title elementor-size-default\">Siemens AG<\/h5>\t\t\t\t<\/div>\n\t\t\t\t<div class=\"elementor-element elementor-element-3021f5a elementor-widget elementor-widget-heading\" data-id=\"3021f5a\" data-element_type=\"widget\" data-widget_type=\"heading.default\">\n\t\t\t\t\t<h6 class=\"elementor-heading-title elementor-size-default\"><b>Michael Tobai<\/b>, , Siemens AG Digital Industries, Responsable de transformaci\u00f3n empresarial<\/h6>\t\t\t\t<\/div>\n\t\t\t\t<\/div>\n\t\t<div class=\"elementor-element elementor-element-8a17116 e-con-full e-flex e-con e-child\" data-id=\"8a17116\" data-element_type=\"container\" data-settings=\"{&quot;background_background&quot;:&quot;classic&quot;}\">\n\t\t\t\t<div class=\"elementor-element elementor-element-24d0e86 elementor-widget elementor-widget-text-editor\" data-id=\"24d0e86\" data-element_type=\"widget\" data-widget_type=\"text-editor.default\">\n\t\t\t\t\t\t\t\t\t<p><em data-renderer-mark=\"true\">En el cambio de Navision a Business Central, BR AG nos apoy\u00f3 desde la concepci\u00f3n hasta la puesta en marcha. Gracias al asesoramiento de expertos y a un enfoque orientado a las soluciones, pudimos completar el proyecto con \u00e9xito. BR AG nos sigue apoyando como socio y, gracias a la asistencia amable y orientada al cliente, tambi\u00e9n podremos superar juntos los futuros retos del sistema.<\/em>.<\/p>\t\t\t\t\t\t\t\t<\/div>\n\t\t\t\t<div class=\"elementor-element elementor-element-fc11f4a elementor-widget elementor-widget-heading\" data-id=\"fc11f4a\" data-element_type=\"widget\" data-widget_type=\"heading.default\">\n\t\t\t\t\t<h5 class=\"elementor-heading-title elementor-size-default\">Grupo EQS AG<\/h5>\t\t\t\t<\/div>\n\t\t\t\t<div class=\"elementor-element elementor-element-ef14bc6 elementor-widget elementor-widget-heading\" data-id=\"ef14bc6\" data-element_type=\"widget\" data-widget_type=\"heading.default\">\n\t\t\t\t\t<h6 class=\"elementor-heading-title elementor-size-default\"><b>Clarissa J\u00f6rg,<\/b> Jefe de contabilidad \/ Asesor fiscal interno<\/h6>\t\t\t\t<\/div>\n\t\t\t\t<\/div>\n\t\t<div class=\"elementor-element elementor-element-36ad4b8 e-con-full e-flex e-con e-child\" data-id=\"36ad4b8\" data-element_type=\"container\" data-settings=\"{&quot;background_background&quot;:&quot;classic&quot;}\">\n\t\t\t\t<div class=\"elementor-element elementor-element-0e2e184 elementor-widget elementor-widget-text-editor\" data-id=\"0e2e184\" data-element_type=\"widget\" data-widget_type=\"text-editor.default\">\n\t\t\t\t\t\t\t\t\t<p><em data-renderer-mark=\"true\">A lo largo de los a\u00f1os, nuestros colegas de bartolome r\u00f6der AG se han caracterizado por su flexibilidad, profesionalidad, fiabilidad, rapidez, rigor y colegialidad. Siempre es un placer trabajar con ellos.<\/em><\/p>\t\t\t\t\t\t\t\t<\/div>\n\t\t\t\t<div class=\"elementor-element elementor-element-0d1b646 elementor-widget elementor-widget-heading\" data-id=\"0d1b646\" data-element_type=\"widget\" data-widget_type=\"heading.default\">\n\t\t\t\t\t<h5 class=\"elementor-heading-title elementor-size-default\">LOYALTY PARTNER GmbH<\/h5>\t\t\t\t<\/div>\n\t\t\t\t<div class=\"elementor-element elementor-element-57b3cea elementor-widget elementor-widget-heading\" data-id=\"57b3cea\" data-element_type=\"widget\" data-widget_type=\"heading.default\">\n\t\t\t\t\t<h6 class=\"elementor-heading-title elementor-size-default\"><b>Mina Kaba<\/b>Director de Sistemas y Soluciones Comerciales<\/h6>\t\t\t\t<\/div>\n\t\t\t\t<\/div>\n\t\t<div class=\"elementor-element elementor-element-97c37c2 e-con-full e-flex e-con e-child\" data-id=\"97c37c2\" data-element_type=\"container\" data-settings=\"{&quot;background_background&quot;:&quot;classic&quot;}\">\n\t\t\t\t<div class=\"elementor-element elementor-element-d166631 elementor-widget elementor-widget-text-editor\" data-id=\"d166631\" data-element_type=\"widget\" data-widget_type=\"text-editor.default\">\n\t\t\t\t\t\t\t\t\t<p><em>La experiencia de BR AG tambi\u00e9n result\u00f3 ser una ventaja decisiva en este proyecto. El complejo proyecto se realiz\u00f3 a nuestra entera satisfacci\u00f3n en el menor tiempo posible. Los requisitos que establecimos se procesaron de forma r\u00e1pida y muy fiable. El factor decisivo en este caso es que contamos con el apoyo del mismo desarrollador desde 2009. Nosotros, PSP Pack GmbH, podemos recomendar BR AG con la conciencia tranquila.<\/em><\/p>\t\t\t\t\t\t\t\t<\/div>\n\t\t\t\t<div class=\"elementor-element elementor-element-9c8451b elementor-widget elementor-widget-heading\" data-id=\"9c8451b\" data-element_type=\"widget\" data-widget_type=\"heading.default\">\n\t\t\t\t\t<h5 class=\"elementor-heading-title elementor-size-default\">PSP Pack GmbH<\/h5>\t\t\t\t<\/div>\n\t\t\t\t<div class=\"elementor-element elementor-element-002fe29 elementor-widget elementor-widget-heading\" data-id=\"002fe29\" data-element_type=\"widget\" data-widget_type=\"heading.default\">\n\t\t\t\t\t<h6 class=\"elementor-heading-title elementor-size-default\"><b>Michael Schmidt<\/b>, , PSP Pack GmbH, Director de Operaciones<\/h6>\t\t\t\t<\/div>\n\t\t\t\t<\/div>\n\t\t<div class=\"elementor-element elementor-element-ecf19c4 e-con-full e-flex e-con e-child\" data-id=\"ecf19c4\" data-element_type=\"container\" data-settings=\"{&quot;background_background&quot;:&quot;classic&quot;}\">\n\t\t\t\t<div class=\"elementor-element elementor-element-2176ca0 elementor-widget elementor-widget-text-editor\" data-id=\"2176ca0\" data-element_type=\"widget\" data-widget_type=\"text-editor.default\">\n\t\t\t\t\t\t\t\t\t<p><em data-renderer-mark=\"true\">bartolome r\u00f6der AG se caracteriza por la comunicaci\u00f3n directa y la aplicaci\u00f3n de soluciones.<\/em><\/p>\t\t\t\t\t\t\t\t<\/div>\n\t\t\t\t<div class=\"elementor-element elementor-element-b6bf8f8 elementor-widget elementor-widget-heading\" data-id=\"b6bf8f8\" data-element_type=\"widget\" data-widget_type=\"heading.default\">\n\t\t\t\t\t<h5 class=\"elementor-heading-title elementor-size-default\">Zapatos Gabor AG<\/h5>\t\t\t\t<\/div>\n\t\t\t\t<div class=\"elementor-element elementor-element-d1e1301 elementor-widget elementor-widget-heading\" data-id=\"d1e1301\" data-element_type=\"widget\" data-widget_type=\"heading.default\">\n\t\t\t\t\t<h6 class=\"elementor-heading-title elementor-size-default\"><b>Marc Kitowski<\/b>Director de TI<\/h6>\t\t\t\t<\/div>\n\t\t\t\t<\/div>\n\t\t<div class=\"elementor-element elementor-element-4b0b719 e-con-full e-flex e-con e-child\" data-id=\"4b0b719\" data-element_type=\"container\" data-settings=\"{&quot;background_background&quot;:&quot;classic&quot;}\">\n\t\t\t\t<div class=\"elementor-element elementor-element-5d67fa8 elementor-widget elementor-widget-text-editor\" data-id=\"5d67fa8\" data-element_type=\"widget\" data-widget_type=\"text-editor.default\">\n\t\t\t\t\t\t\t\t\t<p><em data-renderer-mark=\"true\">En caso de problemas, podemos notificarlos a nuestros asesores por correo electr\u00f3nico y \u00e9stos suelen ofrecer una soluci\u00f3n con bastante rapidez.<\/em><\/p>\t\t\t\t\t\t\t\t<\/div>\n\t\t\t\t<div class=\"elementor-element elementor-element-5010b68 elementor-widget elementor-widget-heading\" data-id=\"5010b68\" data-element_type=\"widget\" data-widget_type=\"heading.default\">\n\t\t\t\t\t<h5 class=\"elementor-heading-title elementor-size-default\">Zapatos Gabor AG<\/h5>\t\t\t\t<\/div>\n\t\t\t\t<div class=\"elementor-element elementor-element-e86b83c elementor-widget elementor-widget-heading\" data-id=\"e86b83c\" data-element_type=\"widget\" data-widget_type=\"heading.default\">\n\t\t\t\t\t<h6 class=\"elementor-heading-title elementor-size-default\"><b>Georg Kirchbeck<\/b>Finanzas<\/h6>\t\t\t\t<\/div>\n\t\t\t\t<\/div>\n\t\t<div class=\"elementor-element elementor-element-0e05500 e-con-full e-flex e-con e-child\" data-id=\"0e05500\" data-element_type=\"container\" data-settings=\"{&quot;background_background&quot;:&quot;classic&quot;}\">\n\t\t\t\t<div class=\"elementor-element elementor-element-a929f68 elementor-widget elementor-widget-text-editor\" data-id=\"a929f68\" data-element_type=\"widget\" data-widget_type=\"text-editor.default\">\n\t\t\t\t\t\t\t\t\t<p><em data-renderer-mark=\"true\">Lo que m\u00e1s aprecio de trabajar con bartolome r\u00f6der AG es el enfoque estructurado y la forma agradable y profesional de trabajar.<\/em><\/p>\t\t\t\t\t\t\t\t<\/div>\n\t\t\t\t<div class=\"elementor-element elementor-element-a2b1c20 elementor-widget elementor-widget-heading\" data-id=\"a2b1c20\" data-element_type=\"widget\" data-widget_type=\"heading.default\">\n\t\t\t\t\t<h5 class=\"elementor-heading-title elementor-size-default\">Ricosta Schuhfabriken GmbH<\/h5>\t\t\t\t<\/div>\n\t\t\t\t<div class=\"elementor-element elementor-element-a256c15 elementor-widget elementor-widget-heading\" data-id=\"a256c15\" data-element_type=\"widget\" data-widget_type=\"heading.default\">\n\t\t\t\t\t<h6 class=\"elementor-heading-title elementor-size-default\"><b>Martina Schneider<\/b>Jefe de Comercio Electr\u00f3nico<\/h6>\t\t\t\t<\/div>\n\t\t\t\t<\/div>\n\t\t<div class=\"elementor-element elementor-element-d9557e3 e-con-full e-flex e-con e-child\" data-id=\"d9557e3\" data-element_type=\"container\" data-settings=\"{&quot;background_background&quot;:&quot;classic&quot;}\">\n\t\t\t\t<div class=\"elementor-element elementor-element-f17ef89 elementor-widget elementor-widget-text-editor\" data-id=\"f17ef89\" data-element_type=\"widget\" data-widget_type=\"text-editor.default\">\n\t\t\t\t\t\t\t\t\t<p><em data-renderer-mark=\"true\">Gracias al asesoramiento amable y competente y a la implementaci\u00f3n durante la migraci\u00f3n del ERP a Microsoft Business Central, conseguimos introducir el nuevo ERP en la primera editorial en menos de 2 a\u00f1os.<\/em><\/p>\t\t\t\t\t\t\t\t<\/div>\n\t\t\t\t<div class=\"elementor-element elementor-element-2949ea0 elementor-widget elementor-widget-heading\" data-id=\"2949ea0\" data-element_type=\"widget\" data-widget_type=\"heading.default\">\n\t\t\t\t\t<h5 class=\"elementor-heading-title elementor-size-default\">Forum Media Group GmbH<\/h5>\t\t\t\t<\/div>\n\t\t\t\t<div class=\"elementor-element elementor-element-6d47dd6 elementor-widget elementor-widget-heading\" data-id=\"6d47dd6\" data-element_type=\"widget\" data-widget_type=\"heading.default\">\n\t\t\t\t\t<h6 class=\"elementor-heading-title elementor-size-default\"><b>Anne-Christin Amlinger<\/b>Director de Informaci\u00f3n<\/h6>\t\t\t\t<\/div>\n\t\t\t\t<\/div>\n\t\t<div class=\"elementor-element elementor-element-66577e3 e-con-full e-flex e-con e-child\" data-id=\"66577e3\" data-element_type=\"container\" data-settings=\"{&quot;background_background&quot;:&quot;classic&quot;}\">\n\t\t\t\t<div class=\"elementor-element elementor-element-3b77ae9 elementor-widget elementor-widget-text-editor\" data-id=\"3b77ae9\" data-element_type=\"widget\" data-widget_type=\"text-editor.default\">\n\t\t\t\t\t\t\t\t\t<p><em data-renderer-mark=\"true\">Muchas gracias por vuestro asesoramiento profesional y la realizaci\u00f3n de nuestro proyecto. A pesar de lo ajustado de los plazos, siempre pudimos contar con vuestra ayuda y empezar a funcionar a tiempo.<\/em><\/p>\t\t\t\t\t\t\t\t<\/div>\n\t\t\t\t<div class=\"elementor-element elementor-element-c36ef13 elementor-widget elementor-widget-heading\" data-id=\"c36ef13\" data-element_type=\"widget\" data-widget_type=\"heading.default\">\n\t\t\t\t\t<h5 class=\"elementor-heading-title elementor-size-default\">Avanquest pdfforge GmbH<\/h5>\t\t\t\t<\/div>\n\t\t\t\t<div class=\"elementor-element elementor-element-6866572 elementor-widget elementor-widget-heading\" data-id=\"6866572\" data-element_type=\"widget\" data-widget_type=\"heading.default\">\n\t\t\t\t\t<h6 class=\"elementor-heading-title elementor-size-default\"><b>Claudia Helldobler<\/b>Firmante autorizado<\/h6>\t\t\t\t<\/div>\n\t\t\t\t<\/div>\n\t\t<div class=\"elementor-element elementor-element-62d9f71 e-con-full e-flex e-con e-child\" data-id=\"62d9f71\" data-element_type=\"container\" data-settings=\"{&quot;background_background&quot;:&quot;classic&quot;}\">\n\t\t\t\t<div class=\"elementor-element elementor-element-9f3eb6f elementor-widget elementor-widget-text-editor\" data-id=\"9f3eb6f\" data-element_type=\"widget\" data-widget_type=\"text-editor.default\">\n\t\t\t\t\t\t\t\t\t<p><em data-renderer-mark=\"true\">Con bartolome r\u00f6der AG, nuestros requisitos espec\u00edficos del sector se implementaron de forma competente y f\u00e1cil de usar dentro del plazo previsto durante la introducci\u00f3n de Dynamics 365 Business Central. Los ajustes necesarios en una fecha posterior tambi\u00e9n se implementaron a corto plazo.<\/em><\/p>\t\t\t\t\t\t\t\t<\/div>\n\t\t\t\t<div class=\"elementor-element elementor-element-0b0c43e elementor-widget elementor-widget-heading\" data-id=\"0b0c43e\" data-element_type=\"widget\" data-widget_type=\"heading.default\">\n\t\t\t\t\t<h5 class=\"elementor-heading-title elementor-size-default\">MERO Alemania GmbH<\/h5>\t\t\t\t<\/div>\n\t\t\t\t<div class=\"elementor-element elementor-element-915dda0 elementor-widget elementor-widget-heading\" data-id=\"915dda0\" data-element_type=\"widget\" data-widget_type=\"heading.default\">\n\t\t\t\t\t<h6 class=\"elementor-heading-title elementor-size-default\"><b>Hanns-Joachim Roggenbuck<\/b>Director Comercial<\/h6>\t\t\t\t<\/div>\n\t\t\t\t<\/div>\n\t\t<div class=\"elementor-element elementor-element-db17fb3 e-con-full e-flex e-con e-child\" data-id=\"db17fb3\" data-element_type=\"container\" data-settings=\"{&quot;background_background&quot;:&quot;classic&quot;}\">\n\t\t\t\t<div class=\"elementor-element elementor-element-f00eeff elementor-widget elementor-widget-text-editor\" data-id=\"f00eeff\" data-element_type=\"widget\" data-widget_type=\"text-editor.default\">\n\t\t\t\t\t\t\t\t\t<p><em data-renderer-mark=\"true\">Llevamos m\u00e1s de 10 a\u00f1os confiando en la experiencia y fiabilidad de bartolome r\u00f6der AG. Como mediana empresa, nos beneficiamos enormemente del asesoramiento orientado a soluciones, as\u00ed como de los breves tiempos de respuesta, y podemos recomendar encarecidamente a bartolome r\u00f6der AG como socio inform\u00e1tico a la altura de los ojos.<\/em><\/p>\t\t\t\t\t\t\t\t<\/div>\n\t\t\t\t<div class=\"elementor-element elementor-element-43dd50d elementor-widget elementor-widget-heading\" data-id=\"43dd50d\" data-element_type=\"widget\" data-widget_type=\"heading.default\">\n\t\t\t\t\t<h5 class=\"elementor-heading-title elementor-size-default\">M\u00fchlen Sohn GmbH &amp; Co. KG<\/h5>\t\t\t\t<\/div>\n\t\t\t\t<div class=\"elementor-element elementor-element-220af72 elementor-widget elementor-widget-heading\" data-id=\"220af72\" data-element_type=\"widget\" data-widget_type=\"heading.default\">\n\t\t\t\t\t<h6 class=\"elementor-heading-title elementor-size-default\"><b>Alexandra Hubmann<\/b>, signatario autorizado, responsable de SCM, IT y ventas internas<\/h6>\t\t\t\t<\/div>\n\t\t\t\t<\/div>\n\t\t<div class=\"elementor-element elementor-element-2344473 e-con-full e-flex e-con e-child\" data-id=\"2344473\" data-element_type=\"container\" data-settings=\"{&quot;background_background&quot;:&quot;classic&quot;}\">\n\t\t\t\t<div class=\"elementor-element elementor-element-653b01b elementor-widget elementor-widget-text-editor\" data-id=\"653b01b\" data-element_type=\"widget\" data-widget_type=\"text-editor.default\">\n\t\t\t\t\t\t\t\t\t<p><em data-renderer-mark=\"true\">Me deshago en elogios hacia su empresa y el excepcional servicio que prestan. Me gustar\u00eda destacar especialmente su experiencia, amabilidad y disponibilidad.<\/em><br \/><em data-renderer-mark=\"true\">Siempre se nos apoy\u00f3 en todas las cuestiones, con atenci\u00f3n y con los o\u00eddos abiertos. Los problemas y requisitos que describimos se reconocieron de inmediato y, sin excepci\u00f3n, se encontraron las soluciones mejores y m\u00e1s viables para nuestra empresa con sentido y comprensi\u00f3n y se aplicaron en el plazo m\u00e1s breve posible.<\/em><br \/><em data-renderer-mark=\"true\">Estoy realmente impresionado con su servicio. Es raro encontrar algo as\u00ed hoy en d\u00eda.<\/em><\/p>\t\t\t\t\t\t\t\t<\/div>\n\t\t\t\t<div class=\"elementor-element elementor-element-949599a elementor-widget elementor-widget-heading\" data-id=\"949599a\" data-element_type=\"widget\" data-widget_type=\"heading.default\">\n\t\t\t\t\t<h5 class=\"elementor-heading-title elementor-size-default\">Dr Wilfried M\u00fcller GmbH<\/h5>\t\t\t\t<\/div>\n\t\t\t\t<div class=\"elementor-element elementor-element-1cba83d elementor-widget elementor-widget-heading\" data-id=\"1cba83d\" data-element_type=\"widget\" data-widget_type=\"heading.default\">\n\t\t\t\t\t<h6 class=\"elementor-heading-title elementor-size-default\"><b>Carolin Junger <\/b>Asistente de compras y ventas<\/h6>\t\t\t\t<\/div>\n\t\t\t\t<\/div>\n\t\t\t\t\t<\/div>\n\t\t\t\t<\/div>\n\t\t\t\t<\/div>","protected":false},"excerpt":{"rendered":"<p>Was unsere Kunden \u00fcber uns sagen Kundenstimmen Die Umsetzung komplexer Transformationen erfordert Erfahrungstr\u00e4ger, die gesch\u00e4ftliche Anforderungen, innovative Technologie und das dazugeh\u00f6rte Change Management beherrschen.Dies stellen unsere Partner von bartolome roeder in der t\u00e4glichen Zusammenarbeit unter Beweis. Siemens AG Michael Tobai, , Siemens AG Digital Industries, Business Transformation Lead Mit dem Wechsel von Navision zu Business [&hellip;]<\/p>","protected":false},"author":1,"featured_media":8567,"parent":0,"menu_order":0,"comment_status":"closed","ping_status":"closed","template":"","meta":{"_seopress_robots_primary_cat":"","_seopress_titles_title":"Erfahrungen mit bartolome r\u00f6der AG: Kompetenz und Support","_seopress_titles_desc":"Erleben Sie zuverl\u00e4ssige und innovative L\u00f6sungen mit der Bartolome R\u00f6der AG. Experten f\u00fcr Transformation, Change Management und ERP-Migration.","_seopress_robots_index":"","footnotes":""},"categories":[],"tags":[],"class_list":["post-8555","page","type-page","status-publish","has-post-thumbnail","hentry"],"_links":{"self":[{"href":"https:\/\/navision-beratung.de\/es\/wp-json\/wp\/v2\/pages\/8555","targetHints":{"allow":["GET"]}}],"collection":[{"href":"https:\/\/navision-beratung.de\/es\/wp-json\/wp\/v2\/pages"}],"about":[{"href":"https:\/\/navision-beratung.de\/es\/wp-json\/wp\/v2\/types\/page"}],"author":[{"embeddable":true,"href":"https:\/\/navision-beratung.de\/es\/wp-json\/wp\/v2\/users\/1"}],"replies":[{"embeddable":true,"href":"https:\/\/navision-beratung.de\/es\/wp-json\/wp\/v2\/comments?post=8555"}],"version-history":[{"count":0,"href":"https:\/\/navision-beratung.de\/es\/wp-json\/wp\/v2\/pages\/8555\/revisions"}],"wp:featuredmedia":[{"embeddable":true,"href":"https:\/\/navision-beratung.de\/es\/wp-json\/"}],"wp:attachment":[{"href":"https:\/\/navision-beratung.de\/es\/wp-json\/wp\/v2\/media?parent=8555"}],"wp:term":[{"taxonomy":"category","embeddable":true,"href":"https:\/\/navision-beratung.de\/es\/wp-json\/wp\/v2\/categories?post=8555"},{"taxonomy":"post_tag","embeddable":true,"href":"https:\/\/navision-beratung.de\/es\/wp-json\/wp\/v2\/tags?post=8555"}],"curies":[{"name":"wp","href":"https:\/\/api.w.org\/{rel}","templated":true}]}}