{"id":7510,"date":"2023-05-24T09:06:18","date_gmt":"2023-05-24T09:06:18","guid":{"rendered":"https:\/\/navision-beratung.de\/?page_id=7510"},"modified":"2025-05-24T09:26:41","modified_gmt":"2025-05-24T07:26:41","slug":"end-user-license-agreement-eula","status":"publish","type":"page","link":"https:\/\/navision-beratung.de\/es\/end-user-license-agreement-eula\/","title":{"rendered":"Acuerdo de licencia de usuario final (CLUF)"},"content":{"rendered":"<div data-elementor-type=\"wp-page\" data-elementor-id=\"7510\" class=\"elementor elementor-7510\" data-elementor-post-type=\"page\">\n\t\t\t\t<div class=\"elementor-element elementor-element-2d27b860 e-flex e-con-boxed e-con e-parent\" data-id=\"2d27b860\" data-element_type=\"container\">\n\t\t\t\t\t<div class=\"e-con-inner\">\n\t\t\t\t<div class=\"elementor-element elementor-element-0c0fc3e elementor-widget elementor-widget-heading\" data-id=\"0c0fc3e\" data-element_type=\"widget\" data-widget_type=\"heading.default\">\n\t\t\t\t\t<h1 class=\"elementor-heading-title elementor-size-default\">Acuerdo de licencia de usuario final (CLUF)<\/h1>\t\t\t\t<\/div>\n\t\t\t\t<div class=\"elementor-element elementor-element-251537c0 elementor-widget elementor-widget-text-editor\" data-id=\"251537c0\" data-element_type=\"widget\" data-widget_type=\"text-editor.default\">\n\t\t\t\t\t\t\t\t\t<p>El CLIENTE garantiza que dispone de toda la autoridad, derechos, permisos y consentimientos necesarios para celebrar el Contrato y para el Contenido, as\u00ed como para cualquier sistema o servicio de terceros que utilice en relaci\u00f3n con los Servicios. El CLIENTE respetar\u00e1 los t\u00e9rminos y condiciones de la licencia de software, as\u00ed como la Pol\u00edtica de Uso Aceptable y el Acuerdo con el Cliente, para todo el software y los servicios que formen parte de los Servicios. El CLIENTE se asegurar\u00e1 de que los t\u00e9rminos y condiciones de licencia y\/o los Contratos de Licencia de Usuario Final (CLUF) de todos los dem\u00e1s programas inform\u00e1ticos utilizados por el CLIENTE en relaci\u00f3n con los Servicios permiten dicho uso. El CLIENTE eximir\u00e1 a bartolome roeder AG de toda responsabilidad e indemnizar\u00e1 a bartolome roeder AG frente a reclamaciones de terceros, entre ellos Microsoft, basadas en la infracci\u00f3n de los t\u00e9rminos y condiciones de terceros aplicables, como los CLUF. El CLIENTE se asegurar\u00e1 de que todos los Usuarios Autorizados sean suficientemente competentes para cumplir las obligaciones pertinentes del CLIENTE establecidas en el Contrato.<\/p><p>El CLIENTE se asegurar\u00e1 de que todos los Usuarios Autorizados sean conscientes de que la pol\u00edtica de privacidad se aplica al Contrato y a los Horarios, incluidos los t\u00e9rminos y condiciones de terceros, y cumplir\u00e1 con todos y cada uno de los t\u00e9rminos y condiciones y Condiciones de Servicio aplicables. El CLIENTE es responsable de las acciones, omisiones y Tarifas en que incurran los Usuarios Autorizados. El CLIENTE se compromete a respetar las Condiciones Generales de Uso y a no acceder, almacenar, distribuir o transmitir Contenidos Prohibidos, ni a utilizar los Servicios para actividades o finalidades que puedan ser censurables. El CLIENTE se compromete a no introducir en los sistemas o servicios de bartolome roeder AG, de sus proveedores o de los CLIENTES ning\u00fan tipo de software da\u00f1ino, malware, virus, troyanos, gusanos, bombas de tiempo, cancelbots. El CLIENTE debe mantener la confidencialidad y seguridad de todas las credenciales de inicio de sesi\u00f3n y los detalles de c\u00f3mo utilizar la cuenta del CLIENTE. El CLIENTE es responsable de todos los gastos ocasionados por el acceso no autorizado a su cuenta, a menos que dicho acceso no autorizado haya sido causado exclusivamente por bartolome roeder AG. Si el CLIENTE descubre cualquier acceso no autorizado, deber\u00e1 solicitar inmediatamente a bartolome roeder AG que suspenda la cuenta del CLIENTE. El CLIENTE utilizar\u00e1 las mejores pr\u00e1cticas generales de seguridad en relaci\u00f3n con el desarrollo y el uso de todos los Servicios y\/o software y\/o materiales desarrollados utilizando la tecnolog\u00eda de bartolome roeder AG y cumplir\u00e1 en todo momento los requisitos de seguridad y privacidad de datos de bartolome roeder AG proporcionados por bartolome roeder AG en cada momento. Sin perjuicio de lo anterior, el CLIENTE aplicar\u00e1 medidas de seguridad t\u00e9cnicas, administrativas y operativas razonablemente adecuadas para preservar la confidencialidad, integridad y seguridad de los datos del CLIENTE. El CLIENTE no intentar\u00e1, y se asegurar\u00e1 de que los Usuarios autorizados no intenten, eludir ninguna medida de seguridad relacionada con los Servicios o la infraestructura ni acceder a la infraestructura de bartolome roeder AG salvo de conformidad con las instrucciones y API especificadas por bartolome roeder AG. El CLIENTE es el \u00fanico responsable de la adquisici\u00f3n y el mantenimiento de sus sistemas y servicios desde y hacia la frontera de servicios de bartolome roeder AG. El CLIENTE es el \u00fanico responsable del desarrollo, funcionamiento, mantenimiento y uso de los Contenidos y del cumplimiento de cualquier Pol\u00edtica de Uso Aceptable de terceros u otras pol\u00edticas, normativas o leyes relacionadas con los mismos. El CLIENTE utiliza productos y servicios de terceros en relaci\u00f3n con los Servicios por su cuenta y riesgo y es responsable de cualquier coste en que incurra bartolome roeder AG como consecuencia del uso de los mismos por parte del CLIENTE. El CLIENTE es responsable de configurar y utilizar adecuadamente los Servicios y de tomar sus propias medidas para mantener la seguridad, protecci\u00f3n y copia de seguridad adecuadas de los Contenidos, que pueden incluir el uso de tecnolog\u00eda de cifrado para proteger los Contenidos del acceso no autorizado y el archivado rutinario. A menos que los Servicios incluyan servicios de copia de seguridad, bartolome roeder AG recomienda que el CLIENTE mantenga una copia actualizada de los Contenidos por otros medios. El CLIENTE es responsable de proporcionar toda la asistencia a sus usuarios y socios comerciales.<\/p><p>El CLIENTE podr\u00e1 utilizar los Servicios para prestar servicios a sus propios socios o clientes finales en el \u00e1mbito de la actividad ordinaria del CLIENTE. El CLIENTE no est\u00e1 autorizado a explotar los Servicios. El CLIENTE acepta que bartolome roeder AG pueda estar obligada por ley a supervisar el Contenido y el uso de los Servicios y a proporcionar detalles de los mismos que pueden incluir la identificaci\u00f3n de las credenciales de inicio de sesi\u00f3n y su uso. bartolome roeder AG no ser\u00e1 responsable de ning\u00fan efecto en los Servicios causado por la obligaci\u00f3n de cumplir con cualquier solicitud realizada en virtud de cualquier autoridad legal. El CLIENTE acepta que, sin perjuicio de lo anterior, bartolome roeder AG tambi\u00e9n podr\u00e1 supervisar el uso de los Servicios por parte del CLIENTE y acumular estad\u00edsticas con fines relacionados con el Contrato y para poder desarrollar y mejorar los Servicios.<\/p><p>Agradeceremos sus comentarios o preguntas acerca de estas Condiciones de Licencia del Software (SLT). Tambi\u00e9n puede ponerse en contacto con nosotros en nuestra direcci\u00f3n<\/p><p>bartolome roeder AG ATTN: Departamento de licencias Ridlerstr. 11<\/p><p>D-80339 M\u00fanich Alemania<\/p>\t\t\t\t\t\t\t\t<\/div>\n\t\t\t\t\t<\/div>\n\t\t\t\t<\/div>\n\t\t\t\t<\/div>","protected":false},"excerpt":{"rendered":"<p>End User License Agreement (EULA) The CUSTOMER warrants that it has and all necessary authority, rights, permissions and consents to enter into the Agreement and to the Content and to any third party systems or services that it uses in connection with the Services. The CUSTOMER will abide by the software license terms and conditions [&hellip;]<\/p>","protected":false},"author":1,"featured_media":7410,"parent":0,"menu_order":0,"comment_status":"closed","ping_status":"closed","template":"","meta":{"_seopress_robots_primary_cat":"","_seopress_titles_title":"EULA: Sicherer Lizenzvertrag erfolgreich nutzen","_seopress_titles_desc":"Sorgen Sie f\u00fcr sicheren Datenumgang und Einhaltung von EULA und Nutzungsbedingungen. Sch\u00fctzen Sie Systeme vor unautorisiertem Zugriff und Schadsoftware.","_seopress_robots_index":"","footnotes":""},"categories":[],"tags":[],"class_list":["post-7510","page","type-page","status-publish","has-post-thumbnail","hentry"],"_links":{"self":[{"href":"https:\/\/navision-beratung.de\/es\/wp-json\/wp\/v2\/pages\/7510","targetHints":{"allow":["GET"]}}],"collection":[{"href":"https:\/\/navision-beratung.de\/es\/wp-json\/wp\/v2\/pages"}],"about":[{"href":"https:\/\/navision-beratung.de\/es\/wp-json\/wp\/v2\/types\/page"}],"author":[{"embeddable":true,"href":"https:\/\/navision-beratung.de\/es\/wp-json\/wp\/v2\/users\/1"}],"replies":[{"embeddable":true,"href":"https:\/\/navision-beratung.de\/es\/wp-json\/wp\/v2\/comments?post=7510"}],"version-history":[{"count":0,"href":"https:\/\/navision-beratung.de\/es\/wp-json\/wp\/v2\/pages\/7510\/revisions"}],"wp:featuredmedia":[{"embeddable":true,"href":"https:\/\/navision-beratung.de\/es\/wp-json\/wp\/v2\/media\/7410"}],"wp:attachment":[{"href":"https:\/\/navision-beratung.de\/es\/wp-json\/wp\/v2\/media?parent=7510"}],"wp:term":[{"taxonomy":"category","embeddable":true,"href":"https:\/\/navision-beratung.de\/es\/wp-json\/wp\/v2\/categories?post=7510"},{"taxonomy":"post_tag","embeddable":true,"href":"https:\/\/navision-beratung.de\/es\/wp-json\/wp\/v2\/tags?post=7510"}],"curies":[{"name":"wp","href":"https:\/\/api.w.org\/{rel}","templated":true}]}}