{"id":7243,"date":"2022-11-16T11:55:56","date_gmt":"2022-11-16T11:55:56","guid":{"rendered":"https:\/\/navision-beratung.de\/?page_id=7243"},"modified":"2022-11-16T11:55:56","modified_gmt":"2022-11-16T11:55:56","slug":"bartolome-roder-ag-sorgt-fur-marktplatz-intelligenz","status":"publish","type":"page","link":"https:\/\/navision-beratung.de\/es\/bartolome-roder-ag-sorgt-fur-marktplatz-intelligenz\/","title":{"rendered":"bartolome r\u00f6der AG proporciona inteligencia de mercado"},"content":{"rendered":"<figure id=\"attachment_7256\" aria-describedby=\"caption-attachment-7256\" style=\"width: 785px\" class=\"wp-caption alignnone\"><img alt=\"\" fetchpriority=\"high\" decoding=\"async\" class=\"size-full wp-image-7256\" src=\"https:\/\/navision-beratung.de\/wp-content\/uploads\/2022\/11\/gabor-unternehmen-zentrale-rosenheim.jpg\" width=\"785\" height=\"442\" srcset=\"https:\/\/navision-beratung.de\/wp-content\/uploads\/2022\/11\/gabor-unternehmen-zentrale-rosenheim.jpg 785w, https:\/\/navision-beratung.de\/wp-content\/uploads\/2022\/11\/gabor-unternehmen-zentrale-rosenheim-300x169.jpg 300w, https:\/\/navision-beratung.de\/wp-content\/uploads\/2022\/11\/gabor-unternehmen-zentrale-rosenheim-768x432.jpg 768w\" sizes=\"(max-width: 785px) 100vw, 785px\" \/><figcaption id=\"caption-attachment-7256\" class=\"wp-caption-text\">Fuente: Gabor Shoes AG<\/figcaption><\/figure>\n<h1 id=\"NL|ReferenzartikelGabor-\u201aKaufm\u00e4nnischesHerz\u2018verbindetGabor-Marktplatzmitstation\u00e4renHandelspartnern.1\"><strong>El \"coraz\u00f3n comercial\" conecta el mercado de Gabor con los socios minoristas estacionarios<\/strong><\/h1>\n<p><strong>La marca de calzado Gabor responde a su manera a la tendencia de venta directa al consumidor: En\u00a0<a class=\"external-link extlink\" href=\"http:\/\/Gabor.de\" target=\"_blank\" rel=\"nofollow noopener\" data-ext-link-init=\"true\">Gabor.com<\/a> los consumidores pueden encargar todos los modelos. Al mismo tiempo, Gabor Shoes AG est\u00e1 integrando la venta al por menor estacionaria en la venta digital. Esto es posible gracias a la soluci\u00f3n de mercado inteligente<a href=\"https:\/\/navision-beratung.de\/es\/e4m-engine-4-marketplace-central-workflow-controller\/\">Mercado Motor 4\" (E4M)<\/a>desarrollado por bartolome r\u00f6der AG.<\/strong><\/p>\n<p>Gabor Shoes AG fabrica zapatos masculinos y femeninos de alta calidad y es una de las marcas de calzado m\u00e1s conocidas en el mundo germanoparlante. En el ejercicio de 2020, la empresa con sede en Rosenheim (Baviera) gener\u00f3 unas ventas de 301 millones de euros. La venta online es cada vez m\u00e1s importante como canal de ventas. Gabor aprovecha el atractivo y la notoriedad de su propia marca y presenta toda su gama de productos en l\u00ednea. Los entusiastas del calzado pueden encontrar una amplia gama de zapatos en <em><a class=\"external-link extlink\" href=\"http:\/\/Gabor.de\" target=\"_blank\" rel=\"nofollow noopener\" data-ext-link-init=\"true\">Gabor.com<\/a><\/em> la marca Gabor de calzado femenino y las marcas rollingsoft y Pius Gabor, la marca de calzado masculino de la empresa, as\u00ed como bolsos de la marca Gabor bags.<\/p>\n<p>Mientras otros fabricantes compiten en la red con sus socios minoristas tradicionales, Gabor adopta un enfoque diferente con un mercado especialmente desarrollado: la tienda en l\u00ednea de Gabor implica en las ventas digitales a zapater\u00edas locales de Alemania, Austria y pronto tambi\u00e9n de los Pa\u00edses Bajos. Cuando se hace un pedido a trav\u00e9s de <a class=\"external-link extlink\" href=\"http:\/\/Gabor.de\" target=\"_blank\" rel=\"nofollow noopener\" data-ext-link-init=\"true\">Gabor.com<\/a> llega, se transmite a uno de los socios de mercado de Gabor. Los minoristas de calzado estacionarios afiliados se encargan de tramitar los pedidos en l\u00ednea y generan as\u00ed ventas en l\u00ednea adicionales.<\/p>\n<h2>El reto<\/h2>\n<p>En el mercado intervienen varios participantes: los minoristas fijos, los proveedores de servicios de env\u00edo, el proveedor de servicios de pago y la propia Gabor. Por lo tanto, el objetivo era introducir un sistema de control de procesos centralizado para gestionar los pedidos y las devoluciones a trav\u00e9s del Gabor Marketplace\", afirma Thorsten B\u00e4hre, responsable de comercio electr\u00f3nico de Gabor Shoes AG, echando la vista atr\u00e1s.<\/p>\n<p>Esto llev\u00f3 a tomar la decisi\u00f3n de implantar una nueva soluci\u00f3n. \"Necesit\u00e1bamos un 'coraz\u00f3n' comercial, un sistema de gesti\u00f3n de mercanc\u00edas que trazara todos los procesos\", explica B\u00e4hre. Se fij\u00f3 tres objetivos para la nueva soluci\u00f3n: Seguridad de los procesos, estabilidad de los procesos y capacidad de ampliaci\u00f3n para respaldar el crecimiento previsto del canal de ventas en l\u00ednea.<\/p>\n<h2>Gabor y bartolome r\u00f6der AG<\/h2>\n<p>En tres meses, el anterior sistema de gesti\u00f3n de pedidos fue sustituido por una nueva soluci\u00f3n. El dise\u00f1o y la implantaci\u00f3n corrieron a cargo de la consultora de gesti\u00f3n e inform\u00e1tica bartolome r\u00f6der AG, de M\u00fanich. La agencia austriaca de servicios integrales de Internet <a class=\"external-link extlink\" href=\"http:\/\/elements.at\" target=\"_blank\" rel=\"nofollow noopener\" data-ext-link-init=\"true\">elementos.en<\/a> New Media Solutions GmbH suministr\u00f3 un nuevo front end.<\/p>\n<h2>La soluci\u00f3n<\/h2>\n<p>Con E4M, bartolome r\u00f6der AG ha desarrollado un sistema centralizado de tramitaci\u00f3n de pedidos.<\/p>\n<p>E4M, el controlador central de flujos de trabajo, act\u00faa como \u00f3rgano central de control del mercado de <a class=\"external-link extlink\" href=\"http:\/\/Gabor.de\" target=\"_blank\" rel=\"nofollow noopener\" data-ext-link-init=\"true\">Gabor.com<\/a> tareas como el encaminamiento de pedidos o el control del proceso de pedidos. Los minoristas comparten <a class=\"external-link extlink\" href=\"http:\/\/Gabor.de\" target=\"_blank\" rel=\"nofollow noopener\" data-ext-link-init=\"true\">Gabor.com<\/a> sus existencias. Los pedidos en l\u00ednea entrantes son procesados por <a class=\"external-link extlink\" href=\"http:\/\/Gabor.de\" target=\"_blank\" rel=\"nofollow noopener\" data-ext-link-init=\"true\">Gabor.com<\/a> a los socios. \"Gabor ha conseguido entrar en el mercado de venta de empresa a consumidor y, al mismo tiempo, atraer a los minoristas\", afirma B\u00e4hre al describir la filosof\u00eda de venta de la empresa.<\/p>\n<p>Si un pedido en l\u00ednea cumple <a class=\"external-link extlink\" href=\"http:\/\/Gabor.de\" target=\"_blank\" rel=\"nofollow noopener\" data-ext-link-init=\"true\">Gabor.com<\/a> un algoritmo decide qu\u00e9 socio comercial cumplimentar\u00e1 el pedido. Si acepta, se le env\u00eda el pedido. El minorista env\u00eda la mercanc\u00eda desde su almac\u00e9n al cliente, por supuesto con la marca Gabor. Los clientes reciben la factura del pedido en l\u00ednea de Gabor Shoes. \"Con esta soluci\u00f3n, podemos trazar claramente un proceso de venta en varias fases y todos los flujos de documentos, incluidos el env\u00edo, el pago y las devoluciones\", afirma Bernd R\u00f6der, socio de bartolome r\u00f6der AG, sobre E4M.<\/p>\n<h2>El resultado<\/h2>\n<p>Con E4M, todos los pasos de un pedido son ahora transparentes. \"Con esta soluci\u00f3n siempre tenemos una visi\u00f3n de conjunto\", subraya B\u00e4hre, responsable de comercio electr\u00f3nico. Enumera los siguientes ejemplos concretos: los niveles correctos de existencias en la tienda, el estado actual del pedido, los datos correctos del cliente. B\u00e4hre est\u00e1 satisfecho: \"Ahora podemos controlar todos los procesos\". La respuesta interna es muy positiva, afirma. Los socios comerciales tambi\u00e9n se benefician del principio de mercado de Gabor. Especialmente durante el bloqueo debido a la pandemia de coronavirus, el marketplace <a class=\"external-link extlink\" href=\"http:\/\/Gabor.de\" target=\"_blank\" rel=\"nofollow noopener\" data-ext-link-init=\"true\">Gabor.com<\/a> probada, dice B\u00e4hre.<\/p>\n<p>Elogia la colaboraci\u00f3n con bartolome r\u00f6der AG: \"Los socios son cruciales en un proyecto tan complejo. \u00bfQu\u00e9 conocimiento del proceso tienen? \u00bfQu\u00e9 visi\u00f3n de conjunto tienen de la planificaci\u00f3n? Necesitamos soluciones flexibles y r\u00e1pidas, y las mentes adecuadas detr\u00e1s de ellas\". El equipo de proyecto de Gabor Shoes AG, bartolome r\u00f6der AG y <a class=\"external-link extlink\" href=\"http:\/\/elements.at\" target=\"_blank\" rel=\"nofollow noopener\" data-ext-link-init=\"true\">elementos.en<\/a> trabajaron juntos \"sensacionalmente\", dice B\u00e4hre con alegr\u00eda.<\/p>\n<p>Ya se han alcanzado dos de los tres objetivos del proyecto: la soluci\u00f3n es estable y muestra todos los procesos de forma transparente. B\u00e4hre se centra ahora en impulsar el crecimiento del canal en l\u00ednea.<\/p>\n<h2 id=\"NL|MicrosoftDynamics365BusinessCentralWave22022-HabenwirIhrInteressegeweckt?\">\u00bfHemos despertado su inter\u00e9s?<\/h2>\n<p>Si le interesa nuestro <strong>Controlador del mercado\". <a href=\"https:\/\/navision-beratung.de\/es\/e4m-engine-4-marketplace-central-workflow-controller\/\">Mercado Motor 4\" (E4M)<\/a><\/strong> y desea m\u00e1s informaci\u00f3n, p\u00f3ngase en contacto con nosotros.<\/p>\n<p><strong>Tel\u00e9fono: +49 (89) 21 111 848<\/strong><br \/>\n<strong>E-Mail:<\/strong> <a class=\"external-link extlink\" href=\"mailto:vertrieb@br-ag.com\" target=\"_blank\" rel=\"nofollow noopener\" data-ext-link-init=\"true\">vertrieb@br-ag.com<\/a><\/p>","protected":false},"excerpt":{"rendered":"<p>\u201aKaufm\u00e4nnisches Herz\u2018 verbindet Gabor-Marktplatz mit station\u00e4ren Handelspartnern Dem Direct-to-Consumer-Trend begegnet die Schuhmarke Gabor auf eigene Weise: Auf\u00a0Gabor.de k\u00f6nnen Verbraucherinnen und Verbraucher alle Modelle ordern. Gleichzeitig bindet die Gabor Shoes AG den station\u00e4ren Handel in den digitalen Vertrieb ein. M\u00f6glich wird das durch die intelligente Marktplatz-L\u00f6sung\u201a Engine 4 Marketplace\u2018 (E4M), entwickelt von der bartolome r\u00f6der AG. [&hellip;]<\/p>","protected":false},"author":1,"featured_media":7249,"parent":0,"menu_order":0,"comment_status":"closed","ping_status":"closed","template":"","meta":{"_seopress_robots_primary_cat":"","_seopress_titles_title":"Gabor: Marktplatz verbindet Online- und Einzelhandel","_seopress_titles_desc":"Entdecken Sie Gabor.de: Online Schuhe kaufen und gleichzeitig lokale H\u00e4ndler unterst\u00fctzen durch die innovative Engine 4 Marketplace-L\u00f6sung.","_seopress_robots_index":"","footnotes":""},"categories":[],"tags":[],"class_list":["post-7243","page","type-page","status-publish","has-post-thumbnail","hentry"],"_links":{"self":[{"href":"https:\/\/navision-beratung.de\/es\/wp-json\/wp\/v2\/pages\/7243","targetHints":{"allow":["GET"]}}],"collection":[{"href":"https:\/\/navision-beratung.de\/es\/wp-json\/wp\/v2\/pages"}],"about":[{"href":"https:\/\/navision-beratung.de\/es\/wp-json\/wp\/v2\/types\/page"}],"author":[{"embeddable":true,"href":"https:\/\/navision-beratung.de\/es\/wp-json\/wp\/v2\/users\/1"}],"replies":[{"embeddable":true,"href":"https:\/\/navision-beratung.de\/es\/wp-json\/wp\/v2\/comments?post=7243"}],"version-history":[{"count":0,"href":"https:\/\/navision-beratung.de\/es\/wp-json\/wp\/v2\/pages\/7243\/revisions"}],"wp:featuredmedia":[{"embeddable":true,"href":"https:\/\/navision-beratung.de\/es\/wp-json\/wp\/v2\/media\/7249"}],"wp:attachment":[{"href":"https:\/\/navision-beratung.de\/es\/wp-json\/wp\/v2\/media?parent=7243"}],"wp:term":[{"taxonomy":"category","embeddable":true,"href":"https:\/\/navision-beratung.de\/es\/wp-json\/wp\/v2\/categories?post=7243"},{"taxonomy":"post_tag","embeddable":true,"href":"https:\/\/navision-beratung.de\/es\/wp-json\/wp\/v2\/tags?post=7243"}],"curies":[{"name":"wp","href":"https:\/\/api.w.org\/{rel}","templated":true}]}}