{"id":5616,"date":"2020-04-23T13:04:43","date_gmt":"2020-04-23T13:04:43","guid":{"rendered":"https:\/\/navision-beratung.de\/?page_id=5616"},"modified":"2025-05-26T10:27:12","modified_gmt":"2025-05-26T08:27:12","slug":"referenzprojekt-logistikloesung-in-dynamics-365-business-central-am-beispiel-eines-kunden","status":"publish","type":"page","link":"https:\/\/navision-beratung.de\/es\/referenzen\/referenzprojekt-logistikloesung-in-dynamics-365-business-central-am-beispiel-eines-kunden\/","title":{"rendered":"Proyecto de referencia: Soluci\u00f3n log\u00edstica en Dynamics 365 Business Central"},"content":{"rendered":"<p>Hoy queremos presentarles el <strong>Soluci\u00f3n log\u00edstica<\/strong> de nuestros clientes <strong>PSP Pack GmbH<\/strong>proveedor de servicios log\u00edsticos para las industrias del autom\u00f3vil y la iluminaci\u00f3n, entre otras, del distrito de Eichst\u00e4tt, en la Alta Baviera, en el coraz\u00f3n de Baviera.<\/p>\n<p>PSP Pack GmbH ofrece un servicio log\u00edstico completo, es decir, puede encargarse de toda la gesti\u00f3n del almac\u00e9n (almacenamiento, transferencia, recuperaci\u00f3n, transporte, etc.).<\/p>\n<p>Para poder suministrar a sus principales clientes JIT (\"just in time\"), PSP Pack GmbH ha invertido en un gran almac\u00e9n de \u00faltima generaci\u00f3n con una capacidad de almacenamiento actual de 7000 espacios para europalets. Cada turno se pueden realizar aqu\u00ed 500 operaciones de almacenamiento (carga o descarga de material). A lo largo del d\u00eda, varios trenes de camiones viajan desde el almac\u00e9n hasta el cliente respectivo y de vuelta para distribuir el material a las respectivas plantas justo a tiempo. Los camiones abastecen a las plantas y tambi\u00e9n se cargan en la planta respectiva para el viaje de vuelta con cantidades parciales que deben almacenarse de nuevo en el almac\u00e9n.<\/p>\n<p>Microsoft Dynamics 365 Business Central se utiliza como sistema ERP.<\/p>\n<h2>\u00bfQu\u00e9 tecnolog\u00eda se utiliza?<\/h2>\n<p>PSP Pack GmbH conf\u00eda en las tecnolog\u00edas modernas para la identificaci\u00f3n clara de las ubicaciones de almacenamiento y los materiales, por ejemplo <strong>RFID (R<\/strong>adio-<strong>F<\/strong>requency<strong> Id<\/strong>entificaci\u00f3n<strong>) - Tecnolog\u00eda, <\/strong>es decir, localizaci\u00f3n e identificaci\u00f3n autom\u00e1tica mediante ondas de radio. Para la aplicaci\u00f3n se necesita un sistema compuesto por un transmisor (transpondedor) y un receptor (lector). Las etiquetas y tags RFID del lugar de almacenamiento se leen con lectores situados en la carretilla elevadora en una posici\u00f3n fija. Adem\u00e1s, varios <strong>Lector de c\u00f3digos de barras<\/strong> automatizar al m\u00e1ximo la recogida de datos m\u00f3viles.<\/p>\n<p>En <strong>Conexi\u00f3n t\u00e9cnica<\/strong> al cliente correspondiente tiene lugar mediante una conexi\u00f3n directa a la base de datos a trav\u00e9s de una interfaz. Esto a su vez significa que el <strong>Centro de negocios<\/strong> de PSP Pack GmbH est\u00e1 permanentemente conectada a la base de datos externa del cliente a trav\u00e9s de un t\u00fanel VPN. Estas tablas de bases de datos externas se integran perfectamente en Business Central mediante tecnolog\u00edas especiales.<\/p>\n<h2>\u00bfQu\u00e9 mensajes se transmiten?<\/h2>\n<ol>\n<li>El cliente correspondiente introduce las reservas diarias (necesidades de material). Introduce qu\u00e9 material necesita, en qu\u00e9 cantidad y a qu\u00e9 hora.<\/li>\n<li>Se transmiten las devoluciones que el cliente devuelve al almac\u00e9n.<\/li>\n<li>Se transmiten las mercanc\u00edas procedentes de proveedores externos.<\/li>\n<li>El nivel actual de existencias se transmite una vez por noche (ya que aqu\u00ed no se producen movimientos de material).<br \/>\nImportante: es posible solicitar existencias en cualquier momento.<\/li>\n<\/ol>\n<h2>Otras particularidades de la soluci\u00f3n log\u00edstica<\/h2>\n<ul>\n<li><strong>Recogida FEFO: <\/strong>El material se retira siguiendo el principio de \"primero en caducar, primero en salir\". Esto significa que lo que lleva m\u00e1s tiempo almacenado se selecciona en primer lugar para retirar el material. Esto se realiza mediante n\u00fameros de lote con fecha de caducidad autom\u00e1tica.<\/li>\n<li><strong>C\u00e1lculo de la cantidad de material:<\/strong> Los materiales salen del almac\u00e9n en cajas de cart\u00f3n, es decir, como contenedores completos. Sin embargo, ahora un cliente ha reservado una cantidad. A continuaci\u00f3n, los contenedores que deben retirarse se calculan autom\u00e1ticamente en funci\u00f3n del contenido espec\u00edfico de la ubicaci\u00f3n.<\/li>\n<li><strong>Varias cabinas <\/strong>para la gesti\u00f3n de reservas, devoluciones y entradas de mercanc\u00edas:<br \/>\n- Resumen de la situaci\u00f3n<br \/>\n- Tratamiento de errores<br \/>\n- B\u00fasqueda de existencias (por ejemplo, vistas propias para n\u00fameros de lote y fecha de caducidad)<br \/>\n- Selecci\u00f3n de reservas para lotes (tratamiento por lotes) para entregas de camiones individuales<br \/>\nConcretamente, el proceso a trav\u00e9s de la cabina es el siguiente:<br \/>\nPor la ma\u00f1ana, el empleado del almac\u00e9n comprueba su cabina en Business Central. Inmediatamente ve qu\u00e9 materiales se han solicitado. A continuaci\u00f3n, puede clasificar por fecha y hora y ver qu\u00e9 materiales est\u00e1n disponibles. A continuaci\u00f3n, puede crearse un proceso por lotes para cada cami\u00f3n y comenzar inmediatamente el proceso de picking. Los empleados del almac\u00e9n ven su \"lista de trabajo\" directamente en sus tabletas.<\/li>\n<li><strong>Centro de funciones personalizado:<\/strong> Cada grupo de empleados dispone de un centro de funciones personalizado (pantalla de inicio en Business Central con las funciones necesarias) para el tratamiento log\u00edstico.<\/li>\n<li><strong>Creaci\u00f3n autom\u00e1tica de recibos con c\u00f3digos de barras:<\/strong><br \/>\n- Documentos fuente: \u00f3rdenes de compra, pedidos de venta, reclamaciones.<br \/>\n- Documentos log\u00edsticos: entradas de mercanc\u00edas, salidas de mercanc\u00edas, entradas en almac\u00e9n y preparaci\u00f3n de pedidos,<br \/>\nEtiquetas<\/li>\n<li><strong>Sugerencias autom\u00e1ticas de ubicaci\u00f3n de almacenamiento <\/strong>para su retirada y almacenamiento.<\/li>\n<li><strong>Uso de dispositivos m\u00f3viles (tabletas) con funci\u00f3n de lectura de c\u00f3digos de barras: <\/strong>PSP Pack GmbH utiliza tabletas industriales con soporte en la carretilla elevadora con fuente de alimentaci\u00f3n. La visualizaci\u00f3n de datos de Business Central est\u00e1 personalizada para dispositivos m\u00f3viles.<\/li>\n<li><strong>Garant\u00eda de calidad:<\/strong> Comprobaci\u00f3n de plausibilidad e integridad mediante escaneado de c\u00f3digos de barras. Cuando se retira la mercanc\u00eda, el sistema escanea si se ha retirado del almac\u00e9n correcto. Tambi\u00e9n se escanea el art\u00edculo para comprobar si es el correcto.<\/li>\n<\/ul>\n<h2>Arquitectura t\u00e9cnica<\/h2>\n<p>PSP Pack GmbH ha <strong>Microsoft Dynamics Business Central Versi\u00f3n 14<\/strong> in situ en uso. Todas las personalizaciones log\u00edsticas se aplicaron como <strong>Aplicaci\u00f3n de extensi\u00f3n<\/strong> realizado. Esto se hizo <strong>No hay cambios en los objetos est\u00e1ndar<\/strong>Esto facilita enormemente la actualizaci\u00f3n a versiones m\u00e1s recientes. Para la generaci\u00f3n de documentos con c\u00f3digos de barras, el <strong>Complemento paraNAV<\/strong> por ejemplo, para etiquetas de almacenamiento y recuperaci\u00f3n.<\/p>\n<h2>Tecnolog\u00eda utilizada<\/h2>\n<ul>\n<li>Etiquetas\/etiquetas RFID en el lugar de almacenamiento, lector de Sick (<a class=\"external-link extlink\" href=\"http:\/\/sick.com\" target=\"_blank\" rel=\"nofollow noopener noreferrer\" data-ext-link-init=\"true\">http:\/\/sick.com<\/a>) en la carretilla elevadora en posici\u00f3n fija<\/li>\n<li>Tabletas Windows 10 con lector de c\u00f3digos de barras integrado: tabletas industriales Bluechip (tableta para exteriores T11 (<a class=\"external-link extlink\" href=\"https:\/\/www.bluechip.de\/mobil\/tablets\/12830\/bluechip-travelline-t11-i3-outdoor\" target=\"_blank\" rel=\"nofollow noopener noreferrer\" data-ext-link-init=\"true\">https:\/\/www.bluechip.de\/mobil\/tablets\/12830\/bluechip-travelline-t11-i3-outdoor<\/a>)), soporte en carretilla elevadora con fuente de alimentaci\u00f3n<\/li>\n<li>Esc\u00e1neres port\u00e1tiles adicionales: Esc\u00e1ner Bluetooth: Zebra LI3678 (<a class=\"external-link extlink\" href=\"https:\/\/www.zebra.com\/de\/de\/products\/scanners\/ultra-rugged-scanners\/3600-series\/li36x8-sr.html\" target=\"_blank\" rel=\"nofollow noopener noreferrer\" data-ext-link-init=\"true\">https:\/\/www.zebra.com\/de\/de\/products\/scanners\/ultra-rugged-scanners\/3600-series\/li36x8-sr.html<\/a>)<\/li>\n<li>Impresora de etiquetas: CAB (<a class=\"external-link extlink\" href=\"https:\/\/www.cab.de\/de\/kennzeichnung\/etikettendrucker\/\" target=\"_blank\" rel=\"nofollow noopener noreferrer\" data-ext-link-init=\"true\">https:\/\/www.cab.de\/de\/kennzeichnung\/etikettendrucker\/<\/a>)<\/li>\n<\/ul>\n<p>\u00bfTambi\u00e9n est\u00e1 interesado en una soluci\u00f3n log\u00edstica en Business Central o Dynamics NAV o desea externalizar la gesti\u00f3n de su almac\u00e9n? P\u00f3ngase en contacto con nosotros en <a href=\"zoiper:\/\/08921111848\">089 &#8211; 21 111 848<\/a> o por correo electr\u00f3nico a <a class=\"external-link extlink\" href=\"mailto:vertrieb@br-ag.com\" target=\"_blank\" rel=\"nofollow noopener noreferrer\" data-ext-link-init=\"true\">vertrieb@br-ag.com<\/a> \u00a1en contacto! Estaremos encantados de asesorarle.<\/p>","protected":false},"excerpt":{"rendered":"<p>Hoy nos gustar\u00eda presentarle la soluci\u00f3n log\u00edstica de nuestro cliente PSP Pack GmbH, un proveedor de servicios log\u00edsticos para la industria del autom\u00f3vil y la industria de la iluminaci\u00f3n, entre otras, del distrito de Eichst\u00e4tt, en la Alta Baviera, en el coraz\u00f3n de Baviera. PSP Pack GmbH ofrece un servicio log\u00edstico completo, es decir, puede encargarse de toda la gesti\u00f3n del almac\u00e9n (almacenamiento, reubicaci\u00f3n, recuperaci\u00f3n, transporte, etc.). Con el fin de ofrecer a sus principales clientes JIT [...]<\/p>","protected":false},"author":1,"featured_media":11460,"parent":8787,"menu_order":0,"comment_status":"closed","ping_status":"closed","template":"","meta":{"_seopress_robots_primary_cat":"","_seopress_titles_title":"PSP Pack GmbH: Moderne Logistikl\u00f6sungen in Bayern","_seopress_titles_desc":"Erleben Sie effiziente Logistik mit unserer FEFO-Kommissionierung, RFID-Technologie und mehr. Perfekt f\u00fcr Automobil- und Beleuchtungsindustrie!","_seopress_robots_index":"","footnotes":""},"categories":[52],"tags":[],"class_list":["post-5616","page","type-page","status-publish","has-post-thumbnail","hentry","category-referenzen"],"_links":{"self":[{"href":"https:\/\/navision-beratung.de\/es\/wp-json\/wp\/v2\/pages\/5616","targetHints":{"allow":["GET"]}}],"collection":[{"href":"https:\/\/navision-beratung.de\/es\/wp-json\/wp\/v2\/pages"}],"about":[{"href":"https:\/\/navision-beratung.de\/es\/wp-json\/wp\/v2\/types\/page"}],"author":[{"embeddable":true,"href":"https:\/\/navision-beratung.de\/es\/wp-json\/wp\/v2\/users\/1"}],"replies":[{"embeddable":true,"href":"https:\/\/navision-beratung.de\/es\/wp-json\/wp\/v2\/comments?post=5616"}],"version-history":[{"count":0,"href":"https:\/\/navision-beratung.de\/es\/wp-json\/wp\/v2\/pages\/5616\/revisions"}],"up":[{"embeddable":true,"href":"https:\/\/navision-beratung.de\/es\/wp-json\/wp\/v2\/pages\/8787"}],"wp:featuredmedia":[{"embeddable":true,"href":"https:\/\/navision-beratung.de\/es\/wp-json\/wp\/v2\/media\/11460"}],"wp:attachment":[{"href":"https:\/\/navision-beratung.de\/es\/wp-json\/wp\/v2\/media?parent=5616"}],"wp:term":[{"taxonomy":"category","embeddable":true,"href":"https:\/\/navision-beratung.de\/es\/wp-json\/wp\/v2\/categories?post=5616"},{"taxonomy":"post_tag","embeddable":true,"href":"https:\/\/navision-beratung.de\/es\/wp-json\/wp\/v2\/tags?post=5616"}],"curies":[{"name":"wp","href":"https:\/\/api.w.org\/{rel}","templated":true}]}}