{"id":5371,"date":"2019-07-16T12:33:41","date_gmt":"2019-07-16T12:33:41","guid":{"rendered":"https:\/\/navision-beratung.de\/?page_id=5371"},"modified":"2025-05-26T10:17:38","modified_gmt":"2025-05-26T08:17:38","slug":"referenzprojekt-industriedienstleistungen","status":"publish","type":"page","link":"https:\/\/navision-beratung.de\/es\/referenzen\/referenzprojekt-industriedienstleistungen\/","title":{"rendered":"Proyecto de referencia: Servicios industriales"},"content":{"rendered":"<div id=\"main-content\" class=\"wiki-content\"><br \/>\n<p>La empresa, con entre 10 y 50 empleados, actualiz\u00f3 de NAV 5.0 a Dynamics 365 Business Central (versi\u00f3n 14 \"Spring Release 2019\").<\/p>\n<p>La empresa del sector del comercio y la log\u00edstica, formada por varias sociedades, ofrece servicios industriales que pueden resumirse bajo los t\u00e9rminos gesti\u00f3n de almacenes, montaje y servicios de embalaje. Tambi\u00e9n presta una serie de servicios de restauraci\u00f3n para escuelas y empresas. La empresa utiliza los m\u00f3dulos de compras\/ventas (comercio minorista), producci\u00f3n, planificaci\u00f3n de proyectos y log\u00edstica del est\u00e1ndar NAV. Adem\u00e1s, se utilizan los m\u00f3dulos de c\u00e1lculo de n\u00f3minas e importaci\u00f3n de pedidos SAP programados especialmente para el cliente. Para la log\u00edstica tambi\u00e9n se ha desarrollado una soluci\u00f3n propia (app para Labelscan). Se trata de una soluci\u00f3n offline online: el conductor del transporte escanea la mercanc\u00eda antes de cargarla en el cami\u00f3n y la vuelve a escanear al descargarla. Esto permite determinar si la mercanc\u00eda se ha transportado en su totalidad. El resultado se sincroniza con la base de datos de la sede central, de modo que las mercanc\u00edas pueden volver a pedirse y entregarse inmediatamente si es necesario.<\/p>\n<h2>Retos de la actualizaci\u00f3n<\/h2>\n<p>El proyecto de actualizaci\u00f3n nos plante\u00f3 el reto de transferir toda la estructura de datos antigua de NAV 5.0 a Business Central Spring Release (versi\u00f3n 14). Tambi\u00e9n hab\u00eda que convertir los siguientes objetos:<br \/>A) Convertir los formularios en p\u00e1ginas.<br \/>B) Convertir los DataPorts en puertos XML.<br \/>C) Conversi\u00f3n de los informes en informes ForNAV con utilizaci\u00f3n de c\u00f3digos de barras por ForNAV.<br \/>D) Creaci\u00f3n de una extensi\u00f3n AL: Por \u00faltimo, pero no por ello menos importante, el redise\u00f1o completo del c\u00f3digo como extensi\u00f3n AL (sin desarrollo h\u00edbrido AL - C\/AL) nos plante\u00f3 varios retos.<\/p>\n<h2>Los distintos pasos de la actualizaci\u00f3n<\/h2>\n<p>La actualizaci\u00f3n dur\u00f3 unos 2 meses y se llev\u00f3 a cabo en los siguientes pasos:<\/p>\n<ul>\n<li>Completar la nueva instalaci\u00f3n de Dynamics 365 Business Central<\/li>\n<li>Convertir los objetos personalizados en AL<\/li>\n<li>Transferencia de datos desde el antiguo sistema mediante \"Rapid Start\". Rapid Start\" es una herramienta para definir paquetes de datos, por ejemplo, datos maestros de art\u00edculos, exportarlos a Excel e importarlos despu\u00e9s al nuevo sistema mediante carga masiva.<br \/>La actualizaci\u00f3n tambi\u00e9n incluy\u00f3 el cambio de modelo de licencia y el ajuste asociado del modelo de autorizaci\u00f3n (por ejemplo, la supresi\u00f3n de cuadros y la adici\u00f3n de cuadros nuevos, etc.).<\/li>\n<li>Prueba con la nueva licencia<\/li>\n<li>Formaci\u00f3n de los empleados en el nuevo entorno Business Central<\/li>\n<\/ul>\n<h2>Conclusi\u00f3n<\/h2>\n<p>En resumen, no encontramos ning\u00fan \"obst\u00e1culo\" al cambiar a la tecnolog\u00eda de ampliaci\u00f3n durante la actualizaci\u00f3n a Business Central. La soluci\u00f3n pudo transferirse 1:1 a Business Central sin mayores complicaciones.<\/p>\n<p><strong>La principal ventaja para el cliente de cambiar a la programaci\u00f3n de extensiones es que no se modifica ninguno de los objetos suministrados por Microsoft, sino que todos los ajustes se realizan en objetos de extensi\u00f3n independientes. Esto ahorra el costoso esfuerzo de fusi\u00f3n (comparaci\u00f3n de objetos y personalizaci\u00f3n de objetos) para futuras actualizaciones de versi\u00f3n.<\/strong><\/p>\n<\/div>\n\n\n<p><\/p>","protected":false},"excerpt":{"rendered":"<p>Una empresa con entre 10 y 50 empleados actualiz\u00f3 de NAV 5.0 a Dynamics 365 Business Central (versi\u00f3n 14 \"Spring Release 2019\"). La empresa del sector del comercio y la log\u00edstica, formada por varias empresas, ofrece servicios industriales que pueden resumirse bajo los t\u00e9rminos gesti\u00f3n de almacenes, servicios de montaje y embalaje. Tambi\u00e9n ofrece una gama de servicios de restauraci\u00f3n [...]<\/p>","protected":false},"author":1,"featured_media":11457,"parent":8787,"menu_order":0,"comment_status":"closed","ping_status":"closed","template":"","meta":{"_seopress_robots_primary_cat":"","_seopress_titles_title":"Effektives Upgrade auf Dynamics 365 Business Central","_seopress_titles_desc":"Optimiertes Lagermanagement und nahtlose SAP-Integration: So profitierte unser Mittelstandsunternehmen vom Upgrade auf Business Central.","_seopress_robots_index":"","footnotes":""},"categories":[52],"tags":[],"class_list":["post-5371","page","type-page","status-publish","has-post-thumbnail","hentry","category-referenzen"],"_links":{"self":[{"href":"https:\/\/navision-beratung.de\/es\/wp-json\/wp\/v2\/pages\/5371","targetHints":{"allow":["GET"]}}],"collection":[{"href":"https:\/\/navision-beratung.de\/es\/wp-json\/wp\/v2\/pages"}],"about":[{"href":"https:\/\/navision-beratung.de\/es\/wp-json\/wp\/v2\/types\/page"}],"author":[{"embeddable":true,"href":"https:\/\/navision-beratung.de\/es\/wp-json\/wp\/v2\/users\/1"}],"replies":[{"embeddable":true,"href":"https:\/\/navision-beratung.de\/es\/wp-json\/wp\/v2\/comments?post=5371"}],"version-history":[{"count":0,"href":"https:\/\/navision-beratung.de\/es\/wp-json\/wp\/v2\/pages\/5371\/revisions"}],"up":[{"embeddable":true,"href":"https:\/\/navision-beratung.de\/es\/wp-json\/wp\/v2\/pages\/8787"}],"wp:featuredmedia":[{"embeddable":true,"href":"https:\/\/navision-beratung.de\/es\/wp-json\/wp\/v2\/media\/11457"}],"wp:attachment":[{"href":"https:\/\/navision-beratung.de\/es\/wp-json\/wp\/v2\/media?parent=5371"}],"wp:term":[{"taxonomy":"category","embeddable":true,"href":"https:\/\/navision-beratung.de\/es\/wp-json\/wp\/v2\/categories?post=5371"},{"taxonomy":"post_tag","embeddable":true,"href":"https:\/\/navision-beratung.de\/es\/wp-json\/wp\/v2\/tags?post=5371"}],"curies":[{"name":"wp","href":"https:\/\/api.w.org\/{rel}","templated":true}]}}