{"id":5314,"date":"2019-06-24T13:57:35","date_gmt":"2019-06-24T13:57:35","guid":{"rendered":"https:\/\/navision-beratung.de\/?page_id=5314"},"modified":"2025-05-26T10:28:03","modified_gmt":"2025-05-26T08:28:03","slug":"referenzprojekt-produktionsvorgang-mit-barcode-scanner","status":"publish","type":"page","link":"https:\/\/navision-beratung.de\/es\/referenzen\/referenzprojekt-produktionsvorgang-mit-barcode-scanner\/","title":{"rendered":"Proyecto de referencia: Proceso de producci\u00f3n con esc\u00e1ner de c\u00f3digo de barras"},"content":{"rendered":"<p id=\"bachmaierGmbH-Referenzanonymisiert-Referenzprojekt:ProduktionsvorgangmitBarcodeScanner\u2013VollintegrierteL\u00f6sungf\u00fcrMicrosoftDynamicsNAVamBeispieleinesGeh\u00f6rschutzexperten\"><strong>Soluci\u00f3n totalmente integrada para Microsoft Dynamics NAV con el ejemplo de un experto en protecci\u00f3n auditiva<\/strong><\/p>\n<p>La introducci\u00f3n r\u00e1pida de datos y la conexi\u00f3n con el sistema ERP son esenciales, especialmente en la industria manufacturera. Nuestro cliente de referencia actual, un experto en protecci\u00f3n auditiva, se ha pasado a la era digital. A pesar de la producci\u00f3n personalizada y de los elevados costes de producci\u00f3n asociados, los pasos de trabajo pueden consultarse ahora en el sistema en cualquier momento.<\/p>\n<p>La cartera de productos de la empresa, que cuenta actualmente con 55 empleados y est\u00e1 en constante crecimiento, incluye moldes y auriculares de bot\u00f3n, adem\u00e1s de protectores auditivos. El sello de calidad de la empresa es la personalizaci\u00f3n.<\/p>\n<p>Con el <strong>Introducci\u00f3n a Dynamics NAV<\/strong> La tecnolog\u00eda de esc\u00e1ner de c\u00f3digo de barras tambi\u00e9n se introdujo en la primavera de 2019. Esto significa que ahora cada paso de trabajo en la producci\u00f3n se registra y digitaliza mediante un c\u00f3digo de barras.<\/p>\n<p>El cliente recibe un gran n\u00famero de pedidos de productos de protecci\u00f3n auditiva personalizados, que entran en producci\u00f3n cada d\u00eda. Un flujo de trabajo secuencial forma parte del trabajo diario.<\/p>\n<p>Con la ayuda del <strong>Dise\u00f1ador ForNAV<\/strong> se generan c\u00f3digos de barras con el n\u00famero de serie del producto y se imprimen en el albar\u00e1n. Este albar\u00e1n se genera e imprime autom\u00e1ticamente para el producto correspondiente tras la recepci\u00f3n electr\u00f3nica del pedido.<\/p>\n<p>Los empleados escanean el c\u00f3digo de barras, que contiene los pasos de trabajo individuales, despu\u00e9s de cada proceso de producci\u00f3n individual. Cada paso de producci\u00f3n se documenta de este modo, y los datos acaban directamente en el sistema ERP Dynamics NAV. Esto significa que la empresa puede consultar el estado de producci\u00f3n de cada producto en tiempo real y en cualquier momento.<\/p>\n<h2 id=\"bachmaierGmbH-Referenzanonymisiert-FassenwirdiewesentlichenElementedesVorgangszusammen:\">Resumamos los elementos esenciales del proceso:<\/h2>\n<ol>\n<li>Entrada electr\u00f3nica de pedidos a trav\u00e9s de una interfaz en Dynamics NAV<\/li>\n<li>Control de pedidos<\/li>\n<li>Liberaci\u00f3n de pedidos<br \/>\n-&gt; Se crea la orden de fabricaci\u00f3n<br \/>\n-&gt; se imprime el parte de trabajo (automatizado)<\/li>\n<li>Despu\u00e9s de cada paso de trabajo, el empleado escanea la ficha de trabajo mediante el c\u00f3digo de barras, que indica la finalizaci\u00f3n satisfactoria del paso de trabajo<\/li>\n<li>Visi\u00f3n general del estado del pedido en todo momento<\/li>\n<\/ol>\n<p>La tecnolog\u00eda de esc\u00e1ner de c\u00f3digos de barras tambi\u00e9n desempe\u00f1a un papel importante en la expedici\u00f3n. Cuando se escanea el documento de salida de mercanc\u00edas, se muestra al empleado si hay otros productos del mismo cliente en producci\u00f3n. Una vez fabricados todos los productos, se transfieren al proceso de envasado.<\/p>\n<h2 id=\"bachmaierGmbH-Referenzanonymisiert-DiewesentlichenVorteilederBarcode-Scanner-Technologiehiernocheinmalinder\u00dcbersicht:\">He aqu\u00ed un resumen de las principales ventajas de la tecnolog\u00eda de esc\u00e1neres de c\u00f3digos de barras:<\/h2>\n<ul>\n<li>Evitaci\u00f3n de errores de introducci\u00f3n gracias a la tecnolog\u00eda de esc\u00e1ner de c\u00f3digos de barras<\/li>\n<li>El estado de la producci\u00f3n puede consultarse en tiempo real en cualquier momento<\/li>\n<li>Las mercanc\u00edas s\u00f3lo se env\u00edan una vez finalizada la fabricaci\u00f3n de todos los productos asociados.<\/li>\n<li>Acelere sus procesos de trabajo en producci\u00f3n<\/li>\n<li>Se evitan pasos de trabajo innecesarios<\/li>\n<\/ul>\n<p>\u00bfTambi\u00e9n le interesa optimizar sus procesos de producci\u00f3n con la tecnolog\u00eda de c\u00f3digos de barras? Estaremos encantados de asesorarle en el +49 (89) 211 11 848 o p\u00f3ngase en contacto con nosotros por correo electr\u00f3nico en <a class=\"external-link extlink\" href=\"mailto:vertrieb@br-ag.com\" target=\"_blank\" rel=\"nofollow noopener noreferrer\" data-ext-link-init=\"true\">vertrieb@br-ag.com<\/a><\/p>","protected":false},"excerpt":{"rendered":"<p>La introducci\u00f3n r\u00e1pida de datos y la conexi\u00f3n con el sistema ERP son esenciales, especialmente en la industria manufacturera. Nuestro cliente de referencia actual, un experto en protecci\u00f3n auditiva, se ha pasado a la era digital. A pesar de la producci\u00f3n personalizada y de los elevados costes de producci\u00f3n que conlleva, las fases de trabajo pueden consultarse ahora en el sistema en cualquier momento. En la actualidad, 55 empleados trabajan para la empresa, que est\u00e1 en constante crecimiento, y su cartera de productos incluye protectores auditivos, moldes y auriculares de bot\u00f3n. La producci\u00f3n personalizada es una caracter\u00edstica de calidad.<\/p>","protected":false},"author":1,"featured_media":11818,"parent":8787,"menu_order":0,"comment_status":"closed","ping_status":"closed","template":"","meta":{"_seopress_robots_primary_cat":"","_seopress_titles_title":"Effiziente Produktion mit Microsoft Dynamics NAV","_seopress_titles_desc":"Nutzen Sie die Barcode-Scanner-Technologie, um Produktionsdaten effizient mit Dynamics NAV zu verkn\u00fcpfen. Erfahren Sie Echtzeit-Produktions\u00fcbersicht!","_seopress_robots_index":"","footnotes":""},"categories":[52],"tags":[],"class_list":["post-5314","page","type-page","status-publish","has-post-thumbnail","hentry","category-referenzen"],"_links":{"self":[{"href":"https:\/\/navision-beratung.de\/es\/wp-json\/wp\/v2\/pages\/5314","targetHints":{"allow":["GET"]}}],"collection":[{"href":"https:\/\/navision-beratung.de\/es\/wp-json\/wp\/v2\/pages"}],"about":[{"href":"https:\/\/navision-beratung.de\/es\/wp-json\/wp\/v2\/types\/page"}],"author":[{"embeddable":true,"href":"https:\/\/navision-beratung.de\/es\/wp-json\/wp\/v2\/users\/1"}],"replies":[{"embeddable":true,"href":"https:\/\/navision-beratung.de\/es\/wp-json\/wp\/v2\/comments?post=5314"}],"version-history":[{"count":0,"href":"https:\/\/navision-beratung.de\/es\/wp-json\/wp\/v2\/pages\/5314\/revisions"}],"up":[{"embeddable":true,"href":"https:\/\/navision-beratung.de\/es\/wp-json\/wp\/v2\/pages\/8787"}],"wp:featuredmedia":[{"embeddable":true,"href":"https:\/\/navision-beratung.de\/es\/wp-json\/wp\/v2\/media\/11818"}],"wp:attachment":[{"href":"https:\/\/navision-beratung.de\/es\/wp-json\/wp\/v2\/media?parent=5314"}],"wp:term":[{"taxonomy":"category","embeddable":true,"href":"https:\/\/navision-beratung.de\/es\/wp-json\/wp\/v2\/categories?post=5314"},{"taxonomy":"post_tag","embeddable":true,"href":"https:\/\/navision-beratung.de\/es\/wp-json\/wp\/v2\/tags?post=5314"}],"curies":[{"name":"wp","href":"https:\/\/api.w.org\/{rel}","templated":true}]}}