{"id":5194,"date":"2019-04-17T11:17:59","date_gmt":"2019-04-17T11:17:59","guid":{"rendered":"https:\/\/navision-beratung.de\/?page_id=5194"},"modified":"2025-05-26T10:22:41","modified_gmt":"2025-05-26T08:22:41","slug":"referenzprojekte-der-bartolome-roeder-ag-versandhandel","status":"publish","type":"page","link":"https:\/\/navision-beratung.de\/es\/referenzen\/referenzprojekte-der-bartolome-roeder-ag-versandhandel\/","title":{"rendered":"Proyectos de referencia de bartolome r\u00f6der AG: Venta por correspondencia"},"content":{"rendered":"<p>En nuestra serie de proyectos de referencia de bartolome r\u00f6der AG, hoy nos gustar\u00eda hablarles del proceso de optimizaci\u00f3n de los procesos de almac\u00e9n de un cliente de la <strong>Venta por correspondencia en l\u00ednea<\/strong> informe.<\/p>\n<p>La empresa de comercio electr\u00f3nico tiene unos 300 empleados, de los cuales unos 100 trabajan con Dynamics NAV a diario. El objetivo era <strong>Optimizaci\u00f3n de los procesos de almac\u00e9n<\/strong> en el proceso ERP Microsoft Dynamics NAV 2013 debido al r\u00e1pido crecimiento de la empresa.<\/p>\n<h2>La empresa<\/h2>\n<p>La empresa de venta por correspondencia en l\u00ednea, que ha logrado establecerse en el mercado alem\u00e1n en pocos a\u00f1os, tiene que coordinar diariamente un gran n\u00famero de pedidos. Su amplia cartera de pedidos requiere una gran superficie de almacenamiento. Esto a veces da lugar a largas rutas, que tambi\u00e9n hay que optimizar.<\/p>\n<h2>Desaf\u00edo<\/h2>\n<p>El mayor reto era optimizar los procesos del almac\u00e9n para que pudieran hacer frente al r\u00e1pido crecimiento de la empresa. La optimizaci\u00f3n de los procesos desempe\u00f1\u00f3 un papel especialmente importante. Uno de los problemas era que los usuarios se hab\u00edan bloqueado mutuamente para trabajar en el sistema.<\/p>\n<h2>Lo m\u00e1s destacado del proceso de optimizaci\u00f3n<\/h2>\n<p>A continuaci\u00f3n nos gustar\u00eda<strong> Aspectos destacados del proceso de optimizaci\u00f3n<\/strong> en extractos:<\/p>\n<p>Un componente clave fue la <strong>Optimizaci\u00f3n del proceso de entrada de mercanc\u00edas<\/strong>. Los ajustes en NAV hicieron posible que varios empleados procesaran simult\u00e1neamente la entrada de mercanc\u00edas sin mensajes de error ni contabilizaciones incorrectas. Esto se consigui\u00f3 a\u00f1adiendo una pantalla adicional al sistema est\u00e1ndar.<\/p>\n<p>Adem\u00e1s, el <strong>Optimizaci\u00f3n del proceso de picking<\/strong>. Aqu\u00ed se introdujo la puesta a disposici\u00f3n de mercanc\u00edas por zona, ubicaci\u00f3n y art\u00edculo. La ponderaci\u00f3n de las ubicaciones se realiza en funci\u00f3n de la secuencia num\u00e9rica. El picking por pedido permiti\u00f3 optimizar las rutas en m\u00e1s de 25 %.<\/p>\n<p>Otro ajuste fue la <strong>Optimizaci\u00f3n del proceso de envasado<\/strong> se representa. Por ejemplo, se ha introducido una cola de tareas. Ahora se puede escanear, registrar y empaquetar cualquier n\u00famero de art\u00edculos. Todos los art\u00edculos escaneados durante el proceso de registro acaban en una cola de tareas y pueden ser reservados por un usuario al final sin solaparse.<\/p>\n<p>Y tambi\u00e9n el <strong>Optimizaci\u00f3n del proceso de devoluci\u00f3n<\/strong> en NAV. Las rutas de reserva se han acortado y, por tanto, optimizado. Las mercanc\u00edas pendientes de entrega pueden identificarse ahora m\u00e1s r\u00e1pidamente como mercanc\u00edas A o C, asignarse al almac\u00e9n correcto y, en caso necesario, reexpedirse.<\/p>\n<h2>Realizaci\u00f3n del proyecto<\/h2>\n<p>La optimizaci\u00f3n de los procesos de almac\u00e9n en el sistema Dynamics NAV se complet\u00f3 en 3 meses.<\/p>\n<p>Gracias a un planteamiento estructurado y a la buena cooperaci\u00f3n entre el cliente y el equipo de desarrollo, el proyecto se complet\u00f3 con \u00e9xito y a tiempo.<\/p>","protected":false},"excerpt":{"rendered":"<p>En nuestra serie de proyectos de referencia de bartolome r\u00f6der AG, hoy queremos hablarles del proceso de optimizaci\u00f3n de los procesos de almac\u00e9n de un cliente del negocio de venta por correo online. La empresa de comercio electr\u00f3nico tiene unos 300 empleados, de los cuales unos 100 trabajan diariamente con Dynamics NAV. El objetivo era optimizar los procesos de almac\u00e9n en el sistema ERP Microsoft Dynamics NAV 2013 debido [...]<\/p>","protected":false},"author":1,"featured_media":11484,"parent":8787,"menu_order":0,"comment_status":"closed","ping_status":"closed","template":"","meta":{"_seopress_robots_primary_cat":"","_seopress_titles_title":"Optimierung von Lagerprozessen mit Dynamics NAV","_seopress_titles_desc":"Effiziente Optimierung der Lagerprozesse mit Dynamics NAV f\u00fcr E-Commerce Wachstum. Entdecken Sie L\u00f6sungen f\u00fcr Wareneingang, Kommissionierung & Retouren.","_seopress_robots_index":"","footnotes":""},"categories":[52],"tags":[],"class_list":["post-5194","page","type-page","status-publish","has-post-thumbnail","hentry","category-referenzen"],"_links":{"self":[{"href":"https:\/\/navision-beratung.de\/es\/wp-json\/wp\/v2\/pages\/5194","targetHints":{"allow":["GET"]}}],"collection":[{"href":"https:\/\/navision-beratung.de\/es\/wp-json\/wp\/v2\/pages"}],"about":[{"href":"https:\/\/navision-beratung.de\/es\/wp-json\/wp\/v2\/types\/page"}],"author":[{"embeddable":true,"href":"https:\/\/navision-beratung.de\/es\/wp-json\/wp\/v2\/users\/1"}],"replies":[{"embeddable":true,"href":"https:\/\/navision-beratung.de\/es\/wp-json\/wp\/v2\/comments?post=5194"}],"version-history":[{"count":0,"href":"https:\/\/navision-beratung.de\/es\/wp-json\/wp\/v2\/pages\/5194\/revisions"}],"up":[{"embeddable":true,"href":"https:\/\/navision-beratung.de\/es\/wp-json\/wp\/v2\/pages\/8787"}],"wp:featuredmedia":[{"embeddable":true,"href":"https:\/\/navision-beratung.de\/es\/wp-json\/wp\/v2\/media\/11484"}],"wp:attachment":[{"href":"https:\/\/navision-beratung.de\/es\/wp-json\/wp\/v2\/media?parent=5194"}],"wp:term":[{"taxonomy":"category","embeddable":true,"href":"https:\/\/navision-beratung.de\/es\/wp-json\/wp\/v2\/categories?post=5194"},{"taxonomy":"post_tag","embeddable":true,"href":"https:\/\/navision-beratung.de\/es\/wp-json\/wp\/v2\/tags?post=5194"}],"curies":[{"name":"wp","href":"https:\/\/api.w.org\/{rel}","templated":true}]}}