{"id":5190,"date":"2019-04-17T11:15:19","date_gmt":"2019-04-17T11:15:19","guid":{"rendered":"https:\/\/navision-beratung.de\/?page_id=5190"},"modified":"2025-05-26T10:25:58","modified_gmt":"2025-05-26T08:25:58","slug":"referenzprojekte-der-br-ag-bioenergie-branche","status":"publish","type":"page","link":"https:\/\/navision-beratung.de\/es\/referenzen\/referenzprojekte-der-br-ag-bioenergie-branche\/","title":{"rendered":"Proyectos de referencia de br AG: Sector de la bioenerg\u00eda"},"content":{"rendered":"<p>Nuestro <strong>Proyecto de referencia<\/strong> de bartolome r\u00f6der AG, que nos gustar\u00eda presentarles como ejemplo, incluye la introducci\u00f3n de Microsoft Dynamics NAV 2016 en el <strong>Sector de la bioenerg\u00eda<\/strong>.<br \/>\nLa empresa, que explota grandes plantas de biog\u00e1s, emplea a unas 50 personas, 10 de las cuales son usuarios de Dynamics NAV.<\/p>\n<p>Con Dynamics NAV, se introdujo por primera vez un sistema ERP en la empresa despu\u00e9s de que los procesos empresariales diarios lo hicieran necesario, ya que el procesamiento manual hab\u00eda dejado de ser econ\u00f3mico y manejable. El objetivo antes de iniciar el proyecto era desarrollar una soluci\u00f3n industrial para el sector de las plantas de biog\u00e1s para la gesti\u00f3n estandarizada y automatizada de los procesos de compra y facturaci\u00f3n.<\/p>\n<h3><strong><u>Desaf\u00edo<\/u><\/strong><\/h3>\n<p>El reto de este proyecto resid\u00eda, por un lado, en las caracter\u00edsticas especiales del sistema de facturaci\u00f3n, ya que las obligaciones surgen en el curso de un procedimiento de nota de cr\u00e9dito y el proveedor no suele emitir una factura directa por las entregas de mercanc\u00edas. Por otro lado, la fijaci\u00f3n de precios est\u00e1 influida por muchos factores externos, que ten\u00edan que ser visibles y modificables a lo largo de toda la cadena de procesos.<\/p>\n<h3><strong><u>Lo m\u00e1s destacado del proyecto<\/u><\/strong><\/h3>\n<p>Los siguientes son ejemplos de la<strong> Aspectos destacados del proyecto<\/strong> presentarse.<\/p>\n<p>En <strong>Gesti\u00f3n de los contratos de cosecha<\/strong> con los proveedores de sustratos permite el env\u00edo automatizado de cartas para la encuesta anual de las zonas de cultivo.<\/p>\n<p>En el \u00e1mbito de la cartograf\u00eda y <strong>Gesti\u00f3n de parcelas<\/strong> Google Maps proporciona una visualizaci\u00f3n en Google Earth, que es una ayuda importante para los empleados a la hora de planificar las operaciones y la cosecha para optimizar las rutas.<\/p>\n<p>Adem\u00e1s, un <strong>Cosechar el sistema BANF<\/strong> que permite gestionar los contratos de cosecha con los agricultores. Por ejemplo, es posible registrar qu\u00e9 fruta proporciona el agricultor, en qu\u00e9 volumen y a qu\u00e9 precio.<br \/>\nA partir de las muestras de laboratorio tomadas de las entregas entrantes, se puede determinar la calidad y, de este modo, generar m\u00e1rgenes sobre el precio base en Dynamics NAV.<\/p>\n<p>Otra caracter\u00edstica es la <strong>Planificaci\u00f3n de la campa\u00f1a de la vendimia<\/strong> se representan. Por ejemplo, el periodo en el que se va a realizar la cosecha se determina en una fase temprana. Si tomamos el ejemplo de \"cosecha de hierba\" y el periodo 01.04.-30.04., la campa\u00f1a de cosecha de hierba se planifica con los agricultores especificados. A continuaci\u00f3n, se puede enviar una carta autom\u00e1tica desde Dynamics NAV a los agricultores en cuesti\u00f3n para solicitar la superficie. Los BANF pueden recuperarse de los contratos existentes con los agricultores. Inmediatamente se ve qu\u00e9 agricultores son elegibles. Los BANF sirven como objeto de planificaci\u00f3n. A partir del BANF se puede planificar la cantidad, por ejemplo, 2 hect\u00e1reas de hierba con la correspondiente cantidad planificada. Esto se almacena completamente en NAV.<br \/>\nVarios <strong>Servicios de recolecci\u00f3n<\/strong>Los servicios necesarios pueden planificarse y crearse como listas de piezas. Los pedidos se generan autom\u00e1ticamente desde NAV bas\u00e1ndose en estos planes de servicio. Desde el <strong>Planificaci\u00f3n del material<\/strong> Los pedidos de material los generan los agricultores.<\/p>\n<p>Otro aspecto destacado del proyecto fue la puesta en marcha de un <strong>interfaz gen\u00e9rica para la importaci\u00f3n de datos de pesaje<\/strong> de los sistemas de pesaje. De este modo, se registran las entregas de los agricultores o proveedores de servicios y los pesajes pueden importarse a una hoja de registro de pesaje en Dynamics NAV. Un pesaje puede asignarse autom\u00e1ticamente a un pedido mediante un n\u00famero de referencia. Las muestras de laboratorio mencionadas anteriormente tambi\u00e9n est\u00e1n vinculadas a estos n\u00fameros de referencia. La base de datos externa del laboratorio est\u00e1 vinculada a Dynamics NAV para que los valores puedan asignarse directamente.<\/p>\n<h2><strong><u>Realizaci\u00f3n del proyecto<\/u><\/strong><\/h2>\n<p>El proyecto se realiz\u00f3 en un plazo de cinco meses. Dynamics NAV se implant\u00f3 como prototipo utilizando un enfoque iterativo y las funciones necesarias se fueron a\u00f1adiendo gradualmente.<\/p>","protected":false},"excerpt":{"rendered":"<p>El proyecto de referencia de hoy de bartolome r\u00f6der AG, que nos gustar\u00eda presentarle como ejemplo, implica la introducci\u00f3n de Microsoft Dynamics NAV 2016 en el sector de la bioenerg\u00eda. La empresa, que opera grandes plantas de biog\u00e1s, emplea a unas 50 personas, 10 de las cuales son usuarios de Dynamics NAV. Con Dynamics NAV, se introdujo por primera vez en la empresa un proceso ERP despu\u00e9s de que los procesos empresariales diarios [...].<\/p>","protected":false},"author":1,"featured_media":11826,"parent":8787,"menu_order":0,"comment_status":"closed","ping_status":"closed","template":"","meta":{"_seopress_robots_primary_cat":"","_seopress_titles_title":"ERP-L\u00f6sung in Biogas: Effizienz mit Dynamics NAV","_seopress_titles_desc":"Optimieren Sie Ihre Bioenergieprozesse mit Microsoft Dynamics NAV 2016. Entdecken Sie innovative L\u00f6sungen f\u00fcr effiziente Gesch\u00e4ftsabl\u00e4ufe im Biogasanlagenbetrieb.","_seopress_robots_index":"","footnotes":""},"categories":[52],"tags":[],"class_list":["post-5190","page","type-page","status-publish","has-post-thumbnail","hentry","category-referenzen"],"_links":{"self":[{"href":"https:\/\/navision-beratung.de\/es\/wp-json\/wp\/v2\/pages\/5190","targetHints":{"allow":["GET"]}}],"collection":[{"href":"https:\/\/navision-beratung.de\/es\/wp-json\/wp\/v2\/pages"}],"about":[{"href":"https:\/\/navision-beratung.de\/es\/wp-json\/wp\/v2\/types\/page"}],"author":[{"embeddable":true,"href":"https:\/\/navision-beratung.de\/es\/wp-json\/wp\/v2\/users\/1"}],"replies":[{"embeddable":true,"href":"https:\/\/navision-beratung.de\/es\/wp-json\/wp\/v2\/comments?post=5190"}],"version-history":[{"count":0,"href":"https:\/\/navision-beratung.de\/es\/wp-json\/wp\/v2\/pages\/5190\/revisions"}],"up":[{"embeddable":true,"href":"https:\/\/navision-beratung.de\/es\/wp-json\/wp\/v2\/pages\/8787"}],"wp:featuredmedia":[{"embeddable":true,"href":"https:\/\/navision-beratung.de\/es\/wp-json\/wp\/v2\/media\/11826"}],"wp:attachment":[{"href":"https:\/\/navision-beratung.de\/es\/wp-json\/wp\/v2\/media?parent=5190"}],"wp:term":[{"taxonomy":"category","embeddable":true,"href":"https:\/\/navision-beratung.de\/es\/wp-json\/wp\/v2\/categories?post=5190"},{"taxonomy":"post_tag","embeddable":true,"href":"https:\/\/navision-beratung.de\/es\/wp-json\/wp\/v2\/tags?post=5190"}],"curies":[{"name":"wp","href":"https:\/\/api.w.org\/{rel}","templated":true}]}}