{"id":5188,"date":"2019-04-17T11:14:43","date_gmt":"2019-04-17T11:14:43","guid":{"rendered":"https:\/\/navision-beratung.de\/?page_id=5188"},"modified":"2025-05-26T10:21:55","modified_gmt":"2025-05-26T08:21:55","slug":"referenzprojekte-der-bartolome-roeder-ag-baubranche","status":"publish","type":"page","link":"https:\/\/navision-beratung.de\/es\/referenzen\/referenzprojekte-der-bartolome-roeder-ag-baubranche\/","title":{"rendered":"Proyectos de referencia de bartolome r\u00f6der AG: Industria de la construcci\u00f3n"},"content":{"rendered":"<p>La empresa cuenta actualmente con unos 250 empleados, de los cuales unos 25 son usuarios de Microsoft Dynamics NAV. El objetivo se defini\u00f3 de antemano: sustituir el entorno de procesos AS\/400, que hac\u00eda un uso intensivo de interfaces, y transferirlo a un entorno de procesos homog\u00e9neo. Las siguientes cinco divisiones de la empresa se vieron afectadas por el cambio a Microsoft Dynamics NAV:<\/p>\n<ul>\n<li><strong>Controlar<\/strong> con la contabilidad de centros de coste y la contabilidad de unidades de coste<\/li>\n<li><strong>Contabilidad financiera<\/strong> con el libro mayor, el libro de deudores, el libro de acreedores, el libro de activos y el flujo de caja<\/li>\n<li><strong>Compras<\/strong> con el procesamiento de pedidos y el flujo de trabajo de verificaci\u00f3n de facturas recibidas<\/li>\n<li><strong>Venta<\/strong>que inclu\u00eda la entrada de pedidos, la tramitaci\u00f3n de anticipos y la facturaci\u00f3n<\/li>\n<li><strong>Sistema de proyectos<\/strong>que contiene las especificaciones del servicio y el diario de construcci\u00f3n<\/li>\n<\/ul>\n<h2><strong><u>Lo m\u00e1s destacado del proyecto<\/u><\/strong><\/h2>\n<p><strong>Aspectos destacados del proyecto<\/strong> fueron la presentaci\u00f3n en el sistema de la tramitaci\u00f3n del anticipo y el diario de obras.<\/p>\n<p>\u00bfQu\u00e9 <strong>Tramitaci\u00f3n del anticipo<\/strong> En cuanto a la factura, deber\u00eda ser posible crear cualquier n\u00famero de facturas de anticipo a partir de cualquier n\u00famero de pedidos de clientes u \u00f3rdenes de compra, tanto en el lado saliente como en el entrante, que luego deber\u00edan desembocar en una factura final al final.<br \/>\nPor lo tanto, se implement\u00f3 el procesamiento de anticipos entre documentos.<\/p>\n<p>Otro reto era la <strong>Diario del edificio<\/strong>que incluye el registro de eventos durante la realizaci\u00f3n de un proyecto con la opci\u00f3n de crear diversos formularios\/documentos. De este modo, eventos como los mensajes de aver\u00eda o los mensajes de cambio pueden utilizarse durante la fase de proyecto, por ejemplo, para preparar presupuestos.<br \/>\nEl diario de la construcci\u00f3n consta de dos componentes:<br \/>\n1. el propio diario de obras para registrar acontecimientos como servicios adicionales, interrupciones, cambios en el proceso de construcci\u00f3n, etc.<br \/>\n2. gesti\u00f3n del seguimiento, que se utiliza para gestionar los documentos y formularios de los respectivos incidentes. El contenido de estos documentos puede ser, por ejemplo, la duraci\u00f3n de un incidente, el tipo de incidente, comentarios, notas sobre ofertas ya recibidas, autorizaciones y mucho m\u00e1s.<\/p>\n<h2><strong><u>Realizaci\u00f3n del proyecto<\/u><\/strong><\/h2>\n<p>El proyecto se realiz\u00f3 en un ajustado plazo de cuatro meses, desde la puesta en marcha hasta la entrada en funcionamiento. Tras la puesta en marcha, se introdujeron mejoras continuas en el sistema y se optimizaron los procesos.<\/p>\n<p>El cliente puede basarse ahora en un entorno de procesos personalizado que ha optimizado y acelerado los procesos de trabajo diarios.<\/p>","protected":false},"excerpt":{"rendered":"<p>La empresa cuenta actualmente con unos 250 empleados, de los cuales unos 25 son usuarios de Microsoft Dynamics NAV. El objetivo se defini\u00f3 de antemano: sustituir el entorno de procesos AS\/400, que hac\u00eda un uso intensivo de interfaces, y transferirlo a un entorno de procesos homog\u00e9neo. Las siguientes cinco divisiones de la empresa se vieron afectadas por el cambio a Microsoft Dynamics NAV: Controlling con contabilidad de centros de coste y contabilidad de unidades de coste Contabilidad financiera con libro mayor, libro de deudores, libro de acreedores, [...]<\/p>","protected":false},"author":1,"featured_media":11518,"parent":8787,"menu_order":0,"comment_status":"closed","ping_status":"closed","template":"","meta":{"_seopress_robots_primary_cat":"","_seopress_titles_title":"Effiziente Prozessoptimierung mit Dynamics NAV","_seopress_titles_desc":"Optimieren Sie Gesch\u00e4ftsprozesse mit individueller Microsoft Dynamics NAV L\u00f6sung: Nahtlose Integration, effiziente Anzahlungsabwicklung und Bautagebuch.","_seopress_robots_index":"","footnotes":""},"categories":[52],"tags":[],"class_list":["post-5188","page","type-page","status-publish","has-post-thumbnail","hentry","category-referenzen"],"_links":{"self":[{"href":"https:\/\/navision-beratung.de\/es\/wp-json\/wp\/v2\/pages\/5188","targetHints":{"allow":["GET"]}}],"collection":[{"href":"https:\/\/navision-beratung.de\/es\/wp-json\/wp\/v2\/pages"}],"about":[{"href":"https:\/\/navision-beratung.de\/es\/wp-json\/wp\/v2\/types\/page"}],"author":[{"embeddable":true,"href":"https:\/\/navision-beratung.de\/es\/wp-json\/wp\/v2\/users\/1"}],"replies":[{"embeddable":true,"href":"https:\/\/navision-beratung.de\/es\/wp-json\/wp\/v2\/comments?post=5188"}],"version-history":[{"count":0,"href":"https:\/\/navision-beratung.de\/es\/wp-json\/wp\/v2\/pages\/5188\/revisions"}],"up":[{"embeddable":true,"href":"https:\/\/navision-beratung.de\/es\/wp-json\/wp\/v2\/pages\/8787"}],"wp:featuredmedia":[{"embeddable":true,"href":"https:\/\/navision-beratung.de\/es\/wp-json\/wp\/v2\/media\/11518"}],"wp:attachment":[{"href":"https:\/\/navision-beratung.de\/es\/wp-json\/wp\/v2\/media?parent=5188"}],"wp:term":[{"taxonomy":"category","embeddable":true,"href":"https:\/\/navision-beratung.de\/es\/wp-json\/wp\/v2\/categories?post=5188"},{"taxonomy":"post_tag","embeddable":true,"href":"https:\/\/navision-beratung.de\/es\/wp-json\/wp\/v2\/tags?post=5188"}],"curies":[{"name":"wp","href":"https:\/\/api.w.org\/{rel}","templated":true}]}}