{"id":49,"date":"2014-10-23T10:00:14","date_gmt":"2014-10-23T10:00:14","guid":{"rendered":"http:\/\/navisionberatung.apps-1and1.net\/?page_id=49"},"modified":"2025-05-22T12:32:48","modified_gmt":"2025-05-22T10:32:48","slug":"mobile-apps-und-nav","status":"publish","type":"page","link":"https:\/\/navision-beratung.de\/es\/mobile-apps-und-nav\/","title":{"rendered":"Aplicaciones m\u00f3viles y Dynamics NAV"},"content":{"rendered":"<div data-elementor-type=\"wp-page\" data-elementor-id=\"49\" class=\"elementor elementor-49\" data-elementor-post-type=\"page\">\n\t\t\t\t<div class=\"elementor-element elementor-element-32052a89 e-flex e-con-boxed e-con e-parent\" data-id=\"32052a89\" data-element_type=\"container\">\n\t\t\t\t\t<div class=\"e-con-inner\">\n\t\t\t\t<div class=\"elementor-element elementor-element-6839f251 elementor-widget elementor-widget-text-editor\" data-id=\"6839f251\" data-element_type=\"widget\" data-widget_type=\"text-editor.default\">\n\t\t\t\t\t\t\t\t\t<ul class=\"slides\">\n \t<li class=\"slider-668 slide-669 ms-layer\" style=\"display: block; float: left;\"><img fetchpriority=\"high\" decoding=\"async\" class=\"msDefaultImage\" src=\"http:\/\/navision-beratung.de\/wp-content\/uploads\/2014\/11\/Mobile_02.png\" alt=\"\" width=\"754\" height=\"327\" \/><span style=\"font-size: 1.5em;\"><span style=\"font-family: verdana,geneva,sans-serif;\">Soluciones m\u00f3viles al\n\u00a1al m\u00e1s alto nivel!<\/span><\/span>\n\n<span style=\"font-family: verdana,geneva,sans-serif;\"><span style=\"font-size: 1em;\">Con nosotros, tiene el contacto\npara su aplicaci\u00f3n ERP.<\/span><\/span>\n\n<a class=\"LinkWhite\" href=\"http:\/\/navision-beratung.de\/es\/kontakt\/\"><span style=\"font-size: 1em;\"><span style=\"font-family: verdana,geneva,sans-serif;\">P\u00f3ngase en contacto con nosotros<\/span><\/span><\/a><\/li>\n<\/ul>\n<script type=\"text\/javascript\">\n        var metaslider_668 = function($) {\n            $('#metaslider_668').addClass('flexslider'); \/\/ theme\/plugin conflict avoidance\n            $('#metaslider_668').flexslider({ \n                slideshowSpeed:3000,\n                animation:\"fade\",\n                controlNav:false,\n                directionNav:false,\n                pauseOnHover:true,\n                direction:\"horizontal\",\n                reverse:false,\n                animationSpeed:600,\n                prevText:\"&lt;\",\n                nextText:\"&gt;\",\n                slideshow:true,\n                before: function(slider) {\n                    $('li:not(\".flex-active-slide\") .animated', slider).not('.disabled').each(function(index) {\n                        var el = $(this);\n                        var cloned = el.clone();\n                        el.before(cloned);\n                        $(this).remove();\n                    });\n                }\n            });            \n            jQuery(window).resize(function(){\n               jQuery('#metaslider_668').metaslider_scale_layers({\n                   downscale_only: false,\n                   orig_width: 754\n               });\n            });\n            jQuery('#metaslider_668').metaslider_scale_layers({\n                downscale_only: false,\n                orig_width: 754\n            });\n\n            jQuery('#metaslider_668 .msHtmlOverlay .layer[data-link], #metaslider_668 .msHtmlOverlay[data-link]').each(function() {\n                var layer = jQuery(this);\n\n                layer.css('cursor', 'pointer').on('click', function() {\n                    window.open(layer.attr('data-link'), layer.attr('data-target'));\n                });\n            });\n        };\n        var timer_metaslider_668 = function() {\n            var slider = !window.jQuery ? window.setTimeout(timer_metaslider_668, 100) : !jQuery.isReady ? window.setTimeout(timer_metaslider_668, 1) : metaslider_668(window.jQuery);\n        };\n        timer_metaslider_668();\n    <\/script>\n\n<!--\/\/ meta slider-->\n<h3 class=\"widget-title\">Hacemos que sus aplicaciones empresariales sean m\u00f3viles<\/h3>\nAutorice las solicitudes de compra con un solo clic, permita que sus clientes inicien el reaprovisionamiento mediante escaneado y ahorre costes en la entrada de pedidos.\n\nYa sea como soluci\u00f3n propia en iOS, Android o Windows o independiente de la plataforma en un dise\u00f1o adaptable con AngularJS, siempre tenemos la soluci\u00f3n adecuada para sus necesidades.\n<h3 class=\"widget-title\"><a title=\"@Mobile NAV - entrada inteligente de pedidos\" href=\"http:\/\/navision-beratung.de\/es\/mobile-apps-und-nav\/nav-smart-order-entry\/\">@Mobile NAV - entrada inteligente de pedidos<\/a><\/h3>\n<img decoding=\"async\" class=\"attachment-featured wp-post-image\" title=\"@Mobile NAV - entrada inteligente de pedidos\" src=\"http:\/\/navision-beratung.de\/wp-content\/uploads\/2014\/12\/NAV_smartOrderEntry2.png\" alt=\"@Mobile NAV \u2013 smart order entry\" width=\"345\" height=\"200\" \/>\n\nDos objetivos, una soluci\u00f3n: los pedidos (repetidos) basados en c\u00f3digos QR se transfieren directamente al\ntransferidos directamente al ERP a trav\u00e9s de una aplicaci\u00f3n m\u00f3vil, donde se convierten autom\u00e1ticamente en un pedido.\nYa no es necesaria la tediosa introducci\u00f3n manual de los pedidos....\n\n<a class=\"read-more\" href=\"http:\/\/navision-beratung.de\/es\/mobile-apps-und-nav\/nav-smart-order-entry\/\">Seguir leyendo<\/a>\n<h3 class=\"widget-title\"><a title=\"@NAV - dynamics2i\" href=\"http:\/\/navision-beratung.de\/es\/mobile-apps-und-nav\/nav-dynamics2i\/\">@NAV - dynamics2i<\/a><\/h3>\n<img decoding=\"async\" class=\"attachment-featured wp-post-image\" title=\"@NAV - dynamics2i\" src=\"http:\/\/navision-beratung.de\/wp-content\/uploads\/2014\/12\/NAV_dynamics2i.png\" alt=\"@NAV \u2013 dynamics2i\" width=\"345\" height=\"200\" \/>\n\n@NAV-dynamics2i crea una conexi\u00f3n directa desde tel\u00e9fonos inteligentes (Android, IO\/S, Windows Phone) a la suite ERP. La soluci\u00f3n ofrece a los usuarios acceso en l\u00ednea a los datos en tiempo real de su sistema ERP a trav\u00e9s del dispositivo m\u00f3vil.\nCaracter\u00edsticas de un vistazo....\n\n<a class=\"read-more\" href=\"http:\/\/navision-beratung.de\/es\/mobile-apps-und-nav\/nav-dynamics2i\/\">Seguir leyendo<\/a>\n<h3 class=\"widget-title\"><a title=\"@NAV - eBANF\" href=\"http:\/\/navision-beratung.de\/es\/mobile-apps-und-nav\/nav-ebanf\/\">@NAV - eBANF<\/a><\/h3>\n<img loading=\"lazy\" decoding=\"async\" class=\"attachment-featured wp-post-image\" title=\"@NAV - eBANF\" src=\"http:\/\/navision-beratung.de\/wp-content\/uploads\/2014\/12\/NAV_eBANF.png\" alt=\"@NAV \u2013 eBANF\" width=\"345\" height=\"200\" \/>\n\nCon @NAV - eBANF, el proceso de contrataci\u00f3n puede ser pr\u00e1cticamente automatizado, eficiente y, sobre todo, transparente. Adem\u00e1s, el procedimiento de autorizaci\u00f3n electr\u00f3nica ayuda a controlar el flujo interno de documentos de BANF espec\u00edficamente seg\u00fan la clasificaci\u00f3n de BANF (por ejemplo, IT BANF).\nDe este modo, todos los procesos t\u00e9cnicos y comerciales pueden gestionarse con Microsoft Dynamics\u2122 NAV (Navision) ....\n\n<a class=\"read-more\" href=\"http:\/\/navision-beratung.de\/es\/mobile-apps-und-nav\/nav-ebanf\/\">Seguir leyendo<\/a>\n<h3 class=\"widget-title\"><a title=\"@NAV - Almac\u00e9n m\u00f3vil\" href=\"http:\/\/navision-beratung.de\/es\/mobile-apps-und-nav\/nav-mobile-warehouse\/\">@NAV - Almac\u00e9n m\u00f3vil<\/a><\/h3>\n<img loading=\"lazy\" decoding=\"async\" class=\"attachment-featured wp-post-image\" title=\"@NAV - Almac\u00e9n m\u00f3vil\" src=\"http:\/\/navision-beratung.de\/wp-content\/uploads\/2014\/12\/NAV_MobileWarehouse1.png\" alt=\"@NAV \u2013 Mobile Warehouse\" width=\"345\" height=\"200\" \/>\n\nEl producto @NAV - Mobile Warehouse es una soluci\u00f3n ERP m\u00f3vil totalmente integrada en el sistema principal de la oficina. Puede acceder a todos los datos y funcionalidades de sus procesos de almac\u00e9n a trav\u00e9s del dispositivo m\u00f3vil....\n\n<a class=\"read-more\" href=\"http:\/\/navision-beratung.de\/es\/mobile-apps-und-nav\/nav-mobile-warehouse\/\">Seguir leyendo<\/a>\n\n<a href=\"http:\/\/navision-beratung.de\/wp-content\/uploads\/2015\/01\/Schmitt.png\"><img loading=\"lazy\" decoding=\"async\" class=\"size-full wp-image-1019 alignleft\" src=\"http:\/\/navision-beratung.de\/wp-content\/uploads\/2015\/01\/Schmitt.png\" alt=\"Schmitt\" width=\"192\" height=\"186\" \/><\/a><script>\twp_cta_load_variation( '1380', '0', '1' )<\/script>\n\n<style type=\"text\/css\" id=\"wp_cta_css_custom_1380_0\" class=\"wp_cta_css_1380\"> <\/style>\n\n<script type=\"text\/javascript\">jQuery(document).ready(function($) {\n\t\t\t\t\t });<\/script>\n\nIntroduzca aqu\u00ed el contenido de su llamada a la acci\u00f3n.\t\t\t\t\t\t\t\t<\/div>\n\t\t\t\t\t<\/div>\n\t\t\t\t<\/div>\n\t\t\t\t<\/div>","protected":false},"excerpt":{"rendered":"<p>Mobile L\u00f6sungen auf h\u00f6chstem Niveau! Mit uns haben Sie den richtigen Ansprechpartner f\u00fcr Ihre ERP-App.<\/p>\n<p>Ob als propriet\u00e4re L\u00f6sung auf iOS, Android oder Windows oder etwa plattformun-abh\u00e4ngig im responsive Design mit AngularJS \u2013 wir haben immer die richtige L\u00f6sung f\u00fcr Ihre Bed\u00fcrfnisse.<\/p>","protected":false},"author":1,"featured_media":171,"parent":0,"menu_order":0,"comment_status":"closed","ping_status":"closed","template":"","meta":{"_seopress_robots_primary_cat":"","_seopress_titles_title":"Mobile ERP-L\u00f6sungen: Ihr Schl\u00fcssel zur Effizienz","_seopress_titles_desc":"Optimieren Sie Gesch\u00e4ftsprozesse mit unserer ERP-App. Mobile L\u00f6sungen f\u00fcr iOS, Android & Windows. Kontaktieren Sie uns, um Kosten zu sparen!","_seopress_robots_index":"","footnotes":""},"categories":[],"tags":[],"class_list":["post-49","page","type-page","status-publish","has-post-thumbnail","hentry"],"_links":{"self":[{"href":"https:\/\/navision-beratung.de\/es\/wp-json\/wp\/v2\/pages\/49","targetHints":{"allow":["GET"]}}],"collection":[{"href":"https:\/\/navision-beratung.de\/es\/wp-json\/wp\/v2\/pages"}],"about":[{"href":"https:\/\/navision-beratung.de\/es\/wp-json\/wp\/v2\/types\/page"}],"author":[{"embeddable":true,"href":"https:\/\/navision-beratung.de\/es\/wp-json\/wp\/v2\/users\/1"}],"replies":[{"embeddable":true,"href":"https:\/\/navision-beratung.de\/es\/wp-json\/wp\/v2\/comments?post=49"}],"version-history":[{"count":0,"href":"https:\/\/navision-beratung.de\/es\/wp-json\/wp\/v2\/pages\/49\/revisions"}],"wp:featuredmedia":[{"embeddable":true,"href":"https:\/\/navision-beratung.de\/es\/wp-json\/wp\/v2\/media\/171"}],"wp:attachment":[{"href":"https:\/\/navision-beratung.de\/es\/wp-json\/wp\/v2\/media?parent=49"}],"wp:term":[{"taxonomy":"category","embeddable":true,"href":"https:\/\/navision-beratung.de\/es\/wp-json\/wp\/v2\/categories?post=49"},{"taxonomy":"post_tag","embeddable":true,"href":"https:\/\/navision-beratung.de\/es\/wp-json\/wp\/v2\/tags?post=49"}],"curies":[{"name":"wp","href":"https:\/\/api.w.org\/{rel}","templated":true}]}}