{"id":3244,"date":"2017-12-20T10:04:30","date_gmt":"2017-12-20T10:04:30","guid":{"rendered":"http:\/\/navision-beratung.de\/?page_id=3244"},"modified":"2025-05-24T10:13:15","modified_gmt":"2025-05-24T08:13:15","slug":"dynamics-nav-2018","status":"publish","type":"page","link":"https:\/\/navision-beratung.de\/es\/ueberpruefen\/dynamics-nav-2018\/","title":{"rendered":"Dynamics NAV 2018"},"content":{"rendered":"<p><img alt=\"\" fetchpriority=\"high\" decoding=\"async\" class=\"alignnone wp-image-3296 size-full\" src=\"https:\/\/navision-beratung.de\/wp-content\/uploads\/2018\/01\/Dynamics_NAV_2018.png\" width=\"785\" height=\"200\" srcset=\"https:\/\/navision-beratung.de\/wp-content\/uploads\/2018\/01\/Dynamics_NAV_2018.png 785w, https:\/\/navision-beratung.de\/wp-content\/uploads\/2018\/01\/Dynamics_NAV_2018-300x76.png 300w, https:\/\/navision-beratung.de\/wp-content\/uploads\/2018\/01\/Dynamics_NAV_2018-768x196.png 768w\" sizes=\"(max-width: 785px) 100vw, 785px\" \/><\/p>\n<p>La nueva versi\u00f3n de la probada soluci\u00f3n ERP, Microsoft Dynamics NAV 2018, est\u00e1 disponible desde principios de diciembre.<br \/>\nDynamics NAV 2018 viene con mejoras en las funcionalidades principales, muchas innovaciones y caracter\u00edsticas interesantes. Por ejemplo, se ha mejorado a\u00fan m\u00e1s la integraci\u00f3n de Office 365 (\"Common Data Service\" y la opci\u00f3n de editar hojas de libro en Excel). Tambi\u00e9n se han realizado optimizaciones en el cliente web y en su apariencia.<\/p>\n<h2>Estas son las nuevas caracter\u00edsticas de Microsoft Dynamics NAV 2018<\/h2>\n<ul>\n<li>Asistencia completa para la instalaci\u00f3n y configuraci\u00f3n con varios asistentes de instalaci\u00f3n<\/li>\n<li>Las opciones de configuraci\u00f3n centralizada simplifican la creaci\u00f3n de nuevos clientes<\/li>\n<li>Profunda integraci\u00f3n de Office 365 mediante el uso de \"Common Data Service\" (plataforma de datos para el intercambio de aplicaciones, apps y servicios empresariales de Microsoft).<\/li>\n<li><a href=\"http:\/\/navision-beratung.de\/es\/microsoft-dynamics-nav-2018-mitarbeiterbuchungsblaetter\/\">Hojas de registro de empleados<\/a>Adem\u00e1s de los acreedores y deudores, ahora tambi\u00e9n se pueden seleccionar empleados en las hojas de contabilizaci\u00f3n. Esta funci\u00f3n se utiliza, por ejemplo, para el pago de gastos de viaje.<\/li>\n<li>Listas de tareas: de forma similar a Outlook, se pueden crear listas de tareas. Estas pueden referirse a determinadas tareas espec\u00edficas del ERP o estar vinculadas a p\u00e1ginas o informes definidos.<\/li>\n<li>Las operaciones entre empresas automatizadas pueden acelerar considerablemente los procesos de contabilizaci\u00f3n entre empresas.<\/li>\n<\/ul>\n<p>[wpdm_package id='3300\u2032]<\/p>\n<div class=\"ebd-box\">\n<div class=\"ebd-box-content\"><span class=\"ebd-box-title\">Solicitar un folleto<\/span><br \/>\nIntroduzca su nombre y direcci\u00f3n de correo electr\u00f3nico. En breve recibir\u00e1 un correo electr\u00f3nico con el enlace de descarga.<br \/>\n[email-download download_id=\"3304\u2033 contact_form_id=\"3302\u2033]<\/div>\n<\/div>\n<h2>Dynamics NAV - \u00bfQu\u00e9 es lo pr\u00f3ximo?<\/h2>\n<p>Est\u00e1 previsto que en la primavera de 2018 se lancen otras dos versiones: Una soluci\u00f3n local que incluye todas las funcionalidades de NAV y una versi\u00f3n basada en la nube que se divide en diferentes \u00e1reas funcionales.<\/p>\n<h2>\u00bfTiene alguna pregunta?<\/h2>\n<p>Si desea m\u00e1s informaci\u00f3n sobre <a href=\"http:\/\/navision-beratung.de\/es\/microsoft-dynamics-nav\/\">Microsoft Dynamics NAV<\/a> p\u00f3ngase en contacto con nosotros en el +49 (89) 21 111 848 o por correo electr\u00f3nico a <a href=\"mailto:vertrieb@br-ag.com\">vertrieb@br-ag.com<\/a>.<\/p>\n<p>&nbsp;<\/p>","protected":false},"excerpt":{"rendered":"<p>Seit Anfang Dezember ist die neue Version der bew\u00e4hrten ERP-L\u00f6sung, Microsoft Dynamics NAV 2018 verf\u00fcgbar. Dynamics NAV 2018 kommt mit Verbesserungen der Kernfunktionalit\u00e4ten, vielen Neuerungen und spannenden Features. So wurde beispielsweise die Integration von Office 365 (\u201eCommon Data Service\u201c und die M\u00f6glichkeit zur Bearbeitung von Buch.-Bl\u00e4ttern in Excel) noch weiter verst\u00e4rkt. Aber auch am Web [&hellip;]<\/p>","protected":false},"author":1,"featured_media":3197,"parent":10710,"menu_order":0,"comment_status":"closed","ping_status":"closed","template":"","meta":{"_seopress_robots_primary_cat":"","_seopress_titles_title":"Neue Features: Microsoft Dynamics NAV 2018","_seopress_titles_desc":"Erleben Sie erweiterte Integration mit Office 365 und verbesserte Funktionen im Dynamics NAV 2018. Optimierte Benutzbarkeit und innovative L\u00f6sungen warten.","_seopress_robots_index":"","footnotes":""},"categories":[],"tags":[],"class_list":["post-3244","page","type-page","status-publish","has-post-thumbnail","hentry"],"_links":{"self":[{"href":"https:\/\/navision-beratung.de\/es\/wp-json\/wp\/v2\/pages\/3244","targetHints":{"allow":["GET"]}}],"collection":[{"href":"https:\/\/navision-beratung.de\/es\/wp-json\/wp\/v2\/pages"}],"about":[{"href":"https:\/\/navision-beratung.de\/es\/wp-json\/wp\/v2\/types\/page"}],"author":[{"embeddable":true,"href":"https:\/\/navision-beratung.de\/es\/wp-json\/wp\/v2\/users\/1"}],"replies":[{"embeddable":true,"href":"https:\/\/navision-beratung.de\/es\/wp-json\/wp\/v2\/comments?post=3244"}],"version-history":[{"count":0,"href":"https:\/\/navision-beratung.de\/es\/wp-json\/wp\/v2\/pages\/3244\/revisions"}],"up":[{"embeddable":true,"href":"https:\/\/navision-beratung.de\/es\/wp-json\/wp\/v2\/pages\/10710"}],"wp:featuredmedia":[{"embeddable":true,"href":"https:\/\/navision-beratung.de\/es\/wp-json\/wp\/v2\/media\/3197"}],"wp:attachment":[{"href":"https:\/\/navision-beratung.de\/es\/wp-json\/wp\/v2\/media?parent=3244"}],"wp:term":[{"taxonomy":"category","embeddable":true,"href":"https:\/\/navision-beratung.de\/es\/wp-json\/wp\/v2\/categories?post=3244"},{"taxonomy":"post_tag","embeddable":true,"href":"https:\/\/navision-beratung.de\/es\/wp-json\/wp\/v2\/tags?post=3244"}],"curies":[{"name":"wp","href":"https:\/\/api.w.org\/{rel}","templated":true}]}}