{"id":2920,"date":"2017-03-09T10:57:42","date_gmt":"2017-03-09T10:57:42","guid":{"rendered":"http:\/\/navision-beratung.de\/?page_id=2920"},"modified":"2025-05-24T10:13:15","modified_gmt":"2025-05-24T08:13:15","slug":"artikelattribute-und-kategorien-in-nav-2017","status":"publish","type":"page","link":"https:\/\/navision-beratung.de\/es\/ueberpruefen\/artikelattribute-und-kategorien-in-nav-2017\/","title":{"rendered":"NAV 2017: Attribute und Kategorien f\u00fcr Artikel"},"content":{"rendered":"<h1><img alt=\"\" fetchpriority=\"high\" decoding=\"async\" class=\"alignnone size-full wp-image-2928\" src=\"http:\/\/navision-beratung.de\/wp-content\/uploads\/2017\/03\/NAV_2017Artikelattribute.png\" width=\"717\" height=\"230\" srcset=\"https:\/\/navision-beratung.de\/wp-content\/uploads\/2017\/03\/NAV_2017Artikelattribute.png 717w, https:\/\/navision-beratung.de\/wp-content\/uploads\/2017\/03\/NAV_2017Artikelattribute-300x96.png 300w\" sizes=\"(max-width: 717px) 100vw, 717px\" \/><\/h1>\n<h1>Atributos y categor\u00edas de art\u00edculos, as\u00ed como lista de art\u00edculos ilustrada en NAV 2017.<\/h1>\n<p>Nos gustar\u00eda mostrarle c\u00f3mo puede estructurar y categorizar mejor su gama de productos con Microsoft Dynamics NAV. La versi\u00f3n 2017 ofrece grandes innovaciones en la versi\u00f3n est\u00e1ndar.<\/p>\n<h2>Atributos de los art\u00edculos<\/h2>\n<p>Los nuevos atributos de art\u00edculo permiten clasificar individualmente los datos maestros de los art\u00edculos en funci\u00f3n de los criterios especificados. Propiedades como el tama\u00f1o o las propiedades del material pueden asignarse de forma muy sencilla.<\/p>\n<p>Tambi\u00e9n es posible realizar asignaciones m\u00faltiples. Esto simplifica la introducci\u00f3n y adici\u00f3n de art\u00edculos a pedidos de cliente y pedidos de compra existentes.<\/p>\n<p>En funci\u00f3n de los deseos del cliente, los atributos pueden crearse y utilizarse individualmente para distintas \u00e1reas de la empresa.<\/p>\n<h2>Categor\u00edas de art\u00edculos<\/h2>\n<p>Tambi\u00e9n son nuevas en Microsoft Dynamics NAV 2017 las funciones de <strong>Categor\u00edas de art\u00edculos<\/strong> con un nivel principal y varios niveles jer\u00e1rquicos, que permiten una ordenaci\u00f3n jer\u00e1rquica de los art\u00edculos. Puede seleccionar libremente las categor\u00edas.<\/p>\n<p>Por ejemplo, puede derivar diferentes art\u00edculos de un modelo.<\/p>\n<p>La principal ventaja del <strong>Atributos y categor\u00edas de los art\u00edculos<\/strong> es, por tanto, la transparencia y claridad de sus art\u00edculos.<\/p>\n<p>Tambi\u00e9n le permite analizar su gama de productos seg\u00fan categor\u00edas o atributos definidos por usted. As\u00ed tendr\u00e1 una visi\u00f3n general de las cifras de ventas y del volumen de negocio de cada producto.<\/p>\n<h2>Funci\u00f3n de b\u00fasqueda y filtro<\/h2>\n<p>Y la funci\u00f3n de b\u00fasqueda y filtro ofrece una ventaja significativa en la aplicaci\u00f3n.<\/p>\n<h2>Lista de art\u00edculos ilustrada<\/h2>\n<p>Microsoft Dynamics NAV 2017 le ofrece una presentaci\u00f3n visualmente atractiva de su cat\u00e1logo de productos con la opci\u00f3n de a\u00f1adir im\u00e1genes de producto adecuadas a sus art\u00edculos. De forma similar a la ilustraci\u00f3n en una tienda web, puede mostrar las im\u00e1genes en diferentes tama\u00f1os y obtener as\u00ed una presentaci\u00f3n muy clara de su gama de productos. Se pueden guardar varios gr\u00e1ficos en un mismo maestro de art\u00edculos. Tambi\u00e9n puede seleccionar una vista en la que se muestre directamente la imagen adecuada para el art\u00edculo. Esto le facilita mucho la b\u00fasqueda de un art\u00edculo y le ahorra mucho tiempo.<\/p>\n<p>&nbsp;<\/p>\n<p>\u00bfDesea obtener m\u00e1s informaci\u00f3n sobre Dynamics NAV 2017? Encontrar\u00e1 un resumen de las innovaciones m\u00e1s importantes <a href=\"http:\/\/navision-beratung.de\/es\/microsoft-dynamics-nav-2017\/\">aqu\u00ed<\/a>.<\/p>","protected":false},"excerpt":{"rendered":"<p>Artikelattribute und -kategorien sowie bebilderte Artikelliste in NAV 2017 Gerne m\u00f6chten wir Ihnen veranschaulichen, wie Sie mit Microsoft Dynamics NAV Ihr Artikelsortiment besser strukturieren und kategorisieren k\u00f6nnen. Die 2017er Version bietet hier tolle Neuerungen im Standard. Artikelattribute Die neu eingef\u00fchrten Artikelattribute erm\u00f6glichen eine individuelle Klassifizierung des Artikelstamms nach Ihren vorgegebenen Kriterien. So k\u00f6nnen Eigenschaften wie [&hellip;]<\/p>","protected":false},"author":1,"featured_media":0,"parent":10710,"menu_order":0,"comment_status":"closed","ping_status":"closed","template":"","meta":{"_seopress_robots_primary_cat":"","_seopress_titles_title":"Optimieren Sie Artikelstruktur mit NAV 2017 Innovationen","_seopress_titles_desc":"Erfahren Sie, wie Sie mit Artikelattributen und -kategorien in Dynamics NAV 2017 Ihr Sortiment besser strukturieren und analysieren k\u00f6nnen.","_seopress_robots_index":"","footnotes":""},"categories":[],"tags":[],"class_list":["post-2920","page","type-page","status-publish","hentry"],"_links":{"self":[{"href":"https:\/\/navision-beratung.de\/es\/wp-json\/wp\/v2\/pages\/2920","targetHints":{"allow":["GET"]}}],"collection":[{"href":"https:\/\/navision-beratung.de\/es\/wp-json\/wp\/v2\/pages"}],"about":[{"href":"https:\/\/navision-beratung.de\/es\/wp-json\/wp\/v2\/types\/page"}],"author":[{"embeddable":true,"href":"https:\/\/navision-beratung.de\/es\/wp-json\/wp\/v2\/users\/1"}],"replies":[{"embeddable":true,"href":"https:\/\/navision-beratung.de\/es\/wp-json\/wp\/v2\/comments?post=2920"}],"version-history":[{"count":0,"href":"https:\/\/navision-beratung.de\/es\/wp-json\/wp\/v2\/pages\/2920\/revisions"}],"up":[{"embeddable":true,"href":"https:\/\/navision-beratung.de\/es\/wp-json\/wp\/v2\/pages\/10710"}],"wp:attachment":[{"href":"https:\/\/navision-beratung.de\/es\/wp-json\/wp\/v2\/media?parent=2920"}],"wp:term":[{"taxonomy":"category","embeddable":true,"href":"https:\/\/navision-beratung.de\/es\/wp-json\/wp\/v2\/categories?post=2920"},{"taxonomy":"post_tag","embeddable":true,"href":"https:\/\/navision-beratung.de\/es\/wp-json\/wp\/v2\/tags?post=2920"}],"curies":[{"name":"wp","href":"https:\/\/api.w.org\/{rel}","templated":true}]}}