{"id":21159,"date":"2026-03-29T18:31:45","date_gmt":"2026-03-29T16:31:45","guid":{"rendered":"https:\/\/navision-beratung.de\/?page_id=21159"},"modified":"2026-03-29T18:34:30","modified_gmt":"2026-03-29T16:34:30","slug":"danke-ebanf-app","status":"publish","type":"page","link":"https:\/\/navision-beratung.de\/es\/ueberpruefen\/danke-ebanf-app\/","title":{"rendered":"Danke eBANF App"},"content":{"rendered":"<div data-elementor-type=\"wp-page\" data-elementor-id=\"21159\" class=\"elementor elementor-21159\" data-elementor-post-type=\"page\">\n\t\t\t\t<div class=\"elementor-element elementor-element-7e41cce2 e-flex e-con-boxed e-con e-parent\" data-id=\"7e41cce2\" data-element_type=\"container\">\n\t\t\t\t\t<div class=\"e-con-inner\">\n\t\t\t\t<div class=\"elementor-element elementor-element-5ed13c38 elementor-widget elementor-widget-text-editor\" data-id=\"5ed13c38\" data-element_type=\"widget\" data-widget_type=\"text-editor.default\">\n\t\t\t\t\t\t\t\t\t<h3 data-start=\"84\" data-end=\"134\">Vielen Dank f\u00fcr Ihr Interesse an der eBANFApp!<\/h3>\n<p data-start=\"136\" data-end=\"299\">Wir haben Ihre Anfrage erfolgreich erhalten. Ein Experte aus unserem Team wird sich zeitnah mit Ihnen in Verbindung setzen \u2013 in der Regel innerhalb von 24 Stunden.<\/p>\n<h4 data-start=\"301\" data-end=\"329\">So geht\u2019s jetzt weiter:<\/h4>\n<ul data-start=\"330\" data-end=\"535\">\n<li data-start=\"330\" data-end=\"419\">\n<p data-start=\"332\" data-end=\"419\"><strong data-start=\"332\" data-end=\"350\">E-Mail pr\u00fcfen:<\/strong> Wir haben Ihnen eine Best\u00e4tigung gesendet (ggf. Spam-Ordner pr\u00fcfen).<\/p>\n<\/li>\n<li data-start=\"420\" data-end=\"535\">\n<p data-start=\"422\" data-end=\"535\"><strong data-start=\"422\" data-end=\"446\">R\u00fcckruf vorbereiten:<\/strong> Halten Sie ggf. Informationen zu Ihrem ERP-System bereit (Version, Einsatzbereich etc.).<\/p>\n<\/li>\n<\/ul>\n<blockquote data-start=\"537\" data-end=\"685\">\n<p data-start=\"539\" data-end=\"685\"><strong data-start=\"539\" data-end=\"548\">Tipp:<\/strong> In der Zwischenzeit k\u00f6nnen Sie sich auf unserer Website weiter \u00fcber <a class=\"\" href=\"https:\/\/navision-beratung.de\/es\/add-ons\/\" target=\"_new\" rel=\"noopener\" data-start=\"617\" data-end=\"672\">unsere Add-ons<\/a> informar.<\/p>\n<\/blockquote>\n<p data-start=\"687\" data-end=\"767\">Wir freuen uns darauf, Sie kennenzulernen!<br data-start=\"729\" data-end=\"732\" \/><strong data-start=\"732\" data-end=\"767\">Ihr Team der bartolome r\u00f6der AG<\/strong><\/p>\n\n<p>\u00a0<\/p>\n\t\t\t\t\t\t\t\t<\/div>\n\t\t\t\t\t<\/div>\n\t\t\t\t<\/div>\n\t\t\t\t<\/div>","protected":false},"excerpt":{"rendered":"<p>Vielen Dank f\u00fcr Ihr Interesse an der eBANFApp! Wir haben Ihre Anfrage erfolgreich erhalten. Ein Experte aus unserem Team wird sich zeitnah mit Ihnen in Verbindung setzen \u2013 in der Regel innerhalb von 24 Stunden. So geht\u2019s jetzt weiter: E-Mail pr\u00fcfen: Wir haben Ihnen eine Best\u00e4tigung gesendet (ggf. Spam-Ordner pr\u00fcfen). R\u00fcckruf vorbereiten: Halten Sie ggf. [&hellip;]<\/p>","protected":false},"author":2,"featured_media":0,"parent":10710,"menu_order":0,"comment_status":"closed","ping_status":"open","template":"","meta":{"_seopress_robots_primary_cat":"","_seopress_titles_title":"Erfahren Sie mehr \u00fcber die eDoc App Add-ons!","_seopress_titles_desc":"Erhalten Sie in k\u00fcrzester Zeit Support zur eDoc App. Unser Experte meldet sich in der Regel innerhalb von 24 Stunden. Pr\u00fcfen Sie Ihre Best\u00e4tigungs-E-Mail!","_seopress_robots_index":"","footnotes":""},"categories":[],"tags":[],"class_list":["post-21159","page","type-page","status-publish","hentry"],"_links":{"self":[{"href":"https:\/\/navision-beratung.de\/es\/wp-json\/wp\/v2\/pages\/21159","targetHints":{"allow":["GET"]}}],"collection":[{"href":"https:\/\/navision-beratung.de\/es\/wp-json\/wp\/v2\/pages"}],"about":[{"href":"https:\/\/navision-beratung.de\/es\/wp-json\/wp\/v2\/types\/page"}],"author":[{"embeddable":true,"href":"https:\/\/navision-beratung.de\/es\/wp-json\/wp\/v2\/users\/2"}],"replies":[{"embeddable":true,"href":"https:\/\/navision-beratung.de\/es\/wp-json\/wp\/v2\/comments?post=21159"}],"version-history":[{"count":7,"href":"https:\/\/navision-beratung.de\/es\/wp-json\/wp\/v2\/pages\/21159\/revisions"}],"predecessor-version":[{"id":21166,"href":"https:\/\/navision-beratung.de\/es\/wp-json\/wp\/v2\/pages\/21159\/revisions\/21166"}],"up":[{"embeddable":true,"href":"https:\/\/navision-beratung.de\/es\/wp-json\/wp\/v2\/pages\/10710"}],"wp:attachment":[{"href":"https:\/\/navision-beratung.de\/es\/wp-json\/wp\/v2\/media?parent=21159"}],"wp:term":[{"taxonomy":"category","embeddable":true,"href":"https:\/\/navision-beratung.de\/es\/wp-json\/wp\/v2\/categories?post=21159"},{"taxonomy":"post_tag","embeddable":true,"href":"https:\/\/navision-beratung.de\/es\/wp-json\/wp\/v2\/tags?post=21159"}],"curies":[{"name":"wp","href":"https:\/\/api.w.org\/{rel}","templated":true}]}}