{"id":165,"date":"2014-12-17T12:04:54","date_gmt":"2014-12-17T12:04:54","guid":{"rendered":"http:\/\/navisionberatung.apps-1and1.net\/?page_id=165"},"modified":"2025-05-24T10:13:15","modified_gmt":"2025-05-24T08:13:15","slug":"microsoft-dynamics-nav","status":"publish","type":"page","link":"https:\/\/navision-beratung.de\/es\/ueberpruefen\/microsoft-dynamics-nav\/","title":{"rendered":"ERP-Microsoft Dynamics NAV"},"content":{"rendered":"<div id=\"pl-165\"  class=\"panel-layout\" >\n<div id=\"pg-165-0\"  class=\"panel-grid panel-no-style\" >\n<div id=\"pgc-165-0-0\"  class=\"panel-grid-cell\"  data-weight=\"1\" >\n<div id=\"panel-165-0-0-0\" class=\"so-panel widget widget_sow-image panel-first-child\" data-index=\"0\" data-style=\"{&quot;background_display&quot;:&quot;tile&quot;}\" >[siteorigin_widget class=\"SiteOrigin_Widget_Image_Widget\"]<input type=\"hidden\" value=\"{&quot;instance&quot;:{&quot;image&quot;:2931,&quot;image_fallback&quot;:&quot;&quot;,&quot;size&quot;:&quot;full&quot;,&quot;align&quot;:&quot;default&quot;,&quot;title&quot;:&quot;Microsoft Dynamics NAV&quot;,&quot;title_position&quot;:&quot;hidden&quot;,&quot;alt&quot;:&quot;Microsoft Dynamics NAV&quot;,&quot;url&quot;:&quot;&quot;,&quot;bound&quot;:true,&quot;_sow_form_id&quot;:&quot;5912e38a0ac82&quot;,&quot;new_window&quot;:false,&quot;full_width&quot;:false},&quot;args&quot;:{&quot;before_widget&quot;:&quot;&lt;div id=\\&quot;panel-165-0-0-0\\&quot; class=\\&quot;so-panel widget widget_sow-image panel-first-child\\&quot; data-index=\\&quot;0\\&quot; data-style=\\&quot;{&amp;quot;background_display&amp;quot;:&amp;quot;tile&amp;quot;}\\&quot; &gt;&quot;,&quot;after_widget&quot;:&quot;&lt;\\\/div&gt;&quot;,&quot;before_title&quot;:&quot;&lt;h3 class=\\&quot;widget-title\\&quot;&gt;&quot;,&quot;after_title&quot;:&quot;&lt;\\\/h3&gt;&quot;,&quot;widget_id&quot;:&quot;widget-0-0-0&quot;}}\" \/>[\/siteorigin_widget]<\/div>\n<div id=\"panel-165-0-0-1\" class=\"so-panel widget widget_black-studio-tinymce widget_black_studio_tinymce panel-last-child\" data-index=\"1\" data-style=\"{&quot;background_image_attachment&quot;:false,&quot;background_display&quot;:&quot;tile&quot;}\" >\n<div class=\"textwidget\">\n<h1>Las cifras hablan por s\u00ed solas: con m\u00e1s de un mill\u00f3n de usuarios en todo el mundo, Microsoft Dynamics NAV es uno de los principales sistemas ERP.<\/h1>\n<p>Con Dynamics NAV, Microsoft ofrece una soluci\u00f3n integral especialmente para peque\u00f1as y medianas empresas. Independientemente de si su sistema actual se le ha quedado peque\u00f1o, ha alcanzado los l\u00edmites de lo posible con su sistema actual o simplemente busca un sistema ERP moderno:<br \/> Microsoft Dynamics NAV deber\u00eda formar parte de su lista de candidatos. Su prevalencia en el mercado, flexibilidad, capacidad de integraci\u00f3n y estructura de socios hablan por s\u00ed solas.<\/p>\n<h2>\u00a0Al grano<\/h2>\n<p>Proporcione a sus empleados nuevas herramientas que har\u00e1n que su empresa tenga m\u00e1s \u00e9xito. Dec\u00eddase ahora por la innovadora y flexible soluci\u00f3n empresarial de Microsoft Dynamics\u00ae NAV, la soluci\u00f3n ERP para pymes.<\/p>\n<p>Microsoft Dynamics NAV tiene un concepto operativo innovador y le ofrece un control exhaustivo de todos los aspectos de la actividad empresarial: por ejemplo, la gesti\u00f3n financiera, las compras, las ventas, el almacenamiento y la log\u00edstica, as\u00ed como la gesti\u00f3n de la producci\u00f3n y los servicios. Su sencillo manejo y su capacidad de integraci\u00f3n con los sistemas existentes y las tecnolog\u00edas m\u00e1s modernas facilitan enormemente su implantaci\u00f3n.<\/p>\n<p>Tambi\u00e9n est\u00e1n todas las opciones de despliegue, es decir, c\u00f3mo se suministra el software: Ya sea en sus propios servidores, alojado en el centro de datos o en la nube: perm\u00edtanos asesorarle sobre las ventajas de los distintos escenarios de aplicaci\u00f3n y encontrar la soluci\u00f3n que m\u00e1s le convenga.<\/p>\n<\/div>\n<\/div>\n<\/div>\n<\/div>\n<div id=\"pg-165-1\"  class=\"panel-grid panel-no-style\"  data-style=\"{&quot;background_display&quot;:&quot;tile&quot;}\" >\n<div id=\"pgc-165-1-0\"  class=\"panel-grid-cell\"  data-weight=\"1\" >\n<div id=\"panel-165-1-0-0\" class=\"so-panel widget widget_spacious_featured_single_page_widget widget_featured_single_post panel-first-child panel-last-child\" data-index=\"2\" data-style=\"{&quot;background_image_attachment&quot;:false,&quot;background_display&quot;:&quot;tile&quot;}\" >[siteorigin_widget class=\"spacious_featured_single_page_widget\"]<input type=\"hidden\" value=\"{&quot;instance&quot;:{&quot;title&quot;:&quot;&quot;,&quot;page_id&quot;:664,&quot;image_position&quot;:&quot;below&quot;,&quot;disable_feature_image&quot;:0},&quot;args&quot;:{&quot;before_widget&quot;:&quot;&lt;div id=\\&quot;panel-165-1-0-0\\&quot; class=\\&quot;so-panel widget widget_spacious_featured_single_page_widget widget_featured_single_post panel-first-child panel-last-child\\&quot; data-index=\\&quot;2\\&quot; data-style=\\&quot;{&amp;quot;background_image_attachment&amp;quot;:false,&amp;quot;background_display&amp;quot;:&amp;quot;tile&amp;quot;}\\&quot; &gt;&quot;,&quot;after_widget&quot;:&quot;&lt;\\\/div&gt;&quot;,&quot;before_title&quot;:&quot;&lt;h3 class=\\&quot;widget-title\\&quot;&gt;&quot;,&quot;after_title&quot;:&quot;&lt;\\\/h3&gt;&quot;,&quot;widget_id&quot;:&quot;widget-1-0-0&quot;}}\" \/>[\/siteorigin_widget]<\/div>\n<\/div>\n<\/div>\n<div id=\"pg-165-2\"  class=\"panel-grid panel-no-style\" >\n<div id=\"pgc-165-2-0\"  class=\"panel-grid-cell\"  data-weight=\"1\" >\n<div id=\"panel-165-2-0-0\" class=\"so-panel widget widget_black-studio-tinymce widget_black_studio_tinymce panel-first-child panel-last-child\" data-index=\"3\" data-style=\"{&quot;background_image_attachment&quot;:false,&quot;background_display&quot;:&quot;tile&quot;}\" >\n<h3 class=\"widget-title\">M\u00f3dulos est\u00e1ndar<\/h3>\n<div class=\"textwidget\">Microsoft Dynamics NAV ya ofrece de serie una amplia funcionalidad para su empresa:<\/p>\n<ul>\n<li><a title=\"Gesti\u00f3n y control financieros\" href=\"http:\/\/navision-beratung.de\/es\/microsoft-dynamics-nav\/microsoft-dynamics-nav-module\/finanzmanagement-controlling\/\"><span class=\"panel3-list-heading\" data-equal-height=\"row1-heading1\">Gesti\u00f3n financiera y contabilidad<\/span><\/a><\/li>\n<li><a title=\"Gesti\u00f3n y control financieros\" href=\"http:\/\/navision-beratung.de\/es\/microsoft-dynamics-nav\/microsoft-dynamics-nav-module\/dynamics-nav-2018-business-intelligence-power-bi\/\"><span class=\"panel3-list-heading\" data-equal-height=\"row1-heading1\"><span class=\"item-title\">Inteligencia empresarial y Power BI<\/span><\/span><\/a><\/li>\n<li><a title=\"Gesti\u00f3n de ventas, marketing y servicios\" href=\"http:\/\/navision-beratung.de\/es\/microsoft-dynamics-nav\/microsoft-dynamics-nav-module\/verkauf-marketing-servicemanagement-funktionen\/\">Gesti\u00f3n de ventas, marketing y servicios<\/a><\/li>\n<li><a title=\"Gesti\u00f3n de la cadena de suministro y gesti\u00f3n de almacenes\" href=\"http:\/\/navision-beratung.de\/es\/microsoft-dynamics-nav\/microsoft-dynamics-nav-module\/supply-chain-management-und-lagerverwaltung\/\">Gesti\u00f3n de la cadena de suministro y gesti\u00f3n de almacenes<\/a><\/li>\n<li><a title=\"Planificaci\u00f3n y control de la producci\u00f3n\" href=\"http:\/\/navision-beratung.de\/es\/microsoft-dynamics-nav\/microsoft-dynamics-nav-module\/fertigungsplanung-und-steuerung\/\">Planificaci\u00f3n y control de la producci\u00f3n<\/a><\/li>\n<li><a title=\"Gesti\u00f3n de proyectos\" href=\"http:\/\/navision-beratung.de\/es\/microsoft-dynamics-nav\/microsoft-dynamics-nav-module\/projektmanagement\/\">Gesti\u00f3n de proyectos<\/a><\/li>\n<li title=\"Complementos\"><a title=\"Recursos Humanos\" href=\"http:\/\/navision-beratung.de\/es\/microsoft-dynamics-nav\/microsoft-dynamics-nav-module\/personalwesen\/\">Recursos Humanos<\/a><\/li>\n<\/ul>\n<\/div>\n<\/div>\n<\/div>\n<\/div>\n<\/div>","protected":false},"excerpt":{"rendered":"<p>Entdecken Sie Microsoft Dynamics ERP<\/p>\n<p>Steigern Sie die Unternehmensleistung, messen Sie die finanzielle Effektivit\u00e4t und treffen Sie fundierte Unternehmensentscheidungen, die sich sofort auf Ihren Umsatz und Ihren Gewinn auswirken. <\/p>","protected":false},"author":1,"featured_media":172,"parent":10710,"menu_order":0,"comment_status":"closed","ping_status":"open","template":"","meta":{"_seopress_robots_primary_cat":"","_seopress_titles_title":"Microsoft Dynamics NAV: F\u00fchrendes ERP f\u00fcr KMU","_seopress_titles_desc":"Entdecken Sie Microsoft Dynamics NAV, das innovative ERP-System f\u00fcr KMU mit flexibler Integration und umfassender Kontrolle \u00fcber Ihr Unternehmen.","_seopress_robots_index":"","footnotes":""},"categories":[],"tags":[],"class_list":["post-165","page","type-page","status-publish","has-post-thumbnail","hentry"],"_links":{"self":[{"href":"https:\/\/navision-beratung.de\/es\/wp-json\/wp\/v2\/pages\/165","targetHints":{"allow":["GET"]}}],"collection":[{"href":"https:\/\/navision-beratung.de\/es\/wp-json\/wp\/v2\/pages"}],"about":[{"href":"https:\/\/navision-beratung.de\/es\/wp-json\/wp\/v2\/types\/page"}],"author":[{"embeddable":true,"href":"https:\/\/navision-beratung.de\/es\/wp-json\/wp\/v2\/users\/1"}],"replies":[{"embeddable":true,"href":"https:\/\/navision-beratung.de\/es\/wp-json\/wp\/v2\/comments?post=165"}],"version-history":[{"count":0,"href":"https:\/\/navision-beratung.de\/es\/wp-json\/wp\/v2\/pages\/165\/revisions"}],"up":[{"embeddable":true,"href":"https:\/\/navision-beratung.de\/es\/wp-json\/wp\/v2\/pages\/10710"}],"wp:featuredmedia":[{"embeddable":true,"href":"https:\/\/navision-beratung.de\/es\/wp-json\/wp\/v2\/media\/172"}],"wp:attachment":[{"href":"https:\/\/navision-beratung.de\/es\/wp-json\/wp\/v2\/media?parent=165"}],"wp:term":[{"taxonomy":"category","embeddable":true,"href":"https:\/\/navision-beratung.de\/es\/wp-json\/wp\/v2\/categories?post=165"},{"taxonomy":"post_tag","embeddable":true,"href":"https:\/\/navision-beratung.de\/es\/wp-json\/wp\/v2\/tags?post=165"}],"curies":[{"name":"wp","href":"https:\/\/api.w.org\/{rel}","templated":true}]}}