{"id":153,"date":"2019-07-03T10:53:44","date_gmt":"2019-07-03T10:53:44","guid":{"rendered":"http:\/\/navisionberatung.apps-1and1.net\/?page_id=153"},"modified":"2025-05-24T10:13:15","modified_gmt":"2025-05-24T08:13:15","slug":"microsoft-wartungsvertrag-enhancement-plan","status":"publish","type":"page","link":"https:\/\/navision-beratung.de\/es\/ueberpruefen\/microsoft-wartungsvertrag-enhancement-plan\/","title":{"rendered":"Mantenimiento de productos Microsoft - Plan de mejoras"},"content":{"rendered":"<div id=\"pl-153\" class=\"panel-layout\">\n<div id=\"pg-153-0\" class=\"panel-grid panel-no-style\">\n<div id=\"pgc-153-0-0\" class=\"panel-grid-cell\" data-weight=\"1\">\n<div id=\"panel-153-0-0-0\" class=\"so-panel widget widget_black-studio-tinymce widget_black_studio_tinymce panel-first-child panel-last-child\" data-index=\"0\" data-style=\"{&quot;background_image_attachment&quot;:false,&quot;background_display&quot;:&quot;tile&quot;}\">\n<div class=\"textwidget\">\n<h2>Su contrato de mantenimiento para productos Microsoft Dynamics ERP - Plan de mejoras<\/h2>\n<p>El Microsoft Enhancement Plan (abreviado EP) es el contrato de mantenimiento de su sistema ERP. No s\u00f3lo es un requisito obligatorio para el soporte de productos Microsoft, el PE tambi\u00e9n incluye un paquete de servicios que va mucho m\u00e1s all\u00e1 del est\u00e1ndar del sector. Con el plan de mantenimiento, tambi\u00e9n invierte en la investigaci\u00f3n y el desarrollo posterior del sistema y, por lo tanto, puede beneficiarse de las innovaciones en su software empresarial en cualquier momento. El plan de mejora le ofrece los siguientes servicios:<\/p>\n<h2>Resumen de las ventajas del Plan de Mejora<\/h2>\n<ul>\n<li><strong>M\u00e1s desarrollo \/ mejoras<\/strong>Mantenga su software actualizado: cuando sale una nueva versi\u00f3n del producto, puede actualizarlo si lo necesita, mientras que la funcionalidad que ya ha adquirido sigue siendo la misma. No hay costes adicionales de licencia, solo se cobran los servicios utilizados para las actualizaciones.<\/li>\n<\/ul>\n<ul>\n<li><strong>Acceso a Microsoft CustomerSource<\/strong>Ampl\u00ede su ventaja informativa: EP le da acceso a CustomerSource, la plataforma online exclusiva s\u00f3lo para clientes de EP, con el siguiente cat\u00e1logo de servicios:\n<ul>\n<li>Cursos de formaci\u00f3n en l\u00ednea<\/li>\n<li>E-learning (cursos especiales de formaci\u00f3n en l\u00ednea que corresponden en alcance y nivel a la formaci\u00f3n tradicional)<\/li>\n<li>Planes de aprendizaje para personalizar y planificar sus cursos de formaci\u00f3n, incluidas las opciones de certificaci\u00f3n<\/li>\n<li>Anuncios anticipados de nuevas versiones y funciones de productos<\/li>\n<li>Invitaciones a eventos especiales para clientes<\/li>\n<li>Amplia base de datos de conocimientos con consejos y trucos (art\u00edculos en alem\u00e1n e ingl\u00e9s sobre tecnolog\u00eda, resoluci\u00f3n de problemas, etc.)<\/li>\n<li>Libros blancos y art\u00edculos t\u00e9cnicos<\/li>\n<li>Documentaci\u00f3n e informaci\u00f3n sobre productos<\/li>\n<\/ul>\n<\/li>\n<li><strong>Protecci\u00f3n de las inversiones <\/strong>Proteja sus inversiones: En caso de migraci\u00f3n a otro producto de Microsoft Dynamics, es posible que se reconozcan las inversiones ya realizadas.<\/li>\n<\/ul>\n<p>Puede encontrar un resumen de las fechas de caducidad del soporte de Microsoft para Dynamics 365 Business Central y las versiones de Dynamics NAV a partir de NAV 2009 aqu\u00ed:<\/p>\n<p>\u00a0<\/p>\n<\/div>\n<\/div>\n<\/div>\n<\/div>\n<\/div>\n\n\n<div class=\"wp-block-buttons is-layout-flex wp-block-buttons-is-layout-flex\">\n<div class=\"wp-block-button\"><a class=\"wp-block-button__link has-white-color has-vivid-cyan-blue-background-color has-text-color has-background\" href=\"https:\/\/navision-beratung.de\/es\/produktsupport\/\">Per\u00edodo de asistencia por versi\u00f3n del producto<\/a><\/div>\n<\/div>","protected":false},"excerpt":{"rendered":"<p>Ihr Wartungsvertrag f\u00fcr die ERP-Produkte von Microsoft Dynamics &#8211; Enhancement Plan Der Microsoft Enhancement Plan (kurz: EP) ist der Wartungsvertrag f\u00fcr Ihr ERP-System. Er bildet nicht nur eine obligatorische Voraussetzung f\u00fcr den Microsoft Produktsupport, vielmehr umfasst der EP ein Leistungspaket, das weit \u00fcber den branchen\u00fcblichen Standard hinausgeht. Mit dem Wartungsplan investieren Sie auch in die [&hellip;]<\/p>","protected":false},"author":1,"featured_media":3019,"parent":10710,"menu_order":0,"comment_status":"closed","ping_status":"open","template":"","meta":{"_seopress_robots_primary_cat":"","_seopress_titles_title":"Vorteile des Microsoft Enhancement Plans erfahren","_seopress_titles_desc":"Profitieren Sie mit dem Microsoft Enhancement Plan von Upgrades, exklusiven Ressourcen & Investitionsschutz f\u00fcr Ihr ERP-System. Jetzt informieren!","_seopress_robots_index":"","footnotes":""},"categories":[],"tags":[],"class_list":["post-153","page","type-page","status-publish","has-post-thumbnail","hentry"],"_links":{"self":[{"href":"https:\/\/navision-beratung.de\/es\/wp-json\/wp\/v2\/pages\/153","targetHints":{"allow":["GET"]}}],"collection":[{"href":"https:\/\/navision-beratung.de\/es\/wp-json\/wp\/v2\/pages"}],"about":[{"href":"https:\/\/navision-beratung.de\/es\/wp-json\/wp\/v2\/types\/page"}],"author":[{"embeddable":true,"href":"https:\/\/navision-beratung.de\/es\/wp-json\/wp\/v2\/users\/1"}],"replies":[{"embeddable":true,"href":"https:\/\/navision-beratung.de\/es\/wp-json\/wp\/v2\/comments?post=153"}],"version-history":[{"count":0,"href":"https:\/\/navision-beratung.de\/es\/wp-json\/wp\/v2\/pages\/153\/revisions"}],"up":[{"embeddable":true,"href":"https:\/\/navision-beratung.de\/es\/wp-json\/wp\/v2\/pages\/10710"}],"wp:featuredmedia":[{"embeddable":true,"href":"https:\/\/navision-beratung.de\/es\/wp-json\/wp\/v2\/media\/3019"}],"wp:attachment":[{"href":"https:\/\/navision-beratung.de\/es\/wp-json\/wp\/v2\/media?parent=153"}],"wp:term":[{"taxonomy":"category","embeddable":true,"href":"https:\/\/navision-beratung.de\/es\/wp-json\/wp\/v2\/categories?post=153"},{"taxonomy":"post_tag","embeddable":true,"href":"https:\/\/navision-beratung.de\/es\/wp-json\/wp\/v2\/tags?post=153"}],"curies":[{"name":"wp","href":"https:\/\/api.w.org\/{rel}","templated":true}]}}