{"id":1339,"date":"2014-04-26T10:13:59","date_gmt":"2014-04-26T10:13:59","guid":{"rendered":"http:\/\/navision-beratung.de\/?page_id=1339"},"modified":"2025-07-30T13:09:17","modified_gmt":"2025-07-30T11:09:17","slug":"downloads","status":"publish","type":"page","link":"https:\/\/navision-beratung.de\/es\/downloads\/","title":{"rendered":"Descargas"},"content":{"rendered":"<div data-elementor-type=\"wp-page\" data-elementor-id=\"1339\" class=\"elementor elementor-1339\" data-elementor-post-type=\"page\">\n\t\t\t\t<div class=\"elementor-element elementor-element-7384029 e-flex e-con-boxed e-con e-parent\" data-id=\"7384029\" data-element_type=\"container\" data-settings=\"{&quot;background_background&quot;:&quot;gradient&quot;}\">\n\t\t\t\t\t<div class=\"e-con-inner\">\n\t\t\t\t<div class=\"elementor-element elementor-element-254d175 elementor-widget-mobile__width-initial elementor-widget elementor-widget-image\" data-id=\"254d175\" data-element_type=\"widget\" data-widget_type=\"image.default\">\n\t\t\t\t\t\t\t\t\t\t\t\t\t\t\t<img alt=\"\" fetchpriority=\"high\" decoding=\"async\" width=\"716\" height=\"716\" src=\"https:\/\/navision-beratung.de\/wp-content\/uploads\/2025\/04\/brAG_Dynamics_Kreis_RGB.svg\" class=\"attachment-large size-large wp-image-9174\" \/>\t\t\t\t\t\t\t\t\t\t\t\t\t\t\t<\/div>\n\t\t\t\t\t<\/div>\n\t\t\t\t<\/div>\n\t\t<div class=\"elementor-element elementor-element-4b843c3 e-flex e-con-boxed e-con e-parent\" data-id=\"4b843c3\" data-element_type=\"container\" data-settings=\"{&quot;background_background&quot;:&quot;classic&quot;}\">\n\t\t\t\t\t<div class=\"e-con-inner\">\n\t\t\t\t<div class=\"elementor-element elementor-element-a96eb61 elementor-widget__width-initial elementor-widget elementor-widget-heading\" data-id=\"a96eb61\" data-element_type=\"widget\" data-widget_type=\"heading.default\">\n\t\t\t\t\t<h1 class=\"elementor-heading-title elementor-size-default\">Descargas<\/h1>\t\t\t\t<\/div>\n\t\t\t\t<div class=\"elementor-element elementor-element-a92a939 elementor-widget elementor-widget-text-editor\" data-id=\"a92a939\" data-element_type=\"widget\" data-widget_type=\"text-editor.default\">\n\t\t\t\t\t\t\t\t\t<p>Aqu\u00ed encontrar\u00e1 folletos, fichas de productos y otros materiales para leer y transmitir: compactos, actualizados y siempre a mano.<\/p>\t\t\t\t\t\t\t\t<\/div>\n\t\t<div class=\"elementor-element elementor-element-4d60a25 e-grid e-con-full e-con e-child\" data-id=\"4d60a25\" data-element_type=\"container\">\n\t\t\t\t<div class=\"elementor-element elementor-element-23bd796 elementor-widget elementor-widget-ha-pdf-view happy-addon ha-pdf-view\" data-id=\"23bd796\" data-element_type=\"widget\" data-widget_type=\"ha-pdf-view.default\">\n\t\t\t\t\t        <div class=\"pdf_viewer_container\">\n            <div class=\"pdf_viewer_options viewer-23bd796\" data-pdf-settings=\"{&quot;unique_id&quot;:&quot;viewer-23bd796&quot;,&quot;pdf_url&quot;:&quot;https:\\\/\\\/navision-beratung.de\\\/wp-content\\\/uploads\\\/2025\\\/07\\\/brag_edocapp_flyer.pdf&quot;,&quot;file_type&quot;:&quot;upload_file&quot;,&quot;page_number&quot;:&quot;1&quot;,&quot;width&quot;:&quot;100%&quot;,&quot;height&quot;:&quot;0px&quot;}\">\n\t\t\t\t<span class=\"ha-title-flex\">\n\t\t\t\t\t<span class=\"pdf-icon\">\n\t\t\t\t\t\t<i aria-hidden=\"true\" class=\"fas fa-file-pdf\"><\/i>\t\t\t\t\t<\/span>\n\t\t\t\t\t<h2 class=\"ha-pdf-title\">Folleto sobre la aplicaci\u00f3n brAG eDoc<\/h2>\t\t\t\t<\/span>\n\t\t\t\t                <div class=\"pdf-button\">\n                <a href=\"https:\/\/navision-beratung.de\/wp-content\/uploads\/2025\/07\/brag_edocapp_flyer.pdf\" class=\"ha-btn\" download title=\"Folleto sobre la aplicaci\u00f3n brAG eDoc\">Descargar<\/a>                <\/div>\n            <\/div>\n\n\t\t\t<div>\n\t\t\t\t<div id=\"viewer-23bd796\"><\/div>\n\t\t\t<\/div>\n\n        <\/div>\n        \t\t\t\t<\/div>\n\t\t\t\t<div class=\"elementor-element elementor-element-c26f270 elementor-widget elementor-widget-ha-pdf-view happy-addon ha-pdf-view\" data-id=\"c26f270\" data-element_type=\"widget\" data-widget_type=\"ha-pdf-view.default\">\n\t\t\t\t\t        <div class=\"pdf_viewer_container\">\n            <div class=\"pdf_viewer_options viewer-c26f270\" data-pdf-settings=\"{&quot;unique_id&quot;:&quot;viewer-c26f270&quot;,&quot;pdf_url&quot;:&quot;https:\\\/\\\/navision-beratung.de\\\/wp-content\\\/uploads\\\/2025\\\/07\\\/brag_ebanf_app_flyer.pdf&quot;,&quot;file_type&quot;:&quot;upload_file&quot;,&quot;page_number&quot;:&quot;1&quot;,&quot;width&quot;:&quot;100%&quot;,&quot;height&quot;:&quot;0px&quot;}\">\n\t\t\t\t<span class=\"ha-title-flex\">\n\t\t\t\t\t<span class=\"pdf-icon\">\n\t\t\t\t\t\t<i aria-hidden=\"true\" class=\"fas fa-file-pdf\"><\/i>\t\t\t\t\t<\/span>\n\t\t\t\t\t<h2 class=\"ha-pdf-title\">BrAG eBANF App Flyer<\/h2>\t\t\t\t<\/span>\n\t\t\t\t                <div class=\"pdf-button\">\n                <a href=\"https:\/\/navision-beratung.de\/wp-content\/uploads\/2025\/07\/brag_ebanf_app_flyer.pdf\" class=\"ha-btn\" download title=\"BrAG eBANF App Flyer\">Descargar<\/a>                <\/div>\n            <\/div>\n\n\t\t\t<div>\n\t\t\t\t<div id=\"viewer-c26f270\"><\/div>\n\t\t\t<\/div>\n\n        <\/div>\n        \t\t\t\t<\/div>\n\t\t\t\t<div class=\"elementor-element elementor-element-fffeefd elementor-widget elementor-widget-ha-pdf-view happy-addon ha-pdf-view\" data-id=\"fffeefd\" data-element_type=\"widget\" data-widget_type=\"ha-pdf-view.default\">\n\t\t\t\t\t        <div class=\"pdf_viewer_container\">\n            <div class=\"pdf_viewer_options viewer-fffeefd\" data-pdf-settings=\"{&quot;unique_id&quot;:&quot;viewer-fffeefd&quot;,&quot;pdf_url&quot;:&quot;https:\\\/\\\/navision-beratung.de\\\/wp-content\\\/uploads\\\/2019\\\/08\\\/Anwenderdokumentation_DTV07.000_BC_en.pdf&quot;,&quot;file_type&quot;:&quot;upload_file&quot;,&quot;page_number&quot;:&quot;1&quot;,&quot;width&quot;:&quot;100%&quot;,&quot;height&quot;:&quot;0px&quot;}\">\n\t\t\t\t<span class=\"ha-title-flex\">\n\t\t\t\t\t<span class=\"pdf-icon\">\n\t\t\t\t\t\t<i aria-hidden=\"true\" class=\"fas fa-file-pdf\"><\/i>\t\t\t\t\t<\/span>\n\t\t\t\t\t<h2 class=\"ha-pdf-title\">Interfaz DATEV<\/h2>\t\t\t\t<\/span>\n\t\t\t\t                <div class=\"pdf-button\">\n                <a href=\"https:\/\/navision-beratung.de\/wp-content\/uploads\/2019\/08\/Anwenderdokumentation_DTV07.000_BC_en.pdf\" class=\"ha-btn\" download title=\"Interfaz DATEV\">Descargar<\/a>                <\/div>\n            <\/div>\n\n\t\t\t<div>\n\t\t\t\t<div id=\"viewer-fffeefd\"><\/div>\n\t\t\t<\/div>\n\n        <\/div>\n        \t\t\t\t<\/div>\n\t\t\t\t<\/div>\n\t\t\t\t\t<\/div>\n\t\t\t\t<\/div>\n\t\t\t\t<\/div>","protected":false},"excerpt":{"rendered":"<p>Downloads Hier finden Sie Brosch\u00fcren, Produktbl\u00e4tter und weitere Materialien zum Nachlesen und Weitergeben \u2013 kompakt, aktuell und jederzeit griffbereit. brAG eDoc App Flyer Download brAG eBANF App Flyer Download DATEV Schnittstelle Download<\/p>","protected":false},"author":1,"featured_media":0,"parent":0,"menu_order":0,"comment_status":"closed","ping_status":"open","template":"","meta":{"_seopress_robots_primary_cat":"","_seopress_titles_title":"DATEV Schnittstelle: Brosch\u00fcren & Produktbl\u00e4tter","_seopress_titles_desc":"Entdecken Sie aktuelle Brosch\u00fcren & Produktbl\u00e4tter zum DATEV Schnittstelle Download. Kompakt & griffbereit f\u00fcr Ihren Erfolg!","_seopress_robots_index":"","footnotes":""},"categories":[],"tags":[],"class_list":["post-1339","page","type-page","status-publish","hentry"],"_links":{"self":[{"href":"https:\/\/navision-beratung.de\/es\/wp-json\/wp\/v2\/pages\/1339","targetHints":{"allow":["GET"]}}],"collection":[{"href":"https:\/\/navision-beratung.de\/es\/wp-json\/wp\/v2\/pages"}],"about":[{"href":"https:\/\/navision-beratung.de\/es\/wp-json\/wp\/v2\/types\/page"}],"author":[{"embeddable":true,"href":"https:\/\/navision-beratung.de\/es\/wp-json\/wp\/v2\/users\/1"}],"replies":[{"embeddable":true,"href":"https:\/\/navision-beratung.de\/es\/wp-json\/wp\/v2\/comments?post=1339"}],"version-history":[{"count":6,"href":"https:\/\/navision-beratung.de\/es\/wp-json\/wp\/v2\/pages\/1339\/revisions"}],"predecessor-version":[{"id":15077,"href":"https:\/\/navision-beratung.de\/es\/wp-json\/wp\/v2\/pages\/1339\/revisions\/15077"}],"wp:attachment":[{"href":"https:\/\/navision-beratung.de\/es\/wp-json\/wp\/v2\/media?parent=1339"}],"wp:term":[{"taxonomy":"category","embeddable":true,"href":"https:\/\/navision-beratung.de\/es\/wp-json\/wp\/v2\/categories?post=1339"},{"taxonomy":"post_tag","embeddable":true,"href":"https:\/\/navision-beratung.de\/es\/wp-json\/wp\/v2\/tags?post=1339"}],"curies":[{"name":"wp","href":"https:\/\/api.w.org\/{rel}","templated":true}]}}