{"id":12521,"date":"2025-05-27T10:02:23","date_gmt":"2025-05-27T08:02:23","guid":{"rendered":"https:\/\/dynamicsberatung2025.live-website.com\/?page_id=12521"},"modified":"2025-05-27T10:03:14","modified_gmt":"2025-05-27T08:03:14","slug":"referenzprojekt-logistik-psp-pack-gmbh","status":"publish","type":"page","link":"https:\/\/navision-beratung.de\/es\/referenzen\/referenzprojekt-logistik-psp-pack-gmbh\/","title":{"rendered":"Proyecto de referencia: Log\u00edstica - PSP Pack GmbH"},"content":{"rendered":"<p>Hoy presentamos un proyecto de \u00e9xito de nuestro cliente de muchos a\u00f1os PSP Pack GmbH, un experimentado proveedor de servicios log\u00edsticos al que apoyamos desde 2009.<\/p>\n\n\n\n<p>PSP Pack GmbH est\u00e1 especializada en procesos log\u00edsticos y de env\u00edo y utiliza el sistema ERP Microsoft Dynamics 365 Business Central.<\/p>\n\n\n\n<p>El proyecto de referencia actual consisti\u00f3 en la optimizaci\u00f3n y gesti\u00f3n de procesos log\u00edsticos complejos para un cliente (almac\u00e9n) que ha externalizado gran parte de sus servicios log\u00edsticos de almacenamiento y env\u00edo a PSP.<\/p>\n\n\n\n<h3 class=\"wp-block-heading\" id=\"Ziele-der-Zusammenarbeit\">Objetivos de la cooperaci\u00f3n<\/h3>\n\n\n\n<ul class=\"wp-block-list\">\n<li>Reducci\u00f3n de las interfaces necesarias y de los sistemas implicados<\/li>\n\n\n\n<li>Normalizaci\u00f3n y simplificaci\u00f3n de los procesos log\u00edsticos<\/li>\n\n\n\n<li>Informaci\u00f3n completa sobre inventarios, planificaci\u00f3n y evaluaci\u00f3n controladas de forma centralizada para empresas B2B y B2C<\/li>\n\n\n\n<li>Mayor flexibilidad gracias a la externalizaci\u00f3n y la asociaci\u00f3n regional<\/li>\n<\/ul>\n\n\n\n<h3 class=\"wp-block-heading\" id=\"Projektumsetzung\">Realizaci\u00f3n del proyecto<\/h3>\n\n\n\n<p>Junto con bartolome r\u00f6der AG, PSP Pack GmbH desarroll\u00f3 una soluci\u00f3n log\u00edstica totalmente integrada en s\u00f3lo dos meses:<\/p>\n\n\n\n<h4 class=\"wp-block-heading\" id=\"Generische-Auftragsschnittstelle\">Interfaz gen\u00e9rica de pedidos<\/h4>\n\n\n\n<p>En primer lugar, se desarroll\u00f3 una interfaz gen\u00e9rica de pedidos que puede utilizarse universalmente para futuros clientes (de almac\u00e9n). Actualmente, la interfaz permite el intercambio de archivos CSV a trav\u00e9s de un servidor FTP, pero ya est\u00e1 preparada para futuras conexiones de servicios web.<\/p>\n\n\n\n<h4 class=\"wp-block-heading\" id=\"Individuelles-Verwaltungscockpit\">Cabina de gesti\u00f3n personalizada<\/h4>\n\n\n\n<p>Para un control eficaz, se ha desarrollado una cabina de administraci\u00f3n independiente que muestra claramente los pedidos entrantes y permite editarlos.<\/p>\n\n\n\n<figure class=\"wp-block-image size-large\"><a href=\"https:\/\/dynamicsberatung2025.live-website.com\/wp-content\/uploads\/2025\/05\/PSP-Ext-Logistik-Auftragseingang-Header-20250507-094711.png\"><img alt=\"\" decoding=\"async\" src=\"https:\/\/dynamicsberatung2025.live-website.com\/wp-content\/uploads\/2025\/05\/PSP-Ext-Logistik-Auftragseingang-Header-20250507-094711-1024x553.png\" class=\"wp-image-8949\"\/><\/a><figcaption class=\"wp-element-caption\">\"Cockpit\" para procesar pedidos log\u00edsticos externos importados a trav\u00e9s de una interfaz<br><\/figcaption><\/figure>\n\n\n\n<h4 class=\"wp-block-heading\" id=\"Android-App-f\u00fcr-mobile-Kommissionierung\">Aplicaci\u00f3n Android para la preparaci\u00f3n de pedidos m\u00f3vil<\/h4>\n\n\n\n<p>En tres semanas tambi\u00e9n se desarroll\u00f3 una aplicaci\u00f3n Android para esc\u00e1neres de alto rendimiento, que puede utilizarse para escanear lugares de almacenamiento y objetos en movimiento.<\/p>\n\n\n\n<h4 class=\"wp-block-heading\" id=\"Barcode-gesteuerte-Prozessoptimierung\">Optimizaci\u00f3n de procesos controlada por c\u00f3digo de barras<\/h4>\n\n\n\n<p>El picking se realiza directamente en contenedores o paquetes designados (cajas de picking), todos ellos con un c\u00f3digo de barras \u00fanico. Los empleados escanean las ubicaciones de almacenamiento, los art\u00edculos y los respectivos contenedores de destino, lo que minimiza los errores y maximiza la eficiencia.<\/p>\n\n\n\n<h4 class=\"wp-block-heading\" id=\"Automatisierte-Versandabwicklung\">Tratamiento automatizado de los env\u00edos<\/h4>\n\n\n\n<p>El procesamiento de los env\u00edos se automatiza a trav\u00e9s de proveedores de servicios de env\u00edo conectados, como DHL y DPD (en funci\u00f3n del tipo de pedido B2C o B2B). Las etiquetas de env\u00edo se generan e imprimen autom\u00e1ticamente. Adem\u00e1s, a la salida de la mercanc\u00eda se realiza un control final de la misma mediante un esc\u00e1ner de c\u00f3digo de barras para garantizar que cada env\u00edo est\u00e1 completo.<\/p>\n\n\n\n<h3 class=\"wp-block-heading\" id=\"Highlights-der-L\u00f6sung-im-\u00dcberblick\">Resumen de los aspectos m\u00e1s destacados de la soluci\u00f3n<\/h3>\n\n\n\n<ul class=\"wp-block-list\">\n<li><strong>Sugerencia de cart\u00f3n inteligente<\/strong>El sistema ERP sugiere autom\u00e1ticamente la caja \u00f3ptima en funci\u00f3n del volumen y las dimensiones de la mercanc\u00eda pedida.<\/li>\n\n\n\n<li><strong>Procesamiento paralelo de varios clientes<\/strong>Los pedidos de varios clientes (del almac\u00e9n) pueden procesarse simult\u00e1neamente en el mismo almac\u00e9n, lo que permite una utilizaci\u00f3n \u00f3ptima de los recursos del almac\u00e9n.<\/li>\n\n\n\n<li><strong>Barreras autom\u00e1ticas de ubicaci\u00f3n<\/strong>Para evitar errores y dobles reservas, los almacenes se bloquean autom\u00e1ticamente en cuanto un cliente (de almac\u00e9n) los reclama.<\/li>\n\n\n\n<li><strong>Preparaci\u00f3n de pedidos FEFO<\/strong>Las mercanc\u00edas se retiran siguiendo el principio de \"primero en caducar, primero en salir\", de modo que los productos con una vida \u00fatil m\u00e1s corta (o que ya han estado almacenados durante m\u00e1s tiempo) tienen prioridad a la hora de ser retirados.<\/li>\n\n\n\n<li><strong>Control de procesos diferente para B2B y B2C<\/strong>Se personalizaron procesos log\u00edsticos y m\u00e9todos de picking espec\u00edficos para clientes empresariales (B2B) y clientes finales (B2C).<\/li>\n\n\n\n<li><strong>Aplicaci\u00f3n Android para la preparaci\u00f3n de pedidos m\u00f3vil<\/strong>La aplicaci\u00f3n especialmente desarrollada garantiza un procesamiento r\u00e1pido, m\u00f3vil y sin errores de los procesos de picking directamente en el almac\u00e9n.<\/li>\n\n\n\n<li><strong>Escaneado de control en la salida de mercanc\u00edas<\/strong>Antes de la expedici\u00f3n, se realiza un \u00faltimo escaneado para comprobar la integridad de cada pedido.<\/li>\n\n\n\n<li><strong>Informaci\u00f3n autom\u00e1tica con seguimiento<\/strong>(Almac\u00e9n) los clientes reciben autom\u00e1ticamente informaci\u00f3n sobre el estado de la recogida y el env\u00edo (n\u00fameros de seguimiento), lo que aumenta la transparencia y la satisfacci\u00f3n del cliente.<\/li>\n<\/ul>\n\n\n\n<h3 class=\"wp-block-heading\" id=\"Android-App-f\u00fcr-optimierte-Kommissionierung\">Aplicaci\u00f3n Android para optimizar la preparaci\u00f3n de pedidos<\/h3>\n\n\n\n<p>La aplicaci\u00f3n Android especialmente desarrollada para esc\u00e1neres de alto rendimiento (<a href=\"https:\/\/www.keyence.de\/products\/mobile-computers\/handheld-computers\/bt-a700\/\">Keyence modelo BT-A700<\/a>) ofrece picking en tiempo real directamente en el almac\u00e9n. Cada almac\u00e9n y art\u00edculo est\u00e1 claramente etiquetado con un c\u00f3digo de barras.<\/p>\n\n\n\n<p>El proceso con la aplicaci\u00f3n es sencillo y claro:<\/p>\n\n\n\n<ul class=\"wp-block-list\">\n<li>El empleado del almac\u00e9n escanea primero el c\u00f3digo de barras de la lista de picking colectiva.<\/li>\n\n\n\n<li>La aplicaci\u00f3n muestra todos los art\u00edculos que hay que recoger y resalta en verde los que ya se han recogido.<\/li>\n\n\n\n<li>A continuaci\u00f3n, los empleados escanean el almac\u00e9n, el art\u00edculo y la identificaci\u00f3n de la caja de picking para garantizar una asignaci\u00f3n completa y correcta.<\/li>\n\n\n\n<li>Los art\u00edculos s\u00f3lo se registran y confirman finalmente tras una comprobaci\u00f3n satisfactoria por parte de Business Central.<\/li>\n<\/ul>\n\n\n\n<p>T\u00e9cnicamente, la aplicaci\u00f3n se basa en la moderna tecnolog\u00eda Blazor Hybrid de <a href=\"https:\/\/dotnet.microsoft.com\/en-us\/apps\/maui\">Microsoft .NET MAUI <\/a>Gracias a esta base tecnol\u00f3gica, la aplicaci\u00f3n puede desplegarse eficazmente en distintos sistemas operativos, como Android (para PSP), iOS, macOS o Windows, utilizando una base de c\u00f3digo pr\u00e1cticamente id\u00e9ntica. La aplicaci\u00f3n se comunica con Business Central a trav\u00e9s de servicios web REST especialmente desarrollados, a los que se puede acceder de forma segura a trav\u00e9s de la red Wi-Fi del cliente.<\/p>\n\n\n\n<figure class=\"wp-block-image size-large is-resized\"><a href=\"https:\/\/dynamicsberatung2025.live-website.com\/wp-content\/uploads\/2025\/05\/PSP-Android-App-3.png\"><img alt=\"\" decoding=\"async\" src=\"https:\/\/dynamicsberatung2025.live-website.com\/wp-content\/uploads\/2025\/05\/PSP-Android-App-3-460x1024.png\" class=\"wp-image-8950\" style=\"width:332px;height:auto\"\/><\/a><figcaption class=\"wp-element-caption\">Aplicaci\u00f3n Android para la preparaci\u00f3n de pedidos m\u00f3vil<\/figcaption><\/figure>\n\n\n\n<h3 class=\"wp-block-heading\" id=\"Herausforderungen-und-L\u00f6sungen\">Retos y soluciones<\/h3>\n\n\n\n<p>La puesta en marcha transcurri\u00f3 pr\u00e1cticamente sin contratiempos. Solo fue necesaria una breve fase de familiarizaci\u00f3n para ajustar la sincronizaci\u00f3n (transferencia de datos por FTP).<\/p>\n\n\n\n<h3 class=\"wp-block-heading\" id=\"Kundenmeinung-zur-Projektumsetzung\">Opini\u00f3n del cliente sobre la realizaci\u00f3n del proyecto<\/h3>\n\n\n\n<p><em>\"La experiencia de BR AG tambi\u00e9n result\u00f3 ser una ventaja decisiva en este proyecto. El complejo proyecto se realiz\u00f3 a nuestra entera satisfacci\u00f3n en el menor tiempo posible. Los requisitos que establecimos se procesaron con rapidez y gran fiabilidad. El factor decisivo en este caso es que contamos con el apoyo del mismo desarrollador desde 2009. Nosotros, PSP Pack GmbH, podemos recomendar BR AG con la conciencia tranquila\".<\/em><br>- <strong>Michael Schmidt, <\/strong>PSP Pack GmbH, Director de Operaciones<\/p>\n\n\n\n<p>\u00bfLe gustar\u00eda tambi\u00e9n optimizar sus procesos log\u00edsticos con Dynamics 365 Business Central o est\u00e1 buscando un socio de confianza para externalizar su log\u00edstica? P\u00f3ngase en contacto con nosotros en el 089 - 21 111 848 o por correo electr\u00f3nico en <a href=\"mailto:vertrieb@br-ag.com\">vertrieb@br-ag.com<\/a> - Estaremos encantados de asesorarle.<\/p>","protected":false},"excerpt":{"rendered":"<p>Hoy presentamos un proyecto de \u00e9xito de nuestro cliente de muchos a\u00f1os PSP Pack GmbH, un experimentado proveedor de servicios log\u00edsticos al que llevamos apoyando desde 2009. PSP Pack GmbH est\u00e1 especializada en procesos log\u00edsticos y de env\u00edo y utiliza el sistema ERP Microsoft Dynamics 365 Business Central. El proyecto de referencia actual consisti\u00f3 en la optimizaci\u00f3n y el control de procesos log\u00edsticos complejos para [...]<\/p>","protected":false},"author":1,"featured_media":11454,"parent":8787,"menu_order":0,"comment_status":"closed","ping_status":"closed","template":"","meta":{"_seopress_robots_primary_cat":"","_seopress_titles_title":"Erfolgreiches Logistikprojekt mit PSP Pack GmbH","_seopress_titles_desc":"Entdecken Sie, wie PSP Pack GmbH Logistikprozesse f\u00fcr Lagerkunden mit Microsoft Dynamics 365 Business Central effizient optimiert und steuert.","_seopress_robots_index":"","footnotes":""},"categories":[52],"tags":[],"class_list":["post-12521","page","type-page","status-publish","has-post-thumbnail","hentry","category-referenzen"],"_links":{"self":[{"href":"https:\/\/navision-beratung.de\/es\/wp-json\/wp\/v2\/pages\/12521","targetHints":{"allow":["GET"]}}],"collection":[{"href":"https:\/\/navision-beratung.de\/es\/wp-json\/wp\/v2\/pages"}],"about":[{"href":"https:\/\/navision-beratung.de\/es\/wp-json\/wp\/v2\/types\/page"}],"author":[{"embeddable":true,"href":"https:\/\/navision-beratung.de\/es\/wp-json\/wp\/v2\/users\/1"}],"replies":[{"embeddable":true,"href":"https:\/\/navision-beratung.de\/es\/wp-json\/wp\/v2\/comments?post=12521"}],"version-history":[{"count":0,"href":"https:\/\/navision-beratung.de\/es\/wp-json\/wp\/v2\/pages\/12521\/revisions"}],"up":[{"embeddable":true,"href":"https:\/\/navision-beratung.de\/es\/wp-json\/wp\/v2\/pages\/8787"}],"wp:featuredmedia":[{"embeddable":true,"href":"https:\/\/navision-beratung.de\/es\/wp-json\/wp\/v2\/media\/11454"}],"wp:attachment":[{"href":"https:\/\/navision-beratung.de\/es\/wp-json\/wp\/v2\/media?parent=12521"}],"wp:term":[{"taxonomy":"category","embeddable":true,"href":"https:\/\/navision-beratung.de\/es\/wp-json\/wp\/v2\/categories?post=12521"},{"taxonomy":"post_tag","embeddable":true,"href":"https:\/\/navision-beratung.de\/es\/wp-json\/wp\/v2\/tags?post=12521"}],"curies":[{"name":"wp","href":"https:\/\/api.w.org\/{rel}","templated":true}]}}