{"id":774,"date":"2014-10-15T11:16:13","date_gmt":"2014-10-15T11:16:13","guid":{"rendered":"http:\/\/navisionberatung.apps-1and1.net\/?page_id=774"},"modified":"2025-05-24T10:13:15","modified_gmt":"2025-05-24T08:13:15","slug":"supply-chain-management-und-lagerverwaltung","status":"publish","type":"page","link":"https:\/\/navision-beratung.de\/en\/ueberpruefen\/supply-chain-management-und-lagerverwaltung\/","title":{"rendered":"Supply chain management and warehouse management"},"content":{"rendered":"<h2>Functions<\/h2>\n<p>Effektive Verwaltung von Artikelstammdaten (inkl. Artikelvarianten)<br \/>\nArtikel Bedarfsanalyse und automatisierte Bestellvorschl\u00e4ge<br \/>\nFertigungsauftr\u00e4ge, Montageauftr\u00e4ge, St\u00fccklisten, Beschaffungs- und Kapazit\u00e4tsbedarfsplanungen<br \/>\nEinblick in die Materialkosten und -planung<br \/>\nSoll- und Ist-Zahlen aus Verk\u00e4ufen und Kosten in Echtzeit vergleichen<br \/>\nArtikelverfolgung (Serien- und Chargennummernverfolgung in beide Richtungen der Supply Chain)<br \/>\nLagerort-, Lagerzonen- und Lagerplatzverwaltung<br \/>\nArtikelreservierungen und Umlagerungen<br \/>\nVerschiedene M\u00f6glichkeiten der Lagerbestandsanzeige (u.a. nach Lagerort und Zeitschiene)<br \/>\nAbwicklung von Inventuren<br \/>\nLagerbewertung und -regulierung<br \/>\nGesteuerte Kommissionier- und Einlagerungsprozesse (ein- und zweistufig m\u00f6glich)<\/p>\n<h2>Ihre Vorteile<\/h2>\n<p>Optimierung der Logistik und Kostensenkung<br \/>\nerm\u00f6glicht Ihnen die flexible Steuerung Ihrer Lieferkette.<br \/>\nbringt alle Daten und Prozesse aus Einkauf, Verkauf, Lager, Produktion und Logistik zusammen \u2013 f\u00fcr gr\u00f6\u00dftm\u00f6gliche Transparenz.<br \/>\nverk\u00fcrzt Beschaffungs-, Durchlauf- und Lieferzeiten.<br \/>\nhilft Ihnen, schneller auf Ver\u00e4nderungen und neue Anforderungen zu reagieren.<br \/>\nverbessert die Planung, so dass kein unn\u00f6tiges Kapital im Lager gebunden wird<br \/>\nEchtzeitzugriff auf exakte Lagerdaten<br \/>\nOptimierung der Fertigungsprozesse<\/p>\n<h2>bartolome r\u00f6der Add On\u00b4s f\u00fcr mehr Effizienz<\/h2>\n<p><a title=\"@NAV - Mobile Warehouse\" href=\"http:\/\/navision-beratung.de\/en\/mobile-apps-und-nav\/nav-mobile-warehouse\/\">Mobile Warehouse<\/a><\/p>","protected":false},"excerpt":{"rendered":"<p>Funktionen Effektive Verwaltung von Artikelstammdaten (inkl. Artikelvarianten) Artikel Bedarfsanalyse und automatisierte Bestellvorschl\u00e4ge Fertigungsauftr\u00e4ge, Montageauftr\u00e4ge, St\u00fccklisten, Beschaffungs- und Kapazit\u00e4tsbedarfsplanungen Einblick in die Materialkosten und -planung Soll- und Ist-Zahlen aus Verk\u00e4ufen und Kosten in Echtzeit vergleichen Artikelverfolgung (Serien- und Chargennummernverfolgung in beide Richtungen der Supply Chain) Lagerort-, Lagerzonen- und Lagerplatzverwaltung Artikelreservierungen und Umlagerungen Verschiedene M\u00f6glichkeiten der Lagerbestandsanzeige [&hellip;]<\/p>","protected":false},"author":1,"featured_media":0,"parent":10710,"menu_order":0,"comment_status":"closed","ping_status":"open","template":"","meta":{"_seopress_robots_primary_cat":"","_seopress_titles_title":"Effektive Artikelstammdatenverwaltung & Bedarfsanalyse","_seopress_titles_desc":"Effiziente Artikelstammdatenverwaltung und Logistikoptimierung zur Kostensenkung. Echtzeitzugriff auf Best\u00e4nde f\u00fcr flexible Lieferkettensteuerung.","_seopress_robots_index":"","footnotes":""},"categories":[],"tags":[],"class_list":["post-774","page","type-page","status-publish","hentry"],"_links":{"self":[{"href":"https:\/\/navision-beratung.de\/en\/wp-json\/wp\/v2\/pages\/774","targetHints":{"allow":["GET"]}}],"collection":[{"href":"https:\/\/navision-beratung.de\/en\/wp-json\/wp\/v2\/pages"}],"about":[{"href":"https:\/\/navision-beratung.de\/en\/wp-json\/wp\/v2\/types\/page"}],"author":[{"embeddable":true,"href":"https:\/\/navision-beratung.de\/en\/wp-json\/wp\/v2\/users\/1"}],"replies":[{"embeddable":true,"href":"https:\/\/navision-beratung.de\/en\/wp-json\/wp\/v2\/comments?post=774"}],"version-history":[{"count":0,"href":"https:\/\/navision-beratung.de\/en\/wp-json\/wp\/v2\/pages\/774\/revisions"}],"up":[{"embeddable":true,"href":"https:\/\/navision-beratung.de\/en\/wp-json\/wp\/v2\/pages\/10710"}],"wp:attachment":[{"href":"https:\/\/navision-beratung.de\/en\/wp-json\/wp\/v2\/media?parent=774"}],"wp:term":[{"taxonomy":"category","embeddable":true,"href":"https:\/\/navision-beratung.de\/en\/wp-json\/wp\/v2\/categories?post=774"},{"taxonomy":"post_tag","embeddable":true,"href":"https:\/\/navision-beratung.de\/en\/wp-json\/wp\/v2\/tags?post=774"}],"curies":[{"name":"wp","href":"https:\/\/api.w.org\/{rel}","templated":true}]}}