{"id":7108,"date":"2022-09-15T08:02:47","date_gmt":"2022-09-15T08:02:47","guid":{"rendered":"https:\/\/navision-beratung.de\/?page_id=7108"},"modified":"2025-05-26T10:18:42","modified_gmt":"2025-05-26T08:18:42","slug":"referenzprojekt-eqs-group-ag","status":"publish","type":"page","link":"https:\/\/navision-beratung.de\/en\/referenzen\/referenzprojekt-eqs-group-ag\/","title":{"rendered":"Reference project: New introduction of Business Central Version 18"},"content":{"rendered":"<p>Today we would like to present a project at the <strong>EQS Group AG<\/strong>a leading international cloud provider in the areas of corporate compliance, investor relations and sustainability reporting (ESG Tech), based in Munich. The company, which provides innovative services for listed companies with around 500 users, introduced Business Central Version 18 and partially transferred data from the legacy NAV system.<\/p>\n<p><strong>What was the challenge?<\/strong><\/p>\n<p>EQS Group AG was using a highly modified system with many third-party add-ons, so there were quite a few concerns before the upgrade due to the high level of complexity.<br \/>The aim was to return the software used with numerous interfaces to the standard as far as possible and to consolidate or replace the third-party add-ons. In addition, the existing functionalities, which were still analyzed as necessary, were to be sensibly distributed across the various apps\/extensions.<\/p>\n<p><strong>The technical infrastructure<\/strong><\/p>\n<p>The installed system is an on-premise installation hosted by com:3000 IT-Services GmbH, based in F\u00fcrstenfeldbruck, distributed across several servers (database and application servers) in the private cloud.<\/p>\n<p><strong>The highlights of the project<\/strong><\/p>\n<ul>\n<li>The extension of the service contract module in order to be able to map the contract types of EQS Group AG.<\/li>\n<li>The import of customer data &amp; contract data from Microsoft CRM \/ integration via Dateverse<\/li>\n<li>The introduction of the web service interface for importing and processing transaction data and billing data from the cloud portal<\/li>\n<li>The connection of an external purchasing solution<\/li>\n<li>The mapping of cross-client project time recording in a central client for all projects<\/li>\n<li>The adjustments introduced for automated e-mail dispatch (different e-mail templates depending on language and customer group)<\/li>\n<li>The implementation of a customized release workflow for incoming documents in Continia Document Capture<\/li>\n<li>The adaptation or creation of profiles of user groups and authorization concepts<\/li>\n<\/ul>\n<p><strong>The features<\/strong><\/p>\n<p>All customizations were provided as extension apps. As the standard objects were not adapted, the customer can now upgrade much more easily. In addition, all code changes are monitored by a versioning system (Git). The completed customizations are released in accordance with the dual control principle and are implemented via DevOps in CI\/CD (<strong>C<\/strong>ontinuos <strong>I<\/strong>ntegration, <strong>C<\/strong>ontinuos <strong>D<\/strong>eployment) is automatically provided in the test system. Once EQS Group AG has tested and approved the imported adaptations, they are deployed in the live system.<\/p>\n<p><strong>Third-party add-ons used<\/strong><\/p>\n<p>EQS Group AG uses the following add-ons:<\/p>\n<ul>\n<li>ForNAV<\/li>\n<li>OPplus<\/li>\n<li>Continia Document Capture<\/li>\n<li>XtensionIT - Multi Entity Management<\/li>\n<\/ul>\n<p><strong>The project model<\/strong><\/p>\n<p>After analyzing the requirements and defining the migration packages, we followed an agile development model by iteratively implementing and demonstrating the adjustments (iterative prototyping). The data migration took place in several waves. After training the employees and an extensive test phase with functional, integration and acceptance tests, the go-live took place successfully and on schedule.<\/p>\n\n\n<blockquote class=\"wp-block-quote is-layout-flow wp-block-quote-is-layout-flow\"><p><em>With the switch from Navision to Business Central, BR AG supported us from the conception to the go-live. Thanks to competent advice and a solution-oriented approach, we were able to successfully complete the project. BR AG continues to support us as a partner and thanks to the friendly and customer-oriented support, we will also master the future challenges of the system together<\/em>.<\/p><cite><strong>Clarissa J\u00f6rg, <\/strong>Head of Accounting, EQS Group AG<\/cite><\/blockquote>","protected":false},"excerpt":{"rendered":"<p>Today we would like to introduce you to a project at EQS Group AG, a leading international cloud provider in the areas of corporate compliance, investor relations and sustainability reporting (ESG Tech), based in Munich. The company, which provides innovative services for listed companies with around 500 users, implemented the new Business Central Version 18 and the partial data transfer [...]<\/p>","protected":false},"author":1,"featured_media":11496,"parent":8787,"menu_order":0,"comment_status":"closed","ping_status":"closed","template":"","meta":{"_seopress_robots_primary_cat":"","_seopress_titles_title":"EQS Group AG: Erfolgreiche Cloud-Integration bei ERP","_seopress_titles_desc":"Erleben Sie die erfolgreiche Einf\u00fchrung von Business Central bei EQS Group AG, einem f\u00fchrenden Cloud-Anbieter, und wie sie Komplexit\u00e4t meisterten.","_seopress_robots_index":"","footnotes":""},"categories":[52],"tags":[],"class_list":["post-7108","page","type-page","status-publish","has-post-thumbnail","hentry","category-referenzen"],"_links":{"self":[{"href":"https:\/\/navision-beratung.de\/en\/wp-json\/wp\/v2\/pages\/7108","targetHints":{"allow":["GET"]}}],"collection":[{"href":"https:\/\/navision-beratung.de\/en\/wp-json\/wp\/v2\/pages"}],"about":[{"href":"https:\/\/navision-beratung.de\/en\/wp-json\/wp\/v2\/types\/page"}],"author":[{"embeddable":true,"href":"https:\/\/navision-beratung.de\/en\/wp-json\/wp\/v2\/users\/1"}],"replies":[{"embeddable":true,"href":"https:\/\/navision-beratung.de\/en\/wp-json\/wp\/v2\/comments?post=7108"}],"version-history":[{"count":0,"href":"https:\/\/navision-beratung.de\/en\/wp-json\/wp\/v2\/pages\/7108\/revisions"}],"up":[{"embeddable":true,"href":"https:\/\/navision-beratung.de\/en\/wp-json\/wp\/v2\/pages\/8787"}],"wp:featuredmedia":[{"embeddable":true,"href":"https:\/\/navision-beratung.de\/en\/wp-json\/wp\/v2\/media\/11496"}],"wp:attachment":[{"href":"https:\/\/navision-beratung.de\/en\/wp-json\/wp\/v2\/media?parent=7108"}],"wp:term":[{"taxonomy":"category","embeddable":true,"href":"https:\/\/navision-beratung.de\/en\/wp-json\/wp\/v2\/categories?post=7108"},{"taxonomy":"post_tag","embeddable":true,"href":"https:\/\/navision-beratung.de\/en\/wp-json\/wp\/v2\/tags?post=7108"}],"curies":[{"name":"wp","href":"https:\/\/api.w.org\/{rel}","templated":true}]}}