{"id":54,"date":"2024-04-24T09:33:49","date_gmt":"2024-04-24T09:33:49","guid":{"rendered":"http:\/\/navisionberatung.apps-1and1.net\/?page_id=54"},"modified":"2025-07-21T15:07:52","modified_gmt":"2025-07-21T13:07:52","slug":"produktsupport","status":"publish","type":"page","link":"https:\/\/navision-beratung.de\/en\/produktsupport\/","title":{"rendered":"Microsoft maintenance intervals by product version"},"content":{"rendered":"<div data-elementor-type=\"wp-page\" data-elementor-id=\"54\" class=\"elementor elementor-54\" data-elementor-post-type=\"page\">\n\t\t\t\t<div class=\"elementor-element elementor-element-7af935c e-flex e-con-boxed e-con e-parent\" data-id=\"7af935c\" data-element_type=\"container\" data-settings=\"{&quot;background_background&quot;:&quot;gradient&quot;}\">\n\t\t\t\t\t<div class=\"e-con-inner\">\n\t\t<div class=\"elementor-element elementor-element-9a04680 e-con-full e-flex e-con e-child\" data-id=\"9a04680\" data-element_type=\"container\" data-settings=\"{&quot;background_background&quot;:&quot;slideshow&quot;,&quot;background_slideshow_gallery&quot;:[{&quot;id&quot;:11539,&quot;url&quot;:&quot;https:\\\/\\\/navision-beratung.de\\\/wp-content\\\/uploads\\\/2025\\\/05\\\/br-AG-Stock-III-300.jpg&quot;},{&quot;id&quot;:11549,&quot;url&quot;:&quot;https:\\\/\\\/navision-beratung.de\\\/wp-content\\\/uploads\\\/2025\\\/05\\\/br-AG-Stock-III-310.jpg&quot;}],&quot;background_slideshow_slide_duration&quot;:8000,&quot;background_slideshow_transition_duration&quot;:1500,&quot;background_slideshow_ken_burns&quot;:&quot;yes&quot;,&quot;background_slideshow_loop&quot;:&quot;yes&quot;,&quot;background_slideshow_slide_transition&quot;:&quot;fade&quot;,&quot;background_slideshow_ken_burns_zoom_direction&quot;:&quot;in&quot;}\">\n\t\t\t\t<\/div>\n\t\t<div class=\"elementor-element elementor-element-5c90957 e-con-full e-flex e-con e-child\" data-id=\"5c90957\" data-element_type=\"container\">\n\t\t\t\t<div class=\"elementor-element elementor-element-c496c20 elementor-widget__width-initial elementor-widget elementor-widget-heading\" data-id=\"c496c20\" data-element_type=\"widget\" data-widget_type=\"heading.default\">\n\t\t\t\t\t<h2 class=\"elementor-heading-title elementor-size-default\">Maintenance intervals by product version<\/h2>\t\t\t\t<\/div>\n\t\t\t\t<\/div>\n\t\t\t\t\t<\/div>\n\t\t\t\t<\/div>\n\t\t<div class=\"elementor-element elementor-element-74bdcc1 e-flex e-con-boxed e-con e-parent\" data-id=\"74bdcc1\" data-element_type=\"container\" data-settings=\"{&quot;background_background&quot;:&quot;classic&quot;}\">\n\t\t\t\t\t<div class=\"e-con-inner\">\n\t\t\t\t<div class=\"elementor-element elementor-element-b6dfe6f elementor-widget__width-initial elementor-widget elementor-widget-heading\" data-id=\"b6dfe6f\" data-element_type=\"widget\" data-widget_type=\"heading.default\">\n\t\t\t\t\t<h2 class=\"elementor-heading-title elementor-size-default\">Lifecycle of Dynamics NAV and BC\nMicrosoft <\/h2>\t\t\t\t<\/div>\n\t\t\t\t<div class=\"elementor-element elementor-element-278efac elementor-widget elementor-widget-text-editor\" data-id=\"278efac\" data-element_type=\"widget\" data-widget_type=\"text-editor.default\">\n\t\t\t\t\t\t\t\t\t<p>Microsoft Dynamics 365 Business Central follows either the Modern Lifecycle Policy (for cloud and current on-prem versions) or the Fixed Lifecycle Policy (for older on-prem versions and NAV), depending on how it is deployed.<\/p>\n<p>This means that anyone planning, migrating or restarting today should know the exact support periods for their version. Below you will find an overview of all current releases of Business Central and the support periods for Dynamics NAV. This allows you to see at a glance which version will receive updates and security patches by when - and when a change is due at the latest.<\/p>\t\t\t\t\t\t\t\t<\/div>\n\t\t\t\t\t<\/div>\n\t\t\t\t<\/div>\n\t\t<div class=\"elementor-element elementor-element-4bfd2e5 e-flex e-con-boxed e-con e-parent\" data-id=\"4bfd2e5\" data-element_type=\"container\">\n\t\t\t\t\t<div class=\"e-con-inner\">\n\t\t<div class=\"elementor-element elementor-element-586fefe e-con-full e-flex e-con e-child\" data-id=\"586fefe\" data-element_type=\"container\">\n\t\t\t\t<div class=\"elementor-element elementor-element-58f6405 elementor-widget elementor-widget-image\" data-id=\"58f6405\" data-element_type=\"widget\" data-widget_type=\"image.default\">\n\t\t\t\t\t\t\t\t\t\t\t\t\t\t\t<img alt=\"\" fetchpriority=\"high\" decoding=\"async\" width=\"769\" height=\"525\" src=\"https:\/\/navision-beratung.de\/wp-content\/uploads\/2024\/04\/lifecycle-.png\" class=\"attachment-large size-large wp-image-7899\" srcset=\"https:\/\/navision-beratung.de\/wp-content\/uploads\/2024\/04\/lifecycle-.png 769w, https:\/\/navision-beratung.de\/wp-content\/uploads\/2024\/04\/lifecycle--300x205.png 300w\" sizes=\"(max-width: 769px) 100vw, 769px\" \/>\t\t\t\t\t\t\t\t\t\t\t\t\t\t\t<\/div>\n\t\t\t\t<\/div>\n\t\t<div class=\"elementor-element elementor-element-6a0d38c e-con-full e-flex e-con e-child\" data-id=\"6a0d38c\" data-element_type=\"container\">\n\t\t\t\t<div class=\"elementor-element elementor-element-108aaaa elementor-widget elementor-widget-heading\" data-id=\"108aaaa\" data-element_type=\"widget\" data-widget_type=\"heading.default\">\n\t\t\t\t\t<h3 class=\"elementor-heading-title elementor-size-default\">Modern Lifecycle Policy<\/h3>\t\t\t\t<\/div>\n\t\t\t\t<div class=\"elementor-element elementor-element-e010e7f elementor-widget elementor-widget-text-editor\" data-id=\"e010e7f\" data-element_type=\"widget\" data-widget_type=\"text-editor.default\">\n\t\t\t\t\t\t\t\t\t<p>Microsoft releases a new version of Dynamics 365 Business Central every six months. Each version is supported for a total of 18 months - 6 months with new functions and then 6 months with security and bug fixes. If you update regularly, you remain in support for the long term and benefit from all improvements.<\/p>\n<p>Visit the <a href=\"https:\/\/learn.microsoft.com\/de-de\/lifecycle\/products\/dynamics-365-business-central-onpremises-modern-policy\" target=\"_blank\" rel=\"noopener\">Lifecycle page<\/a>to find detailed information on the various Microsoft products.<\/p>\t\t\t\t\t\t\t\t<\/div>\n\t\t\t\t<\/div>\n\t\t\t\t\t<\/div>\n\t\t\t\t<\/div>\n\t\t<div class=\"elementor-element elementor-element-a5ef703 e-flex e-con-boxed e-con e-parent\" data-id=\"a5ef703\" data-element_type=\"container\">\n\t\t\t\t\t<div class=\"e-con-inner\">\n\t\t<div class=\"elementor-element elementor-element-1629080 e-con-full e-flex e-con e-child\" data-id=\"1629080\" data-element_type=\"container\">\n\t\t\t\t<div class=\"elementor-element elementor-element-c575676 elementor-widget elementor-widget-heading\" data-id=\"c575676\" data-element_type=\"widget\" data-widget_type=\"heading.default\">\n\t\t\t\t\t<h3 class=\"elementor-heading-title elementor-size-default\">Support periods - Modern Policy<\/h3>\t\t\t\t<\/div>\n\t\t\t\t<div class=\"elementor-element elementor-element-588c5b9 elementor-widget elementor-widget-text-editor\" data-id=\"588c5b9\" data-element_type=\"widget\" data-widget_type=\"text-editor.default\">\n\t\t\t\t\t\t\t\t\t<p>Microsoft releases Dynamics 365 Business Central every six months. Each version is fully supported for 18 months - with new functions, security updates and regulatory adjustments. The following overview shows the official start and end dates of the individual releases according to the Modern Lifecycle Policy.<\/p>\t\t\t\t\t\t\t\t<\/div>\n\t\t\t\t<\/div>\n\t\t<div class=\"elementor-element elementor-element-7936067 e-con-full e-flex e-con e-child\" data-id=\"7936067\" data-element_type=\"container\">\n\t\t\t\t<div class=\"elementor-element elementor-element-025ae13 elementor-widget elementor-widget-image\" data-id=\"025ae13\" data-element_type=\"widget\" data-widget_type=\"image.default\">\n\t\t\t\t\t\t\t\t\t\t\t\t\t\t\t<img alt=\"\" decoding=\"async\" width=\"800\" height=\"800\" src=\"https:\/\/navision-beratung.de\/wp-content\/uploads\/2025\/05\/br-AG-Stock-III-square-230-1024x1024.jpg\" class=\"attachment-large size-large wp-image-11117\" srcset=\"https:\/\/navision-beratung.de\/wp-content\/uploads\/2025\/05\/br-AG-Stock-III-square-230-1024x1024.jpg 1024w, https:\/\/navision-beratung.de\/wp-content\/uploads\/2025\/05\/br-AG-Stock-III-square-230-300x300.jpg 300w, https:\/\/navision-beratung.de\/wp-content\/uploads\/2025\/05\/br-AG-Stock-III-square-230-150x150.jpg 150w, https:\/\/navision-beratung.de\/wp-content\/uploads\/2025\/05\/br-AG-Stock-III-square-230-768x768.jpg 768w, https:\/\/navision-beratung.de\/wp-content\/uploads\/2025\/05\/br-AG-Stock-III-square-230.jpg 1500w\" sizes=\"(max-width: 800px) 100vw, 800px\" \/>\t\t\t\t\t\t\t\t\t\t\t\t\t\t\t<\/div>\n\t\t\t\t<\/div>\n\t\t\t\t\t<\/div>\n\t\t\t\t<\/div>\n\t\t<div class=\"elementor-element elementor-element-c91f8af e-flex e-con-boxed e-con e-parent\" data-id=\"c91f8af\" data-element_type=\"container\">\n\t\t\t\t\t<div class=\"e-con-inner\">\n\t\t\t\t<div class=\"elementor-element elementor-element-d9c52ff elementor-widget elementor-widget-text-editor\" data-id=\"d9c52ff\" data-element_type=\"widget\" data-widget_type=\"text-editor.default\">\n\t\t\t\t\t\t\t\t\t<table class=\"table\" aria-label=\"Releases\">\n<thead>\n<tr>\n<th>Version<\/th>\n<th align=\"right\">Start date<\/th>\n<th align=\"right\">End date<\/th>\n<\/tr>\n<\/thead>\n<tbody>\n<tr>\n<td>2025 release wave 1, version 26.x<\/td>\n<td align=\"right\">Apr. 1, 2025<\/td>\n<td align=\"right\">Oct. 13, 2026<\/td>\n<\/tr>\n<tr>\n<td>2024 release wave 2, version 25.x<\/td>\n<td align=\"right\">Oct. 1, 2024<\/td>\n<td align=\"right\">Apr 4, 2026<\/td>\n<\/tr>\n<tr>\n<td>2024 release wave 1, version 24.x<\/td>\n<td align=\"right\">Apr. 2, 2024<\/td>\n<td align=\"right\">Oct. 7, 2025<\/td>\n<\/tr>\n<tr>\n<td>2023 release wave 2, version 23.x<\/td>\n<td align=\"right\">Oct. 2, 2023<\/td>\n<td align=\"right\">Apr. 2, 2025<\/td>\n<\/tr>\n<tr>\n<td>2023 release wave 1, version 22.x<\/td>\n<td align=\"right\">Apr. 3, 2023<\/td>\n<td align=\"right\">Oct. 8, 2024<\/td>\n<\/tr>\n<tr>\n<td>2022 release wave 2, version 21.x<\/td>\n<td align=\"right\">Oct. 3, 2022<\/td>\n<td align=\"right\">Apr 14, 2024<\/td>\n<\/tr>\n<tr>\n<td>2022 release wave 1, version 20.x<\/td>\n<td align=\"right\">Apr. 1, 2022<\/td>\n<td align=\"right\">Oct. 10, 2023<\/td>\n<\/tr>\n<\/tbody>\n<\/table>\t\t\t\t\t\t\t\t<\/div>\n\t\t\t\t\t<\/div>\n\t\t\t\t<\/div>\n\t\t<div class=\"elementor-element elementor-element-00cb9fa e-flex e-con-boxed e-con e-parent\" data-id=\"00cb9fa\" data-element_type=\"container\">\n\t\t\t\t\t<div class=\"e-con-inner\">\n\t\t<div class=\"elementor-element elementor-element-e9d0231 e-con-full e-flex e-con e-child\" data-id=\"e9d0231\" data-element_type=\"container\">\n\t\t\t\t<div class=\"elementor-element elementor-element-afe66c8 elementor-widget elementor-widget-image\" data-id=\"afe66c8\" data-element_type=\"widget\" data-widget_type=\"image.default\">\n\t\t\t\t\t\t\t\t\t\t\t\t\t\t\t<img decoding=\"async\" width=\"800\" height=\"800\" src=\"https:\/\/navision-beratung.de\/wp-content\/uploads\/2025\/07\/lifecycle-1024x1024.png\" class=\"attachment-large size-large wp-image-14500\" alt=\"lifecycle\" srcset=\"https:\/\/navision-beratung.de\/wp-content\/uploads\/2025\/07\/lifecycle-1024x1024.png 1024w, https:\/\/navision-beratung.de\/wp-content\/uploads\/2025\/07\/lifecycle-300x300.png 300w, https:\/\/navision-beratung.de\/wp-content\/uploads\/2025\/07\/lifecycle-150x150.png 150w, https:\/\/navision-beratung.de\/wp-content\/uploads\/2025\/07\/lifecycle-768x768.png 768w, https:\/\/navision-beratung.de\/wp-content\/uploads\/2025\/07\/lifecycle.png 1500w\" sizes=\"(max-width: 800px) 100vw, 800px\" \/>\t\t\t\t\t\t\t\t\t\t\t\t\t\t\t<\/div>\n\t\t\t\t<\/div>\n\t\t<div class=\"elementor-element elementor-element-df22f33 e-con-full e-flex e-con e-child\" data-id=\"df22f33\" data-element_type=\"container\">\n\t\t\t\t<div class=\"elementor-element elementor-element-8f18000 elementor-widget elementor-widget-heading\" data-id=\"8f18000\" data-element_type=\"widget\" data-widget_type=\"heading.default\">\n\t\t\t\t\t<h3 class=\"elementor-heading-title elementor-size-default\">Fixed Lifecycle Policy<\/h3>\t\t\t\t<\/div>\n\t\t\t\t<div class=\"elementor-element elementor-element-b9f077c elementor-widget elementor-widget-text-editor\" data-id=\"b9f077c\" data-element_type=\"widget\" data-widget_type=\"text-editor.default\">\n\t\t\t\t\t\t\t\t\t<p>The October '18 and April '19 versions of Dynamics 365 Business Central (On-Premises) are still subject to the so-called Fixed Lifecycle Policy.<\/p>\n<p>In contrast to the modern policy, fixed support periods apply here. Microsoft offers five years of mainstream support for these versions with updates and new functions, followed by a further five years of extended support with security-related updates. Companies that are still working with these versions should plan to upgrade in order to continue to benefit from further developments and comprehensive support in the future.<\/p>\t\t\t\t\t\t\t\t<\/div>\n\t\t\t\t<\/div>\n\t\t\t\t\t<\/div>\n\t\t\t\t<\/div>\n\t\t<div class=\"elementor-element elementor-element-ff41bc9 e-flex e-con-boxed e-con e-parent\" data-id=\"ff41bc9\" data-element_type=\"container\" data-settings=\"{&quot;background_background&quot;:&quot;classic&quot;}\">\n\t\t\t\t\t<div class=\"e-con-inner\">\n\t\t\t\t<div class=\"elementor-element elementor-element-4a3e2f9e elementor-widget elementor-widget-text-editor\" data-id=\"4a3e2f9e\" data-element_type=\"widget\" data-widget_type=\"text-editor.default\">\n\t\t\t\t\t\t\t\t\t\n<figure class=\"wp-block-table is-style-stripes\">\n<table>\n<thead>\n<tr>\n<th>Available products<\/th>\n<th>Lifecycle start date<\/th>\n<th>End date for basic support<\/th>\n<th>End date for extended support<\/th>\n<\/tr>\n<\/thead>\n<tbody>\n<tr>\n<td>Dynamics 365 Business Central On-Premise<br \/>Version14.x (April '19 Update)<\/td>\n<td>\u00a0<\/td>\n<td>10.10.2023<\/td>\n<td>\u00a0<\/td>\n<\/tr>\n<tr>\n<td>Dynamics 365 Business Central (on-premises)<br \/>Version 13.x (October'18 Update)<\/td>\n<td>\u00a0<\/td>\n<td>To receive mainstream support after April 14, 2020, customers must upgrade to the April 2019 version or a later update to the April 2019 version<\/td>\n<td>\u00a0<\/td>\n<\/tr>\n<tr>\n<td>Microsoft Dynamics NAV 2018<\/td>\n<td>01.12.2017<\/td>\n<td>10.01.2023<\/td>\n<td>11.01.2028<\/td>\n<\/tr>\n<tr>\n<td>Microsoft Dynamics NAV 2017<\/td>\n<td>27.10.2016<\/td>\n<td>11.01.2022<\/td>\n<td>11.01.2027<\/td>\n<\/tr>\n<tr>\n<td>Microsoft Dynamics NAV 2016<\/td>\n<td>03.01.2016<\/td>\n<td>13.04.2021<\/td>\n<td>14.04.2026<\/td>\n<\/tr>\n<tr>\n<td>Microsoft Dynamics NAV 2015<\/td>\n<td>17.12.2014<\/td>\n<td>20.01.2020<\/td>\n<td>14.01.2025<\/td>\n<\/tr>\n<\/tbody>\n<\/table>\n<\/figure>\n\n\n\n<p>Source and further information can be found <a href=\"https:\/\/docs.microsoft.com\/en-us\/dynamics365\/business-central\/dev-itpro\/terms\/lifecycle-policy-on-premises\" target=\"_blank\" rel=\"noopener\">here<\/a>.<\/p>\n\t\t\t\t\t\t\t\t<\/div>\n\t\t\t\t\t<\/div>\n\t\t\t\t<\/div>\n\t\t<div class=\"elementor-element elementor-element-902ab8e e-con-full e-flex e-con e-parent\" data-id=\"902ab8e\" data-element_type=\"container\">\n\t\t\t\t<div class=\"elementor-element elementor-element-4d28439 elementor-widget elementor-widget-template\" data-id=\"4d28439\" data-element_type=\"widget\" data-widget_type=\"template.default\">\n\t\t\t\t<div class=\"elementor-widget-container\">\n\t\t\t\t\t\t\t<div class=\"elementor-template\">\n\t\t\t\t\t<div data-elementor-type=\"container\" data-elementor-id=\"10222\" class=\"elementor elementor-10222\" data-elementor-post-type=\"elementor_library\">\n\t\t\t\t<div class=\"elementor-element elementor-element-2856d5c2 e-flex e-con-boxed e-con e-parent\" data-id=\"2856d5c2\" data-element_type=\"container\" data-settings=\"{&quot;background_background&quot;:&quot;gradient&quot;}\">\n\t\t\t\t\t<div class=\"e-con-inner\">\n\t\t<div class=\"elementor-element elementor-element-22a1c1c3 e-con-full e-flex e-con e-child\" data-id=\"22a1c1c3\" data-element_type=\"container\">\n\t\t\t\t<div class=\"elementor-element elementor-element-1b1be51 elementor-absolute elementor-widget elementor-widget-image\" data-id=\"1b1be51\" data-element_type=\"widget\" data-settings=\"{&quot;_position&quot;:&quot;absolute&quot;}\" data-widget_type=\"image.default\">\n\t\t\t\t\t\t\t\t\t\t\t\t\t\t\t<img alt=\"\" loading=\"lazy\" decoding=\"async\" width=\"758\" height=\"837\" src=\"https:\/\/navision-beratung.de\/wp-content\/uploads\/2025\/04\/brAG_Play-Icon_neg_RGB.svg\" class=\"attachment-large size-large wp-image-9175\" \/>\t\t\t\t\t\t\t\t\t\t\t\t\t\t\t<\/div>\n\t\t\t\t<div class=\"elementor-element elementor-element-22ced99b elementor-widget elementor-widget-image\" data-id=\"22ced99b\" data-element_type=\"widget\" data-widget_type=\"image.default\">\n\t\t\t\t\t\t\t\t\t\t\t\t\t\t\t<img loading=\"lazy\" decoding=\"async\" width=\"800\" height=\"642\" src=\"https:\/\/navision-beratung.de\/wp-content\/uploads\/2025\/07\/bc-beratung-1024x822.png\" class=\"attachment-large size-large wp-image-13048\" alt=\"bc beratung\" srcset=\"https:\/\/navision-beratung.de\/wp-content\/uploads\/2025\/07\/bc-beratung-1024x822.png 1024w, https:\/\/navision-beratung.de\/wp-content\/uploads\/2025\/07\/bc-beratung-300x241.png 300w, https:\/\/navision-beratung.de\/wp-content\/uploads\/2025\/07\/bc-beratung-768x617.png 768w, https:\/\/navision-beratung.de\/wp-content\/uploads\/2025\/07\/bc-beratung-1536x1233.png 1536w, https:\/\/navision-beratung.de\/wp-content\/uploads\/2025\/07\/bc-beratung.png 2000w\" sizes=\"(max-width: 800px) 100vw, 800px\" \/>\t\t\t\t\t\t\t\t\t\t\t\t\t\t\t<\/div>\n\t\t\t\t<\/div>\n\t\t<div class=\"elementor-element elementor-element-1e68351e e-con-full e-flex e-con e-child\" data-id=\"1e68351e\" data-element_type=\"container\">\n\t\t\t\t<div class=\"elementor-element elementor-element-35b8e3c6 elementor-widget elementor-widget-heading\" data-id=\"35b8e3c6\" data-element_type=\"widget\" data-widget_type=\"heading.default\">\n\t\t\t\t\t<h3 class=\"elementor-heading-title elementor-size-default\">Interest in <br>Dynamics 365 Business Central?<\/h3>\t\t\t\t<\/div>\n\t\t\t\t<div class=\"elementor-element elementor-element-42de9026 elementor-widget elementor-widget-text-editor\" data-id=\"42de9026\" data-element_type=\"widget\" data-widget_type=\"text-editor.default\">\n\t\t\t\t\t\t\t\t\t<p>Test Dynamics 365 Business Central for 30 days free of charge - as a personal cloud demo or on your own hardware if you prefer.<\/p><p>Or let us show you the most important functions in a short webinar - tailored directly to your requirements.<\/p>\t\t\t\t\t\t\t\t<\/div>\n\t\t\t\t<div class=\"elementor-element elementor-element-6e0ebe8 elementor-widget elementor-widget-button\" data-id=\"6e0ebe8\" data-element_type=\"widget\" data-widget_type=\"button.default\">\n\t\t\t\t\t\t\t\t\t\t<a class=\"elementor-button elementor-button-link elementor-size-sm\" href=\"https:\/\/navision-beratung.de\/en\/kontakt\/\">\n\t\t\t\t\t\t<span class=\"elementor-button-content-wrapper\">\n\t\t\t\t\t\t<span class=\"elementor-button-icon\">\n\t\t\t\t<svg aria-hidden=\"true\" class=\"e-font-icon-svg e-fas-angle-right\" viewbox=\"0 0 256 512\" xmlns=\"http:\/\/www.w3.org\/2000\/svg\"><path d=\"M224.3 273l-136 136c-9.4 9.4-24.6 9.4-33.9 0l-22.6-22.6c-9.4-9.4-9.4-24.6 0-33.9l96.4-96.4-96.4-96.4c-9.4-9.4-9.4-24.6 0-33.9L54.3 103c9.4-9.4 24.6-9.4 33.9 0l136 136c9.5 9.4 9.5 24.6.1 34z\"><\/path><\/svg>\t\t\t<\/span>\n\t\t\t\t\t\t\t\t\t<span class=\"elementor-button-text\">Request now<\/span>\n\t\t\t\t\t<\/span>\n\t\t\t\t\t<\/a>\n\t\t\t\t\t\t\t\t<\/div>\n\t\t\t\t<\/div>\n\t\t\t\t\t<\/div>\n\t\t\t\t<\/div>\n\t\t\t\t<\/div>\n\t\t\t\t<\/div>\n\t\t\t\t\t\t<\/div>\n\t\t\t\t<\/div>\n\t\t\t\t<\/div>\n\t\t<div class=\"elementor-element elementor-element-1d3e712 e-flex e-con-boxed e-con e-parent\" data-id=\"1d3e712\" data-element_type=\"container\" data-settings=\"{&quot;background_background&quot;:&quot;classic&quot;}\">\n\t\t\t\t\t<div class=\"e-con-inner\">\n\t\t<div class=\"elementor-element elementor-element-e3ec8be e-con-full e-flex e-con e-child\" data-id=\"e3ec8be\" data-element_type=\"container\">\n\t\t<div class=\"elementor-element elementor-element-919106d e-con-full e-flex e-con e-child\" data-id=\"919106d\" data-element_type=\"container\">\n\t\t\t\t<div class=\"elementor-element elementor-element-fa7c791 elementor-widget__width-initial elementor-widget elementor-widget-heading\" data-id=\"fa7c791\" data-element_type=\"widget\" data-widget_type=\"heading.default\">\n\t\t\t\t\t<h5 class=\"elementor-heading-title elementor-size-default\">bartolome r\u00f6der AG<\/h5>\t\t\t\t<\/div>\n\t\t\t\t<div class=\"elementor-element elementor-element-e0bb3be elementor-widget__width-initial elementor-widget elementor-widget-heading\" data-id=\"e0bb3be\" data-element_type=\"widget\" data-widget_type=\"heading.default\">\n\t\t\t\t\t<h3 class=\"elementor-heading-title elementor-size-default\">We keep an eye on your version<\/h3>\t\t\t\t<\/div>\n\t\t\t\t<div class=\"elementor-element elementor-element-28ee2bf elementor-widget elementor-widget-text-editor\" data-id=\"28ee2bf\" data-element_type=\"widget\" data-widget_type=\"text-editor.default\">\n\t\t\t\t\t\t\t\t\t<p>'We keep track of support deadlines, update cycles and Microsoft guidelines for you. Together, we check which version you are currently using and how long it will be supported - so that there are no nasty surprises. On this basis, we will advise you on whether an upgrade is necessary, when the best time would be and what specific steps are required.<\/p>\n<p>Whether modern lifecycle or fixed policy - we ensure that your solution is modernized in good time, remains supported and can be operated securely in the long term. We not only take care of the technical implementation, but also provide you with strategic support during the changeover.<\/p>\t\t\t\t\t\t\t\t<\/div>\n\t\t\t\t<div class=\"elementor-element elementor-element-0c6d85c elementor-widget elementor-widget-button\" data-id=\"0c6d85c\" data-element_type=\"widget\" data-widget_type=\"button.default\">\n\t\t\t\t\t\t\t\t\t\t<a class=\"elementor-button elementor-button-link elementor-size-sm\" href=\"https:\/\/navision-beratung.de\/en\/bartolome-roeder-ag\/\">\n\t\t\t\t\t\t<span class=\"elementor-button-content-wrapper\">\n\t\t\t\t\t\t<span class=\"elementor-button-icon\">\n\t\t\t\t<svg aria-hidden=\"true\" class=\"e-font-icon-svg e-fas-angle-right\" viewbox=\"0 0 256 512\" xmlns=\"http:\/\/www.w3.org\/2000\/svg\"><path d=\"M224.3 273l-136 136c-9.4 9.4-24.6 9.4-33.9 0l-22.6-22.6c-9.4-9.4-9.4-24.6 0-33.9l96.4-96.4-96.4-96.4c-9.4-9.4-9.4-24.6 0-33.9L54.3 103c9.4-9.4 24.6-9.4 33.9 0l136 136c9.5 9.4 9.5 24.6.1 34z\"><\/path><\/svg>\t\t\t<\/span>\n\t\t\t\t\t\t\t\t\t<span class=\"elementor-button-text\">More about us<\/span>\n\t\t\t\t\t<\/span>\n\t\t\t\t\t<\/a>\n\t\t\t\t\t\t\t\t<\/div>\n\t\t\t\t<\/div>\n\t\t\t\t<\/div>\n\t\t\t\t\t<\/div>\n\t\t\t\t<\/div>\n\t\t\t\t<\/div>","protected":false},"excerpt":{"rendered":"<p>Wartungsintervalle nach Produktversionen Lifecycle von Dynamics NAV und BC Microsoft Microsoft Dynamics 365 Business Central folgt \u2013 je nach Bereitstellungsform \u2013 entweder der Modern Lifecycle-Richtlinie (f\u00fcr Cloud- und aktuelle On-Prem-Versionen) oder der Fixed Lifecycle Policy (f\u00fcr \u00e4ltere On-Prem-Versionen und NAV). Das bedeutet: Wer heute plant, migriert oder neu startet, sollte die Supportzeitr\u00e4ume seiner Version genau [&hellip;]<\/p>","protected":false},"author":1,"featured_media":6501,"parent":0,"menu_order":0,"comment_status":"closed","ping_status":"closed","template":"","meta":{"_seopress_robots_primary_cat":"","_seopress_titles_title":"Microsoft Dynamics 365 BC: Support und Updates im \u00dcberblick","_seopress_titles_desc":"Erfahren Sie alles \u00fcber die Lifecycle-Policies und Supportzeitr\u00e4ume von Dynamics 365 Business Central und NAV. Bleiben Sie immer gut informiert!","_seopress_robots_index":"","footnotes":""},"categories":[],"tags":[],"class_list":["post-54","page","type-page","status-publish","has-post-thumbnail","hentry"],"_links":{"self":[{"href":"https:\/\/navision-beratung.de\/en\/wp-json\/wp\/v2\/pages\/54","targetHints":{"allow":["GET"]}}],"collection":[{"href":"https:\/\/navision-beratung.de\/en\/wp-json\/wp\/v2\/pages"}],"about":[{"href":"https:\/\/navision-beratung.de\/en\/wp-json\/wp\/v2\/types\/page"}],"author":[{"embeddable":true,"href":"https:\/\/navision-beratung.de\/en\/wp-json\/wp\/v2\/users\/1"}],"replies":[{"embeddable":true,"href":"https:\/\/navision-beratung.de\/en\/wp-json\/wp\/v2\/comments?post=54"}],"version-history":[{"count":3,"href":"https:\/\/navision-beratung.de\/en\/wp-json\/wp\/v2\/pages\/54\/revisions"}],"predecessor-version":[{"id":14507,"href":"https:\/\/navision-beratung.de\/en\/wp-json\/wp\/v2\/pages\/54\/revisions\/14507"}],"wp:featuredmedia":[{"embeddable":true,"href":"https:\/\/navision-beratung.de\/en\/wp-json\/wp\/v2\/media\/6501"}],"wp:attachment":[{"href":"https:\/\/navision-beratung.de\/en\/wp-json\/wp\/v2\/media?parent=54"}],"wp:term":[{"taxonomy":"category","embeddable":true,"href":"https:\/\/navision-beratung.de\/en\/wp-json\/wp\/v2\/categories?post=54"},{"taxonomy":"post_tag","embeddable":true,"href":"https:\/\/navision-beratung.de\/en\/wp-json\/wp\/v2\/tags?post=54"}],"curies":[{"name":"wp","href":"https:\/\/api.w.org\/{rel}","templated":true}]}}