{"id":5194,"date":"2019-04-17T11:17:59","date_gmt":"2019-04-17T11:17:59","guid":{"rendered":"https:\/\/navision-beratung.de\/?page_id=5194"},"modified":"2025-05-26T10:22:41","modified_gmt":"2025-05-26T08:22:41","slug":"referenzprojekte-der-bartolome-roeder-ag-versandhandel","status":"publish","type":"page","link":"https:\/\/navision-beratung.de\/en\/referenzen\/referenzprojekte-der-bartolome-roeder-ag-versandhandel\/","title":{"rendered":"Reference projects of bartolome r\u00f6der AG: Mail order business"},"content":{"rendered":"<p>In our series of reference projects from bartolome r\u00f6der AG, we would like to tell you today about the optimization process of the warehouse processes of a customer from the <strong>Online mail order business<\/strong> report.<\/p>\n<p>The e-commerce company has around 300 employees, of whom around 100 work with Dynamics NAV on a daily basis. The objective was to <strong>Optimization of warehouse processes<\/strong> in the ERP process Microsoft Dynamics NAV 2013 due to the rapid growth of the company.<\/p>\n<h2>The company<\/h2>\n<p>The online mail order company, which has been able to establish itself on the German market in just a few years, has to coordinate a large number of orders every day. An extensive portfolio means that a large storage area is required. This sometimes results in long routes, which also need to be optimized.<\/p>\n<h2>Challenge<\/h2>\n<p>The biggest challenge was to optimize the warehouse processes so that they could cope with the company's rapid growth. Process optimization played a particularly important role. One of the problems was that users had blocked each other from working in the system.<\/p>\n<h2>The highlights of the optimization process<\/h2>\n<p>In the following we would like to<strong> Highlights of the optimization process<\/strong> in extracts:<\/p>\n<p>A key component was the <strong>Optimization of the incoming goods process<\/strong>. Adjustments in NAV made it possible for several employees to process the goods receipt at the same time without error messages or incorrect postings. This was achieved by adding an additional screen to the standard system.<\/p>\n<p>Furthermore, the <strong>Optimization of the picking process<\/strong>. The provision of goods by zone, storage bin and article was introduced here. Storage bin weighting was carried out according to number sequence. Picking by order has optimized the routes by over 25 %.<\/p>\n<p>Yet another adjustment was made by the <strong>Optimization of the packing process<\/strong> is shown. A task queue has been introduced here, for example. Any number of items can now be scanned, registered and then packed. All items scanned during the registration process end up in a task queue and can then be booked by a user at the end without overlapping.<\/p>\n<p>And also the <strong>Optimization of the returns process<\/strong> was successfully mapped in NAV. The booking paths were essentially shortened and thus optimized. Goods on backorder can now be identified more quickly as A or C goods, assigned to the correct warehouse and, if necessary, reshipped.<\/p>\n<h2>Realization of the project<\/h2>\n<p>The optimization of the warehouse processes in the Dynamics NAV system was implemented in a timeframe of 3 months.<\/p>\n<p>Thanks to a structured approach and good cooperation between the customer and the development team, the project was successfully completed on time.<\/p>","protected":false},"excerpt":{"rendered":"<p>In our series of reference projects from bartolome r\u00f6der AG, we would like to tell you today about the optimization of warehouse processes for a customer in the online mail order business. The e-commerce company has around 300 employees, of whom around 100 work with Dynamics NAV on a daily basis. The objective was to optimize the warehouse processes in the ERP process Microsoft Dynamics NAV 2013 due to the [...]<\/p>","protected":false},"author":1,"featured_media":11484,"parent":8787,"menu_order":0,"comment_status":"closed","ping_status":"closed","template":"","meta":{"_seopress_robots_primary_cat":"","_seopress_titles_title":"Optimierung von Lagerprozessen mit Dynamics NAV","_seopress_titles_desc":"Effiziente Optimierung der Lagerprozesse mit Dynamics NAV f\u00fcr E-Commerce Wachstum. Entdecken Sie L\u00f6sungen f\u00fcr Wareneingang, Kommissionierung & Retouren.","_seopress_robots_index":"","footnotes":""},"categories":[52],"tags":[],"class_list":["post-5194","page","type-page","status-publish","has-post-thumbnail","hentry","category-referenzen"],"_links":{"self":[{"href":"https:\/\/navision-beratung.de\/en\/wp-json\/wp\/v2\/pages\/5194","targetHints":{"allow":["GET"]}}],"collection":[{"href":"https:\/\/navision-beratung.de\/en\/wp-json\/wp\/v2\/pages"}],"about":[{"href":"https:\/\/navision-beratung.de\/en\/wp-json\/wp\/v2\/types\/page"}],"author":[{"embeddable":true,"href":"https:\/\/navision-beratung.de\/en\/wp-json\/wp\/v2\/users\/1"}],"replies":[{"embeddable":true,"href":"https:\/\/navision-beratung.de\/en\/wp-json\/wp\/v2\/comments?post=5194"}],"version-history":[{"count":0,"href":"https:\/\/navision-beratung.de\/en\/wp-json\/wp\/v2\/pages\/5194\/revisions"}],"up":[{"embeddable":true,"href":"https:\/\/navision-beratung.de\/en\/wp-json\/wp\/v2\/pages\/8787"}],"wp:featuredmedia":[{"embeddable":true,"href":"https:\/\/navision-beratung.de\/en\/wp-json\/wp\/v2\/media\/11484"}],"wp:attachment":[{"href":"https:\/\/navision-beratung.de\/en\/wp-json\/wp\/v2\/media?parent=5194"}],"wp:term":[{"taxonomy":"category","embeddable":true,"href":"https:\/\/navision-beratung.de\/en\/wp-json\/wp\/v2\/categories?post=5194"},{"taxonomy":"post_tag","embeddable":true,"href":"https:\/\/navision-beratung.de\/en\/wp-json\/wp\/v2\/tags?post=5194"}],"curies":[{"name":"wp","href":"https:\/\/api.w.org\/{rel}","templated":true}]}}