{"id":47,"date":"2014-10-23T10:00:00","date_gmt":"2014-10-23T10:00:00","guid":{"rendered":"http:\/\/navisionberatung.apps-1and1.net\/?page_id=47"},"modified":"2025-05-24T10:13:15","modified_gmt":"2025-05-24T08:13:15","slug":"projektkalkulator","status":"publish","type":"page","link":"https:\/\/navision-beratung.de\/en\/ueberpruefen\/projektkalkulator\/","title":{"rendered":"Projektkalkulation"},"content":{"rendered":"<p><a href=\"http:\/\/navision-beratung.de\/en\/Kalkulator\/Projektkalkulator.htm\/\" target=\"_blank\">\t<img fetchpriority=\"high\" decoding=\"async\" src=\"http:\/\/navision-beratung.de\/wp-content\/uploads\/2014\/10\/Kalkulation_011.png\" width=\"750\" height=\"280\"  class=\"so-widget-image\" style=\"max-width:100%; height:auto\" \/><br \/>\n<\/a><br \/>\nWas kostet mich mein ERP-Vorhaben?<br \/>\nMit welchen Dienstleistungskosten ist zu rechnen und wie hoch mu\u00df mein Gesamtbudget sein?<br \/>\nWelches Vorgehen empfiehlt sich f\u00fcr eine valide Auswandssch\u00e4tzung?<\/p>\n<p><a class=\"ow-button-hover\" target=\"_blank\" href=\"http:\/\/navision-beratung.de\/en\/Kalkulator\/Projektkalkulator.htm\/\" ><\/p>\n<p>Kalkulieren Sie jetzt!<br \/>\n<\/a><\/p>\n<p><a class=\"ow-button-hover\" href=\"http:\/\/navision-beratung.de\/en\/kontakt\/\" ><\/p>\n<p>Nehmen sie Kontakt mit uns auf<br \/>\n<\/a><\/p>","protected":false},"excerpt":{"rendered":"<p>Was kostet mich mein ERP-Vorhaben? Mit welchen Dienstleistungskosten ist zu rechnen und wie hoch mu\u00df mein Gesamtbudget sein?<\/p>\n<p>Welches Vorgehen empfiehlt sich f\u00fcr eine valide Auswandssch\u00e4tzung?<\/p>","protected":false},"author":1,"featured_media":667,"parent":10710,"menu_order":0,"comment_status":"closed","ping_status":"closed","template":"","meta":{"_seopress_robots_primary_cat":"","_seopress_titles_title":"ERP-Vorhaben: Budgetplanung und Dienstleistungskosten","_seopress_titles_desc":"Erfahren Sie alles \u00fcber Servicekosten und Budgetplanung f\u00fcr Ihr ERP-Projekt. Kontaktieren Sie uns f\u00fcr eine pr\u00e4zise Kostensch\u00e4tzung!","_seopress_robots_index":"","footnotes":""},"categories":[],"tags":[],"class_list":["post-47","page","type-page","status-publish","has-post-thumbnail","hentry"],"_links":{"self":[{"href":"https:\/\/navision-beratung.de\/en\/wp-json\/wp\/v2\/pages\/47","targetHints":{"allow":["GET"]}}],"collection":[{"href":"https:\/\/navision-beratung.de\/en\/wp-json\/wp\/v2\/pages"}],"about":[{"href":"https:\/\/navision-beratung.de\/en\/wp-json\/wp\/v2\/types\/page"}],"author":[{"embeddable":true,"href":"https:\/\/navision-beratung.de\/en\/wp-json\/wp\/v2\/users\/1"}],"replies":[{"embeddable":true,"href":"https:\/\/navision-beratung.de\/en\/wp-json\/wp\/v2\/comments?post=47"}],"version-history":[{"count":0,"href":"https:\/\/navision-beratung.de\/en\/wp-json\/wp\/v2\/pages\/47\/revisions"}],"up":[{"embeddable":true,"href":"https:\/\/navision-beratung.de\/en\/wp-json\/wp\/v2\/pages\/10710"}],"wp:featuredmedia":[{"embeddable":true,"href":"https:\/\/navision-beratung.de\/en\/wp-json\/wp\/v2\/media\/667"}],"wp:attachment":[{"href":"https:\/\/navision-beratung.de\/en\/wp-json\/wp\/v2\/media?parent=47"}],"wp:term":[{"taxonomy":"category","embeddable":true,"href":"https:\/\/navision-beratung.de\/en\/wp-json\/wp\/v2\/categories?post=47"},{"taxonomy":"post_tag","embeddable":true,"href":"https:\/\/navision-beratung.de\/en\/wp-json\/wp\/v2\/tags?post=47"}],"curies":[{"name":"wp","href":"https:\/\/api.w.org\/{rel}","templated":true}]}}