{"id":3244,"date":"2017-12-20T10:04:30","date_gmt":"2017-12-20T10:04:30","guid":{"rendered":"http:\/\/navision-beratung.de\/?page_id=3244"},"modified":"2025-05-24T10:13:15","modified_gmt":"2025-05-24T08:13:15","slug":"dynamics-nav-2018","status":"publish","type":"page","link":"https:\/\/navision-beratung.de\/en\/ueberpruefen\/dynamics-nav-2018\/","title":{"rendered":"Dynamics NAV 2018"},"content":{"rendered":"<p><img alt=\"\" fetchpriority=\"high\" decoding=\"async\" class=\"alignnone wp-image-3296 size-full\" src=\"https:\/\/navision-beratung.de\/wp-content\/uploads\/2018\/01\/Dynamics_NAV_2018.png\" width=\"785\" height=\"200\" srcset=\"https:\/\/navision-beratung.de\/wp-content\/uploads\/2018\/01\/Dynamics_NAV_2018.png 785w, https:\/\/navision-beratung.de\/wp-content\/uploads\/2018\/01\/Dynamics_NAV_2018-300x76.png 300w, https:\/\/navision-beratung.de\/wp-content\/uploads\/2018\/01\/Dynamics_NAV_2018-768x196.png 768w\" sizes=\"(max-width: 785px) 100vw, 785px\" \/><\/p>\n<p>The new version of the tried-and-tested ERP solution, Microsoft Dynamics NAV 2018, has been available since the beginning of December.<br \/>\nDynamics NAV 2018 comes with improvements to the core functionalities, many innovations and exciting features. For example, the integration of Office 365 (\"Common Data Service\" and the option to edit book sheets in Excel) has been further enhanced. Optimizations have also been made to the web client and its appearance.<\/p>\n<h2>These are the new features in Microsoft Dynamics NAV 2018<\/h2>\n<ul>\n<li>Comprehensive support for setup and configuration with several setup wizards<\/li>\n<li>Central setup options simplify the creation of new clients<\/li>\n<li>Deep integration of Office 365 through the use of the \"Common Data Service\" (data platform for exchanging Microsoft business applications, apps and services)<\/li>\n<li><a href=\"http:\/\/navision-beratung.de\/en\/microsoft-dynamics-nav-2018-mitarbeiterbuchungsblaetter\/\">Employee booking sheets<\/a>Employees can now also be selected in posting sheets in addition to creditors and debtors. This feature is used, for example, for the payment of travel expenses<\/li>\n<li>Task lists: similar to Outlook, task lists can be created. These can refer to certain ERP-specific tasks or be linked to defined pages or reports.<\/li>\n<li>Automated intercompany transactions can significantly speed up processes for intercompany postings<\/li>\n<\/ul>\n<p>[wpdm_package id='3300\u2032]<\/p>\n<div class=\"ebd-box\">\n<div class=\"ebd-box-content\"><span class=\"ebd-box-title\">Request a brochure<\/span><br \/>\nPlease enter your name and e-mail address. You will then shortly receive an e-mail with the download link.<br \/>\n[email-download download_id=\"3304\u2033 contact_form_id=\"3302\u2033]<\/div>\n<\/div>\n<h2>Dynamics NAV - What's next?<\/h2>\n<p>Two further releases are due to follow in spring 2018: An on-premise solution that includes all NAV functionalities and a cloud-based version that is split into different functional areas.<\/p>\n<h2>Do you have any questions?<\/h2>\n<p>If you would like more information about <a href=\"http:\/\/navision-beratung.de\/en\/microsoft-dynamics-nav\/\">Microsoft Dynamics NAV<\/a> please contact us at +49 (89) 21 111 848 or send an e-mail to <a href=\"mailto:vertrieb@br-ag.com\">vertrieb@br-ag.com<\/a>.<\/p>\n<p>&nbsp;<\/p>","protected":false},"excerpt":{"rendered":"<p>Seit Anfang Dezember ist die neue Version der bew\u00e4hrten ERP-L\u00f6sung, Microsoft Dynamics NAV 2018 verf\u00fcgbar. Dynamics NAV 2018 kommt mit Verbesserungen der Kernfunktionalit\u00e4ten, vielen Neuerungen und spannenden Features. So wurde beispielsweise die Integration von Office 365 (\u201eCommon Data Service\u201c und die M\u00f6glichkeit zur Bearbeitung von Buch.-Bl\u00e4ttern in Excel) noch weiter verst\u00e4rkt. Aber auch am Web [&hellip;]<\/p>","protected":false},"author":1,"featured_media":3197,"parent":10710,"menu_order":0,"comment_status":"closed","ping_status":"closed","template":"","meta":{"_seopress_robots_primary_cat":"","_seopress_titles_title":"Neue Features: Microsoft Dynamics NAV 2018","_seopress_titles_desc":"Erleben Sie erweiterte Integration mit Office 365 und verbesserte Funktionen im Dynamics NAV 2018. Optimierte Benutzbarkeit und innovative L\u00f6sungen warten.","_seopress_robots_index":"","footnotes":""},"categories":[],"tags":[],"class_list":["post-3244","page","type-page","status-publish","has-post-thumbnail","hentry"],"_links":{"self":[{"href":"https:\/\/navision-beratung.de\/en\/wp-json\/wp\/v2\/pages\/3244","targetHints":{"allow":["GET"]}}],"collection":[{"href":"https:\/\/navision-beratung.de\/en\/wp-json\/wp\/v2\/pages"}],"about":[{"href":"https:\/\/navision-beratung.de\/en\/wp-json\/wp\/v2\/types\/page"}],"author":[{"embeddable":true,"href":"https:\/\/navision-beratung.de\/en\/wp-json\/wp\/v2\/users\/1"}],"replies":[{"embeddable":true,"href":"https:\/\/navision-beratung.de\/en\/wp-json\/wp\/v2\/comments?post=3244"}],"version-history":[{"count":0,"href":"https:\/\/navision-beratung.de\/en\/wp-json\/wp\/v2\/pages\/3244\/revisions"}],"up":[{"embeddable":true,"href":"https:\/\/navision-beratung.de\/en\/wp-json\/wp\/v2\/pages\/10710"}],"wp:featuredmedia":[{"embeddable":true,"href":"https:\/\/navision-beratung.de\/en\/wp-json\/wp\/v2\/media\/3197"}],"wp:attachment":[{"href":"https:\/\/navision-beratung.de\/en\/wp-json\/wp\/v2\/media?parent=3244"}],"wp:term":[{"taxonomy":"category","embeddable":true,"href":"https:\/\/navision-beratung.de\/en\/wp-json\/wp\/v2\/categories?post=3244"},{"taxonomy":"post_tag","embeddable":true,"href":"https:\/\/navision-beratung.de\/en\/wp-json\/wp\/v2\/tags?post=3244"}],"curies":[{"name":"wp","href":"https:\/\/api.w.org\/{rel}","templated":true}]}}