{"id":3101,"date":"2020-11-03T11:35:00","date_gmt":"2020-11-03T11:35:00","guid":{"rendered":"http:\/\/navision-beratung.de\/?page_id=3101"},"modified":"2025-05-24T10:13:15","modified_gmt":"2025-05-24T08:13:15","slug":"nav-zugferd-schnittstelle","status":"publish","type":"page","link":"https:\/\/navision-beratung.de\/en\/ueberpruefen\/nav-zugferd-schnittstelle\/","title":{"rendered":"ZUGFeRD Interface | eDoc App"},"content":{"rendered":"<figure class=\"wp-block-image\"><img alt=\"\" fetchpriority=\"high\" decoding=\"async\" width=\"785\" height=\"200\" src=\"https:\/\/navision-beratung.de\/wp-content\/uploads\/2020\/11\/ZUGFeRD_XRechnung.png\" class=\"wp-image-6136\" srcset=\"https:\/\/navision-beratung.de\/wp-content\/uploads\/2020\/11\/ZUGFeRD_XRechnung.png 785w, https:\/\/navision-beratung.de\/wp-content\/uploads\/2020\/11\/ZUGFeRD_XRechnung-300x76.png 300w, https:\/\/navision-beratung.de\/wp-content\/uploads\/2020\/11\/ZUGFeRD_XRechnung-768x196.png 768w\" sizes=\"(max-width: 785px) 100vw, 785px\" \/><\/figure>\n\n\n\n<h2 class=\"wp-block-heading\">ZUGFeRD interface becomes the eDoc app<\/h2>\n\n\n\n<p>The ZUGFerd interface is now available in our successor add-on<strong> eDoc App<\/strong> integrated. In addition to the formats<strong> ZUGFeRD<\/strong>, <strong>XInvoice<\/strong> and <strong>FatturaPA<\/strong> other European formats are now also available, such as<strong> ebInterface (Austria)<\/strong>, <strong>KSeF Poland<\/strong> and <strong>Factur-X (France)<\/strong> available.<\/p>\n\n\n\n<div style=\"height:46px\" aria-hidden=\"true\" class=\"wp-block-spacer\"><\/div>\n\n\n\n<div class=\"wp-block-buttons is-content-justification-center is-layout-flex wp-container-core-buttons-is-layout-a89b3969 wp-block-buttons-is-layout-flex\">\n<div class=\"wp-block-button\"><a class=\"wp-block-button__link has-vivid-red-background-color has-background has-text-align-center wp-element-button\" href=\"https:\/\/navision-beratung.de\/en\/add-ons\/edoc-module-erstellen-sie-ihre-e-rechnung-einfach-schnell-rechtskonform\/\">Add-on eDoc App<\/a><\/div>\n<\/div>\n\n\n\n<div style=\"height:46px\" aria-hidden=\"true\" class=\"wp-block-spacer\"><\/div>\n\n\n\n<h2 class=\"wp-block-heading\">E-invoicing in accordance with the EU standard in just a few clicks<\/h2>\n\n\n\n<p>Use the ZUGFeRD interface or the eDoc app in Business Central or Dynamics NAV for the outgoing transmission of invoices (outbound) or the processing of incoming invoices (inbound) or for both directions (complete). You are free to choose the format (ZUGFeRD or XRechnung). Decide which license suits you best.<\/p>\n\n\n\n<p>The interface can be used for more than just exchanging invoices with public authorities. Benefit from the advantages of electronic invoice transmission, regardless of whether the recipient uses ZUGFeRD or not.<\/p>\n\n\n\n<p>Save yourself the trouble of scanning receipts or using OCR text recognition. Received documents are automatically imported from an import folder directly into Business Central or Dynamics NAV.<\/p>\n\n\n\n<figure class=\"wp-block-image size-large\"><a href=\"https:\/\/navision-beratung.de\/wp-content\/uploads\/2022\/10\/BRAG-ZUGFeRD-Interface_steps.jpg\"><img alt=\"\" decoding=\"async\" width=\"1024\" height=\"456\" src=\"https:\/\/navision-beratung.de\/wp-content\/uploads\/2022\/10\/BRAG-ZUGFeRD-Interface_steps-1024x456.jpg\" class=\"wp-image-7143\" srcset=\"https:\/\/navision-beratung.de\/wp-content\/uploads\/2022\/10\/BRAG-ZUGFeRD-Interface_steps-1024x456.jpg 1024w, https:\/\/navision-beratung.de\/wp-content\/uploads\/2022\/10\/BRAG-ZUGFeRD-Interface_steps-300x134.jpg 300w, https:\/\/navision-beratung.de\/wp-content\/uploads\/2022\/10\/BRAG-ZUGFeRD-Interface_steps-768x342.jpg 768w, https:\/\/navision-beratung.de\/wp-content\/uploads\/2022\/10\/BRAG-ZUGFeRD-Interface_steps.jpg 1123w\" sizes=\"(max-width: 1024px) 100vw, 1024px\" \/><\/a><\/figure>\n\n\n\n<h2 class=\"wp-block-heading\">What is ZUGFeRD or XRechnung?<\/h2>\n\n\n\n<p>ZUGFeRD (Zentraler User Guide des Forums elektronischer Rechnung Deutschland) is a format for electronic invoice exchange between companies and public authorities.<br>The format was initiated by the Federal Ministry for Economic Affairs and Energy and is already being used in many companies and administrations throughout Europe.<\/p>\n\n\n\n<p>Both the data structure of the current ZUGFeRD format and the XRechnung are based on EU standard EN 16931 and can therefore both be used. The big difference: ZUGFeRD consists of a PDF part and an XML attachment and the XRechnung is a pure XML data format.<\/p>\n\n\n\n<p>With the profile <strong>2.3.1 XInvoice<\/strong> electronic invoices can be sent to all invoice recipients who are connected to the ZRE and OZG-RE.<\/p>\n\n\n\n<h2 class=\"wp-block-heading\">Full integration of ZUGFeRD Interface\/ eDoc App in Microsoft Business Central or Dynamics NAV<\/h2>\n\n\n\n<figure class=\"wp-block-image\"><img alt=\"\" decoding=\"async\" width=\"1608\" height=\"605\" src=\"https:\/\/navision-beratung.de\/wp-content\/uploads\/2020\/11\/Integration-ZUGFeRD-Interface.png\" class=\"wp-image-6143\" srcset=\"https:\/\/navision-beratung.de\/wp-content\/uploads\/2020\/11\/Integration-ZUGFeRD-Interface.png 1608w, https:\/\/navision-beratung.de\/wp-content\/uploads\/2020\/11\/Integration-ZUGFeRD-Interface-300x113.png 300w, https:\/\/navision-beratung.de\/wp-content\/uploads\/2020\/11\/Integration-ZUGFeRD-Interface-1024x385.png 1024w, https:\/\/navision-beratung.de\/wp-content\/uploads\/2020\/11\/Integration-ZUGFeRD-Interface-768x289.png 768w, https:\/\/navision-beratung.de\/wp-content\/uploads\/2020\/11\/Integration-ZUGFeRD-Interface-1536x578.png 1536w\" sizes=\"(max-width: 1608px) 100vw, 1608px\" \/><\/figure>\n\n\n\n<p>The ZUGFeRD interface has been developed as an add-on solution for Microsoft Business Central or Dynamics NAV (from version NAV 2015) to simplify invoice exchange for medium-sized companies.<\/p>\n\n\n\n<p>By exporting an invoice from Dynamics NAV in ZUGFeRD format, a corresponding XML file is embedded in the receipt, which is available as a PDF file. This means that the document also contains a machine-readable form.<\/p>\n\n\n\n<p>Outgoing invoices can be sent completely electronically, regardless of whether the recipient uses ZUGFeRD or not.<\/p>\n\n\n\n<p>When receiving invoices, you no longer need to scan the documents and OCR text recognition is no longer necessary. The receipt received via e-mail inbox or via a monitored folder is automatically read directly into Dynamics NAV.<\/p>\n\n\n\n<h2 class=\"wp-block-heading\">The most important features<\/h2>\n\n\n\n<p>The ZUGFeRD interface is fully integrated into Business Central or Dynamics NAV and has a clear and intuitive setup.<\/p>\n\n\n\n<p>Depending on the customer, control whether and in which format (ZUGFeRD or X invoice) you send invoices; the standard document dispatch is used.<\/p>\n\n\n\n<figure class=\"wp-block-image\"><img alt=\"\" loading=\"lazy\" decoding=\"async\" width=\"1730\" height=\"708\" src=\"https:\/\/navision-beratung.de\/wp-content\/uploads\/2020\/11\/Debitor.png\" class=\"wp-image-6145\" srcset=\"https:\/\/navision-beratung.de\/wp-content\/uploads\/2020\/11\/Debitor.png 1730w, https:\/\/navision-beratung.de\/wp-content\/uploads\/2020\/11\/Debitor-300x123.png 300w, https:\/\/navision-beratung.de\/wp-content\/uploads\/2020\/11\/Debitor-1024x419.png 1024w, https:\/\/navision-beratung.de\/wp-content\/uploads\/2020\/11\/Debitor-768x314.png 768w, https:\/\/navision-beratung.de\/wp-content\/uploads\/2020\/11\/Debitor-1536x629.png 1536w\" sizes=\"(max-width: 1730px) 100vw, 1730px\" \/><\/figure>\n\n\n\n<p>Keep an eye on the original incoming invoices. When processing the incoming invoice, the interface provides you with a preview of the original invoice.<\/p>\n\n\n\n<figure class=\"wp-block-image\"><img alt=\"\" loading=\"lazy\" decoding=\"async\" width=\"1599\" height=\"716\" src=\"https:\/\/navision-beratung.de\/wp-content\/uploads\/2020\/11\/inbound.png\" class=\"wp-image-6147\" srcset=\"https:\/\/navision-beratung.de\/wp-content\/uploads\/2020\/11\/inbound.png 1599w, https:\/\/navision-beratung.de\/wp-content\/uploads\/2020\/11\/inbound-300x134.png 300w, https:\/\/navision-beratung.de\/wp-content\/uploads\/2020\/11\/inbound-1024x459.png 1024w, https:\/\/navision-beratung.de\/wp-content\/uploads\/2020\/11\/inbound-768x344.png 768w, https:\/\/navision-beratung.de\/wp-content\/uploads\/2020\/11\/inbound-1536x688.png 1536w\" sizes=\"(max-width: 1599px) 100vw, 1599px\" \/><\/figure>\n\n\n<p>[wpdm_package id='3108\u2032]<\/p>\n\n\n\n<div style=\"height:60px\" aria-hidden=\"true\" class=\"wp-block-spacer\"><\/div>\n\n\n\n<figure><iframe src=\"https:\/\/www.youtube.com\/embed\/UtqUX4NVQlY\" allowfullscreen=\"\" width=\"560\" height=\"315\"><\/iframe><\/figure>\n\n\n\n<div style=\"height:60px\" aria-hidden=\"true\" class=\"wp-block-spacer\"><\/div>\n\n\n\n<p><strong>Do you have any questions about the eDoc App add-on or electronic invoicing?<\/strong><\/p>\n\n\n\n<p>We will be happy to help you and advise you in detail:<\/p>\n\n\n\n<p><strong>Phone: +49 (89) 21 111 848<\/strong><br><strong>E-Mail: <\/strong><a href=\"mailto:vertrieb@br-ag.com\">vertrieb@br-ag.com<\/a><\/p>\n\n\n\n<div class=\"wp-block-buttons is-layout-flex wp-block-buttons-is-layout-flex\">\n<div class=\"wp-block-button aligncenter\"><a class=\"wp-block-button__link has-vivid-green-cyan-background-color has-background wp-element-button\" href=\"https:\/\/docs.navision-beratung.de\/ZUGFeRD-Interface\/\" target=\"_blank\" rel=\"noreferrer noopener\">Online help<\/a><\/div>\n<\/div>","protected":false},"excerpt":{"rendered":"<p>ZUGFeRD als Format zum elektronischen Rechnungsaustausch bietet die M\u00f6glichkeit des vollst\u00e4ndigen elektronischen Rechnungsaustauschs zwischen Unternehmen sowie Beh\u00f6rden.<br \/>\nDa ein ZUGFeRD-Beleg neben der PDF-Datei auch eine eingebettete XML-Datei hat, ist der Beleg in maschinenlesbarer Form vorhanden.<br \/>\nDie ZUGFeRD Schnittstelle ist als Add-on L\u00f6sung f\u00fcr Microsoft Dynamics NAV (ab Version NAV 2009 R2 bis NAV 2017) entwickelt worden, um den Rechnungsaustausch f\u00fcr mittelst\u00e4ndische Unternehmen einfacher zu gestalten.<\/p>","protected":false},"author":1,"featured_media":6141,"parent":10710,"menu_order":0,"comment_status":"closed","ping_status":"closed","template":"","meta":{"_seopress_robots_primary_cat":"","_seopress_titles_title":"eDoc App: ZUGFeRD & XRechnung effizient nutzen","_seopress_titles_desc":"Integrieren Sie ZUGFeRD in Dynamics NAV. Effiziente elektronische Rechnungsverarbeitung mit Formaten wie XRechnung und Factur-X.","_seopress_robots_index":"","footnotes":""},"categories":[],"tags":[],"class_list":["post-3101","page","type-page","status-publish","has-post-thumbnail","hentry"],"_links":{"self":[{"href":"https:\/\/navision-beratung.de\/en\/wp-json\/wp\/v2\/pages\/3101","targetHints":{"allow":["GET"]}}],"collection":[{"href":"https:\/\/navision-beratung.de\/en\/wp-json\/wp\/v2\/pages"}],"about":[{"href":"https:\/\/navision-beratung.de\/en\/wp-json\/wp\/v2\/types\/page"}],"author":[{"embeddable":true,"href":"https:\/\/navision-beratung.de\/en\/wp-json\/wp\/v2\/users\/1"}],"replies":[{"embeddable":true,"href":"https:\/\/navision-beratung.de\/en\/wp-json\/wp\/v2\/comments?post=3101"}],"version-history":[{"count":0,"href":"https:\/\/navision-beratung.de\/en\/wp-json\/wp\/v2\/pages\/3101\/revisions"}],"up":[{"embeddable":true,"href":"https:\/\/navision-beratung.de\/en\/wp-json\/wp\/v2\/pages\/10710"}],"wp:featuredmedia":[{"embeddable":true,"href":"https:\/\/navision-beratung.de\/en\/wp-json\/wp\/v2\/media\/6141"}],"wp:attachment":[{"href":"https:\/\/navision-beratung.de\/en\/wp-json\/wp\/v2\/media?parent=3101"}],"wp:term":[{"taxonomy":"category","embeddable":true,"href":"https:\/\/navision-beratung.de\/en\/wp-json\/wp\/v2\/categories?post=3101"},{"taxonomy":"post_tag","embeddable":true,"href":"https:\/\/navision-beratung.de\/en\/wp-json\/wp\/v2\/tags?post=3101"}],"curies":[{"name":"wp","href":"https:\/\/api.w.org\/{rel}","templated":true}]}}