{"id":165,"date":"2014-12-17T12:04:54","date_gmt":"2014-12-17T12:04:54","guid":{"rendered":"http:\/\/navisionberatung.apps-1and1.net\/?page_id=165"},"modified":"2025-05-24T10:13:15","modified_gmt":"2025-05-24T08:13:15","slug":"microsoft-dynamics-nav","status":"publish","type":"page","link":"https:\/\/navision-beratung.de\/en\/ueberpruefen\/microsoft-dynamics-nav\/","title":{"rendered":"ERP-Microsoft Dynamics NAV"},"content":{"rendered":"<div id=\"pl-165\"  class=\"panel-layout\" >\n<div id=\"pg-165-0\"  class=\"panel-grid panel-no-style\" >\n<div id=\"pgc-165-0-0\"  class=\"panel-grid-cell\"  data-weight=\"1\" >\n<div id=\"panel-165-0-0-0\" class=\"so-panel widget widget_sow-image panel-first-child\" data-index=\"0\" data-style=\"{&quot;background_display&quot;:&quot;tile&quot;}\" >[siteorigin_widget class=\"SiteOrigin_Widget_Image_Widget\"]<input type=\"hidden\" value=\"{&quot;instance&quot;:{&quot;image&quot;:2931,&quot;image_fallback&quot;:&quot;&quot;,&quot;size&quot;:&quot;full&quot;,&quot;align&quot;:&quot;default&quot;,&quot;title&quot;:&quot;Microsoft Dynamics NAV&quot;,&quot;title_position&quot;:&quot;hidden&quot;,&quot;alt&quot;:&quot;Microsoft Dynamics NAV&quot;,&quot;url&quot;:&quot;&quot;,&quot;bound&quot;:true,&quot;_sow_form_id&quot;:&quot;5912e38a0ac82&quot;,&quot;new_window&quot;:false,&quot;full_width&quot;:false},&quot;args&quot;:{&quot;before_widget&quot;:&quot;&lt;div id=\\&quot;panel-165-0-0-0\\&quot; class=\\&quot;so-panel widget widget_sow-image panel-first-child\\&quot; data-index=\\&quot;0\\&quot; data-style=\\&quot;{&amp;quot;background_display&amp;quot;:&amp;quot;tile&amp;quot;}\\&quot; &gt;&quot;,&quot;after_widget&quot;:&quot;&lt;\\\/div&gt;&quot;,&quot;before_title&quot;:&quot;&lt;h3 class=\\&quot;widget-title\\&quot;&gt;&quot;,&quot;after_title&quot;:&quot;&lt;\\\/h3&gt;&quot;,&quot;widget_id&quot;:&quot;widget-0-0-0&quot;}}\" \/>[\/siteorigin_widget]<\/div>\n<div id=\"panel-165-0-0-1\" class=\"so-panel widget widget_black-studio-tinymce widget_black_studio_tinymce panel-last-child\" data-index=\"1\" data-style=\"{&quot;background_image_attachment&quot;:false,&quot;background_display&quot;:&quot;tile&quot;}\" >\n<div class=\"textwidget\">\n<h1>The figures speak for themselves - with over 1 million users worldwide, Microsoft Dynamics NAV is one of the leading ERP systems<\/h1>\n<p>With Dynamics NAV, Microsoft offers a comprehensive solution for small and medium-sized companies in particular. Regardless of whether you have outgrown your current system, have reached the limits of what is possible with your current system or are simply looking for a modern ERP system:<br \/> Microsoft Dynamics NAV should be an integral part of your shortlist. Its prevalence in the market, flexibility, integration capability and partner structure speak for themselves.<\/p>\n<h2>\u00a0To the point<\/h2>\n<p>Give your employees new tools that will make your company more successful. Opt now for the innovative, flexible business solution from Microsoft Dynamics\u00ae NAV, the ERP solution for SMEs.<\/p>\n<p>Microsoft Dynamics NAV has an innovative operating concept and gives you comprehensive control over all aspects of business activity - for example, financial management, purchasing, sales, warehousing and logistics, as well as production and service management. Simple operation and the ability to integrate with existing systems and modern technologies make implementation much easier.<\/p>\n<p>There are also all the deployment options, i.e. how the software is provided: Whether on your own servers, hosted in the data center or in the cloud: let us advise you on the advantages of the individual application scenarios and find the solution that suits you best.<\/p>\n<\/div>\n<\/div>\n<\/div>\n<\/div>\n<div id=\"pg-165-1\"  class=\"panel-grid panel-no-style\"  data-style=\"{&quot;background_display&quot;:&quot;tile&quot;}\" >\n<div id=\"pgc-165-1-0\"  class=\"panel-grid-cell\"  data-weight=\"1\" >\n<div id=\"panel-165-1-0-0\" class=\"so-panel widget widget_spacious_featured_single_page_widget widget_featured_single_post panel-first-child panel-last-child\" data-index=\"2\" data-style=\"{&quot;background_image_attachment&quot;:false,&quot;background_display&quot;:&quot;tile&quot;}\" >[siteorigin_widget class=\"spacious_featured_single_page_widget\"]<input type=\"hidden\" value=\"{&quot;instance&quot;:{&quot;title&quot;:&quot;&quot;,&quot;page_id&quot;:664,&quot;image_position&quot;:&quot;below&quot;,&quot;disable_feature_image&quot;:0},&quot;args&quot;:{&quot;before_widget&quot;:&quot;&lt;div id=\\&quot;panel-165-1-0-0\\&quot; class=\\&quot;so-panel widget widget_spacious_featured_single_page_widget widget_featured_single_post panel-first-child panel-last-child\\&quot; data-index=\\&quot;2\\&quot; data-style=\\&quot;{&amp;quot;background_image_attachment&amp;quot;:false,&amp;quot;background_display&amp;quot;:&amp;quot;tile&amp;quot;}\\&quot; &gt;&quot;,&quot;after_widget&quot;:&quot;&lt;\\\/div&gt;&quot;,&quot;before_title&quot;:&quot;&lt;h3 class=\\&quot;widget-title\\&quot;&gt;&quot;,&quot;after_title&quot;:&quot;&lt;\\\/h3&gt;&quot;,&quot;widget_id&quot;:&quot;widget-1-0-0&quot;}}\" \/>[\/siteorigin_widget]<\/div>\n<\/div>\n<\/div>\n<div id=\"pg-165-2\"  class=\"panel-grid panel-no-style\" >\n<div id=\"pgc-165-2-0\"  class=\"panel-grid-cell\"  data-weight=\"1\" >\n<div id=\"panel-165-2-0-0\" class=\"so-panel widget widget_black-studio-tinymce widget_black_studio_tinymce panel-first-child panel-last-child\" data-index=\"3\" data-style=\"{&quot;background_image_attachment&quot;:false,&quot;background_display&quot;:&quot;tile&quot;}\" >\n<h3 class=\"widget-title\">Standard modules<\/h3>\n<div class=\"textwidget\">Microsoft Dynamics NAV already offers extensive functionality for your company as standard:<\/p>\n<ul>\n<li><a title=\"Financial Management &amp; Controlling\" href=\"http:\/\/navision-beratung.de\/en\/microsoft-dynamics-nav\/microsoft-dynamics-nav-module\/finanzmanagement-controlling\/\"><span class=\"panel3-list-heading\" data-equal-height=\"row1-heading1\">Financial management and accounting<\/span><\/a><\/li>\n<li><a title=\"Financial Management &amp; Controlling\" href=\"http:\/\/navision-beratung.de\/en\/microsoft-dynamics-nav\/microsoft-dynamics-nav-module\/dynamics-nav-2018-business-intelligence-power-bi\/\"><span class=\"panel3-list-heading\" data-equal-height=\"row1-heading1\"><span class=\"item-title\">Business Intelligence &amp; Power BI<\/span><\/span><\/a><\/li>\n<li><a title=\"Sales, Marketing &amp; Service Management\" href=\"http:\/\/navision-beratung.de\/en\/microsoft-dynamics-nav\/microsoft-dynamics-nav-module\/verkauf-marketing-servicemanagement-funktionen\/\">Sales, Marketing &amp; Service Management<\/a><\/li>\n<li><a title=\"Supply chain management and warehouse management\" href=\"http:\/\/navision-beratung.de\/en\/microsoft-dynamics-nav\/microsoft-dynamics-nav-module\/supply-chain-management-und-lagerverwaltung\/\">Supply chain management and warehouse management<\/a><\/li>\n<li><a title=\"Production planning and control\" href=\"http:\/\/navision-beratung.de\/en\/microsoft-dynamics-nav\/microsoft-dynamics-nav-module\/fertigungsplanung-und-steuerung\/\">Production planning and control<\/a><\/li>\n<li><a title=\"Project management\" href=\"http:\/\/navision-beratung.de\/en\/microsoft-dynamics-nav\/microsoft-dynamics-nav-module\/projektmanagement\/\">Project management<\/a><\/li>\n<li title=\"Add On&#039;s\"><a title=\"Human resources\" href=\"http:\/\/navision-beratung.de\/en\/microsoft-dynamics-nav\/microsoft-dynamics-nav-module\/personalwesen\/\">Human resources<\/a><\/li>\n<\/ul>\n<\/div>\n<\/div>\n<\/div>\n<\/div>\n<\/div>","protected":false},"excerpt":{"rendered":"<p>Entdecken Sie Microsoft Dynamics ERP<\/p>\n<p>Steigern Sie die Unternehmensleistung, messen Sie die finanzielle Effektivit\u00e4t und treffen Sie fundierte Unternehmensentscheidungen, die sich sofort auf Ihren Umsatz und Ihren Gewinn auswirken. <\/p>","protected":false},"author":1,"featured_media":172,"parent":10710,"menu_order":0,"comment_status":"closed","ping_status":"open","template":"","meta":{"_seopress_robots_primary_cat":"","_seopress_titles_title":"Microsoft Dynamics NAV: F\u00fchrendes ERP f\u00fcr KMU","_seopress_titles_desc":"Entdecken Sie Microsoft Dynamics NAV, das innovative ERP-System f\u00fcr KMU mit flexibler Integration und umfassender Kontrolle \u00fcber Ihr Unternehmen.","_seopress_robots_index":"","footnotes":""},"categories":[],"tags":[],"class_list":["post-165","page","type-page","status-publish","has-post-thumbnail","hentry"],"_links":{"self":[{"href":"https:\/\/navision-beratung.de\/en\/wp-json\/wp\/v2\/pages\/165","targetHints":{"allow":["GET"]}}],"collection":[{"href":"https:\/\/navision-beratung.de\/en\/wp-json\/wp\/v2\/pages"}],"about":[{"href":"https:\/\/navision-beratung.de\/en\/wp-json\/wp\/v2\/types\/page"}],"author":[{"embeddable":true,"href":"https:\/\/navision-beratung.de\/en\/wp-json\/wp\/v2\/users\/1"}],"replies":[{"embeddable":true,"href":"https:\/\/navision-beratung.de\/en\/wp-json\/wp\/v2\/comments?post=165"}],"version-history":[{"count":0,"href":"https:\/\/navision-beratung.de\/en\/wp-json\/wp\/v2\/pages\/165\/revisions"}],"up":[{"embeddable":true,"href":"https:\/\/navision-beratung.de\/en\/wp-json\/wp\/v2\/pages\/10710"}],"wp:featuredmedia":[{"embeddable":true,"href":"https:\/\/navision-beratung.de\/en\/wp-json\/wp\/v2\/media\/172"}],"wp:attachment":[{"href":"https:\/\/navision-beratung.de\/en\/wp-json\/wp\/v2\/media?parent=165"}],"wp:term":[{"taxonomy":"category","embeddable":true,"href":"https:\/\/navision-beratung.de\/en\/wp-json\/wp\/v2\/categories?post=165"},{"taxonomy":"post_tag","embeddable":true,"href":"https:\/\/navision-beratung.de\/en\/wp-json\/wp\/v2\/tags?post=165"}],"curies":[{"name":"wp","href":"https:\/\/api.w.org\/{rel}","templated":true}]}}