{"id":1530,"date":"2015-04-07T08:52:38","date_gmt":"2015-04-07T08:52:38","guid":{"rendered":"http:\/\/navision-beratung.de\/?page_id=1530"},"modified":"2015-04-07T08:52:38","modified_gmt":"2015-04-07T08:52:38","slug":"anfrage-upgrade-dynamics-nav","status":"publish","type":"page","link":"https:\/\/navision-beratung.de\/en\/anfrage-upgrade-dynamics-nav\/","title":{"rendered":"Anfrage  &#8211; Upgrade Dynamics NAV"},"content":{"rendered":"<p>Do you have questions about upgrading to Microsoft Dynamics NAV 2015? Or would you like more information about the features of Microsoft Dynamics NAV 2015?<\/p>\n<h2>We will be happy to help you!<\/h2>\n<p>Please fill in the form below with your name, company, e-mail address and telephone number (optional) so that we can contact you immediately.<\/p>\n<p>You are welcome to send us details of your request in the \"Request details\" field.<\/p>\n<p>&nbsp;<\/p>\n<h2>RequestForm:<\/h2>\n<p>[contact-form-7 id=\"1524\u2033 title=\"Upgrade to Dynamics NAV 2015\u2033]<\/p>","protected":false},"excerpt":{"rendered":"<p>Haben Sie Fragen zu einem Upgrade auf Microsoft Dynamics NAV 2015? Oder w\u00fcnschen Sie weitere Informationen zu den Features von Microsoft Dynamics NAV 2015? Wir helfen Ihnen gerne weiter! Bitte f\u00fcllen das unten stehende Formular mit Name, Firma, E-Mail Adresse und Telefonnummer (optional) aus, sodass wir sie umgehend kontaktieren k\u00f6nnen. Gerne k\u00f6nnen Sie uns bereits [&hellip;]<\/p>","protected":false},"author":1,"featured_media":0,"parent":0,"menu_order":0,"comment_status":"closed","ping_status":"open","template":"","meta":{"_seopress_robots_primary_cat":"","_seopress_titles_title":"Upgrade auf Dynamics NAV 2015: Jetzt anfragen","_seopress_titles_desc":"Erfahren Sie mehr \u00fcber Upgrades und Features von Dynamics NAV 2015. Kontaktieren Sie uns einfach \u00fcber unser Formular f\u00fcr individuelle Beratung.","_seopress_robots_index":"","footnotes":""},"categories":[],"tags":[],"class_list":["post-1530","page","type-page","status-publish","hentry"],"_links":{"self":[{"href":"https:\/\/navision-beratung.de\/en\/wp-json\/wp\/v2\/pages\/1530","targetHints":{"allow":["GET"]}}],"collection":[{"href":"https:\/\/navision-beratung.de\/en\/wp-json\/wp\/v2\/pages"}],"about":[{"href":"https:\/\/navision-beratung.de\/en\/wp-json\/wp\/v2\/types\/page"}],"author":[{"embeddable":true,"href":"https:\/\/navision-beratung.de\/en\/wp-json\/wp\/v2\/users\/1"}],"replies":[{"embeddable":true,"href":"https:\/\/navision-beratung.de\/en\/wp-json\/wp\/v2\/comments?post=1530"}],"version-history":[{"count":0,"href":"https:\/\/navision-beratung.de\/en\/wp-json\/wp\/v2\/pages\/1530\/revisions"}],"wp:attachment":[{"href":"https:\/\/navision-beratung.de\/en\/wp-json\/wp\/v2\/media?parent=1530"}],"wp:term":[{"taxonomy":"category","embeddable":true,"href":"https:\/\/navision-beratung.de\/en\/wp-json\/wp\/v2\/categories?post=1530"},{"taxonomy":"post_tag","embeddable":true,"href":"https:\/\/navision-beratung.de\/en\/wp-json\/wp\/v2\/tags?post=1530"}],"curies":[{"name":"wp","href":"https:\/\/api.w.org\/{rel}","templated":true}]}}