{"id":153,"date":"2019-07-03T10:53:44","date_gmt":"2019-07-03T10:53:44","guid":{"rendered":"http:\/\/navisionberatung.apps-1and1.net\/?page_id=153"},"modified":"2025-05-24T10:13:15","modified_gmt":"2025-05-24T08:13:15","slug":"microsoft-wartungsvertrag-enhancement-plan","status":"publish","type":"page","link":"https:\/\/navision-beratung.de\/en\/ueberpruefen\/microsoft-wartungsvertrag-enhancement-plan\/","title":{"rendered":"Microsoft Product Maintenance - Enhancement Plan"},"content":{"rendered":"<div id=\"pl-153\" class=\"panel-layout\">\n<div id=\"pg-153-0\" class=\"panel-grid panel-no-style\">\n<div id=\"pgc-153-0-0\" class=\"panel-grid-cell\" data-weight=\"1\">\n<div id=\"panel-153-0-0-0\" class=\"so-panel widget widget_black-studio-tinymce widget_black_studio_tinymce panel-first-child panel-last-child\" data-index=\"0\" data-style=\"{&quot;background_image_attachment&quot;:false,&quot;background_display&quot;:&quot;tile&quot;}\">\n<div class=\"textwidget\">\n<h2>Your maintenance contract for Microsoft Dynamics ERP products - Enhancement Plan<\/h2>\n<p>The Microsoft Enhancement Plan (EP for short) is the maintenance contract for your ERP system. It is not only a mandatory requirement for Microsoft product support, the EP also includes a service package that goes far beyond the industry standard. With the maintenance plan, you also invest in the research and further development of the system and can therefore benefit from innovations to your business software at any time. The Enhancement Plan offers you the following services:<\/p>\n<h2>The advantages of the Enhancement Plan at a glance<\/h2>\n<ul>\n<li><strong>Further development \/ upgrades<\/strong>Keep your software up to date: When a new product version is released, you can upgrade to it if required, while the functionality you have already purchased remains in place. There are no additional license costs, only the services used for upgrades are charged.<\/li>\n<\/ul>\n<ul>\n<li><strong>Access to Microsoft CustomerSource<\/strong>Expand your information advantage: EP gives you access to CustomerSource, the exclusive online platform for EP customers only, with the following catalog of services:\n<ul>\n<li>Online training courses<\/li>\n<li>E-learning (special online training courses that correspond in scope and level to traditional training)<\/li>\n<li>Learning plans for the individual design &amp; planning of your training courses including certification options<\/li>\n<li>Pre-announcements of new product versions and functions<\/li>\n<li>Invitations to special customer events<\/li>\n<li>Comprehensive knowledge database with tips &amp; tricks (German and English articles on technology, problem solving and more)<\/li>\n<li>Whitepapers and technical articles<\/li>\n<li>Product documentation and information<\/li>\n<\/ul>\n<\/li>\n<li><strong>Investment protection <\/strong>Protect your investments: In the event of a migration to another Microsoft Dynamics product, there is the option of having investments already made credited.<\/li>\n<\/ul>\n<p>An overview of the Microsoft support expiration dates for Dynamics 365 Business Central and Dynamics NAV versions from NAV 2009 can be found here:<\/p>\n<p>\u00a0<\/p>\n<\/div>\n<\/div>\n<\/div>\n<\/div>\n<\/div>\n\n\n<div class=\"wp-block-buttons is-layout-flex wp-block-buttons-is-layout-flex\">\n<div class=\"wp-block-button\"><a class=\"wp-block-button__link has-white-color has-vivid-cyan-blue-background-color has-text-color has-background\" href=\"https:\/\/navision-beratung.de\/en\/produktsupport\/\">Support period by product version<\/a><\/div>\n<\/div>","protected":false},"excerpt":{"rendered":"<p>Ihr Wartungsvertrag f\u00fcr die ERP-Produkte von Microsoft Dynamics &#8211; Enhancement Plan Der Microsoft Enhancement Plan (kurz: EP) ist der Wartungsvertrag f\u00fcr Ihr ERP-System. Er bildet nicht nur eine obligatorische Voraussetzung f\u00fcr den Microsoft Produktsupport, vielmehr umfasst der EP ein Leistungspaket, das weit \u00fcber den branchen\u00fcblichen Standard hinausgeht. Mit dem Wartungsplan investieren Sie auch in die [&hellip;]<\/p>","protected":false},"author":1,"featured_media":3019,"parent":10710,"menu_order":0,"comment_status":"closed","ping_status":"open","template":"","meta":{"_seopress_robots_primary_cat":"","_seopress_titles_title":"Vorteile des Microsoft Enhancement Plans erfahren","_seopress_titles_desc":"Profitieren Sie mit dem Microsoft Enhancement Plan von Upgrades, exklusiven Ressourcen & Investitionsschutz f\u00fcr Ihr ERP-System. Jetzt informieren!","_seopress_robots_index":"","footnotes":""},"categories":[],"tags":[],"class_list":["post-153","page","type-page","status-publish","has-post-thumbnail","hentry"],"_links":{"self":[{"href":"https:\/\/navision-beratung.de\/en\/wp-json\/wp\/v2\/pages\/153","targetHints":{"allow":["GET"]}}],"collection":[{"href":"https:\/\/navision-beratung.de\/en\/wp-json\/wp\/v2\/pages"}],"about":[{"href":"https:\/\/navision-beratung.de\/en\/wp-json\/wp\/v2\/types\/page"}],"author":[{"embeddable":true,"href":"https:\/\/navision-beratung.de\/en\/wp-json\/wp\/v2\/users\/1"}],"replies":[{"embeddable":true,"href":"https:\/\/navision-beratung.de\/en\/wp-json\/wp\/v2\/comments?post=153"}],"version-history":[{"count":0,"href":"https:\/\/navision-beratung.de\/en\/wp-json\/wp\/v2\/pages\/153\/revisions"}],"up":[{"embeddable":true,"href":"https:\/\/navision-beratung.de\/en\/wp-json\/wp\/v2\/pages\/10710"}],"wp:featuredmedia":[{"embeddable":true,"href":"https:\/\/navision-beratung.de\/en\/wp-json\/wp\/v2\/media\/3019"}],"wp:attachment":[{"href":"https:\/\/navision-beratung.de\/en\/wp-json\/wp\/v2\/media?parent=153"}],"wp:term":[{"taxonomy":"category","embeddable":true,"href":"https:\/\/navision-beratung.de\/en\/wp-json\/wp\/v2\/categories?post=153"},{"taxonomy":"post_tag","embeddable":true,"href":"https:\/\/navision-beratung.de\/en\/wp-json\/wp\/v2\/tags?post=153"}],"curies":[{"name":"wp","href":"https:\/\/api.w.org\/{rel}","templated":true}]}}