{"id":1457,"date":"2015-03-09T10:45:04","date_gmt":"2015-03-09T10:45:04","guid":{"rendered":"http:\/\/navision-beratung.de\/?page_id=1457"},"modified":"2025-05-24T10:13:15","modified_gmt":"2025-05-24T08:13:15","slug":"beratung-zu-cloud-moeglichkeiten","status":"publish","type":"page","link":"https:\/\/navision-beratung.de\/en\/ueberpruefen\/beratung-zu-cloud-moeglichkeiten\/","title":{"rendered":"Beratung zu Cloud-M\u00f6glichkeiten"},"content":{"rendered":"<p>[contact-form-7 id=\"1456\u2033 title=\"Cloud consulting\"]<\/p>","protected":false},"excerpt":{"rendered":"<p>[contact-form-7 id=\"1456\u2033 title=\"Cloud consulting\"]<\/p>","protected":false},"author":1,"featured_media":0,"parent":10710,"menu_order":0,"comment_status":"closed","ping_status":"open","template":"","meta":{"_seopress_robots_primary_cat":"","_seopress_titles_title":"Experten Cloud Beratung f\u00fcr Ihr Unternehmen","_seopress_titles_desc":"Optimieren Sie Ihre Cloud-Strategie mit unserer Beratung. Kontaktieren Sie uns f\u00fcr ma\u00dfgeschneiderte L\u00f6sungen!","_seopress_robots_index":"","footnotes":""},"categories":[],"tags":[],"class_list":["post-1457","page","type-page","status-publish","hentry"],"_links":{"self":[{"href":"https:\/\/navision-beratung.de\/en\/wp-json\/wp\/v2\/pages\/1457","targetHints":{"allow":["GET"]}}],"collection":[{"href":"https:\/\/navision-beratung.de\/en\/wp-json\/wp\/v2\/pages"}],"about":[{"href":"https:\/\/navision-beratung.de\/en\/wp-json\/wp\/v2\/types\/page"}],"author":[{"embeddable":true,"href":"https:\/\/navision-beratung.de\/en\/wp-json\/wp\/v2\/users\/1"}],"replies":[{"embeddable":true,"href":"https:\/\/navision-beratung.de\/en\/wp-json\/wp\/v2\/comments?post=1457"}],"version-history":[{"count":0,"href":"https:\/\/navision-beratung.de\/en\/wp-json\/wp\/v2\/pages\/1457\/revisions"}],"up":[{"embeddable":true,"href":"https:\/\/navision-beratung.de\/en\/wp-json\/wp\/v2\/pages\/10710"}],"wp:attachment":[{"href":"https:\/\/navision-beratung.de\/en\/wp-json\/wp\/v2\/media?parent=1457"}],"wp:term":[{"taxonomy":"category","embeddable":true,"href":"https:\/\/navision-beratung.de\/en\/wp-json\/wp\/v2\/categories?post=1457"},{"taxonomy":"post_tag","embeddable":true,"href":"https:\/\/navision-beratung.de\/en\/wp-json\/wp\/v2\/tags?post=1457"}],"curies":[{"name":"wp","href":"https:\/\/api.w.org\/{rel}","templated":true}]}}