{"id":97,"date":"2014-10-28T10:40:55","date_gmt":"2014-10-28T10:40:55","guid":{"rendered":"http:\/\/navisionberatung.apps-1and1.net\/?page_id=97"},"modified":"2025-08-12T08:41:19","modified_gmt":"2025-08-12T06:41:19","slug":"impressum","status":"publish","type":"page","link":"https:\/\/navision-beratung.de\/da\/impressum\/","title":{"rendered":"P\u00e5tryk"},"content":{"rendered":"<div data-elementor-type=\"wp-page\" data-elementor-id=\"97\" class=\"elementor elementor-97\" data-elementor-post-type=\"page\">\n\t\t\t\t<div class=\"elementor-element elementor-element-72781c51 e-flex e-con-boxed e-con e-parent\" data-id=\"72781c51\" data-element_type=\"container\">\n\t\t\t\t\t<div class=\"e-con-inner\">\n\t\t\t\t<div class=\"elementor-element elementor-element-5ba6e2e elementor-widget elementor-widget-heading\" data-id=\"5ba6e2e\" data-element_type=\"widget\" data-widget_type=\"heading.default\">\n\t\t\t\t\t<h2 class=\"elementor-heading-title elementor-size-default\">P\u00e5tryk<\/h2>\t\t\t\t<\/div>\n\t\t\t\t<div class=\"elementor-element elementor-element-7d366cd2 elementor-widget elementor-widget-text-editor\" data-id=\"7d366cd2\" data-element_type=\"widget\" data-widget_type=\"text-editor.default\">\n\t\t\t\t\t\t\t\t\t<p class=\"bodytext\"><b>bartolome r\u00f6der AG<\/b><br \/>Ridlerstr. 11<br \/>80339 M\u00fcnchen<\/p>\n<p><!-- \/wp:paragraph --><!-- wp:paragraph --><\/p>\n<p>Tlf.<a href=\"tel:++498921111848\">+49 89 21111848<\/a><br \/>E-mail: <a href=\"mailto:info@br-ag.com\">info@br-ag.com<\/a><br \/>Internet: <a class=\"external-link-new-window\" href=\"http:\/\/www.br-ag.com\/\" target=\"_blank\" rel=\"noopener noreferrer\">www.br-ag.com<\/a> | <a class=\"external-link-new-window\" href=\"https:\/\/navision-beratung.de\/da\/\" target=\"_blank\" rel=\"noopener noreferrer\">www.navision-beratung.de<\/a><\/p>\n<p><!-- \/wp:paragraph --><!-- wp:paragraph --><\/p>\n<p><b>Bestyrelsen er bemyndiget til at repr\u00e6sentere virksomheden:<\/b><br \/>Dipl.Wirt.Ing. Bernd R\u00f6der, Dipl.Wirt.Ing. Christoph Bartolome<\/p>\n<p><!-- \/wp:paragraph --><!-- wp:paragraph --><\/p>\n<p><strong>Formand for bestyrelsen:<\/strong> Constantin Ridder<\/p>\n<p><!-- \/wp:paragraph --><!-- wp:paragraph {\"className\":\"bodytext\"} --><\/p>\n<p class=\"bodytext\"><b>Registrer retten:<\/b> M\u00fcnchen<br \/><b>Registreringsnummer: <\/b>HRB 134226<br \/><b>Skattenummer: <\/b>143 \/ 100 \/ 10112<br \/><b>MOMS-ID:<\/b> DE 212 304 240<\/p>\n<p><!-- \/wp:paragraph --><!-- wp:paragraph {\"className\":\"bodytext\"} --><\/p>\n<p class=\"bodytext\">Ansvarlig for indholdet i henhold til \u00a7 10 stk. 3 MDStV: Bernd R\u00f6der (adresse som ovenfor)<\/p>\n<p class=\"bodytext\">\u00a0<\/p>\n<p><!-- \/wp:paragraph --><!-- wp:heading {\"level\":1} --><\/p>\n<h3 class=\"wp-block-heading\">Juridiske oplysninger:<\/h3>\n<p><!-- \/wp:heading --><!-- wp:paragraph {\"className\":\"bodytext\"} --><\/p>\n<p class=\"bodytext\">P\u00e5 trods af omhyggelig kontrol af indholdet p\u00e5tager bartolome r\u00f6der AG sig intet ansvar for indholdet af eksterne links. Operat\u00f8rerne af de linkede sider er alene ansvarlige for deres indhold.<\/p>\n<p><!-- \/wp:paragraph --><!-- wp:paragraph {\"className\":\"bodytext\"} --><\/p>\n<p class=\"bodytext\">bartolome r\u00f6der AG p\u00e5tager sig intet ansvar for datasikkerheden af oplysninger af enhver art, der sendes via hjemmesiden eller via e-mail.<\/p>\n<p><!-- \/wp:paragraph --><!-- wp:paragraph {\"className\":\"bodytext\"} --><\/p>\n<p class=\"bodytext\">Alle tekster, grafikker og billeder p\u00e5 webstedet www.br-ag.com er underlagt bartolome r\u00f6der AG's ophavsret og kan v\u00e6re beskyttet af tredjeparts ophavsret. Ingen del af denne publikation m\u00e5 gengives i nogen form eller behandles, kopieres eller distribueres ved hj\u00e6lp af elektroniske systemer uden skriftlig tilladelse fra bartolome r\u00f6der AG. Dette g\u00e6lder ikke for tekst- og billedmateriale, der udtrykkeligt tilbydes til videre distribution.<\/p>\n<p><!-- \/wp:paragraph --><!-- wp:paragraph {\"className\":\"bodytext\"} --><\/p>\n<p class=\"bodytext\">P\u00e5 trods af omhyggelig kontrol kan udgiveren ikke p\u00e5tage sig noget ansvar eller garantere, at oplysningerne og dataene p\u00e5 www.br-ag.com og www.navision-beratung.de er opdaterede, korrekte og fuldst\u00e6ndige.<\/p>\n<p><!-- \/wp:paragraph --><!-- wp:paragraph {\"className\":\"bodytext\"} --><\/p>\n<p class=\"bodytext\"><a title=\"GTC\" href=\"http:\/\/navision-beratung.de\/da\/agb\/\">AGB's<\/a><\/p>\n<p><!-- \/wp:paragraph --><!-- wp:paragraph {\"className\":\"bodytext\"} --><\/p>\n<p class=\"bodytext\"><a title=\"Beskyttelse af data\" href=\"http:\/\/navision-beratung.de\/da\/datenschutz\/\">Fortrolighedspolitik<\/a><\/p>\n<p class=\"bodytext\">\u00a0<\/p>\n<p><!-- \/wp:paragraph --><!-- wp:heading --><\/p>\n<h3 class=\"wp-block-heading\">Billedkreditering<\/h3>\n<p><!-- \/wp:heading --><!-- wp:paragraph --><\/p>\n<p><strong>Fotolia.com<\/strong>: 3dmentat, alexlmx, Andrey Popov, amenic181, Bacho Foto, bf87, bloomua, bounlow-pic, Brad Pict, Coloures-pic, contrastwerkstatt, Countrypixel, Cybrain, denisismagilov,  djama, DOC RABE Media, DragonImages, Eugene Kuklev, evencake, fotogestoeber, fotoknips, Gina Sanders, gonin, goodluz, gunnar3000, gustavofrazao, iconimage, <span class=\"conten-view-title-block\"><span id=\"content-view-title-contributor\" class=\"trunc-string\" title=\"\u00a9 Juice Images\">inarik, <\/span><\/span>industrieblick, Jakub Jirs\u00e1k, Jearu, John Smith, J\u00fcrgen F\u00e4lchle, <span class=\"conten-view-title-block\"><span id=\"content-view-title-contributor\" class=\"trunc-string\" title=\"\u00a9 Juice Images\">Juice Images, Julien Eichinger, luckybusiness<\/span><\/span>, Marco2811, Mathias Rosenthal, Michael Rosskothen, mimacz, Minerva Studio, MH, Mimi Potter, mooshny, nenetus, ninog, Nonwarit, Oleksiy Mark,Olivier Le Moal, Petair, psdesign1, Rawpixel.com, rcfotostock,\u00a0 <span class=\"conten-view-title-block\"><span id=\"content-view-title-contributor\" class=\"trunc-string\" title=\"\u00a9 Juice Images\">Robert Kneschke, ronstik, Saklakova, sebra, <\/span><\/span>Sergey Nivens, spiritofamerica, Syda Productions, <span class=\"conten-view-title-block\"><span id=\"content-view-title-contributor\" class=\"trunc-string\" title=\"\u00a9 Juice Images\">vege, venimo, Weissblick, Warakorn, yanlev, yurolaitsalbert.<br \/><\/span><\/span><\/p>\n<p>Fotogenik<\/p>\n<p><!-- \/wp:paragraph --><!-- wp:heading --><\/p>\n<h2 class=\"wp-block-heading\">\u00a0<\/h2>\n<p><!-- \/wp:heading --><\/p>\t\t\t\t\t\t\t\t<\/div>\n\t\t\t\t\t<\/div>\n\t\t\t\t<\/div>\n\t\t\t\t<\/div>","protected":false},"excerpt":{"rendered":"<p>Impressum bartolome r\u00f6der AGRidlerstr. 1180339\u00a0M\u00fcnchen Tel.+49 89 21111848E-Mail: info@br-ag.comInternet: www.br-ag.com | www.navision-beratung.de Vertretungsberechtigter Vorstand:Dipl.Wirt.Ing. Bernd R\u00f6der, Dipl.Wirt.Ing.\u00a0Christoph Bartolome Vorsitzender des Aufsichtsrates: Constantin Ridder Registergericht: M\u00fcnchenRegistriernummer: HRB 134226Steuernummer: 143 \/ 100 \/ 10112USt.-ID.: DE 212 304 240 Inhaltlich Verantwortlicher gem\u00e4\u00df \u00a7 10 Absatz 3 MDStV: Bernd R\u00f6der (Anschrift wie oben) \u00a0 Rechtliche Hinweise: Trotz sorgf\u00e4ltiger inhaltlicher [&hellip;]<\/p>","protected":false},"author":1,"featured_media":0,"parent":0,"menu_order":0,"comment_status":"closed","ping_status":"open","template":"","meta":{"_seopress_robots_primary_cat":"","_seopress_titles_title":"Kontakt & Impressum der Bartolome R\u00f6der AG M\u00fcnchen","_seopress_titles_desc":"Entdecken Sie Bartolome R\u00f6der AG in M\u00fcnchen, Ihre Experten f\u00fcr Wirtschaftsberatung. Besuchen Sie uns online unter www.br-ag.com & www.navision-beratung.de.","_seopress_robots_index":"","footnotes":""},"categories":[],"tags":[],"class_list":["post-97","page","type-page","status-publish","hentry"],"_links":{"self":[{"href":"https:\/\/navision-beratung.de\/da\/wp-json\/wp\/v2\/pages\/97","targetHints":{"allow":["GET"]}}],"collection":[{"href":"https:\/\/navision-beratung.de\/da\/wp-json\/wp\/v2\/pages"}],"about":[{"href":"https:\/\/navision-beratung.de\/da\/wp-json\/wp\/v2\/types\/page"}],"author":[{"embeddable":true,"href":"https:\/\/navision-beratung.de\/da\/wp-json\/wp\/v2\/users\/1"}],"replies":[{"embeddable":true,"href":"https:\/\/navision-beratung.de\/da\/wp-json\/wp\/v2\/comments?post=97"}],"version-history":[{"count":3,"href":"https:\/\/navision-beratung.de\/da\/wp-json\/wp\/v2\/pages\/97\/revisions"}],"predecessor-version":[{"id":16328,"href":"https:\/\/navision-beratung.de\/da\/wp-json\/wp\/v2\/pages\/97\/revisions\/16328"}],"wp:attachment":[{"href":"https:\/\/navision-beratung.de\/da\/wp-json\/wp\/v2\/media?parent=97"}],"wp:term":[{"taxonomy":"category","embeddable":true,"href":"https:\/\/navision-beratung.de\/da\/wp-json\/wp\/v2\/categories?post=97"},{"taxonomy":"post_tag","embeddable":true,"href":"https:\/\/navision-beratung.de\/da\/wp-json\/wp\/v2\/tags?post=97"}],"curies":[{"name":"wp","href":"https:\/\/api.w.org\/{rel}","templated":true}]}}