{"id":793,"date":"2018-06-16T09:09:51","date_gmt":"2018-06-16T09:09:51","guid":{"rendered":"http:\/\/navisionberatung.apps-1and1.net\/?page_id=793"},"modified":"2025-05-24T10:13:15","modified_gmt":"2025-05-24T08:13:15","slug":"projektmanagement","status":"publish","type":"page","link":"https:\/\/navision-beratung.de\/da\/ueberpruefen\/projektmanagement\/","title":{"rendered":"Dynamics NAV 2018: Projektmanagement"},"content":{"rendered":"<div id=\"pl-793\"  class=\"panel-layout\" >\n<div id=\"pg-793-0\"  class=\"panel-grid panel-no-style\" >\n<div id=\"pgc-793-0-0\"  class=\"panel-grid-cell\"  data-weight=\"1\" >\n<div id=\"panel-793-0-0-0\" class=\"so-panel widget widget_black-studio-tinymce widget_black_studio_tinymce panel-first-child panel-last-child\" data-index=\"0\" data-style=\"{&quot;background_image_attachment&quot;:false,&quot;background_display&quot;:&quot;tile&quot;}\" >\n<div class=\"textwidget\">\n<h1><img alt=\"\" fetchpriority=\"high\" decoding=\"async\" class=\"alignnone size-full wp-image-3521\" src=\"http:\/\/navision-beratung.de\/wp-content\/uploads\/2018\/06\/Dynamics_NAV_Projektmanagement.png\" width=\"785\" height=\"200\" srcset=\"https:\/\/navision-beratung.de\/wp-content\/uploads\/2018\/06\/Dynamics_NAV_Projektmanagement.png 785w, https:\/\/navision-beratung.de\/wp-content\/uploads\/2018\/06\/Dynamics_NAV_Projektmanagement-300x76.png 300w, https:\/\/navision-beratung.de\/wp-content\/uploads\/2018\/06\/Dynamics_NAV_Projektmanagement-768x196.png 768w\" sizes=\"(max-width: 785px) 100vw, 785px\" \/><\/h1>\n<h1><strong>Was kann Dynamics NAV 2018 &#8211; Projektmanagement<\/strong><\/h1>\n<p>Microsoft Dynamics NAV bietet Ihnen umfangreiche M\u00f6glichkeiten im Bereich <strong>Projektledelse<\/strong>. Sie behalten einen \u00dcberblick \u00fcber laufende Projekte, Verantwortlichkeiten und eingesetzte Ressourcen und k\u00f6nnen diese \u00fcbersichtlich verwalten.<\/p>\n<p>Damit Sie allerdings Ihre laufenden Projekte verwalten k\u00f6nnen, m\u00fcssen Sie zuerst die Ressourcen, Arbeitszeittabellen und Projekte in Dynamics NAV anlegen. Wir zeigen Ihnen dies Schritt f\u00fcr Schritt.<\/p>\n<p><strong><u>Einrichtung von Ressourcen<\/u><\/strong><\/p>\n<p>Um Ihre Ressourcenaktivit\u00e4ten ordnungsgem\u00e4\u00df verwalten zu k\u00f6nnen, ist die Einrichtung von den Ressourcen mit den zugeh\u00f6rigen Kosten und Preisen erforderlich. In der Projektkarte, dem Stammdatensatz des jeweiligen Projekts, werden die projektspezifischen Preise, Rabatte und Kostenfaktorregeln erstellt. Dabei k\u00f6nnen Kosten und Preise f\u00fcr einzelne Ressourcen, f\u00fcr vorab definierte Ressourcengruppen oder auch f\u00fcr alle verf\u00fcgbaren Ressourcen des Unternehmens angegeben werden.<br \/>\nRessourcen k\u00f6nnen sowohl Personen als auch Maschinen sein. Wird eine bestimmte Ressource im Rahmen eines Projekts eingesetzt, so wird der Verbrauch aufgrund der von Ihnen eingerichteten Preise\/Kosten berechnet.<br \/>\nIn der Regel wird bei der Ressourceneinrichtung der Betrag pro Stunde angegeben. Allerdings ist auch die Angabe in Personentagen oder Einheiten m\u00f6glich.<\/p>\n<p><strong><u>Einrichtung von Arbeitszeittabellen<\/u><\/strong><\/p>\n<p>Mit den sogenannten Arbeitszeittabellen in Dynamics NAV kann der Zeitverbrauch f\u00fcr eine Ressource, sei es Mitarbeiter oder Arbeitsplatz, erfasst werden. Zudem kann der sogenannte Arbeitszeittabellen-Manager die r\u00fcckgemeldeten Zeiten genehmigen und beh\u00e4lt so den \u00dcberblick \u00fcber die geleistete Arbeit auf bestimmte Projekte.<br \/>\nDie Zeit wird dabei w\u00f6chentlich erfasst, eine Arbeitszeittabelle enth\u00e4lt die M\u00f6glichkeit der R\u00fcckmeldung f\u00fcr eine Woche.<br \/>\nDabei bestimmen Sie, wie Sie die Arbeitszeittabellen einrichten und konfigurieren m\u00f6chten, je nach Bedarf in Ihrem Unternehmen.<br \/>\nNachdem Sie die Arbeitszeittabellen eingerichtet haben, k\u00f6nnen Sie angeben, wer die Berechtigung zur Genehmigung erh\u00e4lt (Arbeitszeittabellen-Manager), wobei Sie folgende M\u00f6glichkeiten haben:<br \/>\n&#8211; einen oder mehrere NAV-Nutzer als Arbeitszeittabellen-Administratoren und Genehmiger f\u00fcr alle \u00a0\u00a0\u00a0\u00a0\u00a0\u00a0\u00a0\u00a0\u00a0\u00a0Arbeitszeittabellen festlegen oder<br \/>\n&#8211; einen Arbeitszeittabellen-Genehmiger f\u00fcr jede Ressource separat festlegen.<br \/>\nNachdem die Arbeitszeittabellen eingerichtet wurden, k\u00f6nnen Sie diese f\u00fcr die jeweils ben\u00f6tigten Ressourcen erstellen, den Ressourcen die Projektplanungszeilen zuweisen und Arbeitszeittabellenzeilen buchen, beispielsweise jeweils am Monatsende. Ihre Aufw\u00e4nde verrechnen Sie so auf die jeweiligen Projekte an die Debitoren.<\/p>\n<p><strong><u>Einrichtung von Projekten<\/u><\/strong><\/p>\n<p>Damit Sie einen \u00dcberblick \u00fcber alle laufenden Projekte haben, ist es zun\u00e4chst n\u00f6tig, die Projekte in Dynamics NAV in Form von Projektkarten anzulegen. Die Projektkarte enth\u00e4lt alle wichtigen Stammdaten zum Projekt. Auch der Debitor, an den zu verrechnen ist, kann hinterlegt werden. Daneben k\u00f6nnen einzelne Projektaufgaben eingerichtet werden, wenn Sie m\u00f6chten mit Vorgabezeit. So sehen Sie, welches Stundenkontingent auf die jeweilige Projektaufgabe zur Verf\u00fcgung steht und wie viel davon bereits ausgesch\u00f6pft ist.<br \/>\nF\u00fcr die Ressourcen wie auch f\u00fcr die Artikel des Projekts k\u00f6nnen Projektpreise eingerichtet werden, die dann bei der Verrechnung automatisch geliefert werden.<br \/>\nAuch die jeweiligen Projektbuchungsgruppen k\u00f6nnen Sie zuweisen.<\/p>\n<p><strong><u>Funktionen des Projektmanagements<\/u><\/strong><\/p>\n<p>Nachdem Sie die Ressourcen, Arbeitszeittabellen sowie die Projekte eingerichtet haben, k\u00f6nnen Sie nun Ihre NAV-Umgebung f\u00fcr Projektmanagement-Verwaltungsaufgaben nutzen.<br \/>\nSie k\u00f6nnen beispielsweise ein Projekt konfigurieren und die ben\u00f6tigten Ressourcen einplanen. Zudem k\u00f6nnen Sie nun Budget und Status kontrollieren. Als Projektmanager haben Sie in NAV einen guten \u00dcberblick, nicht nur \u00fcber einzelnen Projekte, sondern auch \u00fcber die Verteilung der Mitarbeiter, der Maschinen und anderer Ressourcen, die in allen Projekten verwendet werden.<\/p>\n<p>Nachfolgend sehen Sie zusammengefasst eine \u00dcbersicht mit den <strong>Kernfunktionen<\/strong>, die Ihnen im <strong>Projektledelse<\/strong> zur Verf\u00fcgung stehen:<\/p>\n<p>&#x25aa; <strong>Projekte erstellen<\/strong>: Erstellen Sie Projekte, weisen Sie Projektaufgaben zu und bereiten Sie Projektplanungszeilen vor.<br \/>\n&#x25aa; <strong>Einsatz von Ressourcen f\u00fcr Projekte<\/strong>: Ordnen Sie den Projekten die jeweils ben\u00f6tigten bzw. eingesetzten Ressourcen zu und verwalten Sie die dazugeh\u00f6rigen Ressourcenpreise.<br \/>\n&#x25aa; <strong>Einsatz von Arbeitszeittabellen f\u00fcr Projekte<\/strong>: Erstellen Sie Arbeitszeittabellen mit integrierten Projektaufgaben sowie Planungszeilen und buchen Sie Arbeitszeittabellen im Projekt-Buch.-Blatt.<br \/>\n&#x25aa; <strong>Verwalten von Projektbudgets<\/strong>: Analysieren Sie den aktuellen Ressourcenverbrauch, um die Nutzung f\u00fcr k\u00fcnftige Projekte effizienter zu planen und somit die Kosteneffizienz zu verbessern.<br \/>\n&#x25aa; <strong>Aufzeichnung des<\/strong> <strong>Verbrauchs bei Projekten<\/strong>: Behalten Sie den \u00dcberblick \u00fcber den Verbrauch f\u00fcr verschiedene Abschnitte des Projekts. Durch Ihre Eingabe von Informationen zu Projekten, Projektbuchungsbl\u00e4ttern und Projektrechnungen wird dieser laufend aktualisiert.<br \/>\n&#x25aa; <strong>Verwalten von Projektlieferungen<\/strong>: Planen Sie den Einkauf von Projektlieferungen durch Bestellanforderungen oder Rechnungen.<br \/>\n&#x25aa; <strong>WIP-Methoden<\/strong>: Erfahren Sie mehr \u00fcber Ihren aktuellen WIP (Work In Process), den Umlaufbestand, durch eine Funktion, die korrekte Finanzauswertungen sicherstellt und es Ihnen erm\u00f6glicht, den Finanzwert von laufenden Projekten zu sch\u00e4tzen.<br \/>\n&#x25aa; <strong>\u00dcberwachen des Projektfortschritts und der Leistung<\/strong>: Buchen Sie den Materialverbrauch, die Ressourcen und andere Aufwendungen im Umlaufbestand (WIP), um den Finanzwert zu \u00fcberwachen und korrekte Finanzauswertungen zu garantieren, wenn Sie Projektausgaben buchen.<br \/>\n<strong>&#x25aa; Erstellung der<\/strong> <strong>Faktura<\/strong>: Erfassen Sie Projektkosten (Ressourcenverbrauch, Materialkosten oder projektbezogene Eink\u00e4ufe) auf laufender Basis durch Rechnungsstellung an den Kunden \u2013 dies kann zum Projektende geschehen oder entsprechend Ihrem laufenden Fakturierungsplan, der ebenfalls hinterlegt werden kann.<\/p>\n<p>Wenn Sie weitere Infos zum Projektmanagement oder anderen Bereichen in Dynamics NAV w\u00fcnschen, beraten wir Sie gerne telefonisch unter +49 (89) 21 111 848 oder kontaktieren Sie uns per E-Mail an <a href=\"mailto:vertrieb@br-ag.com\">vertrieb@br-ag.com<\/a>.<\/div>\n<\/div>\n<\/div>\n<\/div>\n<\/div>","protected":false},"excerpt":{"rendered":"<p>Was kann Dynamics NAV 2018 &#8211; Projektmanagement Microsoft Dynamics NAV bietet Ihnen umfangreiche M\u00f6glichkeiten im Bereich Projektmanagement. Sie behalten einen \u00dcberblick \u00fcber laufende Projekte, Verantwortlichkeiten und eingesetzte Ressourcen und k\u00f6nnen diese \u00fcbersichtlich verwalten. Damit Sie allerdings Ihre laufenden Projekte verwalten k\u00f6nnen, m\u00fcssen Sie zuerst die Ressourcen, Arbeitszeittabellen und Projekte in Dynamics NAV anlegen. Wir zeigen [&hellip;]<\/p>","protected":false},"author":1,"featured_media":3528,"parent":10710,"menu_order":0,"comment_status":"closed","ping_status":"open","template":"","meta":{"_seopress_robots_primary_cat":"","_seopress_titles_title":"Dynamics NAV 2018: Projektmanagement effizient nutzen","_seopress_titles_desc":"Entdecken Sie, wie Microsoft Dynamics NAV 2018 Ihnen hilft, Projekte effizient zu verwalten: Ressourcen, Arbeitszeittabellen & \u00dcberblick behalten!","_seopress_robots_index":"","footnotes":""},"categories":[],"tags":[],"class_list":["post-793","page","type-page","status-publish","has-post-thumbnail","hentry"],"_links":{"self":[{"href":"https:\/\/navision-beratung.de\/da\/wp-json\/wp\/v2\/pages\/793","targetHints":{"allow":["GET"]}}],"collection":[{"href":"https:\/\/navision-beratung.de\/da\/wp-json\/wp\/v2\/pages"}],"about":[{"href":"https:\/\/navision-beratung.de\/da\/wp-json\/wp\/v2\/types\/page"}],"author":[{"embeddable":true,"href":"https:\/\/navision-beratung.de\/da\/wp-json\/wp\/v2\/users\/1"}],"replies":[{"embeddable":true,"href":"https:\/\/navision-beratung.de\/da\/wp-json\/wp\/v2\/comments?post=793"}],"version-history":[{"count":0,"href":"https:\/\/navision-beratung.de\/da\/wp-json\/wp\/v2\/pages\/793\/revisions"}],"up":[{"embeddable":true,"href":"https:\/\/navision-beratung.de\/da\/wp-json\/wp\/v2\/pages\/10710"}],"wp:featuredmedia":[{"embeddable":true,"href":"https:\/\/navision-beratung.de\/da\/wp-json\/wp\/v2\/media\/3528"}],"wp:attachment":[{"href":"https:\/\/navision-beratung.de\/da\/wp-json\/wp\/v2\/media?parent=793"}],"wp:term":[{"taxonomy":"category","embeddable":true,"href":"https:\/\/navision-beratung.de\/da\/wp-json\/wp\/v2\/categories?post=793"},{"taxonomy":"post_tag","embeddable":true,"href":"https:\/\/navision-beratung.de\/da\/wp-json\/wp\/v2\/tags?post=793"}],"curies":[{"name":"wp","href":"https:\/\/api.w.org\/{rel}","templated":true}]}}