{"id":7510,"date":"2023-05-24T09:06:18","date_gmt":"2023-05-24T09:06:18","guid":{"rendered":"https:\/\/navision-beratung.de\/?page_id=7510"},"modified":"2025-05-24T09:26:41","modified_gmt":"2025-05-24T07:26:41","slug":"end-user-license-agreement-eula","status":"publish","type":"page","link":"https:\/\/navision-beratung.de\/da\/end-user-license-agreement-eula\/","title":{"rendered":"Slutbrugerlicensaftale (EULA)"},"content":{"rendered":"<div data-elementor-type=\"wp-page\" data-elementor-id=\"7510\" class=\"elementor elementor-7510\" data-elementor-post-type=\"page\">\n\t\t\t\t<div class=\"elementor-element elementor-element-2d27b860 e-flex e-con-boxed e-con e-parent\" data-id=\"2d27b860\" data-element_type=\"container\">\n\t\t\t\t\t<div class=\"e-con-inner\">\n\t\t\t\t<div class=\"elementor-element elementor-element-0c0fc3e elementor-widget elementor-widget-heading\" data-id=\"0c0fc3e\" data-element_type=\"widget\" data-widget_type=\"heading.default\">\n\t\t\t\t\t<h1 class=\"elementor-heading-title elementor-size-default\">Slutbrugerlicensaftale (EULA)<\/h1>\t\t\t\t<\/div>\n\t\t\t\t<div class=\"elementor-element elementor-element-251537c0 elementor-widget elementor-widget-text-editor\" data-id=\"251537c0\" data-element_type=\"widget\" data-widget_type=\"text-editor.default\">\n\t\t\t\t\t\t\t\t\t<p>KUNDEN garanterer, at han har alle n\u00f8dvendige bef\u00f8jelser, rettigheder, tilladelser og samtykker til at indg\u00e5 aftalen og til indholdet og til alle tredjepartssystemer eller -tjenester, som han bruger i forbindelse med tjenesterne. KUNDEN vil overholde softwarelicensvilk\u00e5rene og -betingelserne, politikken for acceptabel brug og kundeaftalen for al software og alle tjenester, der udg\u00f8r en del af tjenesterne. KUNDEN skal sikre, at licensvilk\u00e5rene og -betingelserne og\/eller slutbrugerlicensaftalerne (EULA) for al anden software, der anvendes af KUNDEN i forbindelse med tjenesterne, tillader en s\u00e5dan brug. KUNDEN skal holde bartolome roeder AG skadesl\u00f8s og friholde bartolome roeder AG for krav fra tredjeparter, herunder Microsoft, baseret p\u00e5 overtr\u00e6delse af g\u00e6ldende tredjepartsbetingelser som EULA. KUNDEN skal sikre, at alle autoriserede brugere er tilstr\u00e6kkeligt kompetente til at opfylde KUNDENs relevante forpligtelser i henhold til aftalen.<\/p><p>KUNDEN skal sikre, at alle autoriserede brugere er opm\u00e6rksomme p\u00e5, at privatlivspolitikken g\u00e6lder for aftalen og tidsplanerne, herunder tredjeparters vilk\u00e5r og betingelser, og skal overholde alle g\u00e6ldende vilk\u00e5r og betingelser og servicevilk\u00e5r. KUNDEN er ansvarlig og h\u00e6fter for de handlinger, forpligtelser og gebyrer, som de autoriserede brugere p\u00e5drager sig. KUNDEN skal overholde servicevilk\u00e5rene og m\u00e5 ikke f\u00e5 adgang til, gemme, distribuere eller overf\u00f8re noget st\u00f8dende indhold eller bruge tjenesterne til nogen st\u00f8dende aktivitet eller form\u00e5l. KUNDEN m\u00e5 ikke introducere nogen form for skadelig software, malware, vira, trojanske heste, orme, tidsbomber eller cancelbots i systemerne eller tjenesterne hos bartolome roeder AG, dets leverand\u00f8rer eller KUNDEN. KUNDEN skal opretholde fortroligheden og sikkerheden af alle logonoplysninger og detaljerne om, hvordan KUNDENs konto bruges. KUNDEN er ansvarlig for alle gebyrer, der p\u00e5l\u00f8ber ved uautoriseret adgang til sin konto, medmindre en s\u00e5dan uautoriseret adgang udelukkende er for\u00e5rsaget af bartolome roeder AG. Hvis KUNDEN opdager uautoriseret adgang, skal KUNDEN straks bede bartolome roeder AG om at suspendere KUNDENs konto. Kunden vil anvende generelle bedste sikkerhedspraksisser i forbindelse med udvikling og brug af alle tjenester og\/eller software og\/eller materialer, der er udviklet ved hj\u00e6lp af bartolome roeder AG's teknologi, og vil til enhver tid overholde bartolome roeder AG's krav til sikkerhed og databeskyttelse, som bartolome roeder AG til enhver tid stiller. Uden at begr\u00e6nse det foreg\u00e5ende vil kunden implementere tekniske, administrative og operationelle sikkerhedsforanstaltninger, der med rimelighed er tilstr\u00e6kkelige til at bevare fortroligheden, integriteten og sikkerheden af kundens data. KUNDEN m\u00e5 ikke, og skal sikre, at autoriserede brugere ikke fors\u00f8ger at omg\u00e5 nogen sikkerhedsforanstaltninger vedr\u00f8rende tjenesterne eller infrastrukturen eller f\u00e5 adgang til bartolome roeder AG's infrastruktur undtagen i overensstemmelse med de instruktioner og API'er, der er angivet af bartolome roeder AG. KUNDEN er eneansvarlig for at tilvejebringe og vedligeholde sine systemer og tjenester fra og til bartolome roeder AG's servicegr\u00e6nse. KUNDEN er eneansvarlig for udvikling, drift, vedligeholdelse og brug af indholdet og for overholdelse af enhver tredjeparts politik for acceptabel brug eller andre politikker, regler eller love vedr\u00f8rende det samme. KUNDEN bruger tredjepartsprodukter og -tjenester i forbindelse med tjenesterne p\u00e5 egen risiko og er ansvarlig for eventuelle omkostninger, som bartolome roeder AG p\u00e5drager sig som f\u00f8lge af KUNDENs brug af disse. KUNDEN er ansvarlig for korrekt konfiguration og brug af tjenesterne og for at tage sine egne skridt til at opretholde passende sikkerhed, beskyttelse og backup af indholdet, hvilket kan omfatte brug af krypteringsteknologi til at beskytte indholdet mod uautoriseret adgang og rutinem\u00e6ssig arkivering. Medmindre tjenesterne omfatter sikkerhedskopieringstjenester, anbefaler bartolome roeder AG, at KUNDEN opretholder en opdateret kopi af indholdet p\u00e5 anden vis. KUNDEN er ansvarlig for at yde al support til sine brugere og forretningspartnere.<\/p><p>KUNDEN kan bruge tjenesterne til at levere tjenester til sine egne partnere eller slutkunder inden for rammerne af KUNDENs almindelige forretning. Kunden m\u00e5 ikke udnytte tjenesterne. KUNDEN accepterer, at bartolome roeder AG kan v\u00e6re forpligtet ved lov til at overv\u00e5ge indholdet og brugen af tjenesterne og til at give oplysninger om samme, hvilket kan omfatte identifikation af logonoplysninger og deres brug. bartolome roeder AG er ikke ansvarlig for nogen effekt p\u00e5 tjenesterne for\u00e5rsaget af forpligtelsen til at overholde eventuelle anmodninger fremsat i henhold til enhver lovbestemt myndighed. KUNDEN er indforst\u00e5et med, at bartolome roeder AG ogs\u00e5 kan overv\u00e5ge KUNDENs brug af tjenesterne og indsamle statistik til form\u00e5l, der er forbundet med aftalen, og for at kunne udvikle og forbedre tjenesterne.<\/p><p>Vi modtager gerne dine kommentarer eller sp\u00f8rgsm\u00e5l til disse softwarelicensbetingelser (SLT). Du kan ogs\u00e5 kontakte os p\u00e5 vores adresse:<\/p><p>bartolome roeder AG ATTN: Licensafdeling Ridlerstr. 11<\/p><p>D-80339 M\u00fcnchen Tyskland<\/p>\t\t\t\t\t\t\t\t<\/div>\n\t\t\t\t\t<\/div>\n\t\t\t\t<\/div>\n\t\t\t\t<\/div>","protected":false},"excerpt":{"rendered":"<p>End User License Agreement (EULA) The CUSTOMER warrants that it has and all necessary authority, rights, permissions and consents to enter into the Agreement and to the Content and to any third party systems or services that it uses in connection with the Services. The CUSTOMER will abide by the software license terms and conditions [&hellip;]<\/p>","protected":false},"author":1,"featured_media":7410,"parent":0,"menu_order":0,"comment_status":"closed","ping_status":"closed","template":"","meta":{"_seopress_robots_primary_cat":"","_seopress_titles_title":"EULA: Sicherer Lizenzvertrag erfolgreich nutzen","_seopress_titles_desc":"Sorgen Sie f\u00fcr sicheren Datenumgang und Einhaltung von EULA und Nutzungsbedingungen. Sch\u00fctzen Sie Systeme vor unautorisiertem Zugriff und Schadsoftware.","_seopress_robots_index":"","footnotes":""},"categories":[],"tags":[],"class_list":["post-7510","page","type-page","status-publish","has-post-thumbnail","hentry"],"_links":{"self":[{"href":"https:\/\/navision-beratung.de\/da\/wp-json\/wp\/v2\/pages\/7510","targetHints":{"allow":["GET"]}}],"collection":[{"href":"https:\/\/navision-beratung.de\/da\/wp-json\/wp\/v2\/pages"}],"about":[{"href":"https:\/\/navision-beratung.de\/da\/wp-json\/wp\/v2\/types\/page"}],"author":[{"embeddable":true,"href":"https:\/\/navision-beratung.de\/da\/wp-json\/wp\/v2\/users\/1"}],"replies":[{"embeddable":true,"href":"https:\/\/navision-beratung.de\/da\/wp-json\/wp\/v2\/comments?post=7510"}],"version-history":[{"count":0,"href":"https:\/\/navision-beratung.de\/da\/wp-json\/wp\/v2\/pages\/7510\/revisions"}],"wp:featuredmedia":[{"embeddable":true,"href":"https:\/\/navision-beratung.de\/da\/wp-json\/wp\/v2\/media\/7410"}],"wp:attachment":[{"href":"https:\/\/navision-beratung.de\/da\/wp-json\/wp\/v2\/media?parent=7510"}],"wp:term":[{"taxonomy":"category","embeddable":true,"href":"https:\/\/navision-beratung.de\/da\/wp-json\/wp\/v2\/categories?post=7510"},{"taxonomy":"post_tag","embeddable":true,"href":"https:\/\/navision-beratung.de\/da\/wp-json\/wp\/v2\/tags?post=7510"}],"curies":[{"name":"wp","href":"https:\/\/api.w.org\/{rel}","templated":true}]}}