{"id":7381,"date":"2023-03-15T11:44:37","date_gmt":"2023-03-15T11:44:37","guid":{"rendered":"https:\/\/navision-beratung.de\/?page_id=7381"},"modified":"2025-05-26T10:35:04","modified_gmt":"2025-05-26T08:35:04","slug":"referenzprojekt-implementierung-projektmodul","status":"publish","type":"page","link":"https:\/\/navision-beratung.de\/da\/referenzen\/referenzprojekt-implementierung-projektmodul\/","title":{"rendered":"Referenceprojekt: Implementering af projektmodul"},"content":{"rendered":"<p data-renderer-start-pos=\"1\">I dag vil vi gerne pr\u00e6sentere et projekt p\u00e5 <strong data-renderer-mark=\"true\">EQS Group AG<\/strong>en f\u00f8rende international cloud-udbyder inden for corporate compliance, investor relations og b\u00e6redygtighedsrapportering (ESG Tech) med base i M\u00fcnchen.<\/p>\n<h2 id=\"Der-Scope\" data-renderer-start-pos=\"246\">Omfanget<\/h2>\n<p data-renderer-start-pos=\"257\">Virksomheden, som har specialiseret sig i innovative tjenester til b\u00f8rsnoterede virksomheder med omkring 500 brugere, besluttede at udskifte EasyProject-tilf\u00f8jelsen og implementere central tidsregistrering for alle projekter i alle klienter.<\/p>\n<h2 id=\"Die-Zielsetzung\" data-renderer-start-pos=\"496\">M\u00e5let er<\/h2>\n<p data-renderer-start-pos=\"513\">M\u00e5let var at forbedre effektiviteten og n\u00f8jagtigheden af projektstyringen og reducere arbejdsbyrden for medarbejderne.<\/p>\n<h2 id=\"Die-Implementierung\" data-renderer-start-pos=\"648\">Implementeringen<\/h2>\n<p data-renderer-start-pos=\"669\">Implementeringen omfattede oprettelse af stamdata for ressourcer, ressourcegrupper, dimensioner og andre n\u00f8dvendige oplysninger i en central klient. Disse data blev automatisk distribueret til alle m\u00e5lklienter via tilf\u00f8jelsesprogrammet Multi Entity Management (MEM). Projekter og projektopgaver med de oplysninger, der kr\u00e6ves til tidsregistrering, blev ogs\u00e5 oprettet i den centrale klient. Det bet\u00f8d, at projekterne automatisk kunne overf\u00f8res til m\u00e5lklienterne og beriges der.<\/p>\n<p data-renderer-start-pos=\"1193\">For at lette koncernintern projektallokering er ressourcegruppens pristabel blevet udvidet til at omfatte forskellige allokeringssatser. En logik for koncernintern projektallokering er blevet implementeret, og priss\u00e6tningen er blevet tilpasset for at bestemme den korrekte IC-overf\u00f8rselspris (f.eks. ressource A fra kunde A bidrager til et projekt fra kunde B).<\/p>\n<p data-renderer-start-pos=\"1562\">Centraliseret projekttidsregistrering i en klient er blevet indf\u00f8rt, s\u00e5 medarbejderne ikke l\u00e6ngere skal registrere tid separat i hver klient. Tidsregistreringslinjerne overf\u00f8res nu automatisk til den respektive m\u00e5lprojektklient, hvor de kan importeres og bogf\u00f8res p\u00e5 et projektregnskabsark ved hj\u00e6lp af en tilpasset funktion, s\u00e5 posterne kan oprettes og evalueres i m\u00e5lklienten. Projekt- og opgavevisningerne er blevet justeret, s\u00e5 de viser de korrekte totaler (\u00e5bne\/indtastede\/godkendte\/bogf\u00f8rte) for de globale timesedler.<\/p>\n<p data-renderer-start-pos=\"2158\">Projektledere modtager nu en udvidet arbejdstidsgodkendelse p\u00e5 linjeniveau, hvilket forenkler godkendelsesprocessen. Der er implementeret yderligere rutiner til at overf\u00f8re komplette projekter inklusive varer til en anden klient. Der er bl.a. lavet hurtigstart-skabeloner til hurtig import af ressourcegruppepriser til de respektive klienter via Excel.<\/p>\n<p data-renderer-start-pos=\"2586\">For at underst\u00f8tte medarbejdernes forskellige ansvarsomr\u00e5der og roller optimalt blev webklientens gr\u00e6nseflade (rollecenter, menubj\u00e6lker) tilpasset de forskellige brugergruppers krav og autorisationer (projektledere, godkendere eller projektmedarbejdere).<\/p>\n<h2 id=\"Der-Benefit-f\u00fcr-den-Kunden\" data-renderer-start-pos=\"2880\">Fordelen for kunden<\/h2>\n<p data-renderer-start-pos=\"2908\">Implementeringen af et centraliseret tidsregistreringssystem og udskiftningen af EasyProject-tilf\u00f8jelsen vil forbedre effektiviteten og n\u00f8jagtigheden af projektstyringen hos EQS Group AG betydeligt. Medarbejderne vil blive aflastet, og administrationen vil blive mere effektiv takket v\u00e6re automatiseringen af processerne.<\/p>\n<p data-renderer-start-pos=\"3205\">","protected":false},"excerpt":{"rendered":"<p>I dag vil vi gerne pr\u00e6sentere dig for et projekt hos EQS Group AG, en f\u00f8rende international cloud-udbyder inden for corporate compliance, investor relations og b\u00e6redygtighedsrapportering (ESG Tech) med base i M\u00fcnchen. Omfanget Virksomheden, som leverer innovative tjenester til b\u00f8rsnoterede virksomheder med omkring 500 brugere, besluttede at udskifte EasyProject-tilf\u00f8jelsen og implementere en centraliseret tidsregistrering [...].<\/p>","protected":false},"author":1,"featured_media":11834,"parent":8787,"menu_order":0,"comment_status":"closed","ping_status":"closed","template":"","meta":{"_seopress_robots_primary_cat":"","_seopress_titles_title":"Optimierte Projektzeitverwaltung bei EQS Group AG","_seopress_titles_desc":"Erfahren Sie, wie die neue zentrale Zeiterfassung die Projektverwaltung der EQS Group AG optimiert und den Mitarbeitern den Arbeitsalltag erleichtert.","_seopress_robots_index":"","footnotes":""},"categories":[52],"tags":[],"class_list":["post-7381","page","type-page","status-publish","has-post-thumbnail","hentry","category-referenzen"],"_links":{"self":[{"href":"https:\/\/navision-beratung.de\/da\/wp-json\/wp\/v2\/pages\/7381","targetHints":{"allow":["GET"]}}],"collection":[{"href":"https:\/\/navision-beratung.de\/da\/wp-json\/wp\/v2\/pages"}],"about":[{"href":"https:\/\/navision-beratung.de\/da\/wp-json\/wp\/v2\/types\/page"}],"author":[{"embeddable":true,"href":"https:\/\/navision-beratung.de\/da\/wp-json\/wp\/v2\/users\/1"}],"replies":[{"embeddable":true,"href":"https:\/\/navision-beratung.de\/da\/wp-json\/wp\/v2\/comments?post=7381"}],"version-history":[{"count":0,"href":"https:\/\/navision-beratung.de\/da\/wp-json\/wp\/v2\/pages\/7381\/revisions"}],"up":[{"embeddable":true,"href":"https:\/\/navision-beratung.de\/da\/wp-json\/wp\/v2\/pages\/8787"}],"wp:featuredmedia":[{"embeddable":true,"href":"https:\/\/navision-beratung.de\/da\/wp-json\/wp\/v2\/media\/11834"}],"wp:attachment":[{"href":"https:\/\/navision-beratung.de\/da\/wp-json\/wp\/v2\/media?parent=7381"}],"wp:term":[{"taxonomy":"category","embeddable":true,"href":"https:\/\/navision-beratung.de\/da\/wp-json\/wp\/v2\/categories?post=7381"},{"taxonomy":"post_tag","embeddable":true,"href":"https:\/\/navision-beratung.de\/da\/wp-json\/wp\/v2\/tags?post=7381"}],"curies":[{"name":"wp","href":"https:\/\/api.w.org\/{rel}","templated":true}]}}