{"id":7243,"date":"2022-11-16T11:55:56","date_gmt":"2022-11-16T11:55:56","guid":{"rendered":"https:\/\/navision-beratung.de\/?page_id=7243"},"modified":"2022-11-16T11:55:56","modified_gmt":"2022-11-16T11:55:56","slug":"bartolome-roder-ag-sorgt-fur-marktplatz-intelligenz","status":"publish","type":"page","link":"https:\/\/navision-beratung.de\/da\/bartolome-roder-ag-sorgt-fur-marktplatz-intelligenz\/","title":{"rendered":"bartolome r\u00f6der AG leverer markedsinformation"},"content":{"rendered":"<figure id=\"attachment_7256\" aria-describedby=\"caption-attachment-7256\" style=\"width: 785px\" class=\"wp-caption alignnone\"><img alt=\"\" fetchpriority=\"high\" decoding=\"async\" class=\"size-full wp-image-7256\" src=\"https:\/\/navision-beratung.de\/wp-content\/uploads\/2022\/11\/gabor-unternehmen-zentrale-rosenheim.jpg\" width=\"785\" height=\"442\" srcset=\"https:\/\/navision-beratung.de\/wp-content\/uploads\/2022\/11\/gabor-unternehmen-zentrale-rosenheim.jpg 785w, https:\/\/navision-beratung.de\/wp-content\/uploads\/2022\/11\/gabor-unternehmen-zentrale-rosenheim-300x169.jpg 300w, https:\/\/navision-beratung.de\/wp-content\/uploads\/2022\/11\/gabor-unternehmen-zentrale-rosenheim-768x432.jpg 768w\" sizes=\"(max-width: 785px) 100vw, 785px\" \/><figcaption id=\"caption-attachment-7256\" class=\"wp-caption-text\">Kilde: Gabor Shoes AG<\/figcaption><\/figure>\n<h1 id=\"NL|ReferenzartikelGabor-\u201aKaufm\u00e4nnischesHerz\u2018verbindetGabor-Marktplatzmitstation\u00e4renHandelspartnern.1\"><strong>'Kommercielt hjerte' forbinder Gabors markedsplads med station\u00e6re detailpartnere<\/strong><\/h1>\n<p><strong>Skom\u00e6rket Gabor reagerer p\u00e5 trenden med direkte salg til forbrugerne p\u00e5 sin egen m\u00e5de: P\u00e5\u00a0<a class=\"external-link extlink\" href=\"http:\/\/Gabor.de\" target=\"_blank\" rel=\"nofollow noopener\" data-ext-link-init=\"true\">Gabor.com<\/a> forbrugerne kan bestille alle modeller. Samtidig integrerer Gabor Shoes AG den station\u00e6re detailhandel i det digitale salg. Dette muligg\u00f8res af den intelligente markedspladsl\u00f8sning<a href=\"https:\/\/navision-beratung.de\/da\/e4m-engine-4-marketplace-central-workflow-controller\/\">Engine 4 Marketplace' (E4M)<\/a>udviklet af bartolome r\u00f6der AG.<\/strong><\/p>\n<p>Gabor Shoes AG fremstiller herre- og damesko af h\u00f8j kvalitet og er et af de mest kendte skom\u00e6rker i den tysktalende verden. I regnskabs\u00e5ret 2020 genererede virksomheden med base i Rosenheim i Bayern et salg p\u00e5 301 millioner euro. Onlinehandel bliver stadig vigtigere som salgskanal. Gabor udnytter appellen og kendskabet til sit eget brand og pr\u00e6senterer hele sit produktsortiment online. Skoentusiaster kan finde et bredt udvalg af sko p\u00e5 <em><a class=\"external-link extlink\" href=\"http:\/\/Gabor.de\" target=\"_blank\" rel=\"nofollow noopener\" data-ext-link-init=\"true\">Gabor.com<\/a><\/em> Gabor-brandet for damesko og m\u00e6rkerne rollingsoft og Pius Gabor, virksomhedens herresko-brand, samt h\u00e5ndtasker fra Gabor-taske-brandet.<\/p>\n<p>Mens andre producenter konkurrerer med deres traditionelle detailpartnere p\u00e5 nettet, g\u00e5r Gabor anderledes til v\u00e6rks med en specialudviklet markedsplads: Gabors onlinebutik inddrager lokale skobutikker i Tyskland, \u00d8strig og snart ogs\u00e5 i Holland i det digitale salg. N\u00e5r en ordre afgives via <a class=\"external-link extlink\" href=\"http:\/\/Gabor.de\" target=\"_blank\" rel=\"nofollow noopener\" data-ext-link-init=\"true\">Gabor.com<\/a> N\u00e5r den ankommer, sendes den videre til en af Gabors markedspartnere. Tilknyttede station\u00e6re skoforhandlere overtager ekspeditionen af onlineordrer og genererer dermed yderligere onlinesalg.<\/p>\n<h2>Udfordringen<\/h2>\n<p>Flere deltagere er involveret i markedspladsen: de station\u00e6re forhandlere, udbyderne af forsendelsestjenester, udbyderen af betalingstjenester og Gabor selv. M\u00e5let var derfor at indf\u00f8re et centraliseret processtyringssystem til h\u00e5ndtering af ordrer og returneringer via Gabor Marketplace,\" siger Thorsten B\u00e4hre, Head of E-Commerce hos Gabor Shoes AG, n\u00e5r han ser tilbage.<\/p>\n<p>Det f\u00f8rte til beslutningen om at implementere en ny l\u00f8sning. \"Vi havde brug for et kommercielt 'hjerte', et merchandise management-system, der kunne kortl\u00e6gge alle processer,\" forklarer B\u00e4hre. Han satte tre m\u00e5l for den nye l\u00f8sning: Processikkerhed, processtabilitet og evnen til at skalere for at underst\u00f8tte den planlagte v\u00e6kst i onlinesalgskanalen.<\/p>\n<h2>Gabor og bartolome r\u00f6der AG<\/h2>\n<p>I l\u00f8bet af tre m\u00e5neder blev det tidligere ordreh\u00e5ndteringssystem erstattet af en ny l\u00f8sning. Den blev designet og implementeret af ledelses- og IT-konsulentfirmaet bartolome r\u00f6der AG i M\u00fcnchen. Det \u00f8strigske internetbureau med fuld service <a class=\"external-link extlink\" href=\"http:\/\/elements.at\" target=\"_blank\" rel=\"nofollow noopener\" data-ext-link-init=\"true\">elements.at<\/a> New Media Solutions GmbH leverede en ny frontend.<\/p>\n<h2>L\u00f8sningen<\/h2>\n<p>Med E4M har bartolome r\u00f6der AG udviklet et centraliseret ordrebehandlingssystem.<\/p>\n<p>E4M, den centrale workflow-controller, fungerer som det centrale kontrolorgan for markedspladsen for <a class=\"external-link extlink\" href=\"http:\/\/Gabor.de\" target=\"_blank\" rel=\"nofollow noopener\" data-ext-link-init=\"true\">Gabor.com<\/a> opgaver som routing af ordrer eller styring af ordreprocessen. Detailhandlerne deler <a class=\"external-link extlink\" href=\"http:\/\/Gabor.de\" target=\"_blank\" rel=\"nofollow noopener\" data-ext-link-init=\"true\">Gabor.com<\/a> deres lagre. De indg\u00e5ende onlineordrer behandles af <a class=\"external-link extlink\" href=\"http:\/\/Gabor.de\" target=\"_blank\" rel=\"nofollow noopener\" data-ext-link-init=\"true\">Gabor.com<\/a> videre til partnerne. \"Det er lykkedes Gabor at komme ind p\u00e5 markedet for business-to-consumer-salg og samtidig f\u00e5 de fysiske butikker med om bord,\" siger B\u00e4hre og beskriver virksomhedens salgsfilosofi.<\/p>\n<p>Hvis en onlineordre opfylder <a class=\"external-link extlink\" href=\"http:\/\/Gabor.de\" target=\"_blank\" rel=\"nofollow noopener\" data-ext-link-init=\"true\">Gabor.com<\/a> En algoritme beslutter, hvilken salgspartner der skal udf\u00f8re ordren. Hvis han accepterer, sendes ordren videre til ham. Forhandleren sender varerne fra sit lager til kunden - selvf\u00f8lgelig med Gabor-branding. Kunderne modtager fakturaen for onlineordren fra Gabor Shoes. \"Med denne l\u00f8sning kan vi tydeligt kortl\u00e6gge en salgsproces i flere trin og alle dokumentstr\u00f8mme - inklusive forsendelse, betaling og returnering,\" siger Bernd R\u00f6der, partner hos bartolome r\u00f6der AG, om E4M.<\/p>\n<h2>Resultatet<\/h2>\n<p>Med E4M er alle trin i en ordre nu gennemsigtige. \"Vi har altid overblik med denne l\u00f8sning,\" understreger e-handelschef B\u00e4hre. Han n\u00e6vner f\u00f8lgende konkrete eksempler: de korrekte lagerniveauer i butikken, den aktuelle ordrestatus og de korrekte kundedata. B\u00e4hre er tilfreds: \"Vi kan nu overv\u00e5ge alle processer.\" Den interne feedback er meget positiv, fort\u00e6ller han. Salgspartnerne nyder ogs\u00e5 godt af Gabors markedsplads-princip. Is\u00e6r under nedlukningen p\u00e5 grund af coronaviruspandemien var markedspladsen <a class=\"external-link extlink\" href=\"http:\/\/Gabor.de\" target=\"_blank\" rel=\"nofollow noopener\" data-ext-link-init=\"true\">Gabor.com<\/a> bevist, siger B\u00e4hre.<\/p>\n<p>Han roser samarbejdet med bartolome r\u00f6der AG: \"Partnerne er afg\u00f8rende i et s\u00e5 komplekst projekt. Hvilken forst\u00e5else af processen har de? Hvilket planl\u00e6gningsoverblik har de? Vi har brug for l\u00f8sninger, der er fleksible og hurtige, og de rigtige hjerner bag dem.\" Projektteamet fra Gabor Shoes AG, bartolome r\u00f6der AG og <a class=\"external-link extlink\" href=\"http:\/\/elements.at\" target=\"_blank\" rel=\"nofollow noopener\" data-ext-link-init=\"true\">elements.at<\/a> arbejdede sammen \"sensationelt\", siger B\u00e4hre glad.<\/p>\n<p>To af de tre projektm\u00e5l er nu n\u00e5et: L\u00f8sningen er stabil og viser alle processer p\u00e5 en overskuelig m\u00e5de. B\u00e4hre fokuserer nu p\u00e5 at drive v\u00e6ksten i onlinekanalen.<\/p>\n<h2 id=\"NL|MicrosoftDynamics365BusinessCentralWave22022-HabenwirIhrInteressegeweckt?\">Har vi vakt din interesse?<\/h2>\n<p>Hvis du er interesseret i vores <strong>Marketplace Controller' <a href=\"https:\/\/navision-beratung.de\/da\/e4m-engine-4-marketplace-central-workflow-controller\/\">Engine 4 Marketplace' (E4M)<\/a><\/strong> og gerne vil have yderligere information, s\u00e5 kontakt os!<\/p>\n<p><strong>Telefon: +49 (89) 21 111 848<\/strong><br \/>\n<strong>E-mail:<\/strong> <a class=\"external-link extlink\" href=\"mailto:vertrieb@br-ag.com\" target=\"_blank\" rel=\"nofollow noopener\" data-ext-link-init=\"true\">vertrieb@br-ag.com<\/a><\/p>","protected":false},"excerpt":{"rendered":"<p>\u201aKaufm\u00e4nnisches Herz\u2018 verbindet Gabor-Marktplatz mit station\u00e4ren Handelspartnern Dem Direct-to-Consumer-Trend begegnet die Schuhmarke Gabor auf eigene Weise: Auf\u00a0Gabor.de k\u00f6nnen Verbraucherinnen und Verbraucher alle Modelle ordern. Gleichzeitig bindet die Gabor Shoes AG den station\u00e4ren Handel in den digitalen Vertrieb ein. M\u00f6glich wird das durch die intelligente Marktplatz-L\u00f6sung\u201a Engine 4 Marketplace\u2018 (E4M), entwickelt von der bartolome r\u00f6der AG. [&hellip;]<\/p>","protected":false},"author":1,"featured_media":7249,"parent":0,"menu_order":0,"comment_status":"closed","ping_status":"closed","template":"","meta":{"_seopress_robots_primary_cat":"","_seopress_titles_title":"Gabor: Marktplatz verbindet Online- und Einzelhandel","_seopress_titles_desc":"Entdecken Sie Gabor.de: Online Schuhe kaufen und gleichzeitig lokale H\u00e4ndler unterst\u00fctzen durch die innovative Engine 4 Marketplace-L\u00f6sung.","_seopress_robots_index":"","footnotes":""},"categories":[],"tags":[],"class_list":["post-7243","page","type-page","status-publish","has-post-thumbnail","hentry"],"_links":{"self":[{"href":"https:\/\/navision-beratung.de\/da\/wp-json\/wp\/v2\/pages\/7243","targetHints":{"allow":["GET"]}}],"collection":[{"href":"https:\/\/navision-beratung.de\/da\/wp-json\/wp\/v2\/pages"}],"about":[{"href":"https:\/\/navision-beratung.de\/da\/wp-json\/wp\/v2\/types\/page"}],"author":[{"embeddable":true,"href":"https:\/\/navision-beratung.de\/da\/wp-json\/wp\/v2\/users\/1"}],"replies":[{"embeddable":true,"href":"https:\/\/navision-beratung.de\/da\/wp-json\/wp\/v2\/comments?post=7243"}],"version-history":[{"count":0,"href":"https:\/\/navision-beratung.de\/da\/wp-json\/wp\/v2\/pages\/7243\/revisions"}],"wp:featuredmedia":[{"embeddable":true,"href":"https:\/\/navision-beratung.de\/da\/wp-json\/wp\/v2\/media\/7249"}],"wp:attachment":[{"href":"https:\/\/navision-beratung.de\/da\/wp-json\/wp\/v2\/media?parent=7243"}],"wp:term":[{"taxonomy":"category","embeddable":true,"href":"https:\/\/navision-beratung.de\/da\/wp-json\/wp\/v2\/categories?post=7243"},{"taxonomy":"post_tag","embeddable":true,"href":"https:\/\/navision-beratung.de\/da\/wp-json\/wp\/v2\/tags?post=7243"}],"curies":[{"name":"wp","href":"https:\/\/api.w.org\/{rel}","templated":true}]}}