{"id":7108,"date":"2022-09-15T08:02:47","date_gmt":"2022-09-15T08:02:47","guid":{"rendered":"https:\/\/navision-beratung.de\/?page_id=7108"},"modified":"2025-05-26T10:18:42","modified_gmt":"2025-05-26T08:18:42","slug":"referenzprojekt-eqs-group-ag","status":"publish","type":"page","link":"https:\/\/navision-beratung.de\/da\/referenzen\/referenzprojekt-eqs-group-ag\/","title":{"rendered":"Referenceprojekt: Ny introduktion af Business Central Version 18"},"content":{"rendered":"<p>I dag vil vi gerne pr\u00e6sentere et projekt p\u00e5 <strong>EQS Group AG<\/strong>en f\u00f8rende international cloud-udbyder inden for corporate compliance, investor relations og b\u00e6redygtighedsrapportering (ESG Tech) med base i M\u00fcnchen. Virksomheden, som har specialiseret sig i innovative tjenester til b\u00f8rsnoterede virksomheder med omkring 500 brugere, indf\u00f8rte Business Central version 18 og gennemf\u00f8rte en delvis dataoverf\u00f8rsel fra det gamle NAV-system.<\/p>\n<p><strong>Hvad var udfordringen?<\/strong><\/p>\n<p>EQS Group AG brugte et st\u00e6rkt modificeret system med mange tredjeparts add-ons, s\u00e5 der var en del bekymringer f\u00f8r opgraderingen p\u00e5 grund af den h\u00f8je grad af kompleksitet.<br \/>M\u00e5let var at bringe den anvendte software med mange gr\u00e6nseflader tilbage til standarden s\u00e5 vidt muligt og at konsolidere eller erstatte tredjeparts add-ons. Derudover skulle de eksisterende funktioner, som stadig blev analyseret som n\u00f8dvendige, fordeles fornuftigt p\u00e5 tv\u00e6rs af de forskellige apps\/udvidelser.<\/p>\n<p><strong>Den tekniske infrastruktur<\/strong><\/p>\n<p>Det installerede system er en lokal installation, der hostes af com:3000 IT-Services GmbH med base i F\u00fcrstenfeldbruck, fordelt p\u00e5 flere servere (database- og applikationsservere) i den private sky.<\/p>\n<p><strong>H\u00f8jdepunkterne i projektet<\/strong><\/p>\n<ul>\n<li>Udvidelse af servicekontraktmodulet for at kunne kortl\u00e6gge EQS Group AG's kontrakttyper.<\/li>\n<li>Import af kundedata og kontraktdata fra Microsoft CRM \/ integration via Dateverse<\/li>\n<li>Introduktionen af webservicegr\u00e6nsefladen til import og behandling af transaktionsdata og faktureringsdata fra cloudportalen<\/li>\n<li>Tilslutning af en ekstern indk\u00f8bsl\u00f8sning<\/li>\n<li>Kortl\u00e6gning af tidsregistrering af projekter p\u00e5 tv\u00e6rs af klienter i en central klient for alle projekter<\/li>\n<li>De justeringer, der er indf\u00f8rt for automatiseret e-mailudsendelse (forskellige e-mailskabeloner afh\u00e6ngigt af sprog og kundegruppe)<\/li>\n<li>Implementering af et skr\u00e6ddersyet workflow til frigivelse af indg\u00e5ende dokumenter i Continia Document Capture<\/li>\n<li>Tilpasning eller oprettelse af profiler for brugergrupper og autorisationskoncepter<\/li>\n<\/ul>\n<p><strong>Funktionerne<\/strong><\/p>\n<p>Alle tilpasninger blev leveret som udvidelsesapps. Da standardobjekterne ikke blev tilpasset, kan kunden nu opgradere meget lettere. Desuden overv\u00e5ges alle kode\u00e6ndringer af et versioneringssystem (Git). De f\u00e6rdige tilpasninger frigives i overensstemmelse med princippet om dobbeltkontrol og implementeres via DevOps i CI\/CD (<strong>C<\/strong>ontinuos <strong>I<\/strong>ntegration, <strong>C<\/strong>ontinuos <strong>D<\/strong>implementering) leveres automatisk i testsystemet. N\u00e5r EQS Group AG har testet og godkendt de importerede tilpasninger, implementeres de i live-systemet.<\/p>\n<p><strong>Brugte tredjeparts add-ons<\/strong><\/p>\n<p>EQS Group AG bruger f\u00f8lgende add-ons:<\/p>\n<ul>\n<li>ForNAV<\/li>\n<li>OPplus<\/li>\n<li>Continia Document Capture<\/li>\n<li>XtensionIT - Styring af flere enheder<\/li>\n<\/ul>\n<p><strong>Projektmodellen<\/strong><\/p>\n<p>Efter at have analyseret kravene og defineret migrationspakkerne fulgte vi en agil udviklingsmodel ved iterativt at implementere og demonstrere justeringerne (iterativ prototyping). Datamigreringen foregik i flere b\u00f8lger. Efter uddannelse af medarbejderne og en omfattende testfase med funktions-, integrations- og accepttest blev go-live gennemf\u00f8rt med succes og i henhold til planen.<\/p>\n\n\n<blockquote class=\"wp-block-quote is-layout-flow wp-block-quote-is-layout-flow\"><p><em>Da vi skiftede fra Navision til Business Central, st\u00f8ttede BR AG os fra id\u00e9 til implementering. Takket v\u00e6re ekspertr\u00e5dgivning og en l\u00f8sningsorienteret tilgang var vi i stand til at gennemf\u00f8re projektet med succes. BR AG forts\u00e6tter med at st\u00f8tte os som partner, og takket v\u00e6re den venlige og kundeorienterede support vil vi ogs\u00e5 v\u00e6re i stand til at mestre systemets fremtidige udfordringer sammen.<\/em>.<\/p><cite><strong>Clarissa J\u00f6rg, <\/strong>Regnskabschef, EQS Group AG<\/cite><\/blockquote>","protected":false},"excerpt":{"rendered":"<p>I dag vil vi gerne pr\u00e6sentere dig for et projekt hos EQS Group AG, en f\u00f8rende international cloud-udbyder inden for corporate compliance, investor relations og b\u00e6redygtighedsrapportering (ESG Tech) med base i M\u00fcnchen. Virksomheden, som har specialiseret sig i innovative tjenester til b\u00f8rsnoterede virksomheder med omkring 500 brugere, implementerede Business Central version 18 og den delvise dataoverf\u00f8rsel [...].<\/p>","protected":false},"author":1,"featured_media":11496,"parent":8787,"menu_order":0,"comment_status":"closed","ping_status":"closed","template":"","meta":{"_seopress_robots_primary_cat":"","_seopress_titles_title":"EQS Group AG: Erfolgreiche Cloud-Integration bei ERP","_seopress_titles_desc":"Erleben Sie die erfolgreiche Einf\u00fchrung von Business Central bei EQS Group AG, einem f\u00fchrenden Cloud-Anbieter, und wie sie Komplexit\u00e4t meisterten.","_seopress_robots_index":"","footnotes":""},"categories":[52],"tags":[],"class_list":["post-7108","page","type-page","status-publish","has-post-thumbnail","hentry","category-referenzen"],"_links":{"self":[{"href":"https:\/\/navision-beratung.de\/da\/wp-json\/wp\/v2\/pages\/7108","targetHints":{"allow":["GET"]}}],"collection":[{"href":"https:\/\/navision-beratung.de\/da\/wp-json\/wp\/v2\/pages"}],"about":[{"href":"https:\/\/navision-beratung.de\/da\/wp-json\/wp\/v2\/types\/page"}],"author":[{"embeddable":true,"href":"https:\/\/navision-beratung.de\/da\/wp-json\/wp\/v2\/users\/1"}],"replies":[{"embeddable":true,"href":"https:\/\/navision-beratung.de\/da\/wp-json\/wp\/v2\/comments?post=7108"}],"version-history":[{"count":0,"href":"https:\/\/navision-beratung.de\/da\/wp-json\/wp\/v2\/pages\/7108\/revisions"}],"up":[{"embeddable":true,"href":"https:\/\/navision-beratung.de\/da\/wp-json\/wp\/v2\/pages\/8787"}],"wp:featuredmedia":[{"embeddable":true,"href":"https:\/\/navision-beratung.de\/da\/wp-json\/wp\/v2\/media\/11496"}],"wp:attachment":[{"href":"https:\/\/navision-beratung.de\/da\/wp-json\/wp\/v2\/media?parent=7108"}],"wp:term":[{"taxonomy":"category","embeddable":true,"href":"https:\/\/navision-beratung.de\/da\/wp-json\/wp\/v2\/categories?post=7108"},{"taxonomy":"post_tag","embeddable":true,"href":"https:\/\/navision-beratung.de\/da\/wp-json\/wp\/v2\/tags?post=7108"}],"curies":[{"name":"wp","href":"https:\/\/api.w.org\/{rel}","templated":true}]}}