{"id":682,"date":"2021-05-02T10:08:00","date_gmt":"2021-05-02T10:08:00","guid":{"rendered":"http:\/\/navisionberatung.apps-1and1.net\/?page_id=682"},"modified":"2025-12-16T13:42:24","modified_gmt":"2025-12-16T12:42:24","slug":"nav-datev-schnittstelle","status":"publish","type":"page","link":"https:\/\/navision-beratung.de\/da\/add-ons\/nav-datev-schnittstelle\/","title":{"rendered":"DATEV-app"},"content":{"rendered":"<div data-elementor-type=\"wp-page\" data-elementor-id=\"682\" class=\"elementor elementor-682\" data-elementor-post-type=\"page\">\n\t\t\t\t<div class=\"elementor-element elementor-element-dae4ae2 e-flex e-con-boxed e-con e-parent\" data-id=\"dae4ae2\" data-element_type=\"container\" data-settings=\"{&quot;background_background&quot;:&quot;gradient&quot;}\">\n\t\t\t\t\t<div class=\"e-con-inner\">\n\t\t<div class=\"elementor-element elementor-element-2f41d29 e-con-full e-flex e-con e-child\" data-id=\"2f41d29\" data-element_type=\"container\">\n\t\t\t\t<div class=\"elementor-element elementor-element-e1d0fa2 elementor-widget__width-initial elementor-widget elementor-widget-heading\" data-id=\"e1d0fa2\" data-element_type=\"widget\" data-widget_type=\"heading.default\">\n\t\t\t\t\t<h2 class=\"elementor-heading-title elementor-size-default\">Problemfri overf\u00f8rsel af finansielle data i overensstemmelse med DATEV-standarden<\/h2>\t\t\t\t<\/div>\n\t\t\t\t<\/div>\n\t\t<div class=\"elementor-element elementor-element-b74206f e-con-full e-flex e-con e-child\" data-id=\"b74206f\" data-element_type=\"container\">\n\t\t\t\t<div class=\"elementor-element elementor-element-a0e44de elementor-absolute elementor-widget elementor-widget-image\" data-id=\"a0e44de\" data-element_type=\"widget\" data-settings=\"{&quot;_position&quot;:&quot;absolute&quot;}\" data-widget_type=\"image.default\">\n\t\t\t\t\t\t\t\t\t\t\t\t\t\t\t<img alt=\"\" fetchpriority=\"high\" decoding=\"async\" width=\"758\" height=\"837\" src=\"https:\/\/navision-beratung.de\/wp-content\/uploads\/2025\/04\/brAG_Play-Icon_RGB.svg\" class=\"attachment-large size-large wp-image-9176\" \/>\t\t\t\t\t\t\t\t\t\t\t\t\t\t\t<\/div>\n\t\t\t\t<div class=\"elementor-element elementor-element-8013a32 elementor-widget elementor-widget-image\" data-id=\"8013a32\" data-element_type=\"widget\" data-widget_type=\"image.default\">\n\t\t\t\t\t\t\t\t\t\t\t\t\t\t\t<img alt=\"\" decoding=\"async\" width=\"800\" height=\"534\" src=\"https:\/\/navision-beratung.de\/wp-content\/uploads\/2025\/04\/br-AG-Stockfotos-26-1024x683.jpg\" class=\"attachment-large size-large wp-image-8975\" srcset=\"https:\/\/navision-beratung.de\/wp-content\/uploads\/2025\/04\/br-AG-Stockfotos-26-1024x683.jpg 1024w, https:\/\/navision-beratung.de\/wp-content\/uploads\/2025\/04\/br-AG-Stockfotos-26-300x200.jpg 300w, https:\/\/navision-beratung.de\/wp-content\/uploads\/2025\/04\/br-AG-Stockfotos-26-768x512.jpg 768w, https:\/\/navision-beratung.de\/wp-content\/uploads\/2025\/04\/br-AG-Stockfotos-26-1536x1025.jpg 1536w, https:\/\/navision-beratung.de\/wp-content\/uploads\/2025\/04\/br-AG-Stockfotos-26.jpg 2000w\" sizes=\"(max-width: 800px) 100vw, 800px\" \/>\t\t\t\t\t\t\t\t\t\t\t\t\t\t\t<\/div>\n\t\t\t\t<\/div>\n\t\t\t\t\t<\/div>\n\t\t\t\t<\/div>\n\t\t<div class=\"elementor-element elementor-element-24599c7 e-flex e-con-boxed e-con e-parent\" data-id=\"24599c7\" data-element_type=\"container\" data-settings=\"{&quot;background_background&quot;:&quot;classic&quot;}\">\n\t\t\t\t\t<div class=\"e-con-inner\">\n\t\t\t\t<div class=\"elementor-element elementor-element-cd5d92e elementor-widget__width-initial elementor-widget elementor-widget-heading\" data-id=\"cd5d92e\" data-element_type=\"widget\" data-widget_type=\"heading.default\">\n\t\t\t\t\t<h1 class=\"elementor-heading-title elementor-size-default\">DATEV-app <\/h1>\t\t\t\t<\/div>\n\t\t\t\t<div class=\"elementor-element elementor-element-4a2ca14 elementor-widget__width-initial elementor-widget elementor-widget-heading\" data-id=\"4a2ca14\" data-element_type=\"widget\" data-widget_type=\"heading.default\">\n\t\t\t\t\t<h2 class=\"elementor-heading-title elementor-size-default\">Integreret gr\u00e6nseflade til Microsoft Dynamics<\/h2>\t\t\t\t<\/div>\n\t\t\t\t<div class=\"elementor-element elementor-element-f040368 elementor-widget elementor-widget-text-editor\" data-id=\"f040368\" data-element_type=\"widget\" data-widget_type=\"text-editor.default\">\n\t\t\t\t\t\t\t\t\t<p data-start=\"480\" data-end=\"916\">Den <strong data-start=\"484\" data-end=\"497\">DATEV-app<\/strong> er en specialudviklet gr\u00e6nseflade til <strong data-start=\"546\" data-end=\"589\">Microsoft Dynamics 365 Business Central<\/strong> og <strong data-start=\"596\" data-end=\"612\">Dynamics NAV<\/strong>. Det muligg\u00f8r direkte og automatiseret konvertering af relevante booking- og transaktionsdata til <strong data-start=\"718\" data-end=\"743\">DATEV-kompatibelt format<\/strong>. Det sikrer en smidig, sikker og tidsbesparende overf\u00f8rsel af dine finansielle data til skattekonsulenten eller regnskabsafdelingen - uden nogen manuelle mellemtrin.<\/p>\t\t\t\t\t\t\t\t<\/div>\n\t\t\t\t\t<\/div>\n\t\t\t\t<\/div>\n\t\t<div class=\"elementor-element elementor-element-d46ce91 e-flex e-con-boxed e-con e-parent\" data-id=\"d46ce91\" data-element_type=\"container\" data-settings=\"{&quot;background_background&quot;:&quot;classic&quot;}\">\n\t\t\t\t\t<div class=\"e-con-inner\">\n\t\t<div class=\"elementor-element elementor-element-208bdde e-con-full e-flex e-con e-child\" data-id=\"208bdde\" data-element_type=\"container\">\n\t\t\t\t<div class=\"elementor-element elementor-element-64dbd72 elementor-widget elementor-widget-image\" data-id=\"64dbd72\" data-element_type=\"widget\" data-widget_type=\"image.default\">\n\t\t\t\t\t\t\t\t\t\t\t\t\t\t\t<img alt=\"\" decoding=\"async\" width=\"800\" height=\"800\" src=\"https:\/\/navision-beratung.de\/wp-content\/uploads\/2025\/05\/br-AG-Stock-III-square-235-1024x1024.jpg\" class=\"attachment-large size-large wp-image-11122\" srcset=\"https:\/\/navision-beratung.de\/wp-content\/uploads\/2025\/05\/br-AG-Stock-III-square-235-1024x1024.jpg 1024w, https:\/\/navision-beratung.de\/wp-content\/uploads\/2025\/05\/br-AG-Stock-III-square-235-300x300.jpg 300w, https:\/\/navision-beratung.de\/wp-content\/uploads\/2025\/05\/br-AG-Stock-III-square-235-150x150.jpg 150w, https:\/\/navision-beratung.de\/wp-content\/uploads\/2025\/05\/br-AG-Stock-III-square-235-768x768.jpg 768w, https:\/\/navision-beratung.de\/wp-content\/uploads\/2025\/05\/br-AG-Stock-III-square-235.jpg 1500w\" sizes=\"(max-width: 800px) 100vw, 800px\" \/>\t\t\t\t\t\t\t\t\t\t\t\t\t\t\t<\/div>\n\t\t\t\t<\/div>\n\t\t<div class=\"elementor-element elementor-element-9fb2ddf e-con-full e-flex e-con e-child\" data-id=\"9fb2ddf\" data-element_type=\"container\">\n\t\t\t\t<div class=\"elementor-element elementor-element-24db65f elementor-widget elementor-widget-heading\" data-id=\"24db65f\" data-element_type=\"widget\" data-widget_type=\"heading.default\">\n\t\t\t\t\t<h3 class=\"elementor-heading-title elementor-size-default\">Et overblik over dine fordele\n<\/h3>\t\t\t\t<\/div>\n\t\t\t\t<div class=\"elementor-element elementor-element-4abf43e elementor-widget elementor-widget-text-editor\" data-id=\"4abf43e\" data-element_type=\"widget\" data-widget_type=\"text-editor.default\">\n\t\t\t\t\t\t\t\t\t<p>DATEV-appen muligg\u00f8r direkte overf\u00f8rsel af posteringsdata i DATEV-format samt import og eksport af transaktionsdata, m\u00e6rkning af hovedkonto, debitorer og kreditorer. Der kan overf\u00f8res op til ti bankoplysninger pr. kunde eller leverand\u00f8r.\u00a0<\/p><p>Data kan fleksibelt overf\u00f8res helt eller delvist - endda flere gange. Et integreret DATEV-kontrolprogram sikrer automatisk validering af eksportdataene. Funktionaliteten kan udvides efter behov. Det er ogs\u00e5 muligt at overf\u00f8re data ved hj\u00e6lp af enten brutto- eller nettometoden.<\/p>\t\t\t\t\t\t\t\t<\/div>\n\t\t\t\t<\/div>\n\t\t\t\t\t<\/div>\n\t\t\t\t<\/div>\n\t\t<div class=\"elementor-element elementor-element-ceb4e92 e-flex e-con-boxed e-con e-parent\" data-id=\"ceb4e92\" data-element_type=\"container\" data-settings=\"{&quot;background_background&quot;:&quot;classic&quot;}\">\n\t\t\t\t\t<div class=\"e-con-inner\">\n\t\t<div class=\"elementor-element elementor-element-071b81b e-con-full e-flex e-con e-child\" data-id=\"071b81b\" data-element_type=\"container\">\n\t\t\t\t<div class=\"elementor-element elementor-element-617def5 elementor-widget elementor-widget-heading\" data-id=\"617def5\" data-element_type=\"widget\" data-widget_type=\"heading.default\">\n\t\t\t\t\t<h3 class=\"elementor-heading-title elementor-size-default\">Intuitiv at bruge<\/h3>\t\t\t\t<\/div>\n\t\t\t\t<div class=\"elementor-element elementor-element-4f92f45 elementor-widget elementor-widget-text-editor\" data-id=\"4f92f45\" data-element_type=\"widget\" data-widget_type=\"text-editor.default\">\n\t\t\t\t\t\t\t\t\tDATEV-appen imponerer med sin brugervenlige gr\u00e6nseflade, som muligg\u00f8r enkel og fejlfri betjening. Hele operationen foreg\u00e5r p\u00e5 en central sk\u00e6rm, hvilket betyder, at al eksport kan udf\u00f8res hurtigt og nemt - selv uden dybtg\u00e5ende teknisk viden.\t\t\t\t\t\t\t\t<\/div>\n\t\t\t\t<\/div>\n\t\t<div class=\"elementor-element elementor-element-db6c41e e-con-full e-flex e-con e-child\" data-id=\"db6c41e\" data-element_type=\"container\">\n\t\t\t\t<div class=\"elementor-element elementor-element-5524ef8 elementor-widget elementor-widget-image\" data-id=\"5524ef8\" data-element_type=\"widget\" data-widget_type=\"image.default\">\n\t\t\t\t\t\t\t\t\t\t\t\t\t\t\t<img alt=\"\" loading=\"lazy\" decoding=\"async\" width=\"800\" height=\"800\" src=\"https:\/\/navision-beratung.de\/wp-content\/uploads\/2025\/05\/br-AG-Stock-III-square-228-1024x1024.jpg\" class=\"attachment-large size-large wp-image-11115\" srcset=\"https:\/\/navision-beratung.de\/wp-content\/uploads\/2025\/05\/br-AG-Stock-III-square-228-1024x1024.jpg 1024w, https:\/\/navision-beratung.de\/wp-content\/uploads\/2025\/05\/br-AG-Stock-III-square-228-300x300.jpg 300w, https:\/\/navision-beratung.de\/wp-content\/uploads\/2025\/05\/br-AG-Stock-III-square-228-150x150.jpg 150w, https:\/\/navision-beratung.de\/wp-content\/uploads\/2025\/05\/br-AG-Stock-III-square-228-768x768.jpg 768w, https:\/\/navision-beratung.de\/wp-content\/uploads\/2025\/05\/br-AG-Stock-III-square-228.jpg 1500w\" sizes=\"(max-width: 800px) 100vw, 800px\" \/>\t\t\t\t\t\t\t\t\t\t\t\t\t\t\t<\/div>\n\t\t\t\t<\/div>\n\t\t\t\t\t<\/div>\n\t\t\t\t<\/div>\n\t\t<div class=\"elementor-element elementor-element-076c268 e-flex e-con-boxed e-con e-parent\" data-id=\"076c268\" data-element_type=\"container\" data-settings=\"{&quot;background_background&quot;:&quot;classic&quot;}\">\n\t\t\t\t\t<div class=\"e-con-inner\">\n\t\t<div class=\"elementor-element elementor-element-0dd9168 e-con-full e-flex e-con e-child\" data-id=\"0dd9168\" data-element_type=\"container\">\n\t\t\t\t<div class=\"elementor-element elementor-element-4507a68 elementor-widget elementor-widget-heading\" data-id=\"4507a68\" data-element_type=\"widget\" data-widget_type=\"heading.default\">\n\t\t\t\t\t<h3 class=\"elementor-heading-title elementor-size-default\">Hurtigt klar til brug<\/h3>\t\t\t\t<\/div>\n\t\t\t\t<div class=\"elementor-element elementor-element-ff6fbd6 elementor-widget elementor-widget-text-editor\" data-id=\"ff6fbd6\" data-element_type=\"widget\" data-widget_type=\"text-editor.default\">\n\t\t\t\t\t\t\t\t\t<p>Gr\u00e6nsefladen er implementeret <strong data-start=\"1990\" data-end=\"2018\">inden for meget kort tid<\/strong> - selv i allerede produktive systemmilj\u00f8er. Funktioner som automatisk tilpasning til kontoplanen (f.eks. SKR03) og tildeling af DATEV-numre til kunder og leverand\u00f8rer g\u00f8r implementeringen s\u00e6rlig enkel.<\/p>\t\t\t\t\t\t\t\t<\/div>\n\t\t\t\t<\/div>\n\t\t\t\t\t<\/div>\n\t\t\t\t<\/div>\n\t\t<div class=\"elementor-element elementor-element-48161a4 e-flex e-con-boxed e-con e-parent\" data-id=\"48161a4\" data-element_type=\"container\" data-settings=\"{&quot;background_background&quot;:&quot;classic&quot;}\">\n\t\t\t\t\t<div class=\"e-con-inner\">\n\t\t<div class=\"elementor-element elementor-element-774012b e-con-full e-flex e-con e-child\" data-id=\"774012b\" data-element_type=\"container\">\n\t\t\t\t<div class=\"elementor-element elementor-element-50f466d elementor-widget elementor-widget-heading\" data-id=\"50f466d\" data-element_type=\"widget\" data-widget_type=\"heading.default\">\n\t\t\t\t\t<h3 class=\"elementor-heading-title elementor-size-default\">Let at konfigurere<\/h3>\t\t\t\t<\/div>\n\t\t\t\t<div class=\"elementor-element elementor-element-4e4f92d elementor-widget elementor-widget-text-editor\" data-id=\"4e4f92d\" data-element_type=\"widget\" data-widget_type=\"text-editor.default\">\n\t\t\t\t\t\t\t\t\t<p>DATEV-appen kr\u00e6ver kun nogle f\u00e5 ops\u00e6tningsparametre for at komme i gang. Ikke desto mindre er den fulde funktionalitet tilg\u00e6ngelig for dig - skalerbar og udvidelig, hvis det er n\u00f8dvendigt. Det betyder, at l\u00f8sningen kan tilpasses fleksibelt til din virksomheds behov.<\/p>\t\t\t\t\t\t\t\t<\/div>\n\t\t\t\t<\/div>\n\t\t<div class=\"elementor-element elementor-element-ba74dd4 e-con-full e-flex e-con e-child\" data-id=\"ba74dd4\" data-element_type=\"container\">\n\t\t\t\t<div class=\"elementor-element elementor-element-a04dc29 elementor-widget elementor-widget-video\" data-id=\"a04dc29\" data-element_type=\"widget\" data-settings=\"{&quot;youtube_url&quot;:&quot;https:\\\/\\\/www.youtube.com\\\/watch?v=43uG55jiyjM&amp;t=6s&quot;,&quot;video_type&quot;:&quot;youtube&quot;,&quot;controls&quot;:&quot;yes&quot;}\" data-widget_type=\"video.default\">\n\t\t\t\t\t\t\t<div class=\"elementor-wrapper elementor-open-inline\">\n\t\t\t<div class=\"elementor-video\"><\/div>\t\t<\/div>\n\t\t\t\t\t\t<\/div>\n\t\t\t\t<\/div>\n\t\t\t\t\t<\/div>\n\t\t\t\t<\/div>\n\t\t<div class=\"elementor-element elementor-element-ef7aa9a e-flex e-con-boxed e-con e-parent\" data-id=\"ef7aa9a\" data-element_type=\"container\" data-settings=\"{&quot;background_background&quot;:&quot;classic&quot;}\">\n\t\t\t\t\t<div class=\"e-con-inner\">\n\t\t<div class=\"elementor-element elementor-element-f1f4fa2 e-con-full e-flex e-con e-child\" data-id=\"f1f4fa2\" data-element_type=\"container\">\n\t\t\t\t<div class=\"elementor-element elementor-element-dd19718 elementor-widget elementor-widget-heading\" data-id=\"dd19718\" data-element_type=\"widget\" data-widget_type=\"heading.default\">\n\t\t\t\t\t<h3 class=\"elementor-heading-title elementor-size-default\">Preise und Leistungsumfang<\/h3>\t\t\t\t<\/div>\n\t\t\t\t<div class=\"elementor-element elementor-element-0ddb524 elementor-widget elementor-widget-text-editor\" data-id=\"0ddb524\" data-element_type=\"widget\" data-widget_type=\"text-editor.default\">\n\t\t\t\t\t\t\t\t\t<p>Die DATEV App ist sowohl f\u00fcr Cloud- als auch f\u00fcr On-Premise-Umgebungen verf\u00fcgbar. Die Kostenstruktur ist \u00fcbersichtlich und skalierbar:<\/p>\n<p><strong>Pro Mandant: 50\u20ac\/Monat<\/strong><\/p>\n<p>Den m\u00e5nedlige fakturering er fleksibel og kan opsiges med fire ugers varsel til udgangen af m\u00e5neden.<\/p>\t\t\t\t\t\t\t\t<\/div>\n\t\t\t\t<\/div>\n\t\t<div class=\"elementor-element elementor-element-ad696af e-con-full e-flex e-con e-child\" data-id=\"ad696af\" data-element_type=\"container\">\n\t\t\t\t<div class=\"elementor-element elementor-element-7953d9b elementor-widget elementor-widget-image\" data-id=\"7953d9b\" data-element_type=\"widget\" data-widget_type=\"image.default\">\n\t\t\t\t\t\t\t\t\t\t\t\t\t\t\t<img alt=\"\" loading=\"lazy\" decoding=\"async\" width=\"800\" height=\"533\" src=\"https:\/\/navision-beratung.de\/wp-content\/uploads\/2025\/05\/br-AG-Stock-III-296-1024x682.jpg\" class=\"attachment-large size-large wp-image-11535\" srcset=\"https:\/\/navision-beratung.de\/wp-content\/uploads\/2025\/05\/br-AG-Stock-III-296-1024x682.jpg 1024w, https:\/\/navision-beratung.de\/wp-content\/uploads\/2025\/05\/br-AG-Stock-III-296-300x200.jpg 300w, https:\/\/navision-beratung.de\/wp-content\/uploads\/2025\/05\/br-AG-Stock-III-296-768x512.jpg 768w, https:\/\/navision-beratung.de\/wp-content\/uploads\/2025\/05\/br-AG-Stock-III-296-1536x1024.jpg 1536w, https:\/\/navision-beratung.de\/wp-content\/uploads\/2025\/05\/br-AG-Stock-III-296.jpg 2000w\" sizes=\"(max-width: 800px) 100vw, 800px\" \/>\t\t\t\t\t\t\t\t\t\t\t\t\t\t\t<\/div>\n\t\t\t\t<\/div>\n\t\t\t\t\t<\/div>\n\t\t\t\t<\/div>\n\t\t<div class=\"elementor-element elementor-element-425acff e-con-full e-flex e-con e-parent\" data-id=\"425acff\" data-element_type=\"container\">\n\t\t\t\t<div class=\"elementor-element elementor-element-6127c05 elementor-widget elementor-widget-template\" data-id=\"6127c05\" data-element_type=\"widget\" data-widget_type=\"template.default\">\n\t\t\t\t<div class=\"elementor-widget-container\">\n\t\t\t\t\t\t\t<div class=\"elementor-template\">\n\t\t\t\t\t<div data-elementor-type=\"container\" data-elementor-id=\"11400\" class=\"elementor elementor-11400\" data-elementor-post-type=\"elementor_library\">\n\t\t\t\t<div class=\"elementor-element elementor-element-5bb7ce78 e-flex e-con-boxed e-con e-parent\" data-id=\"5bb7ce78\" data-element_type=\"container\" data-settings=\"{&quot;background_background&quot;:&quot;gradient&quot;}\">\n\t\t\t\t\t<div class=\"e-con-inner\">\n\t\t<div class=\"elementor-element elementor-element-5e05ea3b e-con-full e-flex e-con e-child\" data-id=\"5e05ea3b\" data-element_type=\"container\">\n\t\t\t\t<div class=\"elementor-element elementor-element-136dead0 elementor-absolute elementor-widget elementor-widget-image\" data-id=\"136dead0\" data-element_type=\"widget\" data-settings=\"{&quot;_position&quot;:&quot;absolute&quot;}\" data-widget_type=\"image.default\">\n\t\t\t\t\t\t\t\t\t\t\t\t\t\t\t<img alt=\"\" loading=\"lazy\" decoding=\"async\" width=\"758\" height=\"837\" src=\"https:\/\/navision-beratung.de\/wp-content\/uploads\/2025\/04\/brAG_Play-Icon_neg_RGB.svg\" class=\"attachment-large size-large wp-image-9175\" \/>\t\t\t\t\t\t\t\t\t\t\t\t\t\t\t<\/div>\n\t\t\t\t<div class=\"elementor-element elementor-element-3fd3f508 elementor-widget elementor-widget-image\" data-id=\"3fd3f508\" data-element_type=\"widget\" data-widget_type=\"image.default\">\n\t\t\t\t\t\t\t\t\t\t\t\t\t\t\t<img alt=\"\" loading=\"lazy\" decoding=\"async\" width=\"800\" height=\"800\" src=\"https:\/\/navision-beratung.de\/wp-content\/uploads\/2025\/05\/br-AG-Stock-III-square-239-1024x1024.jpg\" class=\"attachment-large size-large wp-image-11126\" srcset=\"https:\/\/navision-beratung.de\/wp-content\/uploads\/2025\/05\/br-AG-Stock-III-square-239-1024x1024.jpg 1024w, https:\/\/navision-beratung.de\/wp-content\/uploads\/2025\/05\/br-AG-Stock-III-square-239-300x300.jpg 300w, https:\/\/navision-beratung.de\/wp-content\/uploads\/2025\/05\/br-AG-Stock-III-square-239-150x150.jpg 150w, https:\/\/navision-beratung.de\/wp-content\/uploads\/2025\/05\/br-AG-Stock-III-square-239-768x768.jpg 768w, https:\/\/navision-beratung.de\/wp-content\/uploads\/2025\/05\/br-AG-Stock-III-square-239.jpg 1500w\" sizes=\"(max-width: 800px) 100vw, 800px\" \/>\t\t\t\t\t\t\t\t\t\t\t\t\t\t\t<\/div>\n\t\t\t\t<\/div>\n\t\t<div class=\"elementor-element elementor-element-1e7fc725 e-con-full e-flex e-con e-child\" data-id=\"1e7fc725\" data-element_type=\"container\">\n\t\t\t\t<div class=\"elementor-element elementor-element-11e1d521 elementor-widget elementor-widget-heading\" data-id=\"11e1d521\" data-element_type=\"widget\" data-widget_type=\"heading.default\">\n\t\t\t\t\t<h3 class=\"elementor-heading-title elementor-size-default\">Interesse i <br>vores udvidelser?<\/h3>\t\t\t\t<\/div>\n\t\t\t\t<div class=\"elementor-element elementor-element-24093578 elementor-widget elementor-widget-text-editor\" data-id=\"24093578\" data-element_type=\"widget\" data-widget_type=\"text-editor.default\">\n\t\t\t\t\t\t\t\t\t<p>Vi vil gerne vise dig, hvordan vores tilbygninger fungerer, hvordan de kan integreres i dit milj\u00f8, og hvilken merv\u00e6rdi de giver i hverdagen. Du skal bare kontakte os - helt uforpligtende og uden komplikationer.<\/p>\t\t\t\t\t\t\t\t<\/div>\n\t\t\t\t<div class=\"elementor-element elementor-element-3a1e0da8 elementor-widget elementor-widget-button\" data-id=\"3a1e0da8\" data-element_type=\"widget\" data-widget_type=\"button.default\">\n\t\t\t\t\t\t\t\t\t\t<a class=\"elementor-button elementor-button-link elementor-size-sm\" href=\"https:\/\/navision-beratung.de\/da\/kontakt\/\">\n\t\t\t\t\t\t<span class=\"elementor-button-content-wrapper\">\n\t\t\t\t\t\t<span class=\"elementor-button-icon\">\n\t\t\t\t<svg aria-hidden=\"true\" class=\"e-font-icon-svg e-fas-angle-right\" viewbox=\"0 0 256 512\" xmlns=\"http:\/\/www.w3.org\/2000\/svg\"><path d=\"M224.3 273l-136 136c-9.4 9.4-24.6 9.4-33.9 0l-22.6-22.6c-9.4-9.4-9.4-24.6 0-33.9l96.4-96.4-96.4-96.4c-9.4-9.4-9.4-24.6 0-33.9L54.3 103c9.4-9.4 24.6-9.4 33.9 0l136 136c9.5 9.4 9.5 24.6.1 34z\"><\/path><\/svg>\t\t\t<\/span>\n\t\t\t\t\t\t\t\t\t<span class=\"elementor-button-text\">Foresp\u00f8rg nu<\/span>\n\t\t\t\t\t<\/span>\n\t\t\t\t\t<\/a>\n\t\t\t\t\t\t\t\t<\/div>\n\t\t\t\t<\/div>\n\t\t\t\t\t<\/div>\n\t\t\t\t<\/div>\n\t\t\t\t<\/div>\n\t\t\t\t<\/div>\n\t\t\t\t\t\t<\/div>\n\t\t\t\t<\/div>\n\t\t\t\t<\/div>\n\t\t<div class=\"elementor-element elementor-element-08c5441 e-con-full e-flex e-con e-parent\" data-id=\"08c5441\" data-element_type=\"container\">\n\t\t\t\t<div class=\"elementor-element elementor-element-edb5e3a elementor-widget elementor-widget-template\" data-id=\"edb5e3a\" data-element_type=\"widget\" data-widget_type=\"template.default\">\n\t\t\t\t<div class=\"elementor-widget-container\">\n\t\t\t\t\t\t\t<div class=\"elementor-template\">\n\t\t\t\t\t<div data-elementor-type=\"container\" data-elementor-id=\"11390\" class=\"elementor elementor-11390\" data-elementor-post-type=\"elementor_library\">\n\t\t\t\t<div class=\"elementor-element elementor-element-33a0e55 e-flex e-con-boxed e-con e-parent\" data-id=\"33a0e55\" data-element_type=\"container\" data-settings=\"{&quot;background_background&quot;:&quot;classic&quot;}\">\n\t\t\t\t\t<div class=\"e-con-inner\">\n\t\t<div class=\"elementor-element elementor-element-12b5d55 e-con-full e-flex e-con e-child\" data-id=\"12b5d55\" data-element_type=\"container\">\n\t\t<div class=\"elementor-element elementor-element-8a9f9b5 e-con-full e-flex e-con e-child\" data-id=\"8a9f9b5\" data-element_type=\"container\">\n\t\t\t\t<div class=\"elementor-element elementor-element-f2cdf0d elementor-widget__width-initial elementor-widget elementor-widget-heading\" data-id=\"f2cdf0d\" data-element_type=\"widget\" data-widget_type=\"heading.default\">\n\t\t\t\t\t<h5 class=\"elementor-heading-title elementor-size-default\">bartolome r\u00f6der AG<\/h5>\t\t\t\t<\/div>\n\t\t\t\t<div class=\"elementor-element elementor-element-19095e8e elementor-widget elementor-widget-heading\" data-id=\"19095e8e\" data-element_type=\"widget\" data-widget_type=\"heading.default\">\n\t\t\t\t\t<h3 class=\"elementor-heading-title elementor-size-default\">Smarte udvidelser - direkte fra marken<\/h3>\t\t\t\t<\/div>\n\t\t\t\t<div class=\"elementor-element elementor-element-72395315 elementor-widget elementor-widget-text-editor\" data-id=\"72395315\" data-element_type=\"widget\" data-widget_type=\"text-editor.default\">\n\t\t\t\t\t\t\t\t\t<p>Vores apps er skabt ud fra reelle projektkrav og er specielt udviklet til Dynamics 365 Business Central og Dynamics NAV. De er dybt integrerede, teknisk modne og designet til at forenkle og automatisere processer.<\/p><p>Som udviklere f\u00f8lger vi dig fra introduktionen til den l\u00f8bende drift - inklusive tilpasning, support og videreudvikling. Det sikrer, at din l\u00f8sning forbliver effektiv og fremtidssikret p\u00e5 lang sigt.<\/p>\t\t\t\t\t\t\t\t<\/div>\n\t\t\t\t<div class=\"elementor-element elementor-element-e5331e3 elementor-widget elementor-widget-button\" data-id=\"e5331e3\" data-element_type=\"widget\" data-widget_type=\"button.default\">\n\t\t\t\t\t\t\t\t\t\t<a class=\"elementor-button elementor-button-link elementor-size-sm\" href=\"https:\/\/navision-beratung.de\/da\/bartolome-roeder-ag\/\">\n\t\t\t\t\t\t<span class=\"elementor-button-content-wrapper\">\n\t\t\t\t\t\t<span class=\"elementor-button-icon\">\n\t\t\t\t<svg aria-hidden=\"true\" class=\"e-font-icon-svg e-fas-angle-right\" viewbox=\"0 0 256 512\" xmlns=\"http:\/\/www.w3.org\/2000\/svg\"><path d=\"M224.3 273l-136 136c-9.4 9.4-24.6 9.4-33.9 0l-22.6-22.6c-9.4-9.4-9.4-24.6 0-33.9l96.4-96.4-96.4-96.4c-9.4-9.4-9.4-24.6 0-33.9L54.3 103c9.4-9.4 24.6-9.4 33.9 0l136 136c9.5 9.4 9.5 24.6.1 34z\"><\/path><\/svg>\t\t\t<\/span>\n\t\t\t\t\t\t\t\t\t<span class=\"elementor-button-text\">Mere om os<\/span>\n\t\t\t\t\t<\/span>\n\t\t\t\t\t<\/a>\n\t\t\t\t\t\t\t\t<\/div>\n\t\t\t\t<\/div>\n\t\t\t\t<\/div>\n\t\t\t\t\t<\/div>\n\t\t\t\t<\/div>\n\t\t\t\t<\/div>\n\t\t\t\t<\/div>\n\t\t\t\t\t\t<\/div>\n\t\t\t\t<\/div>\n\t\t\t\t<\/div>\n\t\t\t\t<\/div>","protected":false},"excerpt":{"rendered":"<p>Die speziell auf die Unternehmensl\u00f6sung Microsoft Dynamics 365 Business Central bzw. Dynamics NAV angepasste und voll integrierte DATEV-Schnittstelle wandelt die entsprechenden Dynamics NAV-Daten automatisch in ein DATEV-gerechtes Format um und erm\u00f6glicht so eine direkte, reibungslose Daten\u00fcbertragung.<\/p>","protected":false},"author":1,"featured_media":5824,"parent":664,"menu_order":0,"comment_status":"closed","ping_status":"closed","template":"","meta":{"_seopress_robots_primary_cat":"","_seopress_titles_title":"Nahtlos Finanzdaten mit DATEV-Standard \u00fcbermitteln","_seopress_titles_desc":"DATEV App f\u00fcr Microsoft Dynamics: Automatisierte Finanzdaten\u00fcbertragung im DATEV-Format, sicher und effizient. Perfekt f\u00fcr Ihren Steuerberater.","_seopress_robots_index":"","footnotes":""},"categories":[],"tags":[],"class_list":["post-682","page","type-page","status-publish","has-post-thumbnail","hentry"],"_links":{"self":[{"href":"https:\/\/navision-beratung.de\/da\/wp-json\/wp\/v2\/pages\/682","targetHints":{"allow":["GET"]}}],"collection":[{"href":"https:\/\/navision-beratung.de\/da\/wp-json\/wp\/v2\/pages"}],"about":[{"href":"https:\/\/navision-beratung.de\/da\/wp-json\/wp\/v2\/types\/page"}],"author":[{"embeddable":true,"href":"https:\/\/navision-beratung.de\/da\/wp-json\/wp\/v2\/users\/1"}],"replies":[{"embeddable":true,"href":"https:\/\/navision-beratung.de\/da\/wp-json\/wp\/v2\/comments?post=682"}],"version-history":[{"count":3,"href":"https:\/\/navision-beratung.de\/da\/wp-json\/wp\/v2\/pages\/682\/revisions"}],"predecessor-version":[{"id":18695,"href":"https:\/\/navision-beratung.de\/da\/wp-json\/wp\/v2\/pages\/682\/revisions\/18695"}],"up":[{"embeddable":true,"href":"https:\/\/navision-beratung.de\/da\/wp-json\/wp\/v2\/pages\/664"}],"wp:featuredmedia":[{"embeddable":true,"href":"https:\/\/navision-beratung.de\/da\/wp-json\/wp\/v2\/media\/5824"}],"wp:attachment":[{"href":"https:\/\/navision-beratung.de\/da\/wp-json\/wp\/v2\/media?parent=682"}],"wp:term":[{"taxonomy":"category","embeddable":true,"href":"https:\/\/navision-beratung.de\/da\/wp-json\/wp\/v2\/categories?post=682"},{"taxonomy":"post_tag","embeddable":true,"href":"https:\/\/navision-beratung.de\/da\/wp-json\/wp\/v2\/tags?post=682"}],"curies":[{"name":"wp","href":"https:\/\/api.w.org\/{rel}","templated":true}]}}