{"id":5616,"date":"2020-04-23T13:04:43","date_gmt":"2020-04-23T13:04:43","guid":{"rendered":"https:\/\/navision-beratung.de\/?page_id=5616"},"modified":"2025-05-26T10:27:12","modified_gmt":"2025-05-26T08:27:12","slug":"referenzprojekt-logistikloesung-in-dynamics-365-business-central-am-beispiel-eines-kunden","status":"publish","type":"page","link":"https:\/\/navision-beratung.de\/da\/referenzen\/referenzprojekt-logistikloesung-in-dynamics-365-business-central-am-beispiel-eines-kunden\/","title":{"rendered":"Referenceprojekt: Logistikl\u00f8sning i Dynamics 365 Business Central"},"content":{"rendered":"<p>I dag vil vi gerne pr\u00e6sentere <strong>Logistikl\u00f8sning<\/strong> af vores kunder <strong>PSP Pack GmbH<\/strong>en logistiktjenesteudbyder til bl.a. bil- og belysningsindustrien fra det oberbayerske distrikt Eichst\u00e4tt i hjertet af Bayern.<\/p>\n<p>PSP Pack GmbH tilbyder en komplet logistikservice, dvs. at hele lagerstyringen (opbevaring, omladning, afhentning, transport osv.) kan kortl\u00e6gges.<\/p>\n<p>For at kunne levere til sine store kunder JIT (\"just in time\") har PSP Pack GmbH investeret i et stort, topmoderne lager med en nuv\u00e6rende lagerkapacitet p\u00e5 7000 europaller. Hvert skift kan der udf\u00f8res 500 lageroperationer (l\u00e6sning eller afl\u00e6sning af materiale) her. I l\u00f8bet af dagen k\u00f8rer flere lastvognstog fra lageret til den respektive kunde og tilbage igen for at distribuere materiale til de respektive fabrikker i rette tid. Lastbilerne forsyner fabrikkerne og bliver ogs\u00e5 l\u00e6sset p\u00e5 den respektive fabrik til hjemturen med delm\u00e6ngder, som skal opbevares p\u00e5 lageret igen.<\/p>\n<p>Microsoft Dynamics 365 Business Central bruges som ERP-system.<\/p>\n<h2>Hvilken teknologi bruges?<\/h2>\n<p>PSP Pack GmbH benytter sig af moderne teknologier til tydelig identifikation af opbevaringssteder og materialer, f.eks. <strong>RFID (R<\/strong>adio-<strong>F<\/strong>krav<strong> Id<\/strong>Entifikation<strong>) - Teknologi, <\/strong>dvs. lokalisering og automatisk identifikation ved hj\u00e6lp af radiob\u00f8lger. Anvendelsen kr\u00e6ver et system best\u00e5ende af en sender (transponder) og en modtager (l\u00e6ser). RFID-labels og -tags p\u00e5 lageret l\u00e6ses med l\u00e6sere p\u00e5 gaffeltrucken i en fast position. Derudover kan forskellige <strong>Stregkodescanner<\/strong> at automatisere mobil dataindsamling s\u00e5 meget som muligt.<\/p>\n<p>Den <strong>Teknisk forbindelse<\/strong> til den p\u00e5g\u00e6ldende kunde sker via en direkte databaseforbindelse via en gr\u00e6nseflade. Dette betyder igen, at <strong>Business Central<\/strong> PSP Pack GmbH's database er permanent forbundet med kundens eksterne database via en VPN-tunnel. Disse eksterne databasetabeller integreres problemfrit i Business Central ved hj\u00e6lp af s\u00e6rlige teknologier.<\/p>\n<h2>Hvilke beskeder bliver sendt?<\/h2>\n<ol>\n<li>Den respektive kunde indtaster daglige reservationer (materialebehov). De indtaster, hvilket materiale der er brug for i hvilken m\u00e6ngde og p\u00e5 hvilket tidspunkt.<\/li>\n<li>Returvarer, der sendes tilbage til lageret af kunden, overf\u00f8res.<\/li>\n<li>Indg\u00e5ende varer fra eksterne leverand\u00f8rer overf\u00f8res.<\/li>\n<li>Det aktuelle lagerniveau overf\u00f8res en gang om natten (da der ikke sker nogen materialebev\u00e6gelser her).<br \/>\nVigtigt: Ad hoc-lagerforesp\u00f8rgsler er mulige til enhver tid!<\/li>\n<\/ol>\n<h2>Andre s\u00e6rlige egenskaber ved logistikl\u00f8sningen<\/h2>\n<ul>\n<li><strong>FEFO plukning: <\/strong>Materialet fjernes efter princippet \"First Expired First Out\". Det betyder, at det, der har ligget l\u00e6ngst p\u00e5 lageret, v\u00e6lges f\u00f8rst til materialeudtagning. Dette sker via batchnumre med en automatisk udl\u00f8bsdato.<\/li>\n<li><strong>Beregning af materialem\u00e6ngden:<\/strong> Materialerne tages fra lageret i kartoner, dvs. som komplette containere. Men en kunde har nu reserveret en m\u00e6ngde. De beholdere, der skal fjernes, beregnes derefter automatisk ud fra det specifikke lagerpladsindhold.<\/li>\n<li><strong>Forskellige cockpits <\/strong>til h\u00e5ndtering af reservationer, returneringer og indg\u00e5ende varer:<br \/>\n- Oversigt over status<br \/>\n- Behandling af fejl<br \/>\n- Lagers\u00f8gning (f.eks. egne visninger af batchnumre og udl\u00f8bsdato)<br \/>\n- Udv\u00e6lgelse af reservationer til batches (batch processing) til individuelle lastbilleverancer<br \/>\nKonkret ser processen via cockpittet s\u00e5ledes ud:<br \/>\nLagermedarbejderen tjekker sit cockpit i Business Central om morgenen. Han ser straks, hvilke materialer der er blevet anmodet om. De kan derefter sortere efter dato og klokkesl\u00e6t og se, hvilke materialer der er tilg\u00e6ngelige. Derefter kan der oprettes en batchproces for hver lastbil, og plukkeprocessen kan begynde med det samme. Lagermedarbejderne f\u00e5r vist deres \"arbejdsliste\" direkte p\u00e5 deres tablets.<\/li>\n<li><strong>Skr\u00e6ddersyet rollecenter:<\/strong> Hver medarbejdergruppe har et tilpasset rollecenter (startsk\u00e6rm i Business Central med de n\u00f8dvendige funktioner) til logistikbehandling.<\/li>\n<li><strong>Automatisk oprettelse af kvitteringer med stregkoder:<\/strong><br \/>\n- Kildedokumenter: indk\u00f8bsordrer, salgsordrer, reklamationer.<br \/>\n- Logistikdokumenter: varemodtagelse, vareudlevering, indlagring og ordreplukning,<br \/>\nEtiketter<\/li>\n<li><strong>Automatiske forslag til opbevaringsplads <\/strong>til fjernelse og opbevaring.<\/li>\n<li><strong>Brug af mobile enheder (tablets) med stregkodescanningsfunktion: <\/strong>PSP Pack GmbH bruger industrielle tablets med en holder p\u00e5 gaffeltrucken med str\u00f8mforsyning. Business Central-datadisplayet er tilpasset til mobile enheder.<\/li>\n<li><strong>Kvalitetssikring:<\/strong> Plausibilitets- og fuldst\u00e6ndighedskontrol ved hj\u00e6lp af stregkodescanninger. N\u00e5r varer fjernes, scanner systemet, om de er blevet fjernet fra det korrekte lager. Varen scannes ogs\u00e5 for at kontrollere, om det er den rigtige vare.<\/li>\n<\/ul>\n<h2>Teknisk arkitektur<\/h2>\n<p>PSP Pack GmbH har <strong>Microsoft Dynamics Business Central version 14<\/strong> p\u00e5 stedet i brug. Alle logistiktilpasninger blev implementeret som <strong>Udvidelses-app<\/strong> realiseret. Dette blev gjort <strong>Ingen \u00e6ndring af standardobjekterne<\/strong>Det g\u00f8r det meget nemmere at opgradere til nyere versioner. Til dokumentgenerering med stregkoder kan <strong>Tilf\u00f8jelse tilNAV<\/strong> f.eks. til etiketter til opbevaring og genfinding.<\/p>\n<h2>Anvendt teknologi<\/h2>\n<ul>\n<li>RFID-etiketter\/tags p\u00e5 opbevaringsstedet, l\u00e6ser fra Sick (<a class=\"external-link extlink\" href=\"http:\/\/sick.com\" target=\"_blank\" rel=\"nofollow noopener noreferrer\" data-ext-link-init=\"true\">http:\/\/sick.com<\/a>) p\u00e5 gaffeltrucken i en fast position<\/li>\n<li>Windows 10-tablets med integreret stregkodescanner: Bluechip industrielle tablets (T11 udend\u00f8rs tablet (<a class=\"external-link extlink\" href=\"https:\/\/www.bluechip.de\/mobil\/tablets\/12830\/bluechip-travelline-t11-i3-outdoor\" target=\"_blank\" rel=\"nofollow noopener noreferrer\" data-ext-link-init=\"true\">https:\/\/www.bluechip.de\/mobil\/tablets\/12830\/bluechip-travelline-t11-i3-outdoor<\/a>)), beslag p\u00e5 gaffeltruck med str\u00f8mforsyning<\/li>\n<li>Yderligere h\u00e5ndholdte scannere: Bluetooth-scanner: Zebra LI3678 (<a class=\"external-link extlink\" href=\"https:\/\/www.zebra.com\/de\/de\/products\/scanners\/ultra-rugged-scanners\/3600-series\/li36x8-sr.html\" target=\"_blank\" rel=\"nofollow noopener noreferrer\" data-ext-link-init=\"true\">https:\/\/www.zebra.com\/de\/de\/products\/scanners\/ultra-rugged-scanners\/3600-series\/li36x8-sr.html<\/a>)<\/li>\n<li>Etiketprinter: CAB (<a class=\"external-link extlink\" href=\"https:\/\/www.cab.de\/de\/kennzeichnung\/etikettendrucker\/\" target=\"_blank\" rel=\"nofollow noopener noreferrer\" data-ext-link-init=\"true\">https:\/\/www.cab.de\/de\/kennzeichnung\/etikettendrucker\/<\/a>)<\/li>\n<\/ul>\n<p>Er du ogs\u00e5 interesseret i en logistikl\u00f8sning i Business Central eller Dynamics NAV, eller \u00f8nsker du at outsource din lagerstyring? Kontakt os venligst p\u00e5 <a href=\"zoiper:\/\/08921111848\">089 &#8211; 21 111 848<\/a> eller via e-mail til <a class=\"external-link extlink\" href=\"mailto:vertrieb@br-ag.com\" target=\"_blank\" rel=\"nofollow noopener noreferrer\" data-ext-link-init=\"true\">vertrieb@br-ag.com<\/a> i kontakt! Vi vil med gl\u00e6de r\u00e5dgive dig!<\/p>","protected":false},"excerpt":{"rendered":"<p>I dag vil vi gerne pr\u00e6sentere dig for logistikl\u00f8sningen hos vores kunde PSP Pack GmbH, en logistiktjenesteudbyder til bl.a. bilindustrien og belysningsindustrien fra det oberbayerske distrikt Eichst\u00e4tt i hjertet af Bayern. PSP Pack GmbH tilbyder en komplet logistikservice, dvs. at hele lagerstyringen (opbevaring, flytning, afhentning, transport osv.) kan kortl\u00e6gges. For at kunne tilbyde sine store kunder JIT [...]<\/p>","protected":false},"author":1,"featured_media":11460,"parent":8787,"menu_order":0,"comment_status":"closed","ping_status":"closed","template":"","meta":{"_seopress_robots_primary_cat":"","_seopress_titles_title":"PSP Pack GmbH: Moderne Logistikl\u00f6sungen in Bayern","_seopress_titles_desc":"Erleben Sie effiziente Logistik mit unserer FEFO-Kommissionierung, RFID-Technologie und mehr. Perfekt f\u00fcr Automobil- und Beleuchtungsindustrie!","_seopress_robots_index":"","footnotes":""},"categories":[52],"tags":[],"class_list":["post-5616","page","type-page","status-publish","has-post-thumbnail","hentry","category-referenzen"],"_links":{"self":[{"href":"https:\/\/navision-beratung.de\/da\/wp-json\/wp\/v2\/pages\/5616","targetHints":{"allow":["GET"]}}],"collection":[{"href":"https:\/\/navision-beratung.de\/da\/wp-json\/wp\/v2\/pages"}],"about":[{"href":"https:\/\/navision-beratung.de\/da\/wp-json\/wp\/v2\/types\/page"}],"author":[{"embeddable":true,"href":"https:\/\/navision-beratung.de\/da\/wp-json\/wp\/v2\/users\/1"}],"replies":[{"embeddable":true,"href":"https:\/\/navision-beratung.de\/da\/wp-json\/wp\/v2\/comments?post=5616"}],"version-history":[{"count":0,"href":"https:\/\/navision-beratung.de\/da\/wp-json\/wp\/v2\/pages\/5616\/revisions"}],"up":[{"embeddable":true,"href":"https:\/\/navision-beratung.de\/da\/wp-json\/wp\/v2\/pages\/8787"}],"wp:featuredmedia":[{"embeddable":true,"href":"https:\/\/navision-beratung.de\/da\/wp-json\/wp\/v2\/media\/11460"}],"wp:attachment":[{"href":"https:\/\/navision-beratung.de\/da\/wp-json\/wp\/v2\/media?parent=5616"}],"wp:term":[{"taxonomy":"category","embeddable":true,"href":"https:\/\/navision-beratung.de\/da\/wp-json\/wp\/v2\/categories?post=5616"},{"taxonomy":"post_tag","embeddable":true,"href":"https:\/\/navision-beratung.de\/da\/wp-json\/wp\/v2\/tags?post=5616"}],"curies":[{"name":"wp","href":"https:\/\/api.w.org\/{rel}","templated":true}]}}