{"id":5314,"date":"2019-06-24T13:57:35","date_gmt":"2019-06-24T13:57:35","guid":{"rendered":"https:\/\/navision-beratung.de\/?page_id=5314"},"modified":"2025-05-26T10:28:03","modified_gmt":"2025-05-26T08:28:03","slug":"referenzprojekt-produktionsvorgang-mit-barcode-scanner","status":"publish","type":"page","link":"https:\/\/navision-beratung.de\/da\/referenzen\/referenzprojekt-produktionsvorgang-mit-barcode-scanner\/","title":{"rendered":"Referenceprojekt: Produktionsproces med stregkodescanner"},"content":{"rendered":"<p id=\"bachmaierGmbH-Referenzanonymisiert-Referenzprojekt:ProduktionsvorgangmitBarcodeScanner\u2013VollintegrierteL\u00f6sungf\u00fcrMicrosoftDynamicsNAVamBeispieleinesGeh\u00f6rschutzexperten\"><strong>Fuldt integreret l\u00f8sning til Microsoft Dynamics NAV ved hj\u00e6lp af eksemplet med en h\u00f8rev\u00e6rnsekspert<\/strong><\/p>\n<p>Hurtig dataindtastning og et link til ERP-systemet er afg\u00f8rende, is\u00e6r i fremstillingsindustrien. Vores nuv\u00e6rende referencekunde - en h\u00f8rev\u00e6rnsekspert - er g\u00e5et over til den digitale tidsalder. P\u00e5 trods af skr\u00e6ddersyet produktion og de dermed forbundne h\u00f8je produktionsomkostninger kan arbejdstrinnene nu til enhver tid ses i systemet.<\/p>\n<p>Produktportef\u00f8ljen i virksomheden, som i \u00f8jeblikket har 55 ansatte og er i konstant v\u00e6kst, omfatter \u00f8repropper og in-ear-hovedtelefoner ud over h\u00f8rev\u00e6rn. Virksomhedens kvalitetskendetegn er individuel tilpasning.<\/p>\n<p>Med den <strong>Introduktion til Dynamics NAV<\/strong> Stregkodescannerteknologien blev ogs\u00e5 introduceret i for\u00e5ret 2019. Det betyder, at alle arbejdstrin i produktionen nu registreres og digitaliseres via stregkoder.<\/p>\n<p>Kunden modtager et stort antal ordrer p\u00e5 skr\u00e6ddersyede h\u00f8rev\u00e6rn, som g\u00e5r i produktion hver dag. Et sekventielt workflow er en del af det daglige arbejde.<\/p>\n<p>Med hj\u00e6lp fra <strong>ForNAV Designer<\/strong> Stregkoder med produktets serienummer genereres og udskrives p\u00e5 arbejdssedlen. Denne arbejdsseddel genereres og udskrives automatisk for det p\u00e5g\u00e6ldende produkt, n\u00e5r ordren er modtaget elektronisk.<\/p>\n<p>Medarbejderne scanner stregkoden, som indeholder de enkelte arbejdstrin, efter hver enkelt produktionsproces. Hvert produktionstrin dokumenteres p\u00e5 denne m\u00e5de, og dataene ender direkte i ERP-systemet Dynamics NAV. Det betyder, at virksomheden til enhver tid kan hente produktionsstatus for hvert produkt i realtid.<\/p>\n<h2 id=\"bachmaierGmbH-Referenzanonymisiert-FassenwirdiewesentlichenElementedesVorgangszusammen:\">Lad os opsummere de vigtigste elementer i processen:<\/h2>\n<ol>\n<li>Elektronisk ordreindgang via et interface i Dynamics NAV<\/li>\n<li>Bestil kontrol<\/li>\n<li>Udgivelse af ordre<br \/>\n-&gt; Produktionsordren er oprettet<br \/>\n-&gt; Arbejdsseddel udskrives (automatiseret)<\/li>\n<li>Efter hvert arbejdstrin scannes arbejdssedlen af medarbejderen via en stregkode, som viser, at arbejdstrinnet er gennemf\u00f8rt.<\/li>\n<li>Overblik over ordrestatus til enhver tid<\/li>\n<\/ol>\n<p>Stregkodescannerteknologi spiller ogs\u00e5 en vigtig rolle i ekspeditionen. N\u00e5r det udg\u00e5ende varedokument scannes, f\u00e5r medarbejderen at vide, om der er andre produkter fra den samme kunde i produktion. N\u00e5r alle produkter er fremstillet, overf\u00f8res de til pakkeprocessen.<\/p>\n<h2 id=\"bachmaierGmbH-Referenzanonymisiert-DiewesentlichenVorteilederBarcode-Scanner-Technologiehiernocheinmalinder\u00dcbersicht:\">Her er en oversigt over de vigtigste fordele ved stregkodescannerteknologi:<\/h2>\n<ul>\n<li>Undg\u00e5else af indtastningsfejl takket v\u00e6re stregkodescannerteknologi<\/li>\n<li>Produktionsstatus kan til enhver tid vises i realtid<\/li>\n<li>Varer afsendes f\u00f8rst, n\u00e5r al tilh\u00f8rende produktfremstilling er afsluttet.<\/li>\n<li>G\u00f8r dine arbejdsprocesser i produktionen hurtigere<\/li>\n<li>Un\u00f8dvendige arbejdstrin undg\u00e5s<\/li>\n<\/ul>\n<p>Er du ogs\u00e5 interesseret i at optimere dine produktionsprocesser med stregkodeteknologi? Vi r\u00e5dgiver dig gerne p\u00e5 +49 (89) 211 11 848 eller kontakt os via e-mail p\u00e5 <a class=\"external-link extlink\" href=\"mailto:vertrieb@br-ag.com\" target=\"_blank\" rel=\"nofollow noopener noreferrer\" data-ext-link-init=\"true\">vertrieb@br-ag.com<\/a><\/p>","protected":false},"excerpt":{"rendered":"<p>Hurtig dataindtastning og et link til ERP-systemet er afg\u00f8rende, is\u00e6r i fremstillingsindustrien. Vores nuv\u00e6rende referencekunde - en ekspert i h\u00f8rev\u00e6rn - er g\u00e5et over til den digitale tidsalder. P\u00e5 trods af skr\u00e6ddersyet produktion og de dermed forbundne h\u00f8je produktionsomkostninger kan arbejdstrinnene nu til enhver tid ses i systemet. 55 medarbejdere arbejder i \u00f8jeblikket for virksomheden, som er i konstant v\u00e6kst, og dens produktportef\u00f8lje omfatter h\u00f8rev\u00e6rn, \u00f8repropper og in-ear-hovedtelefoner. Skr\u00e6ddersyet produktion er et kvalitetskendetegn.<\/p>","protected":false},"author":1,"featured_media":11818,"parent":8787,"menu_order":0,"comment_status":"closed","ping_status":"closed","template":"","meta":{"_seopress_robots_primary_cat":"","_seopress_titles_title":"Effiziente Produktion mit Microsoft Dynamics NAV","_seopress_titles_desc":"Nutzen Sie die Barcode-Scanner-Technologie, um Produktionsdaten effizient mit Dynamics NAV zu verkn\u00fcpfen. Erfahren Sie Echtzeit-Produktions\u00fcbersicht!","_seopress_robots_index":"","footnotes":""},"categories":[52],"tags":[],"class_list":["post-5314","page","type-page","status-publish","has-post-thumbnail","hentry","category-referenzen"],"_links":{"self":[{"href":"https:\/\/navision-beratung.de\/da\/wp-json\/wp\/v2\/pages\/5314","targetHints":{"allow":["GET"]}}],"collection":[{"href":"https:\/\/navision-beratung.de\/da\/wp-json\/wp\/v2\/pages"}],"about":[{"href":"https:\/\/navision-beratung.de\/da\/wp-json\/wp\/v2\/types\/page"}],"author":[{"embeddable":true,"href":"https:\/\/navision-beratung.de\/da\/wp-json\/wp\/v2\/users\/1"}],"replies":[{"embeddable":true,"href":"https:\/\/navision-beratung.de\/da\/wp-json\/wp\/v2\/comments?post=5314"}],"version-history":[{"count":0,"href":"https:\/\/navision-beratung.de\/da\/wp-json\/wp\/v2\/pages\/5314\/revisions"}],"up":[{"embeddable":true,"href":"https:\/\/navision-beratung.de\/da\/wp-json\/wp\/v2\/pages\/8787"}],"wp:featuredmedia":[{"embeddable":true,"href":"https:\/\/navision-beratung.de\/da\/wp-json\/wp\/v2\/media\/11818"}],"wp:attachment":[{"href":"https:\/\/navision-beratung.de\/da\/wp-json\/wp\/v2\/media?parent=5314"}],"wp:term":[{"taxonomy":"category","embeddable":true,"href":"https:\/\/navision-beratung.de\/da\/wp-json\/wp\/v2\/categories?post=5314"},{"taxonomy":"post_tag","embeddable":true,"href":"https:\/\/navision-beratung.de\/da\/wp-json\/wp\/v2\/tags?post=5314"}],"curies":[{"name":"wp","href":"https:\/\/api.w.org\/{rel}","templated":true}]}}