{"id":5250,"date":"2019-05-02T12:02:30","date_gmt":"2019-05-02T12:02:30","guid":{"rendered":"https:\/\/navision-beratung.de\/?page_id=5250"},"modified":"2019-05-02T12:02:30","modified_gmt":"2019-05-02T12:02:30","slug":"partner","status":"publish","type":"page","link":"https:\/\/navision-beratung.de\/da\/partner\/","title":{"rendered":"Add-on partner"},"content":{"rendered":"<div id=\"pl-5250\"  class=\"panel-layout\" >\n<div id=\"pg-5250-0\"  class=\"panel-grid panel-no-style\"  data-style=\"{&quot;background_image_attachment&quot;:false,&quot;background_display&quot;:&quot;tile&quot;,&quot;cell_alignment&quot;:&quot;flex-start&quot;}\"  data-ratio=\"1\"  data-ratio-direction=\"right\" >\n<div id=\"pgc-5250-0-0\"  class=\"panel-grid-cell\"  data-weight=\"0.5\" >\n<div id=\"panel-5250-0-0-0\" class=\"so-panel widget widget_black-studio-tinymce widget_black_studio_tinymce panel-first-child\" data-index=\"0\" data-style=\"{&quot;background_image_attachment&quot;:false,&quot;background_display&quot;:&quot;tile&quot;,&quot;background_image_size&quot;:&quot;full&quot;,&quot;border_thickness&quot;:&quot;1px&quot;}\" >\n<div class=\"textwidget\"><img alt=\"\" decoding=\"async\" class=\"alignnone wp-image-7293 size-full\" src=\"https:\/\/navision-beratung.de\/wp-content\/uploads\/2022\/12\/continia_logo_2022.png\" width=\"250\" height=\"167\" \/><\/div>\n<\/div>\n<div id=\"panel-5250-0-0-1\" class=\"so-panel widget widget_black-studio-tinymce widget_black_studio_tinymce panel-last-child\" data-index=\"1\" data-style=\"{&quot;background_image_attachment&quot;:false,&quot;background_display&quot;:&quot;tile&quot;,&quot;background_image_size&quot;:&quot;full&quot;,&quot;border_thickness&quot;:&quot;1px&quot;}\" >\n<h3 class=\"widget-title\">Continia Software<\/h3>\n<div class=\"textwidget\"><strong>Continia<\/strong> udvikler add-on-l\u00f8sninger til Microsoft Dynamics Business Central til effektiv og tidsbesparende organisering af finansielle processer - It's About Time.<br \/>\nL\u00f8sningerne <strong>Indsamling af dokumenter<\/strong>, <strong>OPplus<\/strong>, <strong>Udgiftsstyring<\/strong>t og <strong>Dokument-output<\/strong> giver Business Central-brugere over hele verden merv\u00e6rdi i deres daglige arbejde.<\/div>\n<\/div>\n<\/div>\n<div id=\"pgc-5250-0-1\"  class=\"panel-grid-cell\"  data-weight=\"0.5\" >\n<div id=\"panel-5250-0-1-0\" class=\"so-panel widget widget_black-studio-tinymce widget_black_studio_tinymce panel-first-child\" data-index=\"2\" data-style=\"{&quot;background_image_attachment&quot;:false,&quot;background_display&quot;:&quot;tile&quot;}\" >\n<div class=\"textwidget\"><img alt=\"\" decoding=\"async\" class=\"size-full wp-image-5256 alignleft\" src=\"https:\/\/navision-beratung.de\/wp-content\/uploads\/2019\/05\/ForNAV-1.png\" width=\"250\" height=\"167\" \/><\/div>\n<\/div>\n<div id=\"panel-5250-0-1-1\" class=\"so-panel widget widget_black-studio-tinymce widget_black_studio_tinymce panel-last-child\" data-index=\"3\" data-style=\"{&quot;background_image_attachment&quot;:false,&quot;background_display&quot;:&quot;tile&quot;}\" >\n<h3 class=\"widget-title\">ForNAV Tyskland<\/h3>\n<div class=\"textwidget\">\n<p style=\"text-align: left;\">\"Reports ForNAV Designer\" og \"Reports ForNAV Converter\" fra vores add-on-partner <strong>ForNAV Tyskland<\/strong> er ekstremt nyttige v\u00e6rkt\u00f8jer til at oprette og \u00e6ndre rapporter i Dynamics 365 Business Central eller Dynamics NAV.<\/p>\n<\/div>\n<\/div>\n<\/div>\n<\/div>\n<div id=\"pg-5250-1\"  class=\"panel-grid panel-no-style\"  data-style=\"{&quot;background_image_attachment&quot;:false,&quot;background_display&quot;:&quot;tile&quot;,&quot;cell_alignment&quot;:&quot;flex-start&quot;}\"  data-ratio=\"1\"  data-ratio-direction=\"right\" >\n<div id=\"pgc-5250-1-0\"  class=\"panel-grid-cell\"  data-weight=\"0.5\" >\n<div id=\"panel-5250-1-0-0\" class=\"so-panel widget widget_black-studio-tinymce widget_black_studio_tinymce panel-first-child\" data-index=\"4\" data-style=\"{&quot;background_image_attachment&quot;:false,&quot;background_display&quot;:&quot;tile&quot;}\" >\n<div class=\"textwidget\"><img alt=\"\" decoding=\"async\" class=\"size-full wp-image-5255 alignleft\" src=\"https:\/\/navision-beratung.de\/wp-content\/uploads\/2019\/05\/CKL.png\" width=\"250\" height=\"167\" \/><\/div>\n<\/div>\n<div id=\"panel-5250-1-0-1\" class=\"so-panel widget widget_black-studio-tinymce widget_black_studio_tinymce panel-last-child\" data-index=\"5\" data-style=\"{&quot;background_image_attachment&quot;:false,&quot;background_display&quot;:&quot;tile&quot;}\" >\n<h3 class=\"widget-title\">CKL<\/h3>\n<div class=\"textwidget\"><strong>CKL<\/strong> er specialiseret i alle aspekter af finansiel bogf\u00f8ring og v\u00e6rdistr\u00f8mme, is\u00e6r omkostnings- og aktivitetsregnskab og lagerstyring er blandt fokuspunkterne for vores add-on-partner.<\/div>\n<\/div>\n<\/div>\n<div id=\"pgc-5250-1-1\"  class=\"panel-grid-cell\"  data-weight=\"0.5\" >\n<div id=\"panel-5250-1-1-0\" class=\"so-panel widget widget_black-studio-tinymce widget_black_studio_tinymce panel-first-child\" data-index=\"6\" data-style=\"{&quot;background_image_attachment&quot;:false,&quot;background_display&quot;:&quot;tile&quot;}\" >\n<div class=\"textwidget\"><img alt=\"\" loading=\"lazy\" decoding=\"async\" src=\"https:\/\/navision-beratung.de\/wp-content\/uploads\/2019\/05\/windata.png\" width=\"250\" height=\"167\" class=\"alignnone size-full wp-image-5271\" \/><\/div>\n<\/div>\n<div id=\"panel-5250-1-1-1\" class=\"so-panel widget widget_black-studio-tinymce widget_black_studio_tinymce panel-last-child\" data-index=\"7\" data-style=\"{&quot;background_image_attachment&quot;:false,&quot;background_display&quot;:&quot;tile&quot;}\" >\n<h3 class=\"widget-title\">windata<\/h3>\n<div class=\"textwidget\">Med modul\u00e6re l\u00f8sninger tilbyder vores add-on-partner dig <strong>windata GmbH &amp; Co. KG<\/strong> L\u00f8sninger til nationale og internationale betalingstransaktioner med de nyeste betalingsstandarder og aktuelle sikkerhedsprocedurer, herunder konfipay som en webservice til automatisering af dine forretningsprocesser i digitale betalingstransaktioner.<\/div>\n<\/div>\n<\/div>\n<\/div>\n<div id=\"pg-5250-2\"  class=\"panel-grid panel-no-style\"  data-style=\"{&quot;background_image_attachment&quot;:false,&quot;background_display&quot;:&quot;tile&quot;,&quot;cell_alignment&quot;:&quot;flex-start&quot;}\"  data-ratio=\"1\"  data-ratio-direction=\"right\" >\n<div id=\"pgc-5250-2-0\"  class=\"panel-grid-cell\"  data-weight=\"0.5\" >\n<div id=\"panel-5250-2-0-0\" class=\"so-panel widget widget_black-studio-tinymce widget_black_studio_tinymce panel-first-child\" data-index=\"8\" data-style=\"{&quot;background_image_attachment&quot;:false,&quot;background_display&quot;:&quot;tile&quot;}\" >\n<div class=\"textwidget\"><img alt=\"\" loading=\"lazy\" decoding=\"async\" class=\"size-full wp-image-5262 alignleft\" src=\"https:\/\/navision-beratung.de\/wp-content\/uploads\/2019\/05\/haveldata.png\" width=\"250\" height=\"167\" \/><\/div>\n<\/div>\n<div id=\"panel-5250-2-0-1\" class=\"so-panel widget widget_black-studio-tinymce widget_black_studio_tinymce panel-last-child\" data-index=\"9\" data-style=\"{&quot;background_image_attachment&quot;:false,&quot;background_display&quot;:&quot;tile&quot;}\" >\n<h3 class=\"widget-title\">haveldata GmbH<\/h3>\n<div class=\"textwidget\">Med \"NACO6-Cost Accounting\" til alle interne regnskabsopgaver og \"NAPA3-Personal Management\" til personaleadministration, tidsstyring og l\u00f8nregnskab er vores add-on-partner <strong>haveldata GmbH<\/strong> to kraftfulde komplette l\u00f8sninger til din Dynamics 365 Business Central- eller NAV-applikation.<\/div>\n<\/div>\n<\/div>\n<div id=\"pgc-5250-2-1\"  class=\"panel-grid-cell\"  data-weight=\"0.5\" >\n<div id=\"panel-5250-2-1-0\" class=\"so-panel widget widget_black-studio-tinymce widget_black_studio_tinymce panel-first-child\" data-index=\"10\" data-style=\"{&quot;background_image_attachment&quot;:false,&quot;background_display&quot;:&quot;tile&quot;}\" >\n<div class=\"textwidget\"><img alt=\"\" loading=\"lazy\" decoding=\"async\" class=\"alignnone size-full wp-image-5310\" src=\"https:\/\/navision-beratung.de\/wp-content\/uploads\/2019\/05\/idyn_logo.png\" width=\"250\" height=\"167\" \/><\/div>\n<\/div>\n<div id=\"panel-5250-2-1-1\" class=\"so-panel widget widget_black-studio-tinymce widget_black_studio_tinymce panel-last-child\" data-index=\"11\" data-style=\"{&quot;background_image_attachment&quot;:false,&quot;background_display&quot;:&quot;tile&quot;}\" >\n<h3 class=\"widget-title\">idyn<\/h3>\n<div class=\"textwidget\">Vores add-on partner <strong>idyn<\/strong> giver et st\u00e6rkt v\u00e6rkt\u00f8j til Dynamics NAV-udviklere i form af \"Object Mangager Advanced\" (forkortet OMA) - s\u00e5 du kan \u00f8ge kvaliteten af dit udviklingsarbejde betydeligt.<\/div>\n<\/div>\n<\/div>\n<\/div>\n<div id=\"pg-5250-3\"  class=\"panel-grid panel-no-style\"  data-style=\"{&quot;background_image_attachment&quot;:false,&quot;background_display&quot;:&quot;tile&quot;,&quot;cell_alignment&quot;:&quot;flex-start&quot;}\"  data-ratio=\"1\"  data-ratio-direction=\"right\" >\n<div id=\"pgc-5250-3-0\"  class=\"panel-grid-cell panel-grid-cell-mobile-last\"  data-weight=\"0.5\" >\n<div id=\"panel-5250-3-0-0\" class=\"so-panel widget widget_black-studio-tinymce widget_black_studio_tinymce panel-first-child\" data-index=\"12\" data-style=\"{&quot;background_image_attachment&quot;:false,&quot;background_display&quot;:&quot;tile&quot;}\" >\n<div class=\"textwidget\"><img alt=\"\" loading=\"lazy\" decoding=\"async\" class=\"alignnone size-full wp-image-5274\" src=\"https:\/\/navision-beratung.de\/wp-content\/uploads\/2019\/05\/sana.png\" width=\"250\" height=\"167\" \/><\/div>\n<\/div>\n<div id=\"panel-5250-3-0-1\" class=\"so-panel widget widget_black-studio-tinymce widget_black_studio_tinymce panel-last-child\" data-index=\"13\" data-style=\"{&quot;background_image_attachment&quot;:false,&quot;background_display&quot;:&quot;tile&quot;}\" >\n<h3 class=\"widget-title\">Sana Handel<\/h3>\n<div class=\"textwidget\">Vores add-on partner <strong>Sana Commerce EMEA B.V.<\/strong> tilbyder Sana Commerce, en online shop-l\u00f8sning til B2B og B2C, som kan integreres problemfrit i dit Dynamics 365 Business Central- eller NAV-landskab - for perfekt interaktion mellem ERP og webshop.<\/div>\n<\/div>\n<\/div>\n<div id=\"pgc-5250-3-1\"  class=\"panel-grid-cell panel-grid-cell-empty\"  data-weight=\"0.5\" ><\/div>\n<\/div>\n<\/div>","protected":false},"excerpt":{"rendered":"<p>Continia Software Continia entwickelt Add-on L\u00f6sungen f\u00fcr Microsoft Dynamics Business Central zur effizienten und zeitsparenden Gestaltung von Finanzprozessen \u2013 It\u2019s About Time. Die L\u00f6sungen Document Capture, OPplus, Expense Management und Document Output bieten Business Central Anwendern weltweit einen Mehrwert in ihrer t\u00e4glichen Arbeit. ForNAV Deutschland Der \u201eReports ForNAV Designer\u201c sowie der \u201eReports ForNAV Converter\u201c unseres [&hellip;]<\/p>","protected":false},"author":1,"featured_media":3019,"parent":0,"menu_order":0,"comment_status":"closed","ping_status":"closed","template":"","meta":{"_seopress_robots_primary_cat":"","_seopress_titles_title":"Effiziente Add-ons f\u00fcr Dynamics Business Central","_seopress_titles_desc":"Entdecken Sie leistungsstarke Add-ons f\u00fcr Microsoft Dynamics Business Central. Optimieren Sie Finanzprozesse mit Document Capture und mehr!","_seopress_robots_index":"","footnotes":""},"categories":[],"tags":[],"class_list":["post-5250","page","type-page","status-publish","has-post-thumbnail","hentry"],"_links":{"self":[{"href":"https:\/\/navision-beratung.de\/da\/wp-json\/wp\/v2\/pages\/5250","targetHints":{"allow":["GET"]}}],"collection":[{"href":"https:\/\/navision-beratung.de\/da\/wp-json\/wp\/v2\/pages"}],"about":[{"href":"https:\/\/navision-beratung.de\/da\/wp-json\/wp\/v2\/types\/page"}],"author":[{"embeddable":true,"href":"https:\/\/navision-beratung.de\/da\/wp-json\/wp\/v2\/users\/1"}],"replies":[{"embeddable":true,"href":"https:\/\/navision-beratung.de\/da\/wp-json\/wp\/v2\/comments?post=5250"}],"version-history":[{"count":0,"href":"https:\/\/navision-beratung.de\/da\/wp-json\/wp\/v2\/pages\/5250\/revisions"}],"wp:featuredmedia":[{"embeddable":true,"href":"https:\/\/navision-beratung.de\/da\/wp-json\/wp\/v2\/media\/3019"}],"wp:attachment":[{"href":"https:\/\/navision-beratung.de\/da\/wp-json\/wp\/v2\/media?parent=5250"}],"wp:term":[{"taxonomy":"category","embeddable":true,"href":"https:\/\/navision-beratung.de\/da\/wp-json\/wp\/v2\/categories?post=5250"},{"taxonomy":"post_tag","embeddable":true,"href":"https:\/\/navision-beratung.de\/da\/wp-json\/wp\/v2\/tags?post=5250"}],"curies":[{"name":"wp","href":"https:\/\/api.w.org\/{rel}","templated":true}]}}