{"id":5194,"date":"2019-04-17T11:17:59","date_gmt":"2019-04-17T11:17:59","guid":{"rendered":"https:\/\/navision-beratung.de\/?page_id=5194"},"modified":"2025-05-26T10:22:41","modified_gmt":"2025-05-26T08:22:41","slug":"referenzprojekte-der-bartolome-roeder-ag-versandhandel","status":"publish","type":"page","link":"https:\/\/navision-beratung.de\/da\/referenzen\/referenzprojekte-der-bartolome-roeder-ag-versandhandel\/","title":{"rendered":"Referenceprojekter for bartolome r\u00f6der AG: Postordrevirksomhed"},"content":{"rendered":"<p>I vores serie af referenceprojekter fra bartolome r\u00f6der AG vil vi i dag gerne fort\u00e6lle dig om optimeringsprocessen af lagerprocesserne hos en kunde fra <strong>Online postordrevirksomhed<\/strong> rapport.<\/p>\n<p>E-handelsvirksomheden har omkring 300 medarbejdere, hvoraf omkring 100 arbejder med Dynamics NAV til daglig. M\u00e5let var at <strong>Optimering af lagerprocesser<\/strong> i ERP-processen Microsoft Dynamics NAV 2013 p\u00e5 grund af virksomhedens hurtige v\u00e6kst.<\/p>\n<h2>Virksomheden<\/h2>\n<p>Online-postordrefirmaet, som har v\u00e6ret i stand til at etablere sig p\u00e5 det tyske marked i l\u00f8bet af f\u00e5 \u00e5r, skal koordinere et stort antal ordrer hver dag. En omfattende portef\u00f8lje betyder, at der er brug for et stort lageromr\u00e5de. Det resulterer nogle gange i lange ruter, som ogs\u00e5 skal optimeres.<\/p>\n<h2>Udfordring<\/h2>\n<p>Den st\u00f8rste udfordring var at optimere lagerprocesserne, s\u00e5 de kunne klare virksomhedens hurtige v\u00e6kst. Procesoptimering spillede en s\u00e6rlig vigtig rolle. Et af problemerne var, at brugerne havde blokeret hinanden fra at arbejde i systemet.<\/p>\n<h2>H\u00f8jdepunkterne i optimeringsprocessen<\/h2>\n<p>I det f\u00f8lgende vil vi gerne<strong> H\u00f8jdepunkter i optimeringsprocessen<\/strong> i uddrag:<\/p>\n<p>En vigtig komponent var <strong>Optimering af processen for indg\u00e5ende varer<\/strong>. Tilpasninger i NAV gjorde det muligt for flere medarbejdere at behandle varemodtagelsen samtidig uden fejlmeddelelser eller forkerte posteringer. Dette blev opn\u00e5et ved at tilf\u00f8je et ekstra sk\u00e6rmbillede til standardsystemet.<\/p>\n<p>Desuden er <strong>Optimering af plukkeprocessen<\/strong>. Levering af varer efter zone, lagerplads og artikel blev introduceret her. V\u00e6gtning af lagerplads blev udf\u00f8rt i henhold til nummerr\u00e6kkef\u00f8lge. Plukning efter ordre gjorde det muligt at optimere ruterne med over 25 %.<\/p>\n<p>En anden justering var <strong>Optimering af pakkeprocessen<\/strong> er repr\u00e6senteret. Her er der f.eks. indf\u00f8rt en opgavek\u00f8. Et vilk\u00e5rligt antal varer kan nu scannes, registreres og derefter pakkes. Alle varer, der scannes under registreringsprocessen, ender i en opgavek\u00f8 og kan derefter bookes af en bruger til sidst uden at overlappe hinanden.<\/p>\n<p>Og ogs\u00e5 den <strong>Optimering af returprocessen<\/strong> blev kortlagt med succes i NAV. Bookingstierne blev v\u00e6sentligt forkortet og dermed optimeret. Varer i restordre kan nu hurtigere identificeres som A- eller C-varer, tildeles det korrekte lager og om n\u00f8dvendigt sendes igen.<\/p>\n<h2>Realisering af projektet<\/h2>\n<p>Optimeringen af lagerprocesserne i Dynamics NAV-systemet blev gennemf\u00f8rt p\u00e5 3 m\u00e5neder.<\/p>\n<p>Takket v\u00e6re en struktureret tilgang og et godt samarbejde mellem kunden og udviklingsteamet blev projektet afsluttet til tiden.<\/p>","protected":false},"excerpt":{"rendered":"<p>I vores serie af referenceprojekter fra bartolome r\u00f6der AG vil vi i dag gerne fort\u00e6lle om optimeringsprocessen for lagerprocesserne hos en kunde i online-postordrebranchen. E-handelsvirksomheden har omkring 300 medarbejdere, hvoraf omkring 100 arbejder med Dynamics NAV p\u00e5 daglig basis. M\u00e5let var at optimere lagerprocesserne i ERP-systemet Microsoft Dynamics NAV 2013 p\u00e5 grund af de [...]<\/p>","protected":false},"author":1,"featured_media":11484,"parent":8787,"menu_order":0,"comment_status":"closed","ping_status":"closed","template":"","meta":{"_seopress_robots_primary_cat":"","_seopress_titles_title":"Optimierung von Lagerprozessen mit Dynamics NAV","_seopress_titles_desc":"Effiziente Optimierung der Lagerprozesse mit Dynamics NAV f\u00fcr E-Commerce Wachstum. Entdecken Sie L\u00f6sungen f\u00fcr Wareneingang, Kommissionierung & Retouren.","_seopress_robots_index":"","footnotes":""},"categories":[52],"tags":[],"class_list":["post-5194","page","type-page","status-publish","has-post-thumbnail","hentry","category-referenzen"],"_links":{"self":[{"href":"https:\/\/navision-beratung.de\/da\/wp-json\/wp\/v2\/pages\/5194","targetHints":{"allow":["GET"]}}],"collection":[{"href":"https:\/\/navision-beratung.de\/da\/wp-json\/wp\/v2\/pages"}],"about":[{"href":"https:\/\/navision-beratung.de\/da\/wp-json\/wp\/v2\/types\/page"}],"author":[{"embeddable":true,"href":"https:\/\/navision-beratung.de\/da\/wp-json\/wp\/v2\/users\/1"}],"replies":[{"embeddable":true,"href":"https:\/\/navision-beratung.de\/da\/wp-json\/wp\/v2\/comments?post=5194"}],"version-history":[{"count":0,"href":"https:\/\/navision-beratung.de\/da\/wp-json\/wp\/v2\/pages\/5194\/revisions"}],"up":[{"embeddable":true,"href":"https:\/\/navision-beratung.de\/da\/wp-json\/wp\/v2\/pages\/8787"}],"wp:featuredmedia":[{"embeddable":true,"href":"https:\/\/navision-beratung.de\/da\/wp-json\/wp\/v2\/media\/11484"}],"wp:attachment":[{"href":"https:\/\/navision-beratung.de\/da\/wp-json\/wp\/v2\/media?parent=5194"}],"wp:term":[{"taxonomy":"category","embeddable":true,"href":"https:\/\/navision-beratung.de\/da\/wp-json\/wp\/v2\/categories?post=5194"},{"taxonomy":"post_tag","embeddable":true,"href":"https:\/\/navision-beratung.de\/da\/wp-json\/wp\/v2\/tags?post=5194"}],"curies":[{"name":"wp","href":"https:\/\/api.w.org\/{rel}","templated":true}]}}