{"id":5190,"date":"2019-04-17T11:15:19","date_gmt":"2019-04-17T11:15:19","guid":{"rendered":"https:\/\/navision-beratung.de\/?page_id=5190"},"modified":"2025-05-26T10:25:58","modified_gmt":"2025-05-26T08:25:58","slug":"referenzprojekte-der-br-ag-bioenergie-branche","status":"publish","type":"page","link":"https:\/\/navision-beratung.de\/da\/referenzen\/referenzprojekte-der-br-ag-bioenergie-branche\/","title":{"rendered":"Referenceprojekter fra br AG: Bioenergisektoren"},"content":{"rendered":"<p>Vores nutidige <strong>Referenceprojekt<\/strong> af bartolome r\u00f6der AG, som vi gerne vil pr\u00e6sentere for dig som et eksempel, omfatter introduktionen af Microsoft Dynamics NAV 2016 i <strong>Bioenergisektoren<\/strong>.<br \/>\nVirksomheden, som driver store biogasanl\u00e6g, har omkring 50 ansatte, hvoraf 10 er Dynamics NAV-brugere.<\/p>\n<p>Med Dynamics NAV blev der for f\u00f8rste gang indf\u00f8rt et ERP-system i virksomheden, efter at de daglige forretningsprocesser gjorde det n\u00f8dvendigt, da manuel behandling ikke l\u00e6ngere var \u00f8konomisk og h\u00e5ndterbar. M\u00e5let f\u00f8r projektets start var at udvikle en branchel\u00f8sning til biogasanl\u00e6gssektoren til standardiseret og automatiseret h\u00e5ndtering af indk\u00f8bs- og faktureringsprocesser.<\/p>\n<h3><strong><u>Udfordring<\/u><\/strong><\/h3>\n<p>Udfordringen i dette projekt l\u00e5 p\u00e5 den ene side i faktureringssystemets s\u00e6rlige egenskaber, da forpligtelserne opst\u00e5r i l\u00f8bet af en kreditnota-procedure, og leverand\u00f8ren normalt ikke udsteder en direkte faktura for vareleverancer. P\u00e5 den anden side p\u00e5virkes priss\u00e6tningen af mange eksterne faktorer, som skulle v\u00e6re synlige og mulige at \u00e6ndre i hele procesk\u00e6den.<\/p>\n<h3><strong><u>H\u00f8jdepunkterne i projektet<\/u><\/strong><\/h3>\n<p>F\u00f8lgende er eksempler p\u00e5<strong> H\u00f8jdepunkter i projektet<\/strong> blive pr\u00e6senteret.<\/p>\n<p>Den <strong>H\u00e5ndtering af h\u00f8stkontrakter<\/strong> med substratleverand\u00f8rer muligg\u00f8r automatisk afsendelse af breve til den \u00e5rlige unders\u00f8gelse af dyrkningsomr\u00e5der.<\/p>\n<p>Inden for kortl\u00e6gning og <strong>Forvaltning af jordlodder<\/strong> Google Maps giver en visualisering p\u00e5 Google Earth, som er en vigtig hj\u00e6lp for medarbejderne, n\u00e5r de planl\u00e6gger drift og h\u00f8st for at optimere ruterne.<\/p>\n<p>Dertil kommer en <strong>H\u00f8st BANF-systemet<\/strong> som g\u00f8r det muligt at administrere h\u00f8stkontrakter med landm\u00e6nd. Det er f.eks. muligt at registrere, hvilken frugt landmanden leverer, i hvilken m\u00e6ngde og til hvilken pris.<br \/>\nBaseret p\u00e5 laboratoriepr\u00f8ver taget fra indg\u00e5ende leverancer kan kvaliteten bestemmes, og dermed kan der genereres till\u00e6g eller fradrag p\u00e5 basisprisen i Dynamics NAV.<\/p>\n<p>En anden funktion er <strong>Planl\u00e6gning af h\u00f8stkampagne<\/strong> repr\u00e6senterer. For eksempel bestemmes den periode, hvor h\u00f8sten skal finde sted, p\u00e5 et tidligt tidspunkt. Hvis vi tager eksemplet med \"gr\u00e6sh\u00f8st\" og perioden 01.04.-30.04., planl\u00e6gges gr\u00e6sh\u00f8stkampagnen med bestemte landm\u00e6nd. Et automatisk brev kan derefter sendes fra Dynamics NAV til de p\u00e5g\u00e6ldende landm\u00e6nd for at anmode om arealet. BANF'erne kan hentes fra de eksisterende kontrakter med landm\u00e6ndene. Det er straks tydeligt, hvilke landm\u00e6nd der er berettigede. BANF'erne fungerer som et planl\u00e6gningsobjekt. M\u00e6ngden kan derefter planl\u00e6gges p\u00e5 basis af BANF'en, f.eks. 2 hektar gr\u00e6s med den tilsvarende planlagte m\u00e6ngde angivet. Dette gemmes fuldst\u00e6ndigt i NAV.<br \/>\nDiverse <strong>H\u00f8sttjenester<\/strong>De n\u00f8dvendige ydelser kan planl\u00e6gges og oprettes som styklister. Ordrer genereres automatisk fra NAV baseret p\u00e5 disse serviceplaner. Fra <strong>Planl\u00e6gning af materialer<\/strong> Materialebestillingerne genereres af landm\u00e6ndene.<\/p>\n<p>Et andet h\u00f8jdepunkt i projektet var implementeringen af en <strong>generisk gr\u00e6nseflade til import af vejdata<\/strong> fra vejesystemer. P\u00e5 den m\u00e5de registreres leverancer fra landm\u00e6nd eller serviceudbydere, og vejningerne kan importeres til en vejelog i Dynamics NAV. En vejning kan automatisk tildeles en ordre via et referencenummer. De tidligere n\u00e6vnte laboratoriepr\u00f8ver er ogs\u00e5 knyttet til disse referencenumre. Den eksterne laboratoriedatabase er knyttet til Dynamics NAV, s\u00e5 v\u00e6rdier kan tildeles direkte.<\/p>\n<h2><strong><u>Realisering af projektet<\/u><\/strong><\/h2>\n<p>Projektet blev gennemf\u00f8rt inden for en tidsramme p\u00e5 fem m\u00e5neder. Dynamics NAV blev implementeret som en prototype ved hj\u00e6lp af en iterativ tilgang, og de n\u00f8dvendige funktioner blev gradvist tilf\u00f8jet.<\/p>","protected":false},"excerpt":{"rendered":"<p>Dagens referenceprojekt fra bartolome r\u00f6der AG, som vi gerne vil pr\u00e6sentere for jer som et eksempel, handler om indf\u00f8relsen af Microsoft Dynamics NAV 2016 i bioenergisektoren. Virksomheden, som driver store biogasanl\u00e6g, har omkring 50 ansatte, hvoraf 10 er Dynamics NAV-brugere. Med Dynamics NAV blev der for f\u00f8rste gang indf\u00f8rt en ERP-proces i virksomheden, efter at de daglige forretningsprocesser [...].<\/p>","protected":false},"author":1,"featured_media":11826,"parent":8787,"menu_order":0,"comment_status":"closed","ping_status":"closed","template":"","meta":{"_seopress_robots_primary_cat":"","_seopress_titles_title":"ERP-L\u00f6sung in Biogas: Effizienz mit Dynamics NAV","_seopress_titles_desc":"Optimieren Sie Ihre Bioenergieprozesse mit Microsoft Dynamics NAV 2016. Entdecken Sie innovative L\u00f6sungen f\u00fcr effiziente Gesch\u00e4ftsabl\u00e4ufe im Biogasanlagenbetrieb.","_seopress_robots_index":"","footnotes":""},"categories":[52],"tags":[],"class_list":["post-5190","page","type-page","status-publish","has-post-thumbnail","hentry","category-referenzen"],"_links":{"self":[{"href":"https:\/\/navision-beratung.de\/da\/wp-json\/wp\/v2\/pages\/5190","targetHints":{"allow":["GET"]}}],"collection":[{"href":"https:\/\/navision-beratung.de\/da\/wp-json\/wp\/v2\/pages"}],"about":[{"href":"https:\/\/navision-beratung.de\/da\/wp-json\/wp\/v2\/types\/page"}],"author":[{"embeddable":true,"href":"https:\/\/navision-beratung.de\/da\/wp-json\/wp\/v2\/users\/1"}],"replies":[{"embeddable":true,"href":"https:\/\/navision-beratung.de\/da\/wp-json\/wp\/v2\/comments?post=5190"}],"version-history":[{"count":0,"href":"https:\/\/navision-beratung.de\/da\/wp-json\/wp\/v2\/pages\/5190\/revisions"}],"up":[{"embeddable":true,"href":"https:\/\/navision-beratung.de\/da\/wp-json\/wp\/v2\/pages\/8787"}],"wp:featuredmedia":[{"embeddable":true,"href":"https:\/\/navision-beratung.de\/da\/wp-json\/wp\/v2\/media\/11826"}],"wp:attachment":[{"href":"https:\/\/navision-beratung.de\/da\/wp-json\/wp\/v2\/media?parent=5190"}],"wp:term":[{"taxonomy":"category","embeddable":true,"href":"https:\/\/navision-beratung.de\/da\/wp-json\/wp\/v2\/categories?post=5190"},{"taxonomy":"post_tag","embeddable":true,"href":"https:\/\/navision-beratung.de\/da\/wp-json\/wp\/v2\/tags?post=5190"}],"curies":[{"name":"wp","href":"https:\/\/api.w.org\/{rel}","templated":true}]}}