{"id":3244,"date":"2017-12-20T10:04:30","date_gmt":"2017-12-20T10:04:30","guid":{"rendered":"http:\/\/navision-beratung.de\/?page_id=3244"},"modified":"2025-05-24T10:13:15","modified_gmt":"2025-05-24T08:13:15","slug":"dynamics-nav-2018","status":"publish","type":"page","link":"https:\/\/navision-beratung.de\/da\/ueberpruefen\/dynamics-nav-2018\/","title":{"rendered":"Dynamics NAV 2018"},"content":{"rendered":"<p><img alt=\"\" fetchpriority=\"high\" decoding=\"async\" class=\"alignnone wp-image-3296 size-full\" src=\"https:\/\/navision-beratung.de\/wp-content\/uploads\/2018\/01\/Dynamics_NAV_2018.png\" width=\"785\" height=\"200\" srcset=\"https:\/\/navision-beratung.de\/wp-content\/uploads\/2018\/01\/Dynamics_NAV_2018.png 785w, https:\/\/navision-beratung.de\/wp-content\/uploads\/2018\/01\/Dynamics_NAV_2018-300x76.png 300w, https:\/\/navision-beratung.de\/wp-content\/uploads\/2018\/01\/Dynamics_NAV_2018-768x196.png 768w\" sizes=\"(max-width: 785px) 100vw, 785px\" \/><\/p>\n<p>Den nye version af den gennemtestede ERP-l\u00f8sning, Microsoft Dynamics NAV 2018, har v\u00e6ret tilg\u00e6ngelig siden begyndelsen af december.<br \/>\nDynamics NAV 2018 kommer med forbedringer af kernefunktionerne, mange nyskabelser og sp\u00e6ndende funktioner. For eksempel er integrationen af Office 365 (\"Common Data Service\" og muligheden for at redigere bogf\u00f8ringsark i Excel) blevet yderligere forbedret. Der er ogs\u00e5 foretaget optimeringer af webklienten og dens udseende.<\/p>\n<h2>Dette er de nye funktioner i Microsoft Dynamics NAV 2018<\/h2>\n<ul>\n<li>Omfattende support til ops\u00e6tning og konfiguration med flere ops\u00e6tningsguider<\/li>\n<li>Centraliserede ops\u00e6tningsmuligheder forenkler oprettelsen af nye kunder<\/li>\n<li>Dyb integration af Office 365 gennem brug af \"Common Data Service\" (dataplatform til udveksling af Microsofts forretningsapplikationer, apps og tjenester)<\/li>\n<li><a href=\"http:\/\/navision-beratung.de\/da\/microsoft-dynamics-nav-2018-mitarbeiterbuchungsblaetter\/\">Bookingark til medarbejdere<\/a>Ud over kreditorer og debitorer kan man nu ogs\u00e5 v\u00e6lge medarbejdere i bogf\u00f8ringsark. Denne funktion bruges f.eks. til betaling af rejseudgifter.<\/li>\n<li>Opgavelister: I lighed med Outlook kan der oprettes opgavelister. De kan henvise til bestemte ERP-specifikke opgaver eller v\u00e6re knyttet til definerede sider eller rapporter.<\/li>\n<li>Automatiserede intercompany-transaktioner kan fremskynde processerne for intercompany-posteringer betydeligt<\/li>\n<\/ul>\n<p>[wpdm_package id='3300\u2032]<\/p>\n<div class=\"ebd-box\">\n<div class=\"ebd-box-content\"><span class=\"ebd-box-title\">Anmod om en brochure<\/span><br \/>\nIndtast venligst dit navn og din e-mailadresse. Du vil derefter om kort tid modtage en e-mail med et downloadlink.<br \/>\n[email-download download_id=\"3304\u2033 contact_form_id=\"3302\u2033].<\/div>\n<\/div>\n<h2>Dynamics NAV - Hvad bliver det n\u00e6ste?<\/h2>\n<p>Yderligere to udgivelser f\u00f8lger i for\u00e5ret 2018: En lokal l\u00f8sning, der indeholder alle NAV-funktionaliteter, og en cloud-baseret version, der er opdelt i forskellige funktionsomr\u00e5der.<\/p>\n<h2>Har du nogen sp\u00f8rgsm\u00e5l?<\/h2>\n<p>Hvis du gerne vil have mere information om <a href=\"http:\/\/navision-beratung.de\/da\/microsoft-dynamics-nav\/\">Microsoft Dynamics NAV<\/a> Kontakt os venligst p\u00e5 +49 (89) 21 111 848 eller via e-mail til <a href=\"mailto:vertrieb@br-ag.com\">vertrieb@br-ag.com<\/a>.<\/p>\n<p>&nbsp;<\/p>","protected":false},"excerpt":{"rendered":"<p>Seit Anfang Dezember ist die neue Version der bew\u00e4hrten ERP-L\u00f6sung, Microsoft Dynamics NAV 2018 verf\u00fcgbar. Dynamics NAV 2018 kommt mit Verbesserungen der Kernfunktionalit\u00e4ten, vielen Neuerungen und spannenden Features. So wurde beispielsweise die Integration von Office 365 (\u201eCommon Data Service\u201c und die M\u00f6glichkeit zur Bearbeitung von Buch.-Bl\u00e4ttern in Excel) noch weiter verst\u00e4rkt. Aber auch am Web [&hellip;]<\/p>","protected":false},"author":1,"featured_media":3197,"parent":10710,"menu_order":0,"comment_status":"closed","ping_status":"closed","template":"","meta":{"_seopress_robots_primary_cat":"","_seopress_titles_title":"Neue Features: Microsoft Dynamics NAV 2018","_seopress_titles_desc":"Erleben Sie erweiterte Integration mit Office 365 und verbesserte Funktionen im Dynamics NAV 2018. Optimierte Benutzbarkeit und innovative L\u00f6sungen warten.","_seopress_robots_index":"","footnotes":""},"categories":[],"tags":[],"class_list":["post-3244","page","type-page","status-publish","has-post-thumbnail","hentry"],"_links":{"self":[{"href":"https:\/\/navision-beratung.de\/da\/wp-json\/wp\/v2\/pages\/3244","targetHints":{"allow":["GET"]}}],"collection":[{"href":"https:\/\/navision-beratung.de\/da\/wp-json\/wp\/v2\/pages"}],"about":[{"href":"https:\/\/navision-beratung.de\/da\/wp-json\/wp\/v2\/types\/page"}],"author":[{"embeddable":true,"href":"https:\/\/navision-beratung.de\/da\/wp-json\/wp\/v2\/users\/1"}],"replies":[{"embeddable":true,"href":"https:\/\/navision-beratung.de\/da\/wp-json\/wp\/v2\/comments?post=3244"}],"version-history":[{"count":0,"href":"https:\/\/navision-beratung.de\/da\/wp-json\/wp\/v2\/pages\/3244\/revisions"}],"up":[{"embeddable":true,"href":"https:\/\/navision-beratung.de\/da\/wp-json\/wp\/v2\/pages\/10710"}],"wp:featuredmedia":[{"embeddable":true,"href":"https:\/\/navision-beratung.de\/da\/wp-json\/wp\/v2\/media\/3197"}],"wp:attachment":[{"href":"https:\/\/navision-beratung.de\/da\/wp-json\/wp\/v2\/media?parent=3244"}],"wp:term":[{"taxonomy":"category","embeddable":true,"href":"https:\/\/navision-beratung.de\/da\/wp-json\/wp\/v2\/categories?post=3244"},{"taxonomy":"post_tag","embeddable":true,"href":"https:\/\/navision-beratung.de\/da\/wp-json\/wp\/v2\/tags?post=3244"}],"curies":[{"name":"wp","href":"https:\/\/api.w.org\/{rel}","templated":true}]}}