{"id":3101,"date":"2020-11-03T11:35:00","date_gmt":"2020-11-03T11:35:00","guid":{"rendered":"http:\/\/navision-beratung.de\/?page_id=3101"},"modified":"2025-05-24T10:13:15","modified_gmt":"2025-05-24T08:13:15","slug":"nav-zugferd-schnittstelle","status":"publish","type":"page","link":"https:\/\/navision-beratung.de\/da\/ueberpruefen\/nav-zugferd-schnittstelle\/","title":{"rendered":"ZUGFeRD Interface | eDoc App"},"content":{"rendered":"<figure class=\"wp-block-image\"><img alt=\"\" fetchpriority=\"high\" decoding=\"async\" width=\"785\" height=\"200\" src=\"https:\/\/navision-beratung.de\/wp-content\/uploads\/2020\/11\/ZUGFeRD_XRechnung.png\" class=\"wp-image-6136\" srcset=\"https:\/\/navision-beratung.de\/wp-content\/uploads\/2020\/11\/ZUGFeRD_XRechnung.png 785w, https:\/\/navision-beratung.de\/wp-content\/uploads\/2020\/11\/ZUGFeRD_XRechnung-300x76.png 300w, https:\/\/navision-beratung.de\/wp-content\/uploads\/2020\/11\/ZUGFeRD_XRechnung-768x196.png 768w\" sizes=\"(max-width: 785px) 100vw, 785px\" \/><\/figure>\n\n\n\n<h2 class=\"wp-block-heading\">ZUGFeRD-gr\u00e6nsefladen bliver til eDoc-appen<\/h2>\n\n\n\n<p>ZUGFerd-gr\u00e6nsefladen er nu tilg\u00e6ngelig i vores efterf\u00f8lger add-on<strong> eDoc-app<\/strong> integreret. Ud over formaterne<strong> ZUGFeRD<\/strong>, <strong>XInvoice<\/strong> og <strong>FatturaPA<\/strong> Andre europ\u00e6iske formater er nu ogs\u00e5 tilg\u00e6ngelige, f.eks.<strong> ebInterface (\u00d8strig)<\/strong>, <strong>KSeF Polen<\/strong> og <strong>Factur-X (Frankrig)<\/strong> tilg\u00e6ngelig.<\/p>\n\n\n\n<div style=\"height:46px\" aria-hidden=\"true\" class=\"wp-block-spacer\"><\/div>\n\n\n\n<div class=\"wp-block-buttons is-content-justification-center is-layout-flex wp-container-core-buttons-is-layout-a89b3969 wp-block-buttons-is-layout-flex\">\n<div class=\"wp-block-button\"><a class=\"wp-block-button__link has-vivid-red-background-color has-background has-text-align-center wp-element-button\" href=\"https:\/\/navision-beratung.de\/da\/add-ons\/edoc-module-erstellen-sie-ihre-e-rechnung-einfach-schnell-rechtskonform\/\">Add-on eDoc-app<\/a><\/div>\n<\/div>\n\n\n\n<div style=\"height:46px\" aria-hidden=\"true\" class=\"wp-block-spacer\"><\/div>\n\n\n\n<h2 class=\"wp-block-heading\">E-fakturering i overensstemmelse med EU-standarden med kun f\u00e5 klik<\/h2>\n\n\n\n<p>Brug ZUGFeRD-gr\u00e6nsefladen eller eDoc-appen i Business Central eller Dynamics NAV til udg\u00e5ende overf\u00f8rsel af fakturaer (outbound) eller behandling af indg\u00e5ende fakturaer (inbound) eller til begge retninger (complete). Du kan frit v\u00e6lge format (ZUGFeRD eller XRechnung). Beslut dig for, hvilken licens der passer dig bedst.<\/p>\n\n\n\n<p>Interfacet kan bruges til mere end blot at udveksle fakturaer med offentlige myndigheder. Udnyt fordelene ved elektronisk fakturatransmission, uanset om modtageren bruger ZUGFeRD eller ej.<\/p>\n\n\n\n<p>Spar dig selv for besv\u00e6ret med at scanne kvitteringer eller bruge OCR-tekstgenkendelse. Modtagne dokumenter importeres automatisk fra en importmappe direkte til Business Central eller Dynamics NAV.<\/p>\n\n\n\n<figure class=\"wp-block-image size-large\"><a href=\"https:\/\/navision-beratung.de\/wp-content\/uploads\/2022\/10\/BRAG-ZUGFeRD-Interface_steps.jpg\"><img alt=\"\" decoding=\"async\" width=\"1024\" height=\"456\" src=\"https:\/\/navision-beratung.de\/wp-content\/uploads\/2022\/10\/BRAG-ZUGFeRD-Interface_steps-1024x456.jpg\" class=\"wp-image-7143\" srcset=\"https:\/\/navision-beratung.de\/wp-content\/uploads\/2022\/10\/BRAG-ZUGFeRD-Interface_steps-1024x456.jpg 1024w, https:\/\/navision-beratung.de\/wp-content\/uploads\/2022\/10\/BRAG-ZUGFeRD-Interface_steps-300x134.jpg 300w, https:\/\/navision-beratung.de\/wp-content\/uploads\/2022\/10\/BRAG-ZUGFeRD-Interface_steps-768x342.jpg 768w, https:\/\/navision-beratung.de\/wp-content\/uploads\/2022\/10\/BRAG-ZUGFeRD-Interface_steps.jpg 1123w\" sizes=\"(max-width: 1024px) 100vw, 1024px\" \/><\/a><\/figure>\n\n\n\n<h2 class=\"wp-block-heading\">Hvad er ZUGFeRD eller XRechnung?<\/h2>\n\n\n\n<p>ZUGFeRD (Zentraler User Guide des Forums elektronischer Rechnung Deutschland) er et format til elektronisk fakturaudveksling mellem virksomheder og offentlige myndigheder.<br>Formatet blev lanceret af det tyske \u00f8konomi- og energiministerium og bruges allerede i mange virksomheder og forvaltninger i hele Europa.<\/p>\n\n\n\n<p>B\u00e5de datastrukturen i det nuv\u00e6rende ZUGFeRD-format og XRechnung er baseret p\u00e5 EU-standarden EN 16931 og kan derfor begge bruges. Den store forskel er, at ZUGFeRD best\u00e5r af en PDF-del og en XML-vedh\u00e6ftning, mens XRechnung er et rent XML-dataformat.<\/p>\n\n\n\n<p>Med profilen <strong>2.3.1 XInvoice<\/strong> Elektroniske fakturaer kan sendes til alle fakturamodtagere, der er forbundet med ZRE og OZG-RE.<\/p>\n\n\n\n<h2 class=\"wp-block-heading\">Fuld integration af ZUGFeRD Interface\/ eDoc App i Microsoft Business Central eller Dynamics NAV<\/h2>\n\n\n\n<figure class=\"wp-block-image\"><img alt=\"\" decoding=\"async\" width=\"1608\" height=\"605\" src=\"https:\/\/navision-beratung.de\/wp-content\/uploads\/2020\/11\/Integration-ZUGFeRD-Interface.png\" class=\"wp-image-6143\" srcset=\"https:\/\/navision-beratung.de\/wp-content\/uploads\/2020\/11\/Integration-ZUGFeRD-Interface.png 1608w, https:\/\/navision-beratung.de\/wp-content\/uploads\/2020\/11\/Integration-ZUGFeRD-Interface-300x113.png 300w, https:\/\/navision-beratung.de\/wp-content\/uploads\/2020\/11\/Integration-ZUGFeRD-Interface-1024x385.png 1024w, https:\/\/navision-beratung.de\/wp-content\/uploads\/2020\/11\/Integration-ZUGFeRD-Interface-768x289.png 768w, https:\/\/navision-beratung.de\/wp-content\/uploads\/2020\/11\/Integration-ZUGFeRD-Interface-1536x578.png 1536w\" sizes=\"(max-width: 1608px) 100vw, 1608px\" \/><\/figure>\n\n\n\n<p>ZUGFeRD-gr\u00e6nsefladen er udviklet som en add-on-l\u00f8sning til Microsoft Business Central eller Dynamics NAV (fra version NAV 2015) for at forenkle fakturaudvekslingen for mellemstore virksomheder.<\/p>\n\n\n\n<p>Ved at eksportere en faktura fra Dynamics NAV i ZUGFeRD-format indlejres en tilsvarende XML-fil i kvitteringen, som er tilg\u00e6ngelig som en PDF-fil. Det betyder, at dokumentet ogs\u00e5 indeholder en maskinl\u00e6sbar form.<\/p>\n\n\n\n<p>Udg\u00e5ende fakturaer kan sendes helt elektronisk, uanset om modtageren bruger ZUGFeRD eller ej.<\/p>\n\n\n\n<p>N\u00e5r du modtager fakturaer, beh\u00f8ver du ikke l\u00e6ngere at scanne dokumenterne, og OCR-tekstgenkendelse er ikke l\u00e6ngere n\u00f8dvendig. Kvitteringen, der modtages via e-mailindbakken eller en overv\u00e5get mappe, l\u00e6ses automatisk direkte ind i Dynamics NAV.<\/p>\n\n\n\n<h2 class=\"wp-block-heading\">De vigtigste funktioner<\/h2>\n\n\n\n<p>ZUGFeRD-gr\u00e6nsefladen er fuldt integreret i Business Central eller Dynamics NAV og har en klar og intuitiv ops\u00e6tning.<\/p>\n\n\n\n<p>Afh\u00e6ngigt af kunden kan du styre, om og i hvilket format (ZUGFeRD eller X-faktura) du sender fakturaer; standarddokumentforsendelsen bruges.<\/p>\n\n\n\n<figure class=\"wp-block-image\"><img alt=\"\" loading=\"lazy\" decoding=\"async\" width=\"1730\" height=\"708\" src=\"https:\/\/navision-beratung.de\/wp-content\/uploads\/2020\/11\/Debitor.png\" class=\"wp-image-6145\" srcset=\"https:\/\/navision-beratung.de\/wp-content\/uploads\/2020\/11\/Debitor.png 1730w, https:\/\/navision-beratung.de\/wp-content\/uploads\/2020\/11\/Debitor-300x123.png 300w, https:\/\/navision-beratung.de\/wp-content\/uploads\/2020\/11\/Debitor-1024x419.png 1024w, https:\/\/navision-beratung.de\/wp-content\/uploads\/2020\/11\/Debitor-768x314.png 768w, https:\/\/navision-beratung.de\/wp-content\/uploads\/2020\/11\/Debitor-1536x629.png 1536w\" sizes=\"(max-width: 1730px) 100vw, 1730px\" \/><\/figure>\n\n\n\n<p>Hold \u00f8je med de originale indg\u00e5ende fakturaer. N\u00e5r du behandler den indg\u00e5ende faktura, giver gr\u00e6nsefladen dig en forh\u00e5ndsvisning af den oprindelige faktura.<\/p>\n\n\n\n<figure class=\"wp-block-image\"><img alt=\"\" loading=\"lazy\" decoding=\"async\" width=\"1599\" height=\"716\" src=\"https:\/\/navision-beratung.de\/wp-content\/uploads\/2020\/11\/inbound.png\" class=\"wp-image-6147\" srcset=\"https:\/\/navision-beratung.de\/wp-content\/uploads\/2020\/11\/inbound.png 1599w, https:\/\/navision-beratung.de\/wp-content\/uploads\/2020\/11\/inbound-300x134.png 300w, https:\/\/navision-beratung.de\/wp-content\/uploads\/2020\/11\/inbound-1024x459.png 1024w, https:\/\/navision-beratung.de\/wp-content\/uploads\/2020\/11\/inbound-768x344.png 768w, https:\/\/navision-beratung.de\/wp-content\/uploads\/2020\/11\/inbound-1536x688.png 1536w\" sizes=\"(max-width: 1599px) 100vw, 1599px\" \/><\/figure>\n\n\n<p>[wpdm_package id='3108\u2032]<\/p>\n\n\n\n<div style=\"height:60px\" aria-hidden=\"true\" class=\"wp-block-spacer\"><\/div>\n\n\n\n<figure><iframe src=\"https:\/\/www.youtube.com\/embed\/UtqUX4NVQlY\" allowfullscreen=\"\" width=\"560\" height=\"315\"><\/iframe><\/figure>\n\n\n\n<div style=\"height:60px\" aria-hidden=\"true\" class=\"wp-block-spacer\"><\/div>\n\n\n\n<p><strong>Har du sp\u00f8rgsm\u00e5l om eDoc App-tilf\u00f8jelsen eller elektronisk fakturering?<\/strong><\/p>\n\n\n\n<p>Vi vil med gl\u00e6de hj\u00e6lpe dig og r\u00e5dgive dig i detaljer:<\/p>\n\n\n\n<p><strong>Telefon: +49 (89) 21 111 848<\/strong><br><strong>E-mail: <\/strong><a href=\"mailto:vertrieb@br-ag.com\">vertrieb@br-ag.com<\/a><\/p>\n\n\n\n<div class=\"wp-block-buttons is-layout-flex wp-block-buttons-is-layout-flex\">\n<div class=\"wp-block-button aligncenter\"><a class=\"wp-block-button__link has-vivid-green-cyan-background-color has-background wp-element-button\" href=\"https:\/\/docs.navision-beratung.de\/ZUGFeRD-Interface\/\" target=\"_blank\" rel=\"noreferrer noopener\">Online hj\u00e6lp<\/a><\/div>\n<\/div>","protected":false},"excerpt":{"rendered":"<p>ZUGFeRD als Format zum elektronischen Rechnungsaustausch bietet die M\u00f6glichkeit des vollst\u00e4ndigen elektronischen Rechnungsaustauschs zwischen Unternehmen sowie Beh\u00f6rden.<br \/>\nDa ein ZUGFeRD-Beleg neben der PDF-Datei auch eine eingebettete XML-Datei hat, ist der Beleg in maschinenlesbarer Form vorhanden.<br \/>\nDie ZUGFeRD Schnittstelle ist als Add-on L\u00f6sung f\u00fcr Microsoft Dynamics NAV (ab Version NAV 2009 R2 bis NAV 2017) entwickelt worden, um den Rechnungsaustausch f\u00fcr mittelst\u00e4ndische Unternehmen einfacher zu gestalten.<\/p>","protected":false},"author":1,"featured_media":6141,"parent":10710,"menu_order":0,"comment_status":"closed","ping_status":"closed","template":"","meta":{"_seopress_robots_primary_cat":"","_seopress_titles_title":"eDoc App: ZUGFeRD & XRechnung effizient nutzen","_seopress_titles_desc":"Integrieren Sie ZUGFeRD in Dynamics NAV. Effiziente elektronische Rechnungsverarbeitung mit Formaten wie XRechnung und Factur-X.","_seopress_robots_index":"","footnotes":""},"categories":[],"tags":[],"class_list":["post-3101","page","type-page","status-publish","has-post-thumbnail","hentry"],"_links":{"self":[{"href":"https:\/\/navision-beratung.de\/da\/wp-json\/wp\/v2\/pages\/3101","targetHints":{"allow":["GET"]}}],"collection":[{"href":"https:\/\/navision-beratung.de\/da\/wp-json\/wp\/v2\/pages"}],"about":[{"href":"https:\/\/navision-beratung.de\/da\/wp-json\/wp\/v2\/types\/page"}],"author":[{"embeddable":true,"href":"https:\/\/navision-beratung.de\/da\/wp-json\/wp\/v2\/users\/1"}],"replies":[{"embeddable":true,"href":"https:\/\/navision-beratung.de\/da\/wp-json\/wp\/v2\/comments?post=3101"}],"version-history":[{"count":0,"href":"https:\/\/navision-beratung.de\/da\/wp-json\/wp\/v2\/pages\/3101\/revisions"}],"up":[{"embeddable":true,"href":"https:\/\/navision-beratung.de\/da\/wp-json\/wp\/v2\/pages\/10710"}],"wp:featuredmedia":[{"embeddable":true,"href":"https:\/\/navision-beratung.de\/da\/wp-json\/wp\/v2\/media\/6141"}],"wp:attachment":[{"href":"https:\/\/navision-beratung.de\/da\/wp-json\/wp\/v2\/media?parent=3101"}],"wp:term":[{"taxonomy":"category","embeddable":true,"href":"https:\/\/navision-beratung.de\/da\/wp-json\/wp\/v2\/categories?post=3101"},{"taxonomy":"post_tag","embeddable":true,"href":"https:\/\/navision-beratung.de\/da\/wp-json\/wp\/v2\/tags?post=3101"}],"curies":[{"name":"wp","href":"https:\/\/api.w.org\/{rel}","templated":true}]}}