{"id":2920,"date":"2017-03-09T10:57:42","date_gmt":"2017-03-09T10:57:42","guid":{"rendered":"http:\/\/navision-beratung.de\/?page_id=2920"},"modified":"2025-05-24T10:13:15","modified_gmt":"2025-05-24T08:13:15","slug":"artikelattribute-und-kategorien-in-nav-2017","status":"publish","type":"page","link":"https:\/\/navision-beratung.de\/da\/ueberpruefen\/artikelattribute-und-kategorien-in-nav-2017\/","title":{"rendered":"NAV 2017: Attribute und Kategorien f\u00fcr Artikel"},"content":{"rendered":"<h1><img alt=\"\" fetchpriority=\"high\" decoding=\"async\" class=\"alignnone size-full wp-image-2928\" src=\"http:\/\/navision-beratung.de\/wp-content\/uploads\/2017\/03\/NAV_2017Artikelattribute.png\" width=\"717\" height=\"230\" srcset=\"https:\/\/navision-beratung.de\/wp-content\/uploads\/2017\/03\/NAV_2017Artikelattribute.png 717w, https:\/\/navision-beratung.de\/wp-content\/uploads\/2017\/03\/NAV_2017Artikelattribute-300x96.png 300w\" sizes=\"(max-width: 717px) 100vw, 717px\" \/><\/h1>\n<h1>Vareattributter og -kategorier samt illustreret vareliste i NAV 2017<\/h1>\n<p>Vi vil gerne vise dig, hvordan du bedre kan strukturere og kategorisere dit produktsortiment med Microsoft Dynamics NAV. 2017-versionen byder p\u00e5 store nyskabelser i standardversionen.<\/p>\n<h2>Artikel-attributter<\/h2>\n<p>De nyligt introducerede artikelattributter muligg\u00f8r individuel klassificering af artikelstamdata i henhold til dine specificerede kriterier. Egenskaber som st\u00f8rrelse eller materialeegenskaber kan kortl\u00e6gges p\u00e5 en meget brugervenlig m\u00e5de.<\/p>\n<p>Flere opgaver er ogs\u00e5 mulige. Dette forenkler indtastning og tilf\u00f8jelse af artikler til eksisterende salgsordrer og indk\u00f8bsordrer.<\/p>\n<p>Afh\u00e6ngigt af kundens \u00f8nsker kan attributterne oprettes og bruges individuelt til forskellige omr\u00e5der af virksomheden.<\/p>\n<h2>Artikelkategorier<\/h2>\n<p>Nyt i Microsoft Dynamics NAV 2017 er ogs\u00e5 <strong>Artikelkategorier<\/strong> med et hovedniveau og forskellige hierarkiske niveauer, som muligg\u00f8r en hierarkisk opstilling af artikler. Du kan frit v\u00e6lge kategorier.<\/p>\n<p>Du kan f.eks. udlede forskellige artikler fra \u00e9n model.<\/p>\n<p>Den st\u00f8rste fordel ved <strong>Vareattributter og -kategorier<\/strong> er derfor gennemsigtigheden og klarheden i dine artikler.<\/p>\n<p>Det giver dig ogs\u00e5 mulighed for at analysere dit produktsortiment i henhold til kategorier eller attributter, som du har defineret. Det giver dig et overblik over salgstallene og oms\u00e6tningen for de enkelte produkter.<\/p>\n<h2>S\u00f8ge- og filterfunktion<\/h2>\n<p>Og s\u00f8ge- og filterfunktionen giver en betydelig fordel i applikationen.<\/p>\n<h2>Illustreret artikelliste<\/h2>\n<p>Microsoft Dynamics NAV 2017 giver dig en visuelt tiltalende visning af dit produktkatalog med mulighed for at tilf\u00f8je passende produktbilleder til dine varer. I lighed med illustrationen i en webshop kan du vise billederne i forskellige st\u00f8rrelser og dermed f\u00e5 en meget klar pr\u00e6sentation af dit produktsortiment. Flere grafikker kan gemmes under en artikelmaster. Du kan ogs\u00e5 v\u00e6lge en visning, hvor det relevante billede vises direkte for varen. Det g\u00f8r det meget nemmere for dig at s\u00f8ge efter en vare og sparer dig for en masse tid.<\/p>\n<p>&nbsp;<\/p>\n<p>Vil du gerne vide mere om Dynamics NAV 2017? Du kan finde en oversigt over de vigtigste nyskabelser <a href=\"http:\/\/navision-beratung.de\/da\/microsoft-dynamics-nav-2017\/\">her<\/a>.<\/p>","protected":false},"excerpt":{"rendered":"<p>Artikelattribute und -kategorien sowie bebilderte Artikelliste in NAV 2017 Gerne m\u00f6chten wir Ihnen veranschaulichen, wie Sie mit Microsoft Dynamics NAV Ihr Artikelsortiment besser strukturieren und kategorisieren k\u00f6nnen. Die 2017er Version bietet hier tolle Neuerungen im Standard. Artikelattribute Die neu eingef\u00fchrten Artikelattribute erm\u00f6glichen eine individuelle Klassifizierung des Artikelstamms nach Ihren vorgegebenen Kriterien. So k\u00f6nnen Eigenschaften wie [&hellip;]<\/p>","protected":false},"author":1,"featured_media":0,"parent":10710,"menu_order":0,"comment_status":"closed","ping_status":"closed","template":"","meta":{"_seopress_robots_primary_cat":"","_seopress_titles_title":"Optimieren Sie Artikelstruktur mit NAV 2017 Innovationen","_seopress_titles_desc":"Erfahren Sie, wie Sie mit Artikelattributen und -kategorien in Dynamics NAV 2017 Ihr Sortiment besser strukturieren und analysieren k\u00f6nnen.","_seopress_robots_index":"","footnotes":""},"categories":[],"tags":[],"class_list":["post-2920","page","type-page","status-publish","hentry"],"_links":{"self":[{"href":"https:\/\/navision-beratung.de\/da\/wp-json\/wp\/v2\/pages\/2920","targetHints":{"allow":["GET"]}}],"collection":[{"href":"https:\/\/navision-beratung.de\/da\/wp-json\/wp\/v2\/pages"}],"about":[{"href":"https:\/\/navision-beratung.de\/da\/wp-json\/wp\/v2\/types\/page"}],"author":[{"embeddable":true,"href":"https:\/\/navision-beratung.de\/da\/wp-json\/wp\/v2\/users\/1"}],"replies":[{"embeddable":true,"href":"https:\/\/navision-beratung.de\/da\/wp-json\/wp\/v2\/comments?post=2920"}],"version-history":[{"count":0,"href":"https:\/\/navision-beratung.de\/da\/wp-json\/wp\/v2\/pages\/2920\/revisions"}],"up":[{"embeddable":true,"href":"https:\/\/navision-beratung.de\/da\/wp-json\/wp\/v2\/pages\/10710"}],"wp:attachment":[{"href":"https:\/\/navision-beratung.de\/da\/wp-json\/wp\/v2\/media?parent=2920"}],"wp:term":[{"taxonomy":"category","embeddable":true,"href":"https:\/\/navision-beratung.de\/da\/wp-json\/wp\/v2\/categories?post=2920"},{"taxonomy":"post_tag","embeddable":true,"href":"https:\/\/navision-beratung.de\/da\/wp-json\/wp\/v2\/tags?post=2920"}],"curies":[{"name":"wp","href":"https:\/\/api.w.org\/{rel}","templated":true}]}}